{"id":1728,"date":"2025-03-24T03:48:17","date_gmt":"2025-03-24T03:48:17","guid":{"rendered":"https:\/\/puffvapestore.com\/?post_type=product&#038;p=1728"},"modified":"2026-04-20T11:07:10","modified_gmt":"2026-04-20T11:07:10","slug":"puff-16k-jnr-falcon-berry-burst","status":"publish","type":"product","link":"https:\/\/puffvapestore.com\/nl\/product\/puff-16k-jnr-falcon-berry-burst\/","title":{"rendered":"Puff 16k JNR Falcon Berry Burst"},"content":{"rendered":"<div data-elementor-type=\"wp-post\" data-elementor-id=\"1728\" class=\"elementor elementor-1728\">\n\t\t\t\t<div class=\"elementor-element elementor-element-824a998 e-flex e-con-boxed e-con e-parent\" data-id=\"824a998\" data-element_type=\"container\" data-e-type=\"container\">\n\t\t\t\t\t<div class=\"e-con-inner\">\n\t\t\t\t<div class=\"elementor-element elementor-element-55fd5fa elementor-widget elementor-widget-text-editor\" data-id=\"55fd5fa\" data-element_type=\"widget\" data-e-type=\"widget\" data-widget_type=\"text-editor.default\">\n\t\t\t\t<div class=\"elementor-widget-container\">\n\t\t\t\t\t\t\t\t\t<h2>Puff 16k JNR Falcon Berry Burst<\/h2><p>In Frankrijk is smaak een kunst en ook in de wereld van elektronische sigaretten ligt de nadruk op lagen en verfijning. <strong>JNR Falcon 16000 Berry Burst<\/strong> is een elektronische sigaret ontworpen voor veeleisende smaakpapillen - wanneer je het eerste trekje rook inhaleert, waan je je in een boomgaard in de Provence, met rijpe bessen die glinsteren in de zon, wachtend op een zoete explosie.<\/p><h3>Berry Burst: een feest voor de zintuigen, vergelijkbaar met een Frans dessert<\/h3><p>Stel je voor dat het een rustige middag is, je zit op het terras van een caf\u00e9 op een straathoek in Parijs en er is net een Franse bessentaart op tafel gezet. Het eerste vleugje rook is een mix van zoet en zuur, met het aroma van framboos en braam die op het puntje van je tong opborrelen, terwijl de bosbes een vleugje rondheid en zachtheid toevoegt. Berry Burst is zo'n ervaring - het is niet monotoon en zoet, maar een rijke symfonie van fruitige smaken, waardoor elke inhalatie van Puff 16k JNR Falcon Berry Burst een smaakreis wordt.<\/p>\t\t\t\t\t\t\t\t<\/div>\n\t\t\t\t<\/div>\n\t\t\t\t\t<\/div>\n\t\t\t\t<\/div>\n\t\t<div class=\"elementor-element elementor-element-942ccb0 e-flex e-con-boxed e-con e-parent\" data-id=\"942ccb0\" data-element_type=\"container\" data-e-type=\"container\">\n\t\t\t\t\t<div class=\"e-con-inner\">\n\t\t<div class=\"elementor-element elementor-element-577deeb e-con-full e-flex e-con e-child\" data-id=\"577deeb\" data-element_type=\"container\" data-e-type=\"container\">\n\t\t\t\t<div class=\"elementor-element elementor-element-5d167cf elementor-widget elementor-widget-text-editor\" data-id=\"5d167cf\" data-element_type=\"widget\" data-e-type=\"widget\" data-widget_type=\"text-editor.default\">\n\t\t\t\t<div class=\"elementor-widget-container\">\n\t\t\t\t\t\t\t\t\t<h2>Details van JNR Falcon 16000 Berry Burst<\/h2><p>Pufjes : Tot 16.000 trekjes<br \/>Vloeistof: 22 ml<br \/>Nicotineniveaus: 0 %, 2 %, 5 %<br \/>Weerstand: 1,0 ohm<br \/>Batterijcapaciteit: 850 mAh<br \/>Opladen: Type-C<br \/>Dubbele maas en dubbele kernweerstand<br \/>Afmetingen: 53,5 x 32 x 110 mm<\/p>\t\t\t\t\t\t\t\t<\/div>\n\t\t\t\t<\/div>\n\t\t\t\t<\/div>\n\t\t<div class=\"elementor-element elementor-element-d5e4b56 e-con-full e-flex e-con e-child\" data-id=\"d5e4b56\" data-element_type=\"container\" data-e-type=\"container\">\n\t\t\t\t<div class=\"elementor-element elementor-element-381dfcb elementor-widget elementor-widget-image-gallery\" data-id=\"381dfcb\" data-element_type=\"widget\" data-e-type=\"widget\" data-widget_type=\"image-gallery.default\">\n\t\t\t\t<div class=\"elementor-widget-container\">\n\t\t\t\t\t\t\t<div class=\"elementor-image-gallery\">\n\t\t\t<div id='gallery-1' class='gallery galleryid-1728 gallery-columns-1 gallery-size-medium_large'><figure class='gallery-item'>\n\t\t\t<div class='gallery-icon portrait'>\n\t\t\t\t<img fetchpriority=\"high\" decoding=\"async\" width=\"654\" height=\"690\" src=\"https:\/\/puffvapestore.com\/wp-content\/uploads\/2025\/03\/pvajf16000-23.jpg\" class=\"attachment-medium_large size-medium_large\" alt=\"JNR Falcon 16K Berry Burst\" aria-describedby=\"gallery-1-1570\" srcset=\"https:\/\/puffvapestore.com\/wp-content\/uploads\/2025\/03\/pvajf16000-23.jpg 654w, https:\/\/puffvapestore.com\/wp-content\/uploads\/2025\/03\/pvajf16000-23-284x300.jpg 284w, https:\/\/puffvapestore.com\/wp-content\/uploads\/2025\/03\/pvajf16000-23-600x633.jpg 600w\" sizes=\"(max-width: 654px) 100vw, 654px\" \/>\n\t\t\t<\/div>\n\t\t\t\t<figcaption class='wp-caption-text gallery-caption' id='gallery-1-1570'>\n\t\t\t\tJNR Falcon 16K Berry Burst\n\t\t\t\t<\/figcaption><\/figure>\n\t\t<\/div>\n\t\t<\/div>\n\t\t\t\t\t\t<\/div>\n\t\t\t\t<\/div>\n\t\t\t\t<\/div>\n\t\t\t\t\t<\/div>\n\t\t\t\t<\/div>\n\t\t<div class=\"elementor-element elementor-element-7926c6b e-flex e-con-boxed e-con e-parent\" data-id=\"7926c6b\" data-element_type=\"container\" data-e-type=\"container\">\n\t\t\t\t\t<div class=\"e-con-inner\">\n\t\t\t\t<div class=\"elementor-element elementor-element-2b41948 elementor-widget elementor-widget-text-editor\" data-id=\"2b41948\" data-element_type=\"widget\" data-e-type=\"widget\" data-widget_type=\"text-editor.default\">\n\t\t\t\t<div class=\"elementor-widget-container\">\n\t\t\t\t\t\t\t\t\t<h3>Waarom past Berry Burst bij de Franse levensstijl?<\/h3><p>De Fransen hebben aandacht voor de zuiverheid van de smaak en zoeken ook naar exquise ontspanning. Dankzij de uitstekende dubbelmazige spoeltechnologie, <strong>JNR Falcon 16000 Berry Burst<\/strong> vangt precies elk spoor van bessenaroma en levert de meest authentieke smaak, net als een vers gemixte bessencocktail, zacht in de mond en met een lange nasmaak. Of het nu een avond aan de Seine is of een zomermiddag in de Provence, het kan de verfraaiing van smaken in je handen zijn.<\/p><h3>Elegantie en praktisch gaan hand in hand - Frans vakmanschap in elektronische sigaretten<\/h3><p>Als we het over Frankrijk hebben, hoe kunnen we het dan niet over design hebben? <strong>Puff 16k JNR Falcon Berry Burst<\/strong> heeft een uniek handgemaakt kristallen omhulsel dat er niet alleen delicaat uitziet, maar ook een discrete gloed in het zonlicht reflecteert, net als een zorgvuldig gebeeldhouwd parfumflesje dat zowel modern als klassiek is. De ge\u00efntegreerde oplaadbare batterij van 850 mAh, gekoppeld aan dubbele Type-C- en Lightning-interfaces, stelt je in staat om op elk gewenst moment op te laden en de continu\u00efteit van de ervaring te behouden, of je nu thuis aan het ontspannen bent of een wandelingetje over straat maakt.<\/p>\t\t\t\t\t\t\t\t<\/div>\n\t\t\t\t<\/div>\n\t\t\t\t\t<\/div>\n\t\t\t\t<\/div>\n\t\t\t\t<\/div>","protected":false},"excerpt":{"rendered":"<p>Puff 16k JNR Falcon Berry Burst En France, le go\u00fbt est un art, et le monde de la cigarette \u00e9lectronique met \u00e9galement l&rsquo;accent sur les couches et le raffinement. JNR Falcon 16000 Berry Burst est une cigarette \u00e9lectronique con\u00e7ue pour les papilles exigeantes &#8211; lorsque vous inhalez la premi\u00e8re bouff\u00e9e de fum\u00e9e, vous avez l&rsquo;impression [&hellip;]<\/p>\n","protected":false},"featured_media":1570,"comment_status":"open","ping_status":"closed","template":"","meta":{"site-sidebar-layout":"no-sidebar","site-content-layout":"page-builder","ast-site-content-layout":"normal-width-container","site-content-style":"default","site-sidebar-style":"default","ast-global-header-display":"","ast-banner-title-visibility":"","ast-main-header-display":"","ast-hfb-above-header-display":"","ast-hfb-below-header-display":"","ast-hfb-mobile-header-display":"","site-post-title":"disabled","ast-breadcrumbs-content":"","ast-featured-img":"disabled","footer-sml-layout":"","ast-disable-related-posts":"","theme-transparent-header-meta":"default","adv-header-id-meta":"","stick-header-meta":"default","header-above-stick-meta":"","header-main-stick-meta":"","header-below-stick-meta":"","astra-migrate-meta-layouts":"set","ast-page-background-enabled":"default","ast-page-background-meta":{"desktop":{"background-color":"","background-image":"","background-repeat":"repeat","background-position":"center center","background-size":"auto","background-attachment":"scroll","background-type":"","background-media":"","overlay-type":"","overlay-color":"","overlay-opacity":"","overlay-gradient":""},"tablet":{"background-color":"","background-image":"","background-repeat":"repeat","background-position":"center center","background-size":"auto","background-attachment":"scroll","background-type":"","background-media":"","overlay-type":"","overlay-color":"","overlay-opacity":"","overlay-gradient":""},"mobile":{"background-color":"","background-image":"","background-repeat":"repeat","background-position":"center center","background-size":"auto","background-attachment":"scroll","background-type":"","background-media":"","overlay-type":"","overlay-color":"","overlay-opacity":"","overlay-gradient":""}},"ast-content-background-meta":{"desktop":{"background-color":"var(--ast-global-color-5)","background-image":"","background-repeat":"repeat","background-position":"center center","background-size":"auto","background-attachment":"scroll","background-type":"","background-media":"","overlay-type":"","overlay-color":"","overlay-opacity":"","overlay-gradient":""},"tablet":{"background-color":"var(--ast-global-color-5)","background-image":"","background-repeat":"repeat","background-position":"center center","background-size":"auto","background-attachment":"scroll","background-type":"","background-media":"","overlay-type":"","overlay-color":"","overlay-opacity":"","overlay-gradient":""},"mobile":{"background-color":"var(--ast-global-color-5)","background-image":"","background-repeat":"repeat","background-position":"center center","background-size":"auto","background-attachment":"scroll","background-type":"","background-media":"","overlay-type":"","overlay-color":"","overlay-opacity":"","overlay-gradient":""}}},"product_brand":[30],"product_cat":[15,81,77,35,36],"product_tag":[],"class_list":{"0":"post-1728","1":"product","2":"type-product","3":"status-publish","4":"has-post-thumbnail","6":"product_brand-jnr","7":"product_cat-magasin-cigarette-electronique","8":"product_cat-puff-16k","9":"product_cat-entrepot-de-lue","10":"product_cat-jnr-vape","11":"product_cat-jnr-16k","12":"desktop-align-center","13":"tablet-align-center","14":"mobile-align-center","15":"ast-product-gallery-layout-horizontal","16":"ast-product-gallery-with-no-image","17":"ast-product-single-variable","18":"ast-product-tabs-layout-horizontal","19":"ast-qv-on-image","21":"first","22":"instock","23":"sale","24":"shipping-taxable","25":"purchasable","26":"product-type-variable","27":"has-default-attributes"},"tiered_pricing_type":"fixed","tiered_pricing_fixed_rules":{"30":9.88,"60":9.26,"100":8.06,"200":7.38,"500":6.98,"1000":6.8},"tiered_pricing_product_settings":{"layout":"default","base_unit_name":{"singular":null,"plural":null},"default_variation":null},"tiered_pricing_minimum_quantity":null,"tiered_pricing_roles_data":[],"tiered_pricing_percentage_rules":[],"_links":{"self":[{"href":"https:\/\/puffvapestore.com\/nl\/wp-json\/wp\/v2\/product\/1728","targetHints":{"allow":["GET"]}}],"collection":[{"href":"https:\/\/puffvapestore.com\/nl\/wp-json\/wp\/v2\/product"}],"about":[{"href":"https:\/\/puffvapestore.com\/nl\/wp-json\/wp\/v2\/types\/product"}],"replies":[{"embeddable":true,"href":"https:\/\/puffvapestore.com\/nl\/wp-json\/wp\/v2\/comments?post=1728"}],"version-history":[{"count":15,"href":"https:\/\/puffvapestore.com\/nl\/wp-json\/wp\/v2\/product\/1728\/revisions"}],"predecessor-version":[{"id":17723,"href":"https:\/\/puffvapestore.com\/nl\/wp-json\/wp\/v2\/product\/1728\/revisions\/17723"}],"wp:featuredmedia":[{"embeddable":true,"href":"https:\/\/puffvapestore.com\/nl\/wp-json\/wp\/v2\/media\/1570"}],"wp:attachment":[{"href":"https:\/\/puffvapestore.com\/nl\/wp-json\/wp\/v2\/media?parent=1728"}],"wp:term":[{"taxonomy":"product_brand","embeddable":true,"href":"https:\/\/puffvapestore.com\/nl\/wp-json\/wp\/v2\/product_brand?post=1728"},{"taxonomy":"product_cat","embeddable":true,"href":"https:\/\/puffvapestore.com\/nl\/wp-json\/wp\/v2\/product_cat?post=1728"},{"taxonomy":"product_tag","embeddable":true,"href":"https:\/\/puffvapestore.com\/nl\/wp-json\/wp\/v2\/product_tag?post=1728"}],"curies":[{"name":"wp","href":"https:\/\/api.w.org\/{rel}","templated":true}]}}