{"id":1704,"date":"2025-03-23T13:20:38","date_gmt":"2025-03-23T13:20:38","guid":{"rendered":"https:\/\/puffvapestore.com\/?post_type=product&#038;p=1704"},"modified":"2026-04-20T11:07:34","modified_gmt":"2026-04-20T11:07:34","slug":"puff-jnr-falcon-16000-sakura-grape","status":"publish","type":"product","link":"https:\/\/puffvapestore.com\/nl\/product\/pof-jnr-falcon-16000-sakura-druif\/","title":{"rendered":"Puff JNR Falcon 16000 Sakura Druif"},"content":{"rendered":"<div data-elementor-type=\"wp-post\" data-elementor-id=\"1704\" class=\"elementor elementor-1704\">\n\t\t\t\t<div class=\"elementor-element elementor-element-824a998 e-flex e-con-boxed e-con e-parent\" data-id=\"824a998\" data-element_type=\"container\" data-e-type=\"container\">\n\t\t\t\t\t<div class=\"e-con-inner\">\n\t\t\t\t<div class=\"elementor-element elementor-element-55fd5fa elementor-widget elementor-widget-text-editor\" data-id=\"55fd5fa\" data-element_type=\"widget\" data-e-type=\"widget\" data-widget_type=\"text-editor.default\">\n\t\t\t\t<div class=\"elementor-widget-container\">\n\t\t\t\t\t\t\t\t\t<h2>Puff JNR Falcon 16000 Sakura Druif<\/h2><p>Als de lente een geur heeft, is het waarschijnlijk de geur van <strong>Sakura druif<\/strong> - de frisse geur van kersenbloesem, vermengd met de zoetheid van rijpe druiven, zoals een middag in Parijs, met een vers gevulde Bordeaux rode wijn in je hand, en de kersenbloesem naast je die valt in de wind. Dit is geen gewone elektronische sigaret, het is een smaakreis, van de kersenbloesemlaan in Japan naar de wijngaarden van Frankrijk.<\/p>\t\t\t\t\t\t\t\t<\/div>\n\t\t\t\t<\/div>\n\t\t\t\t\t<\/div>\n\t\t\t\t<\/div>\n\t\t<div class=\"elementor-element elementor-element-942ccb0 e-flex e-con-boxed e-con e-parent\" data-id=\"942ccb0\" data-element_type=\"container\" data-e-type=\"container\">\n\t\t\t\t\t<div class=\"e-con-inner\">\n\t\t<div class=\"elementor-element elementor-element-577deeb e-con-full e-flex e-con e-child\" data-id=\"577deeb\" data-element_type=\"container\" data-e-type=\"container\">\n\t\t\t\t<div class=\"elementor-element elementor-element-5d167cf elementor-widget elementor-widget-text-editor\" data-id=\"5d167cf\" data-element_type=\"widget\" data-e-type=\"widget\" data-widget_type=\"text-editor.default\">\n\t\t\t\t<div class=\"elementor-widget-container\">\n\t\t\t\t\t\t\t\t\t<h2>Details van JNR Falcon 16000 Sakura Druif<\/h2><p>Pufjes : Tot 16.000 trekjes<br \/>Vloeistof: 22 ml<br \/>Nicotineniveaus: 0 %, 2 %, 5 %<br \/>Weerstand: 1,0 ohm<br \/>Batterijcapaciteit: 850 mAh<br \/>Opladen: Type-C<br \/>Dubbele maas en dubbele kernweerstand<br \/>Afmetingen: 53,5 x 32 x 110 mm<\/p>\t\t\t\t\t\t\t\t<\/div>\n\t\t\t\t<\/div>\n\t\t\t\t<\/div>\n\t\t<div class=\"elementor-element elementor-element-d5e4b56 e-con-full e-flex e-con e-child\" data-id=\"d5e4b56\" data-element_type=\"container\" data-e-type=\"container\">\n\t\t\t\t<div class=\"elementor-element elementor-element-381dfcb elementor-widget elementor-widget-image-gallery\" data-id=\"381dfcb\" data-element_type=\"widget\" data-e-type=\"widget\" data-widget_type=\"image-gallery.default\">\n\t\t\t\t<div class=\"elementor-widget-container\">\n\t\t\t\t\t\t\t<div class=\"elementor-image-gallery\">\n\t\t\t<div id='gallery-1' class='gallery galleryid-1704 gallery-columns-1 gallery-size-medium_large'><figure class='gallery-item'>\n\t\t\t<div class='gallery-icon portrait'>\n\t\t\t\t<img fetchpriority=\"high\" decoding=\"async\" width=\"654\" height=\"690\" src=\"https:\/\/puffvapestore.com\/wp-content\/uploads\/2025\/03\/pvajf16000-30.jpg\" class=\"attachment-medium_large size-medium_large\" alt=\"JNR Falcon 16K Sakura Druif\" aria-describedby=\"gallery-1-1577\" srcset=\"https:\/\/puffvapestore.com\/wp-content\/uploads\/2025\/03\/pvajf16000-30.jpg 654w, https:\/\/puffvapestore.com\/wp-content\/uploads\/2025\/03\/pvajf16000-30-284x300.jpg 284w, https:\/\/puffvapestore.com\/wp-content\/uploads\/2025\/03\/pvajf16000-30-600x633.jpg 600w\" sizes=\"(max-width: 654px) 100vw, 654px\" \/>\n\t\t\t<\/div>\n\t\t\t\t<figcaption class='wp-caption-text gallery-caption' id='gallery-1-1577'>\n\t\t\t\tJNR Falcon 16K Sakura Druif\n\t\t\t\t<\/figcaption><\/figure>\n\t\t<\/div>\n\t\t<\/div>\n\t\t\t\t\t\t<\/div>\n\t\t\t\t<\/div>\n\t\t\t\t<\/div>\n\t\t\t\t\t<\/div>\n\t\t\t\t<\/div>\n\t\t<div class=\"elementor-element elementor-element-7926c6b e-flex e-con-boxed e-con e-parent\" data-id=\"7926c6b\" data-element_type=\"container\" data-e-type=\"container\">\n\t\t\t\t\t<div class=\"e-con-inner\">\n\t\t\t\t<div class=\"elementor-element elementor-element-2b41948 elementor-widget elementor-widget-text-editor\" data-id=\"2b41948\" data-element_type=\"widget\" data-e-type=\"widget\" data-widget_type=\"text-editor.default\">\n\t\t\t\t<div class=\"elementor-widget-container\">\n\t\t\t\t\t\t\t\t\t<h3>Puff JNR Falcon 16000 Sakura Grape is delicaat en gedurfd<\/h3><p>Sakura Grape is niet zomaar een elektronische sigaret met een fruitsmaak, de smaak zit vol lagen. Vanaf het eerste trekje van de sigaret ervaar je eerst het elegante aroma van kersenbloesem, als bloemen die net zijn uitgebloeid in de vroege uren van de lente, zacht en delicaat. Dan komt langzaam de zoetheid van de druif naar boven, niet de vettige smaak van goedkope snoepjes, maar als rode wijn uit Bordeaux, met precies het juiste fruitige aroma en een licht zuurtje, waardoor mensen nog een trekje van de sigaret willen nemen.<\/p><p>Deze smaak is als Franse humor, elegant en ingetogen aan de oppervlakte, maar vol persoonlijkheid en diepte. Het bombardeert je smaakpapillen niet met overdreven zoetheid, maar lijkt meer op een zorgvuldig gechoreografeerde dans, waarbij elke stap precies is en elke ademhaling een aanhoudende sensatie achterlaat in je mond.<\/p><h3>16.000 trekjes sigaretten duren langer dan een Frans diner<\/h3><p>La <strong>JNR Falcon 16000<\/strong> is niet het soort elektronische sigaret dat je twee dagen kunt roken zonder op te branden. De grote capaciteit van 22 ml en de oplaadbare batterij van 850 mAh geven je een buitengewone ervaring van 16.000 trekjes. Met andere woorden, je kunt er talloze praatjes mee maken op de Seine, een paar filosofische debatten midden in de nacht en zelfs een heel seizoen van je favoriete Franse serie mee doorstaan.<\/p><p>Bovendien heeft hij niet alleen een lange batterijlevensduur, maar is hij ook uitgerust met <strong>Dubbel opladen via Type-C en Lightning<\/strong>, Hierdoor is de kabel compatibel met bijna alle oplaadapparaten. Met andere woorden, uw mobiele telefoon en uw elektronische sigaret kunnen \u00e9\u00e9n oplaadkabel delen, wat minimalistisch en effici\u00ebnt is, en helemaal in lijn met de Parijse levensfilosofie - mode en praktisch gaan hand in hand.<\/p><h3>Het is niet alleen een kwestie van elektronische sigaretten, het is een houding<\/h3><p>Naast de smaak en de levensduur van de batterij verdient het ontwerp natuurlijk ook een vermelding. De kristallen afwerking geeft hem een moderne look en voelt aan als een kunstwerk in je hand. Op de salontafel of in je broekzak, hij straalt casual elegantie uit.<\/p><p>En dan hebben we het nog niet eens gehad over de dual-mesh coil technologie, die ervoor zorgt dat elke inhalatie soepel en gelijkmatig verloopt, met dichte rook en een verfijnde smaak. In combinatie met het instelbare airflow systeem, of je nu houdt van een soepele, lange draw of een meer directe throat hit, het kan precies aan je wensen voldoen.<\/p>\t\t\t\t\t\t\t\t<\/div>\n\t\t\t\t<\/div>\n\t\t\t\t\t<\/div>\n\t\t\t\t<\/div>\n\t\t\t\t<\/div>","protected":false},"excerpt":{"rendered":"<p>Puff JNR Falcon 16000 Sakura Grape Si le printemps a une odeur, c&rsquo;est probablement l&rsquo;odeur du raisin Sakura &#8211; le parfum frais des fleurs de cerisier, m\u00eal\u00e9 \u00e0 la douceur des raisins m\u00fbrs, comme un apr\u00e8s-midi \u00e0 Paris, tenant un vin rouge de Bordeaux fra\u00eechement rempli dans votre main, et les fleurs de cerisier \u00e0 [&hellip;]<\/p>\n","protected":false},"featured_media":1577,"comment_status":"open","ping_status":"closed","template":"","meta":{"site-sidebar-layout":"no-sidebar","site-content-layout":"page-builder","ast-site-content-layout":"normal-width-container","site-content-style":"default","site-sidebar-style":"default","ast-global-header-display":"","ast-banner-title-visibility":"","ast-main-header-display":"","ast-hfb-above-header-display":"","ast-hfb-below-header-display":"","ast-hfb-mobile-header-display":"","site-post-title":"disabled","ast-breadcrumbs-content":"","ast-featured-img":"disabled","footer-sml-layout":"","ast-disable-related-posts":"","theme-transparent-header-meta":"default","adv-header-id-meta":"","stick-header-meta":"default","header-above-stick-meta":"","header-main-stick-meta":"","header-below-stick-meta":"","astra-migrate-meta-layouts":"set","ast-page-background-enabled":"default","ast-page-background-meta":{"desktop":{"background-color":"","background-image":"","background-repeat":"repeat","background-position":"center center","background-size":"auto","background-attachment":"scroll","background-type":"","background-media":"","overlay-type":"","overlay-color":"","overlay-opacity":"","overlay-gradient":""},"tablet":{"background-color":"","background-image":"","background-repeat":"repeat","background-position":"center center","background-size":"auto","background-attachment":"scroll","background-type":"","background-media":"","overlay-type":"","overlay-color":"","overlay-opacity":"","overlay-gradient":""},"mobile":{"background-color":"","background-image":"","background-repeat":"repeat","background-position":"center center","background-size":"auto","background-attachment":"scroll","background-type":"","background-media":"","overlay-type":"","overlay-color":"","overlay-opacity":"","overlay-gradient":""}},"ast-content-background-meta":{"desktop":{"background-color":"var(--ast-global-color-5)","background-image":"","background-repeat":"repeat","background-position":"center center","background-size":"auto","background-attachment":"scroll","background-type":"","background-media":"","overlay-type":"","overlay-color":"","overlay-opacity":"","overlay-gradient":""},"tablet":{"background-color":"var(--ast-global-color-5)","background-image":"","background-repeat":"repeat","background-position":"center center","background-size":"auto","background-attachment":"scroll","background-type":"","background-media":"","overlay-type":"","overlay-color":"","overlay-opacity":"","overlay-gradient":""},"mobile":{"background-color":"var(--ast-global-color-5)","background-image":"","background-repeat":"repeat","background-position":"center center","background-size":"auto","background-attachment":"scroll","background-type":"","background-media":"","overlay-type":"","overlay-color":"","overlay-opacity":"","overlay-gradient":""}}},"product_brand":[30],"product_cat":[15,81,77,34,35,36,31],"product_tag":[],"class_list":{"0":"post-1704","1":"product","2":"type-product","3":"status-publish","4":"has-post-thumbnail","6":"product_brand-jnr","7":"product_cat-magasin-cigarette-electronique","8":"product_cat-puff-16k","9":"product_cat-entrepot-de-lue","10":"product_cat-puff-jnr","11":"product_cat-jnr-vape","12":"product_cat-jnr-16k","13":"product_cat-jnr-falcon","14":"desktop-align-center","15":"tablet-align-center","16":"mobile-align-center","17":"ast-product-gallery-layout-horizontal","18":"ast-product-gallery-with-no-image","19":"ast-product-single-variable","20":"ast-product-tabs-layout-horizontal","21":"ast-qv-on-image","23":"first","24":"instock","25":"sale","26":"shipping-taxable","27":"purchasable","28":"product-type-variable","29":"has-default-attributes"},"tiered_pricing_type":"fixed","tiered_pricing_fixed_rules":{"30":9.88,"60":9.26,"100":8.06,"200":7.38,"500":6.98,"1000":6.8},"tiered_pricing_product_settings":{"layout":"default","base_unit_name":{"singular":null,"plural":null},"default_variation":null},"tiered_pricing_minimum_quantity":null,"tiered_pricing_roles_data":[],"tiered_pricing_percentage_rules":[],"_links":{"self":[{"href":"https:\/\/puffvapestore.com\/nl\/wp-json\/wp\/v2\/product\/1704","targetHints":{"allow":["GET"]}}],"collection":[{"href":"https:\/\/puffvapestore.com\/nl\/wp-json\/wp\/v2\/product"}],"about":[{"href":"https:\/\/puffvapestore.com\/nl\/wp-json\/wp\/v2\/types\/product"}],"replies":[{"embeddable":true,"href":"https:\/\/puffvapestore.com\/nl\/wp-json\/wp\/v2\/comments?post=1704"}],"version-history":[{"count":18,"href":"https:\/\/puffvapestore.com\/nl\/wp-json\/wp\/v2\/product\/1704\/revisions"}],"predecessor-version":[{"id":17739,"href":"https:\/\/puffvapestore.com\/nl\/wp-json\/wp\/v2\/product\/1704\/revisions\/17739"}],"wp:featuredmedia":[{"embeddable":true,"href":"https:\/\/puffvapestore.com\/nl\/wp-json\/wp\/v2\/media\/1577"}],"wp:attachment":[{"href":"https:\/\/puffvapestore.com\/nl\/wp-json\/wp\/v2\/media?parent=1704"}],"wp:term":[{"taxonomy":"product_brand","embeddable":true,"href":"https:\/\/puffvapestore.com\/nl\/wp-json\/wp\/v2\/product_brand?post=1704"},{"taxonomy":"product_cat","embeddable":true,"href":"https:\/\/puffvapestore.com\/nl\/wp-json\/wp\/v2\/product_cat?post=1704"},{"taxonomy":"product_tag","embeddable":true,"href":"https:\/\/puffvapestore.com\/nl\/wp-json\/wp\/v2\/product_tag?post=1704"}],"curies":[{"name":"wp","href":"https:\/\/api.w.org\/{rel}","templated":true}]}}