{"id":1692,"date":"2025-03-23T04:49:39","date_gmt":"2025-03-23T04:49:39","guid":{"rendered":"https:\/\/puffvapestore.com\/?post_type=product&#038;p=1692"},"modified":"2026-04-20T11:07:46","modified_gmt":"2026-04-20T11:07:46","slug":"jnr-falcon-16000-mango-passion-fruit","status":"publish","type":"product","link":"https:\/\/puffvapestore.com\/nl\/product\/jnr-falcon-16000-mango-passievrucht\/","title":{"rendered":"JNR Falcon 16000 Wegwerp elektronische sigaret Mango Passievrucht"},"content":{"rendered":"<div data-elementor-type=\"wp-post\" data-elementor-id=\"1692\" class=\"elementor elementor-1692\">\n\t\t\t\t<div class=\"elementor-element elementor-element-824a998 e-flex e-con-boxed e-con e-parent\" data-id=\"824a998\" data-element_type=\"container\" data-e-type=\"container\">\n\t\t\t\t\t<div class=\"e-con-inner\">\n\t\t\t\t<div class=\"elementor-element elementor-element-55fd5fa elementor-widget elementor-widget-text-editor\" data-id=\"55fd5fa\" data-element_type=\"widget\" data-e-type=\"widget\" data-widget_type=\"text-editor.default\">\n\t\t\t\t<div class=\"elementor-widget-container\">\n\t\t\t\t\t\t\t\t\t<h2>Sigaret JNR Falcon 16000 Jet Zwart Mango Passievrucht<\/h2><p>Stel je voor dat je in de schemering aan de oevers van de Seine in de straten van Parijs zit, met een vers bereide cocktail in je hand en een vaag zoete geur in de lucht - dat is precies de sensatie die wordt teweeggebracht door <strong>JNR Falcon 16000 Mango Passievrucht<\/strong>. Na \u00e9\u00e9n trekje is het alsof de tropische stijl van de Franse Cara\u00efben explodeert op het puntje van je tong. De zoetheid van de mango en de zuurheid van de passievrucht smelten perfect samen, zowel ongebreideld als voortreffelijk, als een zomerfeest in Zuid-Frankrijk, warm en verslavend.<\/p>\t\t\t\t\t\t\t\t<\/div>\n\t\t\t\t<\/div>\n\t\t\t\t\t<\/div>\n\t\t\t\t<\/div>\n\t\t<div class=\"elementor-element elementor-element-942ccb0 e-flex e-con-boxed e-con e-parent\" data-id=\"942ccb0\" data-element_type=\"container\" data-e-type=\"container\">\n\t\t\t\t\t<div class=\"e-con-inner\">\n\t\t<div class=\"elementor-element elementor-element-577deeb e-con-full e-flex e-con e-child\" data-id=\"577deeb\" data-element_type=\"container\" data-e-type=\"container\">\n\t\t\t\t<div class=\"elementor-element elementor-element-5d167cf elementor-widget elementor-widget-text-editor\" data-id=\"5d167cf\" data-element_type=\"widget\" data-e-type=\"widget\" data-widget_type=\"text-editor.default\">\n\t\t\t\t<div class=\"elementor-widget-container\">\n\t\t\t\t\t\t\t\t\t<h2>Details van JNR Falcon 16000 Mango Passievrucht<\/h2><p>Pufjes : Tot 16.000 trekjes<br \/>Vloeistof: 22 ml<br \/>Nicotineniveaus: 0 %, 2 %, 5 %<br \/>Weerstand: 1,0 ohm<br \/>Batterijcapaciteit: 850 mAh<br \/>Opladen: Type-C<br \/>Dubbele maas en dubbele kernweerstand<br \/>Afmetingen: 53,5 x 32 x 110 mm<\/p>\t\t\t\t\t\t\t\t<\/div>\n\t\t\t\t<\/div>\n\t\t\t\t<\/div>\n\t\t<div class=\"elementor-element elementor-element-d5e4b56 e-con-full e-flex e-con e-child\" data-id=\"d5e4b56\" data-element_type=\"container\" data-e-type=\"container\">\n\t\t\t\t<div class=\"elementor-element elementor-element-381dfcb elementor-widget elementor-widget-image-gallery\" data-id=\"381dfcb\" data-element_type=\"widget\" data-e-type=\"widget\" data-widget_type=\"image-gallery.default\">\n\t\t\t\t<div class=\"elementor-widget-container\">\n\t\t\t\t\t\t\t<div class=\"elementor-image-gallery\">\n\t\t\t<div id='gallery-1' class='gallery galleryid-1692 gallery-columns-1 gallery-size-medium_large'><figure class='gallery-item'>\n\t\t\t<div class='gallery-icon portrait'>\n\t\t\t\t<img fetchpriority=\"high\" decoding=\"async\" width=\"654\" height=\"690\" src=\"https:\/\/puffvapestore.com\/wp-content\/uploads\/2025\/03\/pvajf16000-36.jpg\" class=\"attachment-medium_large size-medium_large\" alt=\"JNR Falcon 16K Mango Passievrucht\" aria-describedby=\"gallery-1-1583\" srcset=\"https:\/\/puffvapestore.com\/wp-content\/uploads\/2025\/03\/pvajf16000-36.jpg 654w, https:\/\/puffvapestore.com\/wp-content\/uploads\/2025\/03\/pvajf16000-36-284x300.jpg 284w, https:\/\/puffvapestore.com\/wp-content\/uploads\/2025\/03\/pvajf16000-36-600x633.jpg 600w\" sizes=\"(max-width: 654px) 100vw, 654px\" \/>\n\t\t\t<\/div>\n\t\t\t\t<figcaption class='wp-caption-text gallery-caption' id='gallery-1-1583'>\n\t\t\t\tJNR Falcon 16K Mango Passievrucht\n\t\t\t\t<\/figcaption><\/figure>\n\t\t<\/div>\n\t\t<\/div>\n\t\t\t\t\t\t<\/div>\n\t\t\t\t<\/div>\n\t\t\t\t<\/div>\n\t\t\t\t\t<\/div>\n\t\t\t\t<\/div>\n\t\t<div class=\"elementor-element elementor-element-7926c6b e-flex e-con-boxed e-con e-parent\" data-id=\"7926c6b\" data-element_type=\"container\" data-e-type=\"container\">\n\t\t\t\t\t<div class=\"e-con-inner\">\n\t\t\t\t<div class=\"elementor-element elementor-element-2b41948 elementor-widget elementor-widget-text-editor\" data-id=\"2b41948\" data-element_type=\"widget\" data-e-type=\"widget\" data-widget_type=\"text-editor.default\">\n\t\t\t\t<div class=\"elementor-widget-container\">\n\t\t\t\t\t\t\t\t\t<h3>Waarom is JNR Falcon 16000 Mango Passion Fruit het \u00abster-dessert\u00bb in de elektronische sigarettenindustrie?<\/h3><h4>Smaak, als het meesterwerk van een barman<\/h4><p>Dit is geen gewone fruitige geur, maar een zorgvuldig samengestelde tropische extravaganza. De romige zoetheid van mango en de licht wrange, verfrissende passievrucht mengen zich in perfecte balans - niet te zoet en niet te stimulerend, net als een glas heerlijke cocktail vers gemaakt in de Baskische regio, waardoor elke rookinhalatie een luxueuze smaakreis wordt.<\/p><h4>Batterijlevensduur is als een fles champagne die nooit leeg raakt<\/h4><p>16.000 rookervaringen, als een avond die nooit eindigt, altijd op zijn best. Uitgerust met een e-liquid met een grote capaciteit van 22 ml, hoef je niet vaak van apparaat te wisselen en kun je je concentreren op het genieten van elk moment van de smaak.<\/p><h4>Opladen, net zo snel en effici\u00ebnt als de metro in Parijs<\/h4><p>Dual Type-C en Lightning opladen maakt het gemakkelijk om op te laden, of je nu een Apple of Android fan bent, en je hoeft niet gek te doen over het niet kunnen vinden van een geschikte oplaadkabel. De oplaadbare batterij van 850 mAh betekent dat je je telefoon volledig kunt opladen waar en wanneer je maar wilt, net alsof je een koffiezetapparaat bij je hebt dat altijd stand-by staat en je nooit \u00abstroom laat verliezen\u00bb.<\/p><h4>Rook zo dik als de ochtendmist in Montmartre<\/h4><p>De Dual mesh coil technologie maakt de smaak delicater en elk trekje rook brengt een zijdezachte textuur met zich mee, terwijl er een volle rook vrijkomt om een echt meeslepende rookervaring te cre\u00ebren. De instelbare luchtstroom geeft je de vrijheid om te kiezen voor een sterke throat hit of een lichte, gladde ervaring, net als de Franse aandacht voor koffie - espresso en Americano, het hangt allemaal af van je stemming.<\/p><h3>JNR Falcon 16000 Mango Passievrucht: Geef je leven een Frans tintje<\/h3><p>Deze elektronische sigaret is niet alleen een apparaat om nicotine af te geven, het is een levensstijl, een zoektocht naar smaak en een houding. Hij is voor iedereen die van het leven geniet, de details opzoekt en graag op ontdekkingstocht gaat. Of je nu op een caf\u00e9terras in Parijs zit, op de boulevard in Nice of in een bistro in Lyon, het zal je ideale metgezel zijn.<\/p>\t\t\t\t\t\t\t\t<\/div>\n\t\t\t\t<\/div>\n\t\t\t\t\t<\/div>\n\t\t\t\t<\/div>\n\t\t\t\t<\/div>","protected":false},"excerpt":{"rendered":"<p>Cigarette JNR Falcon 16000 Jet Black Mangue Fruit de la Passion Imaginez-vous assis au bord de la Seine au cr\u00e9puscule dans les rues de Paris, tenant un cocktail fra\u00eechement pr\u00e9par\u00e9 \u00e0 la main et un l\u00e9ger parfum sucr\u00e9 dans l&rsquo;air &#8211; c&rsquo;est exactement la sensation apport\u00e9e par JNR Falcon 16000 Mango Passion Fruit. Apr\u00e8s une [&hellip;]<\/p>\n","protected":false},"featured_media":1583,"comment_status":"open","ping_status":"closed","template":"","meta":{"site-sidebar-layout":"no-sidebar","site-content-layout":"page-builder","ast-site-content-layout":"normal-width-container","site-content-style":"default","site-sidebar-style":"default","ast-global-header-display":"","ast-banner-title-visibility":"","ast-main-header-display":"","ast-hfb-above-header-display":"","ast-hfb-below-header-display":"","ast-hfb-mobile-header-display":"","site-post-title":"disabled","ast-breadcrumbs-content":"","ast-featured-img":"disabled","footer-sml-layout":"","ast-disable-related-posts":"","theme-transparent-header-meta":"default","adv-header-id-meta":"","stick-header-meta":"default","header-above-stick-meta":"","header-main-stick-meta":"","header-below-stick-meta":"","astra-migrate-meta-layouts":"set","ast-page-background-enabled":"default","ast-page-background-meta":{"desktop":{"background-color":"","background-image":"","background-repeat":"repeat","background-position":"center center","background-size":"auto","background-attachment":"scroll","background-type":"","background-media":"","overlay-type":"","overlay-color":"","overlay-opacity":"","overlay-gradient":""},"tablet":{"background-color":"","background-image":"","background-repeat":"repeat","background-position":"center center","background-size":"auto","background-attachment":"scroll","background-type":"","background-media":"","overlay-type":"","overlay-color":"","overlay-opacity":"","overlay-gradient":""},"mobile":{"background-color":"","background-image":"","background-repeat":"repeat","background-position":"center center","background-size":"auto","background-attachment":"scroll","background-type":"","background-media":"","overlay-type":"","overlay-color":"","overlay-opacity":"","overlay-gradient":""}},"ast-content-background-meta":{"desktop":{"background-color":"var(--ast-global-color-5)","background-image":"","background-repeat":"repeat","background-position":"center center","background-size":"auto","background-attachment":"scroll","background-type":"","background-media":"","overlay-type":"","overlay-color":"","overlay-opacity":"","overlay-gradient":""},"tablet":{"background-color":"var(--ast-global-color-5)","background-image":"","background-repeat":"repeat","background-position":"center center","background-size":"auto","background-attachment":"scroll","background-type":"","background-media":"","overlay-type":"","overlay-color":"","overlay-opacity":"","overlay-gradient":""},"mobile":{"background-color":"var(--ast-global-color-5)","background-image":"","background-repeat":"repeat","background-position":"center center","background-size":"auto","background-attachment":"scroll","background-type":"","background-media":"","overlay-type":"","overlay-color":"","overlay-opacity":"","overlay-gradient":""}}},"product_brand":[30],"product_cat":[15,81,77,36,32],"product_tag":[],"class_list":{"0":"post-1692","1":"product","2":"type-product","3":"status-publish","4":"has-post-thumbnail","6":"product_brand-jnr","7":"product_cat-magasin-cigarette-electronique","8":"product_cat-puff-16k","9":"product_cat-entrepot-de-lue","10":"product_cat-jnr-16k","11":"product_cat-puff-jnr-16k","12":"desktop-align-center","13":"tablet-align-center","14":"mobile-align-center","15":"ast-product-gallery-layout-horizontal","16":"ast-product-gallery-with-no-image","17":"ast-product-single-variable","18":"ast-product-tabs-layout-horizontal","19":"ast-qv-on-image","21":"first","22":"instock","23":"sale","24":"shipping-taxable","25":"purchasable","26":"product-type-variable","27":"has-default-attributes"},"tiered_pricing_type":"fixed","tiered_pricing_fixed_rules":{"30":9.88,"60":9.26,"100":8.06,"200":7.38,"500":6.98,"1000":6.8},"tiered_pricing_product_settings":{"layout":"default","base_unit_name":{"singular":null,"plural":null},"default_variation":null},"tiered_pricing_minimum_quantity":null,"tiered_pricing_roles_data":[],"tiered_pricing_percentage_rules":[],"_links":{"self":[{"href":"https:\/\/puffvapestore.com\/nl\/wp-json\/wp\/v2\/product\/1692","targetHints":{"allow":["GET"]}}],"collection":[{"href":"https:\/\/puffvapestore.com\/nl\/wp-json\/wp\/v2\/product"}],"about":[{"href":"https:\/\/puffvapestore.com\/nl\/wp-json\/wp\/v2\/types\/product"}],"replies":[{"embeddable":true,"href":"https:\/\/puffvapestore.com\/nl\/wp-json\/wp\/v2\/comments?post=1692"}],"version-history":[{"count":18,"href":"https:\/\/puffvapestore.com\/nl\/wp-json\/wp\/v2\/product\/1692\/revisions"}],"predecessor-version":[{"id":17747,"href":"https:\/\/puffvapestore.com\/nl\/wp-json\/wp\/v2\/product\/1692\/revisions\/17747"}],"wp:featuredmedia":[{"embeddable":true,"href":"https:\/\/puffvapestore.com\/nl\/wp-json\/wp\/v2\/media\/1583"}],"wp:attachment":[{"href":"https:\/\/puffvapestore.com\/nl\/wp-json\/wp\/v2\/media?parent=1692"}],"wp:term":[{"taxonomy":"product_brand","embeddable":true,"href":"https:\/\/puffvapestore.com\/nl\/wp-json\/wp\/v2\/product_brand?post=1692"},{"taxonomy":"product_cat","embeddable":true,"href":"https:\/\/puffvapestore.com\/nl\/wp-json\/wp\/v2\/product_cat?post=1692"},{"taxonomy":"product_tag","embeddable":true,"href":"https:\/\/puffvapestore.com\/nl\/wp-json\/wp\/v2\/product_tag?post=1692"}],"curies":[{"name":"wp","href":"https:\/\/api.w.org\/{rel}","templated":true}]}}