{"id":1668,"date":"2025-03-22T06:18:18","date_gmt":"2025-03-22T06:18:18","guid":{"rendered":"https:\/\/puffvapestore.com\/?post_type=product&#038;p=1668"},"modified":"2026-04-20T11:08:22","modified_gmt":"2026-04-20T11:08:22","slug":"jnr-falcon-vape-16000-blackberry-red-raspberry","status":"publish","type":"product","link":"https:\/\/puffvapestore.com\/nl\/product\/jnr-falcon-vape-16000-braam-rode-framboos\/","title":{"rendered":"JNR Falcon Vape 16000 Braam Rode Framboos"},"content":{"rendered":"<div data-elementor-type=\"wp-post\" data-elementor-id=\"1668\" class=\"elementor elementor-1668\">\n\t\t\t\t<div class=\"elementor-element elementor-element-824a998 e-flex e-con-boxed e-con e-parent\" data-id=\"824a998\" data-element_type=\"container\" data-e-type=\"container\">\n\t\t\t\t\t<div class=\"e-con-inner\">\n\t\t\t\t<div class=\"elementor-element elementor-element-55fd5fa elementor-widget elementor-widget-text-editor\" data-id=\"55fd5fa\" data-element_type=\"widget\" data-e-type=\"widget\" data-widget_type=\"text-editor.default\">\n\t\t\t\t<div class=\"elementor-widget-container\">\n\t\t\t\t\t\t\t\t\t<h2>JNR Falcon Vape 16000 Braam Rode Framboos<\/h2><p>In Frankrijk is koken niet alleen een genot om te proeven, het is ook een kunst. Wanneer de diepe zoetheid van bramen de subtiele zuurheid van rode frambozen ontmoet, begint een romantische ontmoeting van smaken. Deze <strong>Rode moerbei framboos elektronische sigaret smaak<\/strong> is als een reis door de boomgaarden van het Franse platteland. Bij elk rooksluiertje kunnen mensen genieten van het natuurlijke, rijpe aroma van het fruit.<\/p><h3>Bramen en rode frambozen, een symfonie van Franse smaken<\/h3><p>Stel je voor dat je 's ochtends vroeg door de boomgaarden van de Provence wandelt, de lucht gevuld met het aroma van vers geplukte bramen en rode frambozen. De bramen brengen een licht wilde zoetheid, als een zachte bessenjam, dik en diep. De rode frambozen voegen een speelse tartheid toe, waardoor de algehele smaak evenwichtiger wordt, niet te zoet en niet de gelaagde fruitige smaak verliest.<\/p><p>Het is niet zomaar een smaak, maar een ervaring - alsof je een speciale cocktail met bessensmaak bestelt in een klein caf\u00e9 op de linkeroever van Parijs en geniet van de lagen mix die erin zitten terwijl je luistert naar melodieuze jazzmuziek.<\/p>\t\t\t\t\t\t\t\t<\/div>\n\t\t\t\t<\/div>\n\t\t\t\t\t<\/div>\n\t\t\t\t<\/div>\n\t\t<div class=\"elementor-element elementor-element-942ccb0 e-flex e-con-boxed e-con e-parent\" data-id=\"942ccb0\" data-element_type=\"container\" data-e-type=\"container\">\n\t\t\t\t\t<div class=\"e-con-inner\">\n\t\t<div class=\"elementor-element elementor-element-577deeb e-con-full e-flex e-con e-child\" data-id=\"577deeb\" data-element_type=\"container\" data-e-type=\"container\">\n\t\t\t\t<div class=\"elementor-element elementor-element-5d167cf elementor-widget elementor-widget-text-editor\" data-id=\"5d167cf\" data-element_type=\"widget\" data-e-type=\"widget\" data-widget_type=\"text-editor.default\">\n\t\t\t\t<div class=\"elementor-widget-container\">\n\t\t\t\t\t\t\t\t\t<h2>Details van JNR Falcon 16000 braam rood framboos<\/h2><p>Pufjes : Tot 16.000 trekjes<br \/>Vloeistof: 22 ml<br \/>Nicotineniveaus: 0 %, 2 %, 5 %<br \/>Weerstand: 1,0 ohm<br \/>Batterijcapaciteit: 850 mAh<br \/>Opladen: Type-C<br \/>Dubbele maas en dubbele kernweerstand<br \/>Afmetingen: 53,5 x 32 x 110 mm<\/p>\t\t\t\t\t\t\t\t<\/div>\n\t\t\t\t<\/div>\n\t\t\t\t<\/div>\n\t\t<div class=\"elementor-element elementor-element-d5e4b56 e-con-full e-flex e-con e-child\" data-id=\"d5e4b56\" data-element_type=\"container\" data-e-type=\"container\">\n\t\t\t\t<div class=\"elementor-element elementor-element-381dfcb elementor-widget elementor-widget-image-gallery\" data-id=\"381dfcb\" data-element_type=\"widget\" data-e-type=\"widget\" data-widget_type=\"image-gallery.default\">\n\t\t\t\t<div class=\"elementor-widget-container\">\n\t\t\t\t\t\t\t<div class=\"elementor-image-gallery\">\n\t\t\t<div id='gallery-1' class='gallery galleryid-1668 gallery-columns-1 gallery-size-medium_large'><figure class='gallery-item'>\n\t\t\t<div class='gallery-icon portrait'>\n\t\t\t\t<img fetchpriority=\"high\" decoding=\"async\" width=\"654\" height=\"690\" src=\"https:\/\/puffvapestore.com\/wp-content\/uploads\/2025\/03\/pvajf16000-13.jpg\" class=\"attachment-medium_large size-medium_large\" alt=\"JNR Falcon 16K Braam Rode Framboos\" aria-describedby=\"gallery-1-1560\" srcset=\"https:\/\/puffvapestore.com\/wp-content\/uploads\/2025\/03\/pvajf16000-13.jpg 654w, https:\/\/puffvapestore.com\/wp-content\/uploads\/2025\/03\/pvajf16000-13-284x300.jpg 284w, https:\/\/puffvapestore.com\/wp-content\/uploads\/2025\/03\/pvajf16000-13-600x633.jpg 600w\" sizes=\"(max-width: 654px) 100vw, 654px\" \/>\n\t\t\t<\/div>\n\t\t\t\t<figcaption class='wp-caption-text gallery-caption' id='gallery-1-1560'>\n\t\t\t\tJNR Falcon 16K Braam Rode Framboos\n\t\t\t\t<\/figcaption><\/figure>\n\t\t<\/div>\n\t\t<\/div>\n\t\t\t\t\t\t<\/div>\n\t\t\t\t<\/div>\n\t\t\t\t<\/div>\n\t\t\t\t\t<\/div>\n\t\t\t\t<\/div>\n\t\t<div class=\"elementor-element elementor-element-7926c6b e-flex e-con-boxed e-con e-parent\" data-id=\"7926c6b\" data-element_type=\"container\" data-e-type=\"container\">\n\t\t\t\t\t<div class=\"e-con-inner\">\n\t\t\t\t<div class=\"elementor-element elementor-element-2b41948 elementor-widget elementor-widget-text-editor\" data-id=\"2b41948\" data-element_type=\"widget\" data-e-type=\"widget\" data-widget_type=\"text-editor.default\">\n\t\t\t\t<div class=\"elementor-widget-container\">\n\t\t\t\t\t\t\t\t\t<h3>JNR Falcon Vape 16000 Blackberry Red Raspberry - Langere smaak, meer plezier<\/h3><p>Natuurlijk hoeft een heerlijke ervaring niet aan tijd gebonden te zijn. JNR Falcon 16000 laat je 16.000 trekjes lang genieten van de exquise smaak van deze rode vrucht, en elke inhalatie is een Frans bezoekje voor je smaakpapillen.<\/p><ul><li>Met een grote inhoud van 22 ml hoef je hem niet vaak te vervangen en kun je je volledig onderdompelen in de geur van de bessen.<\/li><li>De dubbelmazige spoeltechnologie reproduceert nauwkeurig de delicate smaak van bramen en rode frambozen, en elk rookwolkje is zo vers als vers geplukt fruit.<\/li><li>Oplaadbaar ontwerp (850 mAh batterij, Type-C en Lightning compatibel), zodat je altijd en overal kunt genieten van ononderbroken, meeslepend Frans baaiplezier.<\/li><li>De luchtstroom is instelbaar, dus of je nu van een rijke, volle rook houdt of van een lichte, zachte smaak, je kunt het vrij regelen.<\/li><li>Het handgemaakte kristallen ontwerp is niet alleen een elektronische sigaret, het is ook een symbool van smaak, perfect in overeenstemming met de elegante Franse stijl.<\/li><\/ul><h3>Waarom Blackberry Red Raspberry?<\/h3><p>In Frankrijk is het genot van smaak een manier van leven. <strong>Wanneer je kiest voor Blackberry Red Raspberr<\/strong>y, kies je voor een verfijnde vaping-ervaring met een Frans tintje. Het is niet zomaar een eenvoudige e-cig smaak, maar een smaakverkenning van rijpe fruitaroma's, elegante lagen en een lange nasmaak.<\/p><p>Of je nu op de oevers van de Seine in de middagzon bent of op de Champs-Elys\u00e9es met zijn knipperende neonlichten 's avonds, deze bessensmaak wordt de meest exquise metgezel in je handen, waardoor elke inademing een smaakvolle reis wordt.<\/p>\t\t\t\t\t\t\t\t<\/div>\n\t\t\t\t<\/div>\n\t\t\t\t\t<\/div>\n\t\t\t\t<\/div>\n\t\t\t\t<\/div>","protected":false},"excerpt":{"rendered":"<p>JNR Falcon Vape 16000 M\u00fbre Rouge Framboise En France, la cuisine n\u2019est pas seulement un plaisir gustatif, mais aussi un art. Lorsque la douceur profonde des m\u00fbres rencontre l&rsquo;acidit\u00e9 subtile des framboises rouges, une rencontre romantique de saveurs commence. Cette saveur de cigarette \u00e9lectronique M\u00fbre Rouge Framboise est comme un voyage \u00e0 travers les vergers [&hellip;]<\/p>\n","protected":false},"featured_media":1560,"comment_status":"open","ping_status":"closed","template":"","meta":{"site-sidebar-layout":"no-sidebar","site-content-layout":"page-builder","ast-site-content-layout":"normal-width-container","site-content-style":"default","site-sidebar-style":"default","ast-global-header-display":"","ast-banner-title-visibility":"","ast-main-header-display":"","ast-hfb-above-header-display":"","ast-hfb-below-header-display":"","ast-hfb-mobile-header-display":"","site-post-title":"disabled","ast-breadcrumbs-content":"","ast-featured-img":"disabled","footer-sml-layout":"","ast-disable-related-posts":"","theme-transparent-header-meta":"default","adv-header-id-meta":"","stick-header-meta":"default","header-above-stick-meta":"","header-main-stick-meta":"","header-below-stick-meta":"","astra-migrate-meta-layouts":"set","ast-page-background-enabled":"default","ast-page-background-meta":{"desktop":{"background-color":"","background-image":"","background-repeat":"repeat","background-position":"center center","background-size":"auto","background-attachment":"scroll","background-type":"","background-media":"","overlay-type":"","overlay-color":"","overlay-opacity":"","overlay-gradient":""},"tablet":{"background-color":"","background-image":"","background-repeat":"repeat","background-position":"center center","background-size":"auto","background-attachment":"scroll","background-type":"","background-media":"","overlay-type":"","overlay-color":"","overlay-opacity":"","overlay-gradient":""},"mobile":{"background-color":"","background-image":"","background-repeat":"repeat","background-position":"center center","background-size":"auto","background-attachment":"scroll","background-type":"","background-media":"","overlay-type":"","overlay-color":"","overlay-opacity":"","overlay-gradient":""}},"ast-content-background-meta":{"desktop":{"background-color":"var(--ast-global-color-5)","background-image":"","background-repeat":"repeat","background-position":"center center","background-size":"auto","background-attachment":"scroll","background-type":"","background-media":"","overlay-type":"","overlay-color":"","overlay-opacity":"","overlay-gradient":""},"tablet":{"background-color":"var(--ast-global-color-5)","background-image":"","background-repeat":"repeat","background-position":"center center","background-size":"auto","background-attachment":"scroll","background-type":"","background-media":"","overlay-type":"","overlay-color":"","overlay-opacity":"","overlay-gradient":""},"mobile":{"background-color":"var(--ast-global-color-5)","background-image":"","background-repeat":"repeat","background-position":"center center","background-size":"auto","background-attachment":"scroll","background-type":"","background-media":"","overlay-type":"","overlay-color":"","overlay-opacity":"","overlay-gradient":""}}},"product_brand":[30],"product_cat":[15,81,77,34,35,36,31,32],"product_tag":[],"class_list":{"0":"post-1668","1":"product","2":"type-product","3":"status-publish","4":"has-post-thumbnail","6":"product_brand-jnr","7":"product_cat-magasin-cigarette-electronique","8":"product_cat-puff-16k","9":"product_cat-entrepot-de-lue","10":"product_cat-puff-jnr","11":"product_cat-jnr-vape","12":"product_cat-jnr-16k","13":"product_cat-jnr-falcon","14":"product_cat-puff-jnr-16k","15":"desktop-align-center","16":"tablet-align-center","17":"mobile-align-center","18":"ast-product-gallery-layout-horizontal","19":"ast-product-gallery-with-no-image","20":"ast-product-single-variable","21":"ast-product-tabs-layout-horizontal","22":"ast-qv-on-image","24":"first","25":"instock","26":"sale","27":"shipping-taxable","28":"purchasable","29":"product-type-variable","30":"has-default-attributes"},"tiered_pricing_type":"fixed","tiered_pricing_fixed_rules":{"30":9.88,"60":9.26,"100":8.06,"200":7.38,"500":6.98,"1000":6.8},"tiered_pricing_product_settings":{"layout":"default","base_unit_name":{"singular":null,"plural":null},"default_variation":null},"tiered_pricing_minimum_quantity":null,"tiered_pricing_roles_data":[],"tiered_pricing_percentage_rules":[],"_links":{"self":[{"href":"https:\/\/puffvapestore.com\/nl\/wp-json\/wp\/v2\/product\/1668","targetHints":{"allow":["GET"]}}],"collection":[{"href":"https:\/\/puffvapestore.com\/nl\/wp-json\/wp\/v2\/product"}],"about":[{"href":"https:\/\/puffvapestore.com\/nl\/wp-json\/wp\/v2\/types\/product"}],"replies":[{"embeddable":true,"href":"https:\/\/puffvapestore.com\/nl\/wp-json\/wp\/v2\/comments?post=1668"}],"version-history":[{"count":18,"href":"https:\/\/puffvapestore.com\/nl\/wp-json\/wp\/v2\/product\/1668\/revisions"}],"predecessor-version":[{"id":17771,"href":"https:\/\/puffvapestore.com\/nl\/wp-json\/wp\/v2\/product\/1668\/revisions\/17771"}],"wp:featuredmedia":[{"embeddable":true,"href":"https:\/\/puffvapestore.com\/nl\/wp-json\/wp\/v2\/media\/1560"}],"wp:attachment":[{"href":"https:\/\/puffvapestore.com\/nl\/wp-json\/wp\/v2\/media?parent=1668"}],"wp:term":[{"taxonomy":"product_brand","embeddable":true,"href":"https:\/\/puffvapestore.com\/nl\/wp-json\/wp\/v2\/product_brand?post=1668"},{"taxonomy":"product_cat","embeddable":true,"href":"https:\/\/puffvapestore.com\/nl\/wp-json\/wp\/v2\/product_cat?post=1668"},{"taxonomy":"product_tag","embeddable":true,"href":"https:\/\/puffvapestore.com\/nl\/wp-json\/wp\/v2\/product_tag?post=1668"}],"curies":[{"name":"wp","href":"https:\/\/api.w.org\/{rel}","templated":true}]}}