{"id":1752,"date":"2025-03-24T07:37:06","date_gmt":"2025-03-24T07:37:06","guid":{"rendered":"https:\/\/puffvapestore.com\/?page_id=1752"},"modified":"2025-03-24T07:42:16","modified_gmt":"2025-03-24T07:42:16","slug":"livraison","status":"publish","type":"page","link":"https:\/\/puffvapestore.com\/nl\/levering\/","title":{"rendered":"Informatie over levering"},"content":{"rendered":"<div data-elementor-type=\"wp-page\" data-elementor-id=\"1752\" class=\"elementor elementor-1752\">\n\t\t\t\t<div class=\"elementor-element elementor-element-b106341 e-flex e-con-boxed e-con e-parent\" data-id=\"b106341\" data-element_type=\"container\" data-e-type=\"container\">\n\t\t\t\t\t<div class=\"e-con-inner\">\n\t\t<div class=\"elementor-element elementor-element-2048edd e-con-full e-flex e-con e-child\" data-id=\"2048edd\" data-element_type=\"container\" data-e-type=\"container\">\n\t\t\t\t<div class=\"elementor-element elementor-element-f39cc7f elementor-widget elementor-widget-text-editor\" data-id=\"f39cc7f\" data-element_type=\"widget\" data-e-type=\"widget\" data-widget_type=\"text-editor.default\">\n\t\t\t\t<div class=\"elementor-widget-container\">\n\t\t\t\t\t\t\t\t\t<h1>Informatie over levering<\/h1><p>We streven ernaar om elke klant een uitstekende winkelervaring te bieden, van bestelling tot levering, waarbij elke schakel effici\u00ebnt en handig is.<\/p><h2>Plaats nu je bestelling en we bezorgen het je snel!<\/h2><p>Zodra je bestelling binnenkomt, komen onze magazijnexperts in actie en pakken ze je producten in recordtijd in! Je bestelling wordt over het algemeen binnen 1 tot 3 werkdagen verzonden. Hoe zit het met de leveringssnelheid? Over het algemeen kan je bestelling binnen 3 tot 5 werkdagen worden geleverd. Als je geluk hebt, kan het zelfs binnen 1-2 dagen bij je aan de deur staan! (We hebben ook een pauze in het weekend, dus dan versturen we geen goederen).<\/p><h2>Je bestelling wijzigen? Haast je en grijp de tijd!<\/h2><p>Vraag je je nog steeds af of je het verkeerde adres hebt ingevuld of dat je de kleur wilt veranderen? Geen probleem! Zolang je bestelling nog niet is verzonden, kun je het afleveradres op elk moment annuleren of wijzigen. Neem zo snel mogelijk contact met ons op via ons offici\u00eble e-mailadres en we zullen ons best doen om aan je wensen tegemoet te komen. Maar als de bestelling al verzonden is vanuit het magazijn, kun je alleen maar wachten tot het veilig bij je aankomt en kunnen we geen wijzigingen meer aanbrengen of geld teruggeven!<\/p><h2>Het is belangrijk om het juiste adres te hebben!<\/h2><p>Je pakket wordt afgeleverd op het adres dat je bij het afrekenen hebt opgegeven, dus vul dit adres in voordat je afrekent om er zeker van te zijn dat het adres correct is!<\/p><h2>Heb je vragen? Kom dan bij ons langs!<\/h2><p>Als je problemen ondervindt tijdens het aankoopproces of als je vragen hebt, aarzel dan niet om contact met ons op te nemen. We nemen zo snel mogelijk contact met je op om je te helpen eventuele problemen op te lossen en je winkelervaring zo eenvoudig en plezierig mogelijk te maken!<\/p>\t\t\t\t\t\t\t\t<\/div>\n\t\t\t\t<\/div>\n\t\t\t\t<\/div>\n\t\t\t\t\t<\/div>\n\t\t\t\t<\/div>\n\t\t\t\t<\/div>","protected":false},"excerpt":{"rendered":"<p>Informations sur la livraison Nous nous engageons \u00e0 offrir \u00e0 chaque client une excellente exp\u00e9rience d&rsquo;achat, de la commande \u00e0 la livraison, chaque lien s&rsquo;efforce d&rsquo;\u00eatre efficace et pratique. Passez votre commande maintenant et nous vous la livrerons rapidement ! D\u00e8s l&rsquo;arriv\u00e9e de votre commande, nos experts en entrep\u00f4t se mettent imm\u00e9diatement en action et [&hellip;]<\/p>\n","protected":false},"author":1,"featured_media":0,"parent":0,"menu_order":1,"comment_status":"closed","ping_status":"closed","template":"","meta":{"site-sidebar-layout":"no-sidebar","site-content-layout":"page-builder","ast-site-content-layout":"full-width-container","site-content-style":"default","site-sidebar-style":"default","ast-global-header-display":"","ast-banner-title-visibility":"","ast-main-header-display":"","ast-hfb-above-header-display":"","ast-hfb-below-header-display":"","ast-hfb-mobile-header-display":"","site-post-title":"disabled","ast-breadcrumbs-content":"","ast-featured-img":"disabled","footer-sml-layout":"","ast-disable-related-posts":"","theme-transparent-header-meta":"","adv-header-id-meta":"","stick-header-meta":"","header-above-stick-meta":"","header-main-stick-meta":"","header-below-stick-meta":"","astra-migrate-meta-layouts":"set","ast-page-background-enabled":"default","ast-page-background-meta":{"desktop":{"background-color":"","background-image":"","background-repeat":"repeat","background-position":"center center","background-size":"auto","background-attachment":"scroll","background-type":"","background-media":"","overlay-type":"","overlay-color":"","overlay-opacity":"","overlay-gradient":""},"tablet":{"background-color":"","background-image":"","background-repeat":"repeat","background-position":"center center","background-size":"auto","background-attachment":"scroll","background-type":"","background-media":"","overlay-type":"","overlay-color":"","overlay-opacity":"","overlay-gradient":""},"mobile":{"background-color":"","background-image":"","background-repeat":"repeat","background-position":"center center","background-size":"auto","background-attachment":"scroll","background-type":"","background-media":"","overlay-type":"","overlay-color":"","overlay-opacity":"","overlay-gradient":""}},"ast-content-background-meta":{"desktop":{"background-color":"var(--ast-global-color-5)","background-image":"","background-repeat":"repeat","background-position":"center center","background-size":"auto","background-attachment":"scroll","background-type":"","background-media":"","overlay-type":"","overlay-color":"","overlay-opacity":"","overlay-gradient":""},"tablet":{"background-color":"var(--ast-global-color-5)","background-image":"","background-repeat":"repeat","background-position":"center center","background-size":"auto","background-attachment":"scroll","background-type":"","background-media":"","overlay-type":"","overlay-color":"","overlay-opacity":"","overlay-gradient":""},"mobile":{"background-color":"var(--ast-global-color-5)","background-image":"","background-repeat":"repeat","background-position":"center center","background-size":"auto","background-attachment":"scroll","background-type":"","background-media":"","overlay-type":"","overlay-color":"","overlay-opacity":"","overlay-gradient":""}},"footnotes":""},"class_list":["post-1752","page","type-page","status-publish","hentry"],"_links":{"self":[{"href":"https:\/\/puffvapestore.com\/nl\/wp-json\/wp\/v2\/pages\/1752","targetHints":{"allow":["GET"]}}],"collection":[{"href":"https:\/\/puffvapestore.com\/nl\/wp-json\/wp\/v2\/pages"}],"about":[{"href":"https:\/\/puffvapestore.com\/nl\/wp-json\/wp\/v2\/types\/page"}],"author":[{"embeddable":true,"href":"https:\/\/puffvapestore.com\/nl\/wp-json\/wp\/v2\/users\/1"}],"replies":[{"embeddable":true,"href":"https:\/\/puffvapestore.com\/nl\/wp-json\/wp\/v2\/comments?post=1752"}],"version-history":[{"count":4,"href":"https:\/\/puffvapestore.com\/nl\/wp-json\/wp\/v2\/pages\/1752\/revisions"}],"predecessor-version":[{"id":1767,"href":"https:\/\/puffvapestore.com\/nl\/wp-json\/wp\/v2\/pages\/1752\/revisions\/1767"}],"wp:attachment":[{"href":"https:\/\/puffvapestore.com\/nl\/wp-json\/wp\/v2\/media?parent=1752"}],"curies":[{"name":"wp","href":"https:\/\/api.w.org\/{rel}","templated":true}]}}