{"id":6879,"date":"2025-08-24T07:27:22","date_gmt":"2025-08-24T07:27:22","guid":{"rendered":"https:\/\/puffvapestore.com\/?post_type=product&#038;p=6879"},"modified":"2026-01-19T10:31:54","modified_gmt":"2026-01-19T10:31:54","slug":"peach-ice-bang-king-35k-offre-une-saveur-de-peche-sucree","status":"publish","type":"product","link":"https:\/\/puffvapestore.com\/it\/product\/il-ghiaccio-alla-pesca-bang-king-35k-offre-un-dolce-sapore-di-pesca\/","title":{"rendered":"Ghiaccio alla pesca - Bang King 35K"},"content":{"rendered":"<div data-elementor-type=\"wp-post\" data-elementor-id=\"6879\" class=\"elementor elementor-6879\">\n\t\t\t\t<div class=\"elementor-element elementor-element-08c26f9 e-flex e-con-boxed e-con e-parent\" data-id=\"08c26f9\" data-element_type=\"container\" data-e-type=\"container\">\n\t\t\t\t\t<div class=\"e-con-inner\">\n\t\t\t\t<div class=\"elementor-element elementor-element-a005a97 elementor-widget elementor-widget-text-editor\" data-id=\"a005a97\" data-element_type=\"widget\" data-e-type=\"widget\" data-widget_type=\"text-editor.default\">\n\t\t\t\t<div class=\"elementor-widget-container\">\n\t\t\t\t\t\t\t\t\t<p>Bang King 35000 Glazed Peach offre un sapore dolce e succoso di pesca con una delicata sensazione di freschezza, creando un gusto rinfrescante e complesso.<\/p><h2>Ricco aroma di pesca<\/h2><p>Il sapore dominante \u00e8 quello della pesca fresca e matura, con un aroma fruttato naturale, dolce ma non eccessivo. \u00c8 come mordere una succosa pesca gialla, con un aroma vibrante. Il sapore della pesca, con la sua sottile acidit\u00e0, bilancia la dolcezza, rendendo il gusto pi\u00f9 autentico e naturale.<\/p><p>Al sapore di pesca, Bang King 35000 Peach Ice aggiunge una distinta e rinfrescante nota di mentolo. Questa freschezza \u00e8 piacevolmente morbida, come bere un bicchiere di succo di pesca ghiacciato in una calda giornata estiva. Apporta immediatamente una freschezza rinfrescante, calmando la bocca ed esaltando la freschezza generale.<\/p><h2>Dolcezza e acidit\u00e0 equilibrate<\/h2><p>La dolcezza \u00e8 relativamente pura e persistente, n\u00e9 troppo dolce n\u00e9 appiccicosa. L'acidit\u00e0 della pesca tempera la dolcezza, creando un gusto vivace e complesso, evitando una dolcezza monotona e aggiungendo una sottile acidit\u00e0 fruttata che esalta la profondit\u00e0 del sapore.<\/p><p>Il fumo \u00e8 morbido e delicato, senza irritare la gola. La combinazione di freschezza e aromi fruttati crea un'esperienza piacevole e rinfrescante.<\/p><h2>Schermo LED ad alta definizione<\/h2><p>L'Bang King 35000 Peach Ice \u00e8 dotato di un innovativo e intelligente display a LED che mostra lo stato del dispositivo in tempo reale. Questo display di facile utilizzo mostra informazioni chiave come la durata residua della batteria e il livello di e-liquid, consentendo agli utenti di monitorare facilmente il proprio consumo. Il display \u00e8 pratico e garantisce un utilizzo ottimale in caso di batteria scarica o di basso livello di e-liquid.<\/p><h2>Grande capacit\u00e0 di e-liquid<\/h2><p>La Bang King 35000 Peach Ice \u00e8 pre-riempita con 23 ml di e-liquid premium, garantendo un uso prolungato senza bisogno di ricaricare. Questa grande capacit\u00e0 \u00e8 ideale per chi cerca un'esperienza duratura e senza preoccupazioni, sia che si tratti di utenti occasionali che di utenti intensivi. Il suo design pre-riempito elimina il fastidio delle ricariche manuali di e-liquid, offrendo una soluzione semplice e pronta all'uso.<\/p><p>Progettata per durare a lungo, la Bang King 35000 offre ben 35.000 soffi per unit\u00e0. Questo elevato numero di tiri la rende una delle sigarette elettroniche usa e getta pi\u00f9 longeve sul mercato, soddisfacendo le esigenze degli utenti che preferiscono un uso prolungato senza dover sostituire frequentemente il dispositivo. L'elevato ciclo di puff garantisce prestazioni costanti e durature, rendendola una scelta conveniente per i vapers.<\/p><h2>Dosaggi multipli di nicotina e tecnologia di resistenza Mesh<\/h2><p>La Bang King 35000 Peach Ice offre una variet\u00e0 di dosaggi di nicotina per soddisfare ogni esigenza: 0 %, 2 %, 3 % e 5 %. Sia che si cerchi un'esperienza senza nicotina o una svapata pi\u00f9 intensa, queste opzioni offrono una grande flessibilit\u00e0, sia per i principianti che abbandonano le sigarette tradizionali, sia per i vapers esperti che cercano un'esperienza personalizzata. Questa gamma soddisfa una variet\u00e0 di esigenze e si rivolge a un vasto pubblico.<\/p><p>Il cuore dell'Bang King 35000 \u00e8 costituito da una resistenza Mesh da 0,6 \u03a9 progettata per ottimizzare l'aroma e la produzione di vapore. La superficie pi\u00f9 ampia del resistore Mesh assicura un riscaldamento uniforme, per un sapore ricco e costante e un'esperienza di svapo fluida e confortevole. Questa tecnologia avanzata migliora l'esperienza complessiva di svapo, offrendo un gusto e prestazioni superiori rispetto alle resistenze tradizionali.<\/p><h2>Batteria ricaricabile<\/h2><p>La Bang King 35000 Peach Ice \u00e8 dotata di una batteria ricaricabile da 1000 mAh, che unisce la comodit\u00e0 di una sigaretta elettronica usa e getta alla durata di una batteria ricaricabile. La batteria ad alta capacit\u00e0 consente un uso prolungato e la porta di ricarica Type-C assicura una ricarica rapida ed efficiente. Questa caratteristica riduce al minimo i tempi di inattivit\u00e0, consentendo agli utenti di svapare senza interruzioni.<\/p>\t\t\t\t\t\t\t\t<\/div>\n\t\t\t\t<\/div>\n\t\t\t\t\t<\/div>\n\t\t\t\t<\/div>\n\t\t\t\t<\/div>","protected":false},"excerpt":{"rendered":"<p>La Bang King 35000 P\u00eache Glac\u00e9e offre une saveur de p\u00eache sucr\u00e9e et juteuse avec une douce sensation de fra\u00eecheur, cr\u00e9ant un go\u00fbt rafra\u00eechissant et complexe. Ar\u00f4me riche de p\u00eache La saveur dominante est celle de la p\u00eache m\u00fbre et fra\u00eeche, avec un ar\u00f4me fruit\u00e9 naturel, doux mais sans \u00eatre envahissant. C&rsquo;est comme croquer dans [&hellip;]<\/p>","protected":false},"featured_media":6666,"comment_status":"open","ping_status":"closed","template":"","meta":{"site-sidebar-layout":"no-sidebar","site-content-layout":"page-builder","ast-site-content-layout":"normal-width-container","site-content-style":"default","site-sidebar-style":"default","ast-global-header-display":"","ast-banner-title-visibility":"","ast-main-header-display":"","ast-hfb-above-header-display":"","ast-hfb-below-header-display":"","ast-hfb-mobile-header-display":"","site-post-title":"disabled","ast-breadcrumbs-content":"","ast-featured-img":"disabled","footer-sml-layout":"","theme-transparent-header-meta":"default","adv-header-id-meta":"","stick-header-meta":"default","header-above-stick-meta":"","header-main-stick-meta":"","header-below-stick-meta":"","astra-migrate-meta-layouts":"set","ast-page-background-enabled":"default","ast-page-background-meta":{"desktop":{"background-color":"","background-image":"","background-repeat":"repeat","background-position":"center center","background-size":"auto","background-attachment":"scroll","background-type":"","background-media":"","overlay-type":"","overlay-color":"","overlay-opacity":"","overlay-gradient":""},"tablet":{"background-color":"","background-image":"","background-repeat":"repeat","background-position":"center center","background-size":"auto","background-attachment":"scroll","background-type":"","background-media":"","overlay-type":"","overlay-color":"","overlay-opacity":"","overlay-gradient":""},"mobile":{"background-color":"","background-image":"","background-repeat":"repeat","background-position":"center center","background-size":"auto","background-attachment":"scroll","background-type":"","background-media":"","overlay-type":"","overlay-color":"","overlay-opacity":"","overlay-gradient":""}},"ast-content-background-meta":{"desktop":{"background-color":"var(--ast-global-color-5)","background-image":"","background-repeat":"repeat","background-position":"center center","background-size":"auto","background-attachment":"scroll","background-type":"","background-media":"","overlay-type":"","overlay-color":"","overlay-opacity":"","overlay-gradient":""},"tablet":{"background-color":"var(--ast-global-color-5)","background-image":"","background-repeat":"repeat","background-position":"center center","background-size":"auto","background-attachment":"scroll","background-type":"","background-media":"","overlay-type":"","overlay-color":"","overlay-opacity":"","overlay-gradient":""},"mobile":{"background-color":"var(--ast-global-color-5)","background-image":"","background-repeat":"repeat","background-position":"center center","background-size":"auto","background-attachment":"scroll","background-type":"","background-media":"","overlay-type":"","overlay-color":"","overlay-opacity":"","overlay-gradient":""}}},"product_brand":[52],"product_cat":[57,105,15],"product_tag":[],"class_list":{"0":"post-6879","1":"product","2":"type-product","3":"status-publish","4":"has-post-thumbnail","6":"product_brand-bang-king","7":"product_cat-bang-king-35k-resistance-mesh","8":"product_cat-puff-35k","9":"product_cat-magasin-cigarette-electronique","10":"desktop-align-center","11":"tablet-align-center","12":"mobile-align-center","13":"ast-product-gallery-layout-horizontal","14":"ast-product-gallery-with-no-image","15":"ast-product-single-variable","16":"ast-product-tabs-layout-horizontal","17":"ast-qv-on-image","19":"first","20":"instock","21":"sale","22":"shipping-taxable","23":"purchasable","24":"product-type-variable","25":"has-default-attributes"},"tiered_pricing_type":"fixed","tiered_pricing_fixed_rules":{"50":6.83,"100":6.22},"tiered_pricing_product_settings":{"layout":"default","base_unit_name":{"singular":null,"plural":null},"default_variation":null},"tiered_pricing_minimum_quantity":null,"tiered_pricing_roles_data":[],"tiered_pricing_percentage_rules":[],"_links":{"self":[{"href":"https:\/\/puffvapestore.com\/it\/wp-json\/wp\/v2\/product\/6879","targetHints":{"allow":["GET"]}}],"collection":[{"href":"https:\/\/puffvapestore.com\/it\/wp-json\/wp\/v2\/product"}],"about":[{"href":"https:\/\/puffvapestore.com\/it\/wp-json\/wp\/v2\/types\/product"}],"replies":[{"embeddable":true,"href":"https:\/\/puffvapestore.com\/it\/wp-json\/wp\/v2\/comments?post=6879"}],"version-history":[{"count":7,"href":"https:\/\/puffvapestore.com\/it\/wp-json\/wp\/v2\/product\/6879\/revisions"}],"predecessor-version":[{"id":7229,"href":"https:\/\/puffvapestore.com\/it\/wp-json\/wp\/v2\/product\/6879\/revisions\/7229"}],"wp:featuredmedia":[{"embeddable":true,"href":"https:\/\/puffvapestore.com\/it\/wp-json\/wp\/v2\/media\/6666"}],"wp:attachment":[{"href":"https:\/\/puffvapestore.com\/it\/wp-json\/wp\/v2\/media?parent=6879"}],"wp:term":[{"taxonomy":"product_brand","embeddable":true,"href":"https:\/\/puffvapestore.com\/it\/wp-json\/wp\/v2\/product_brand?post=6879"},{"taxonomy":"product_cat","embeddable":true,"href":"https:\/\/puffvapestore.com\/it\/wp-json\/wp\/v2\/product_cat?post=6879"},{"taxonomy":"product_tag","embeddable":true,"href":"https:\/\/puffvapestore.com\/it\/wp-json\/wp\/v2\/product_tag?post=6879"}],"curies":[{"name":"wp","href":"https:\/\/api.w.org\/{rel}","templated":true}]}}