{"id":6868,"date":"2025-08-24T02:20:23","date_gmt":"2025-08-24T02:20:23","guid":{"rendered":"https:\/\/puffvapestore.com\/?post_type=product&#038;p=6868"},"modified":"2026-01-19T10:31:54","modified_gmt":"2026-01-19T10:31:54","slug":"watermelon-bang-king-35k-offre-une-saveur-vive-et-authentique-de-pasteque","status":"publish","type":"product","link":"https:\/\/puffvapestore.com\/it\/product\/anguria-bang-king-35k-offre-un-gusto-vivace-e-autentico-di-pastaque\/","title":{"rendered":"Anguria - Bang King 35K"},"content":{"rendered":"<div data-elementor-type=\"wp-post\" data-elementor-id=\"6868\" class=\"elementor elementor-6868\">\n\t\t\t\t<div class=\"elementor-element elementor-element-08c26f9 e-flex e-con-boxed e-con e-parent\" data-id=\"08c26f9\" data-element_type=\"container\" data-e-type=\"container\">\n\t\t\t\t\t<div class=\"e-con-inner\">\n\t\t\t\t<div class=\"elementor-element elementor-element-a005a97 elementor-widget elementor-widget-text-editor\" data-id=\"a005a97\" data-element_type=\"widget\" data-e-type=\"widget\" data-widget_type=\"text-editor.default\">\n\t\t\t\t<div class=\"elementor-widget-container\">\n\t\t\t\t\t\t\t\t\t<p>L'anguria Bang King 35000 offre un sapore vivace e autentico di anguria, completato da una rinfrescante nota verde e da una delicata sensazione in bocca, per una rinfrescante esperienza estiva. Dolce e rinfrescante al tempo stesso.<\/p><p>L'aroma di anguria ha un gusto fresco e succoso, che ricorda l'anguria appena tagliata, e un aroma ricco e fruttato. La sua dolcezza \u00e8 moderata, senza essere troppo pronunciata, riproducendo perfettamente la dolcezza naturale dell'anguria.<\/p><h2>Un aroma fruttato ricco e complesso<\/h2><p>Oltre al sapore netto dell'anguria, una sottile freschezza di melone, sfumata da un tocco di foglie verdi fresche, aggiunge profondit\u00e0 al palato, rendendo l'insieme vibrante e vivace, anzich\u00e9 monotono.<\/p><h2>Gusto delicato e cremoso<\/h2><p>L'espressione aromatica \u00e8 accompagnata da una sottile sensazione di umidit\u00e0, come di succo che scorre dolcemente in bocca, creando un'esperienza straordinariamente morbida. Questo gusto delicato esalta l'esperienza complessiva, lasciando una sensazione rinfrescante e dissetante.<\/p><h2>Il finale \u00e8 rinfrescante ma non eccessivo.<\/h2><p>Il retrogusto \u00e8 leggermente dolce e fresco, senza zuccheri pesanti e persistenti, lasciando una sensazione rinfrescante sul palato. \u00c8 perfetto per l'estate o per una piccola emozione.<\/p><p>La dolcezza complessiva \u00e8 evidente, ma non \u00e8 monotona. L'acidit\u00e0 equilibrata conferisce al gusto una sensazione di vivacit\u00e0 ed elasticit\u00e0, senza essere stucchevole o insipido.<\/p><h2>Schermo LED ad alta definizione<\/h2><p>Il modello Bang King 35000 Watermelon \u00e8 dotato di un innovativo e intelligente display a LED che mostra lo stato del dispositivo in tempo reale. Questo display di facile utilizzo mostra informazioni chiave come la durata residua della batteria e il livello di e-liquid, consentendo agli utenti di monitorare facilmente il proprio consumo. Il display \u00e8 pratico e garantisce un utilizzo ottimale in caso di batteria scarica o di basso livello di e-liquid.<\/p><h2>Grande capacit\u00e0 di e-liquid<\/h2><p>La Bang King 35000 Watermelon \u00e8 pre-riempita con 23 ml di e-liquid premium, garantendo un uso prolungato senza bisogno di ricaricare. Questa grande capacit\u00e0 \u00e8 ideale per chi cerca un'esperienza duratura e senza preoccupazioni, sia che si tratti di utenti occasionali che di utenti intensivi. Il suo design pre-riempito elimina il fastidio delle ricariche manuali di e-liquid, offrendo una soluzione semplice e pronta all'uso.<\/p><p>Progettata per durare a lungo, la Bang King 35000 offre ben 35.000 soffi per unit\u00e0. Questo elevato numero di tiri la rende una delle sigarette elettroniche usa e getta pi\u00f9 longeve sul mercato, soddisfacendo le esigenze degli utenti che preferiscono un uso prolungato senza dover sostituire frequentemente il dispositivo. L'elevato ciclo di puff garantisce prestazioni costanti e durature, rendendola una scelta conveniente per i vapers.<\/p><h2>Dosaggi multipli di nicotina e tecnologia di resistenza Mesh<\/h2><p>La Bang King 35000 Watermelon offre una variet\u00e0 di dosaggi di nicotina per soddisfare ogni esigenza: 0 %, 2 %, 3 % e 5 %. Sia che si cerchi un'esperienza senza nicotina o una svapata pi\u00f9 intensa, queste opzioni offrono una grande flessibilit\u00e0, sia per i principianti che abbandonano le sigarette tradizionali, sia per i vapers esperti che cercano un'esperienza personalizzata. Questa gamma soddisfa una variet\u00e0 di esigenze e si rivolge a un vasto pubblico.<\/p><p>Il cuore della Bang King 35000 Watermelon \u00e8 una resistenza Mesh da 0,6 \u03a9 progettata per ottimizzare il sapore e la produzione di vapore. La superficie pi\u00f9 ampia del resistore Mesh assicura un riscaldamento uniforme, per un sapore ricco e costante e un'esperienza di svapo fluida e confortevole. Questa tecnologia avanzata migliora l'esperienza complessiva di svapo, offrendo un gusto e prestazioni superiori rispetto alle resistenze tradizionali.<\/p><h2>Batteria ricaricabile<\/h2><p>Il modello Bang King 35000 Watermelon \u00e8 dotato di una batteria ricaricabile da 1000 mAh, che combina la comodit\u00e0 di una sigaretta elettronica usa e getta con la durata di una batteria ricaricabile. La batteria ad alta capacit\u00e0 consente un uso prolungato e la porta di ricarica Type-C assicura una ricarica rapida ed efficiente. Questa caratteristica riduce al minimo i tempi di inattivit\u00e0, consentendo agli utenti di svapare senza interruzioni.<\/p>\t\t\t\t\t\t\t\t<\/div>\n\t\t\t\t<\/div>\n\t\t\t\t\t<\/div>\n\t\t\t\t<\/div>\n\t\t\t\t<\/div>","protected":false},"excerpt":{"rendered":"<p>La past\u00e8que Bang King 35000 offre une saveur vive et authentique de past\u00e8que, compl\u00e9t\u00e9e par une note verte rafra\u00eechissante et une sensation en bouche d\u00e9licate, offrant une exp\u00e9rience estivale rafra\u00eechissante. \u00c0 la fois sucr\u00e9e et rafra\u00eechissante. La saveur past\u00e8que offre d&rsquo;abord une saveur fra\u00eeche et juteuse, rappelant la past\u00e8que fra\u00eechement coup\u00e9e, et un ar\u00f4me riche [&hellip;]<\/p>","protected":false},"featured_media":6670,"comment_status":"open","ping_status":"closed","template":"","meta":{"site-sidebar-layout":"no-sidebar","site-content-layout":"page-builder","ast-site-content-layout":"normal-width-container","site-content-style":"default","site-sidebar-style":"default","ast-global-header-display":"","ast-banner-title-visibility":"","ast-main-header-display":"","ast-hfb-above-header-display":"","ast-hfb-below-header-display":"","ast-hfb-mobile-header-display":"","site-post-title":"disabled","ast-breadcrumbs-content":"","ast-featured-img":"disabled","footer-sml-layout":"","theme-transparent-header-meta":"default","adv-header-id-meta":"","stick-header-meta":"default","header-above-stick-meta":"","header-main-stick-meta":"","header-below-stick-meta":"","astra-migrate-meta-layouts":"set","ast-page-background-enabled":"default","ast-page-background-meta":{"desktop":{"background-color":"","background-image":"","background-repeat":"repeat","background-position":"center center","background-size":"auto","background-attachment":"scroll","background-type":"","background-media":"","overlay-type":"","overlay-color":"","overlay-opacity":"","overlay-gradient":""},"tablet":{"background-color":"","background-image":"","background-repeat":"repeat","background-position":"center center","background-size":"auto","background-attachment":"scroll","background-type":"","background-media":"","overlay-type":"","overlay-color":"","overlay-opacity":"","overlay-gradient":""},"mobile":{"background-color":"","background-image":"","background-repeat":"repeat","background-position":"center center","background-size":"auto","background-attachment":"scroll","background-type":"","background-media":"","overlay-type":"","overlay-color":"","overlay-opacity":"","overlay-gradient":""}},"ast-content-background-meta":{"desktop":{"background-color":"var(--ast-global-color-5)","background-image":"","background-repeat":"repeat","background-position":"center center","background-size":"auto","background-attachment":"scroll","background-type":"","background-media":"","overlay-type":"","overlay-color":"","overlay-opacity":"","overlay-gradient":""},"tablet":{"background-color":"var(--ast-global-color-5)","background-image":"","background-repeat":"repeat","background-position":"center center","background-size":"auto","background-attachment":"scroll","background-type":"","background-media":"","overlay-type":"","overlay-color":"","overlay-opacity":"","overlay-gradient":""},"mobile":{"background-color":"var(--ast-global-color-5)","background-image":"","background-repeat":"repeat","background-position":"center center","background-size":"auto","background-attachment":"scroll","background-type":"","background-media":"","overlay-type":"","overlay-color":"","overlay-opacity":"","overlay-gradient":""}}},"product_brand":[52],"product_cat":[57,105,15],"product_tag":[],"class_list":{"0":"post-6868","1":"product","2":"type-product","3":"status-publish","4":"has-post-thumbnail","6":"product_brand-bang-king","7":"product_cat-bang-king-35k-resistance-mesh","8":"product_cat-puff-35k","9":"product_cat-magasin-cigarette-electronique","10":"desktop-align-center","11":"tablet-align-center","12":"mobile-align-center","13":"ast-product-gallery-layout-horizontal","14":"ast-product-gallery-with-no-image","15":"ast-product-single-variable","16":"ast-product-tabs-layout-horizontal","17":"ast-qv-on-image","19":"first","20":"instock","21":"sale","22":"shipping-taxable","23":"purchasable","24":"product-type-variable","25":"has-default-attributes"},"tiered_pricing_type":"fixed","tiered_pricing_fixed_rules":{"50":6.83,"100":6.22},"tiered_pricing_product_settings":{"layout":"default","base_unit_name":{"singular":null,"plural":null},"default_variation":null},"tiered_pricing_minimum_quantity":null,"tiered_pricing_roles_data":[],"tiered_pricing_percentage_rules":[],"_links":{"self":[{"href":"https:\/\/puffvapestore.com\/it\/wp-json\/wp\/v2\/product\/6868","targetHints":{"allow":["GET"]}}],"collection":[{"href":"https:\/\/puffvapestore.com\/it\/wp-json\/wp\/v2\/product"}],"about":[{"href":"https:\/\/puffvapestore.com\/it\/wp-json\/wp\/v2\/types\/product"}],"replies":[{"embeddable":true,"href":"https:\/\/puffvapestore.com\/it\/wp-json\/wp\/v2\/comments?post=6868"}],"version-history":[{"count":7,"href":"https:\/\/puffvapestore.com\/it\/wp-json\/wp\/v2\/product\/6868\/revisions"}],"predecessor-version":[{"id":7228,"href":"https:\/\/puffvapestore.com\/it\/wp-json\/wp\/v2\/product\/6868\/revisions\/7228"}],"wp:featuredmedia":[{"embeddable":true,"href":"https:\/\/puffvapestore.com\/it\/wp-json\/wp\/v2\/media\/6670"}],"wp:attachment":[{"href":"https:\/\/puffvapestore.com\/it\/wp-json\/wp\/v2\/media?parent=6868"}],"wp:term":[{"taxonomy":"product_brand","embeddable":true,"href":"https:\/\/puffvapestore.com\/it\/wp-json\/wp\/v2\/product_brand?post=6868"},{"taxonomy":"product_cat","embeddable":true,"href":"https:\/\/puffvapestore.com\/it\/wp-json\/wp\/v2\/product_cat?post=6868"},{"taxonomy":"product_tag","embeddable":true,"href":"https:\/\/puffvapestore.com\/it\/wp-json\/wp\/v2\/product_tag?post=6868"}],"curies":[{"name":"wp","href":"https:\/\/api.w.org\/{rel}","templated":true}]}}