{"id":6857,"date":"2025-08-23T23:14:05","date_gmt":"2025-08-23T23:14:05","guid":{"rendered":"https:\/\/puffvapestore.com\/?post_type=product&#038;p=6857"},"modified":"2026-01-19T10:31:54","modified_gmt":"2026-01-19T10:31:54","slug":"fraise-mangue-bang-king-35k-allie-lenergie-fraiche-et-acidulee-de-la-fraise","status":"publish","type":"product","link":"https:\/\/puffvapestore.com\/it\/product\/mango-alla-fragola-bang-king-35k-combina-lenergia-fresca-e-piccante-delle-fragole\/","title":{"rendered":"Mango alla fragola - Bang King 35K"},"content":{"rendered":"<div data-elementor-type=\"wp-post\" data-elementor-id=\"6857\" class=\"elementor elementor-6857\">\n\t\t\t\t<div class=\"elementor-element elementor-element-08c26f9 e-flex e-con-boxed e-con e-parent\" data-id=\"08c26f9\" data-element_type=\"container\" data-e-type=\"container\">\n\t\t\t\t\t<div class=\"e-con-inner\">\n\t\t\t\t<div class=\"elementor-element elementor-element-a005a97 elementor-widget elementor-widget-text-editor\" data-id=\"a005a97\" data-element_type=\"widget\" data-e-type=\"widget\" data-widget_type=\"text-editor.default\">\n\t\t\t\t<div class=\"elementor-widget-container\">\n\t\t\t\t\t\t\t\t\t<p>Il sapore principale della sigaretta elettronica Bang King 35000 Strawberry Mango \u00e8 l'energia fresca e piccante delle fragole e l'aroma ricco e dolce del mango. Questo perfetto equilibrio crea una bevanda rinfrescante con sapori di frutta tropicale.<\/p><h2>Gusto fragola :<\/h2><p>L'aroma di fragola \u00e8 fresco e leggermente aspro e ricorda le fragole appena colte.<\/p><p>L'acidit\u00e0 della fragola \u00e8 palpabile durante l'inalazione, bilanciando la dolcezza complessiva e aggiungendo un sapore vibrante.<\/p><p>Il sapore di fragola conserva un aroma fruttato naturale con una nota di carnosit\u00e0.<\/p><h2>Aroma di mango :<\/h2><p>Il sapore del mango \u00e8 ricco e dolce, con l'aroma intenso e tropicale tipico della frutta tropicale.<\/p><p>La dolcezza del mango \u00e8 delicata e pastosa, come la polpa del mango maturo con un tocco di miele.<\/p><p>Il palato \u00e8 esaltato dalla consistenza unica, morbida e cremosa, che si aggiunge alla dolcezza complessiva.<\/p><h2>Montaggio :<\/h2><p>L'acidit\u00e0 della fragola e la dolcezza del mango si combinano perfettamente per creare un sapore complesso che \u00e8 allo stesso tempo rinfrescante e ricco.<\/p><p>Il gusto \u00e8 ben strutturato e combina un'acidit\u00e0 rinfrescante con una dolcezza fruttata.<\/p><p>Questa sigaretta elettronica ha la sensazione rinfrescante ed energizzante di un frutteto tropicale, lasciando una piacevole sensazione di euforia.<\/p><h2>Retrogusto :<\/h2><p>Il retrogusto \u00e8 leggermente fruttato, senza persistenza o rapida attenuazione, ideale per chi cerca un gusto rinfrescante.<\/p><p>Senza aromi artificiali dominanti, l'aroma \u00e8 naturale e lo rende ideale per l'uso quotidiano.<\/p><h2>Schermo LED ad alta definizione<\/h2><p>Il modello Bang King 35000 Strawberry Mango \u00e8 dotato di un innovativo display LED intelligente che mostra lo stato del dispositivo in tempo reale. Questo display di facile utilizzo mostra informazioni chiave come la durata residua della batteria e il livello di e-liquid, consentendo agli utenti di monitorare facilmente il proprio consumo. Il display \u00e8 pratico e garantisce un utilizzo ottimale in caso di batteria scarica o di basso livello di e-liquid.<\/p><h2>Grande capacit\u00e0 di e-liquid<\/h2><p>La Bang King 35000 Strawberry Mango \u00e8 pre-riempita con 23 ml di e-liquid premium, garantendo un uso prolungato senza bisogno di ricaricare. Questa grande capacit\u00e0 \u00e8 ideale per chi cerca un'esperienza duratura e senza preoccupazioni, sia che si tratti di utenti occasionali che di utenti intensivi. Il suo design pre-riempito elimina il fastidio delle ricariche manuali di e-liquid, offrendo una soluzione semplice e pronta all'uso.<\/p><p>Progettata per durare a lungo, la Bang King 35000 offre ben 35.000 soffi per unit\u00e0. Questo elevato numero di tiri la rende una delle sigarette elettroniche usa e getta pi\u00f9 longeve sul mercato, soddisfacendo le esigenze degli utenti che preferiscono un uso prolungato senza dover sostituire frequentemente il dispositivo. L'elevato ciclo di puff garantisce prestazioni costanti e durature, rendendola una scelta conveniente per i vapers.<\/p><h2>Dosaggi multipli di nicotina e tecnologia di resistenza Mesh<\/h2><p>La Bang King 35000 Strawberry Mango offre una variet\u00e0 di intensit\u00e0 di nicotina per soddisfare ogni esigenza: 0 %, 2 %, 3 % e 5 %. Sia che si cerchi un'esperienza senza nicotina o una svapata pi\u00f9 intensa, queste opzioni offrono una grande flessibilit\u00e0, sia per i principianti che abbandonano le sigarette tradizionali, sia per i vapers esperti che cercano un'esperienza personalizzata. Questa gamma soddisfa una variet\u00e0 di esigenze e si rivolge a un vasto pubblico.<\/p><p>Il cuore dell'Bang King 35000 \u00e8 costituito da una resistenza Mesh da 0,6 \u03a9 progettata per ottimizzare l'aroma e la produzione di vapore. La superficie pi\u00f9 ampia del resistore Mesh assicura un riscaldamento uniforme, per un sapore ricco e costante e un'esperienza di svapo fluida e confortevole. Questa tecnologia avanzata migliora l'esperienza complessiva di svapo, offrendo un gusto e prestazioni superiori rispetto alle resistenze tradizionali.<\/p><h2>Batteria ricaricabile<\/h2><p>La Bang King 35000 Strawberry Mango \u00e8 dotata di una batteria ricaricabile da 1000 mAh, che unisce la comodit\u00e0 di una sigaretta elettronica usa e getta alla durata di una batteria ricaricabile. La batteria ad alta capacit\u00e0 consente un uso prolungato e la porta di ricarica Type-C assicura una ricarica rapida ed efficiente. Questa caratteristica riduce al minimo i tempi di inattivit\u00e0, consentendo agli utenti di svapare senza interruzioni.<\/p>\t\t\t\t\t\t\t\t<\/div>\n\t\t\t\t<\/div>\n\t\t\t\t\t<\/div>\n\t\t\t\t<\/div>\n\t\t\t\t<\/div>","protected":false},"excerpt":{"rendered":"<p>La saveur principale de la cigarette \u00e9lectronique Bang King 35000 Fraise Mangue r\u00e9side dans l&rsquo;\u00e9nergie fra\u00eeche et acidul\u00e9e de la fraise et l&rsquo;ar\u00f4me riche et sucr\u00e9 de la mangue. Cet \u00e9quilibre parfait cr\u00e9e une boisson rafra\u00eechissante aux saveurs de fruits tropicaux. Ar\u00f4me Fraise\u00a0: L&rsquo;ar\u00f4me de fraise est frais et l\u00e9g\u00e8rement acidul\u00e9, rappelant les fraises fra\u00eechement [&hellip;]<\/p>\n","protected":false},"featured_media":6668,"comment_status":"open","ping_status":"closed","template":"","meta":{"site-sidebar-layout":"no-sidebar","site-content-layout":"page-builder","ast-site-content-layout":"normal-width-container","site-content-style":"default","site-sidebar-style":"default","ast-global-header-display":"","ast-banner-title-visibility":"","ast-main-header-display":"","ast-hfb-above-header-display":"","ast-hfb-below-header-display":"","ast-hfb-mobile-header-display":"","site-post-title":"disabled","ast-breadcrumbs-content":"","ast-featured-img":"disabled","footer-sml-layout":"","theme-transparent-header-meta":"default","adv-header-id-meta":"","stick-header-meta":"default","header-above-stick-meta":"","header-main-stick-meta":"","header-below-stick-meta":"","astra-migrate-meta-layouts":"set","ast-page-background-enabled":"default","ast-page-background-meta":{"desktop":{"background-color":"","background-image":"","background-repeat":"repeat","background-position":"center center","background-size":"auto","background-attachment":"scroll","background-type":"","background-media":"","overlay-type":"","overlay-color":"","overlay-opacity":"","overlay-gradient":""},"tablet":{"background-color":"","background-image":"","background-repeat":"repeat","background-position":"center center","background-size":"auto","background-attachment":"scroll","background-type":"","background-media":"","overlay-type":"","overlay-color":"","overlay-opacity":"","overlay-gradient":""},"mobile":{"background-color":"","background-image":"","background-repeat":"repeat","background-position":"center center","background-size":"auto","background-attachment":"scroll","background-type":"","background-media":"","overlay-type":"","overlay-color":"","overlay-opacity":"","overlay-gradient":""}},"ast-content-background-meta":{"desktop":{"background-color":"var(--ast-global-color-5)","background-image":"","background-repeat":"repeat","background-position":"center center","background-size":"auto","background-attachment":"scroll","background-type":"","background-media":"","overlay-type":"","overlay-color":"","overlay-opacity":"","overlay-gradient":""},"tablet":{"background-color":"var(--ast-global-color-5)","background-image":"","background-repeat":"repeat","background-position":"center center","background-size":"auto","background-attachment":"scroll","background-type":"","background-media":"","overlay-type":"","overlay-color":"","overlay-opacity":"","overlay-gradient":""},"mobile":{"background-color":"var(--ast-global-color-5)","background-image":"","background-repeat":"repeat","background-position":"center center","background-size":"auto","background-attachment":"scroll","background-type":"","background-media":"","overlay-type":"","overlay-color":"","overlay-opacity":"","overlay-gradient":""}}},"product_brand":[52],"product_cat":[57,105,15],"product_tag":[],"class_list":{"0":"post-6857","1":"product","2":"type-product","3":"status-publish","4":"has-post-thumbnail","6":"product_brand-bang-king","7":"product_cat-bang-king-35k-resistance-mesh","8":"product_cat-puff-35k","9":"product_cat-magasin-cigarette-electronique","10":"desktop-align-center","11":"tablet-align-center","12":"mobile-align-center","13":"ast-product-gallery-layout-horizontal","14":"ast-product-gallery-with-no-image","15":"ast-product-single-variable","16":"ast-product-tabs-layout-horizontal","17":"ast-qv-on-image","19":"first","20":"instock","21":"sale","22":"shipping-taxable","23":"purchasable","24":"product-type-variable","25":"has-default-attributes"},"tiered_pricing_type":"fixed","tiered_pricing_fixed_rules":{"50":6.83,"100":6.22},"tiered_pricing_product_settings":{"layout":"default","base_unit_name":{"singular":null,"plural":null},"default_variation":null},"tiered_pricing_minimum_quantity":null,"tiered_pricing_roles_data":[],"tiered_pricing_percentage_rules":[],"_links":{"self":[{"href":"https:\/\/puffvapestore.com\/it\/wp-json\/wp\/v2\/product\/6857","targetHints":{"allow":["GET"]}}],"collection":[{"href":"https:\/\/puffvapestore.com\/it\/wp-json\/wp\/v2\/product"}],"about":[{"href":"https:\/\/puffvapestore.com\/it\/wp-json\/wp\/v2\/types\/product"}],"replies":[{"embeddable":true,"href":"https:\/\/puffvapestore.com\/it\/wp-json\/wp\/v2\/comments?post=6857"}],"version-history":[{"count":7,"href":"https:\/\/puffvapestore.com\/it\/wp-json\/wp\/v2\/product\/6857\/revisions"}],"predecessor-version":[{"id":7227,"href":"https:\/\/puffvapestore.com\/it\/wp-json\/wp\/v2\/product\/6857\/revisions\/7227"}],"wp:featuredmedia":[{"embeddable":true,"href":"https:\/\/puffvapestore.com\/it\/wp-json\/wp\/v2\/media\/6668"}],"wp:attachment":[{"href":"https:\/\/puffvapestore.com\/it\/wp-json\/wp\/v2\/media?parent=6857"}],"wp:term":[{"taxonomy":"product_brand","embeddable":true,"href":"https:\/\/puffvapestore.com\/it\/wp-json\/wp\/v2\/product_brand?post=6857"},{"taxonomy":"product_cat","embeddable":true,"href":"https:\/\/puffvapestore.com\/it\/wp-json\/wp\/v2\/product_cat?post=6857"},{"taxonomy":"product_tag","embeddable":true,"href":"https:\/\/puffvapestore.com\/it\/wp-json\/wp\/v2\/product_tag?post=6857"}],"curies":[{"name":"wp","href":"https:\/\/api.w.org\/{rel}","templated":true}]}}