{"id":6846,"date":"2025-08-17T06:08:56","date_gmt":"2025-08-17T06:08:56","guid":{"rendered":"https:\/\/puffvapestore.com\/?post_type=product&#038;p=6846"},"modified":"2026-01-19T10:31:54","modified_gmt":"2026-01-19T10:31:54","slug":"fraise-kiwi-bang-king-35k-est-riche-et-corsee-avec-un-arome-fruite-naturel","status":"publish","type":"product","link":"https:\/\/puffvapestore.com\/it\/product\/il-kiwi-fragola-bang-king-35k-e-ricco-e-corposo-con-un-aroma-naturale-di-frutta\/","title":{"rendered":"Kiwi alla fragola - Bang King 35K"},"content":{"rendered":"<div data-elementor-type=\"wp-post\" data-elementor-id=\"6846\" class=\"elementor elementor-6846\">\n\t\t\t\t<div class=\"elementor-element elementor-element-08c26f9 e-flex e-con-boxed e-con e-parent\" data-id=\"08c26f9\" data-element_type=\"container\" data-e-type=\"container\">\n\t\t\t\t\t<div class=\"e-con-inner\">\n\t\t\t\t<div class=\"elementor-element elementor-element-a005a97 elementor-widget elementor-widget-text-editor\" data-id=\"a005a97\" data-element_type=\"widget\" data-e-type=\"widget\" data-widget_type=\"text-editor.default\">\n\t\t\t\t<div class=\"elementor-widget-container\">\n\t\t\t\t\t\t\t\t\t<p>Bang King 35000 Strawberry Kiwifruit ha un profilo aromatico distinto e complesso, con fragola e kiwi come aromi principali. Il gusto complessivo \u00e8 sia dolce che aspro, con un tocco rinfrescante.<\/p><p>Fragola: la dolcezza della fragola \u00e8 ricca e piena, con un aroma fruttato naturale. Non appena si inala, si percepisce la dolcezza e la succosit\u00e0 di una fragola matura. La dolcezza \u00e8 moderata, senza essere troppo forte, ricorda le fragole appena colte e crea un aroma piacevole e fragrante.<\/p><p>Kiwi: l'acidit\u00e0 del kiwi \u00e8 il punto forte di questo sapore, che bilancia la dolcezza generale. L'acidit\u00e0 \u00e8 rinfrescante, come se si mordesse delicatamente la buccia di un kiwi, rivelandone la polpa delicata e succosa, con una sottile acidit\u00e0 e un tocco di erbe aromatiche che aggiungono complessit\u00e0.<\/p><p>Associazione: La dolcezza della fragola e l'asprezza del kiwi si fondono perfettamente, creando un sapore ricco e fruttato, rinfrescante e complesso. L'intreccio dei sapori dei due frutti offre la dolcezza morbida della fragola senza sacrificare il gusto agrodolce unico del kiwi, per un sapore rinfrescante e vivace.<\/p><p>Retrogusto: L'aroma fruttato permane al palato, con un tocco di acidit\u00e0 di kiwi e dolcezza di fragola nel retrogusto, creando un retrogusto equilibrato e persistente.<\/p><h2>Schermo LED ad alta definizione<\/h2><p>L'Bang King 35000 Strawberry Kiwi \u00e8 dotato di un innovativo e intelligente display a LED che mostra lo stato del dispositivo in tempo reale. Questo display di facile utilizzo mostra informazioni chiave come la durata residua della batteria e il livello di e-liquid, consentendo agli utenti di monitorare facilmente il proprio consumo. Il display \u00e8 pratico e garantisce un utilizzo ottimale in caso di batteria scarica o di basso livello di e-liquid.<\/p><h2>Grande capacit\u00e0 di e-liquid<\/h2><p>La Bang King 35000 Strawberry Kiwi \u00e8 pre-riempita con 23 ml di e-liquid premium, garantendo un uso prolungato senza bisogno di ricaricare. Questa grande capacit\u00e0 \u00e8 ideale per chi cerca un'esperienza duratura e senza preoccupazioni, sia che si tratti di utenti occasionali che di utenti intensivi. Il suo design pre-riempito elimina il fastidio delle ricariche manuali di e-liquid, offrendo una soluzione semplice e pronta all'uso.<\/p><p>Progettata per durare a lungo, la Bang King 35000 offre ben 35.000 soffi per unit\u00e0. Questo elevato numero di tiri la rende una delle sigarette elettroniche usa e getta pi\u00f9 longeve sul mercato, soddisfacendo le esigenze degli utenti che preferiscono un uso prolungato senza dover sostituire frequentemente il dispositivo. L'elevato ciclo di puff garantisce prestazioni costanti e durature, rendendola una scelta conveniente per i vapers.<\/p><h2>Dosaggi multipli di nicotina e tecnologia di resistenza Mesh<\/h2><p>La Bang King 35000 Strawberry Kiwi offre una variet\u00e0 di intensit\u00e0 di nicotina per soddisfare ogni esigenza: 0 %, 2 %, 3 % e 5 %. Sia che si cerchi un'esperienza senza nicotina o una svapata pi\u00f9 intensa, queste opzioni offrono una grande flessibilit\u00e0, sia per i principianti che abbandonano le sigarette tradizionali, sia per i vapers esperti che cercano un'esperienza personalizzata. Questa gamma soddisfa una variet\u00e0 di esigenze e si rivolge a un vasto pubblico.<\/p><p>Il cuore dell'Bang King 35000 \u00e8 costituito da una resistenza Mesh da 0,6 \u03a9 progettata per ottimizzare l'aroma e la produzione di vapore. La superficie pi\u00f9 ampia del resistore Mesh assicura un riscaldamento uniforme, per un sapore ricco e costante e un'esperienza di svapo fluida e confortevole. Questa tecnologia avanzata migliora l'esperienza complessiva di svapo, offrendo un gusto e prestazioni superiori rispetto alle resistenze tradizionali.<\/p><h2>Batteria ricaricabile<\/h2><p>La Bang King 35000 Strawberry Kiwi \u00e8 dotata di una batteria ricaricabile da 1000 mAh, che unisce la comodit\u00e0 di una sigaretta elettronica usa e getta alla durata di una batteria ricaricabile. La batteria ad alta capacit\u00e0 consente un uso prolungato e la porta di ricarica Type-C assicura una ricarica rapida ed efficiente. Questa caratteristica riduce al minimo i tempi di inattivit\u00e0, consentendo agli utenti di svapare senza interruzioni.<\/p>\t\t\t\t\t\t\t\t<\/div>\n\t\t\t\t<\/div>\n\t\t\t\t\t<\/div>\n\t\t\t\t<\/div>\n\t\t\t\t<\/div>","protected":false},"excerpt":{"rendered":"<p>La Bang King 35000 Fraise Kiwi pr\u00e9sente un profil aromatique distinct et complexe, avec la fraise et le kiwi comme principaux ar\u00f4mes. Le go\u00fbt g\u00e9n\u00e9ral est \u00e0 la fois sucr\u00e9 et acidul\u00e9, avec une pointe rafra\u00eechissante. Fraise\u00a0: La douceur de la fraise est riche et ample, avec un ar\u00f4me fruit\u00e9 naturel. D\u00e8s l&rsquo;inhalation, vous d\u00e9couvrirez [&hellip;]<\/p>\n","protected":false},"featured_media":6667,"comment_status":"open","ping_status":"closed","template":"","meta":{"site-sidebar-layout":"no-sidebar","site-content-layout":"page-builder","ast-site-content-layout":"normal-width-container","site-content-style":"default","site-sidebar-style":"default","ast-global-header-display":"","ast-banner-title-visibility":"","ast-main-header-display":"","ast-hfb-above-header-display":"","ast-hfb-below-header-display":"","ast-hfb-mobile-header-display":"","site-post-title":"disabled","ast-breadcrumbs-content":"","ast-featured-img":"disabled","footer-sml-layout":"","theme-transparent-header-meta":"default","adv-header-id-meta":"","stick-header-meta":"default","header-above-stick-meta":"","header-main-stick-meta":"","header-below-stick-meta":"","astra-migrate-meta-layouts":"set","ast-page-background-enabled":"default","ast-page-background-meta":{"desktop":{"background-color":"","background-image":"","background-repeat":"repeat","background-position":"center center","background-size":"auto","background-attachment":"scroll","background-type":"","background-media":"","overlay-type":"","overlay-color":"","overlay-opacity":"","overlay-gradient":""},"tablet":{"background-color":"","background-image":"","background-repeat":"repeat","background-position":"center center","background-size":"auto","background-attachment":"scroll","background-type":"","background-media":"","overlay-type":"","overlay-color":"","overlay-opacity":"","overlay-gradient":""},"mobile":{"background-color":"","background-image":"","background-repeat":"repeat","background-position":"center center","background-size":"auto","background-attachment":"scroll","background-type":"","background-media":"","overlay-type":"","overlay-color":"","overlay-opacity":"","overlay-gradient":""}},"ast-content-background-meta":{"desktop":{"background-color":"var(--ast-global-color-5)","background-image":"","background-repeat":"repeat","background-position":"center center","background-size":"auto","background-attachment":"scroll","background-type":"","background-media":"","overlay-type":"","overlay-color":"","overlay-opacity":"","overlay-gradient":""},"tablet":{"background-color":"var(--ast-global-color-5)","background-image":"","background-repeat":"repeat","background-position":"center center","background-size":"auto","background-attachment":"scroll","background-type":"","background-media":"","overlay-type":"","overlay-color":"","overlay-opacity":"","overlay-gradient":""},"mobile":{"background-color":"var(--ast-global-color-5)","background-image":"","background-repeat":"repeat","background-position":"center center","background-size":"auto","background-attachment":"scroll","background-type":"","background-media":"","overlay-type":"","overlay-color":"","overlay-opacity":"","overlay-gradient":""}}},"product_brand":[52],"product_cat":[57,105,15],"product_tag":[],"class_list":{"0":"post-6846","1":"product","2":"type-product","3":"status-publish","4":"has-post-thumbnail","6":"product_brand-bang-king","7":"product_cat-bang-king-35k-resistance-mesh","8":"product_cat-puff-35k","9":"product_cat-magasin-cigarette-electronique","10":"desktop-align-center","11":"tablet-align-center","12":"mobile-align-center","13":"ast-product-gallery-layout-horizontal","14":"ast-product-gallery-with-no-image","15":"ast-product-single-variable","16":"ast-product-tabs-layout-horizontal","17":"ast-qv-on-image","19":"first","20":"instock","21":"sale","22":"shipping-taxable","23":"purchasable","24":"product-type-variable","25":"has-default-attributes"},"tiered_pricing_type":"fixed","tiered_pricing_fixed_rules":{"50":6.83,"100":6.22},"tiered_pricing_product_settings":{"layout":"default","base_unit_name":{"singular":null,"plural":null},"default_variation":null},"tiered_pricing_minimum_quantity":null,"tiered_pricing_roles_data":[],"tiered_pricing_percentage_rules":[],"_links":{"self":[{"href":"https:\/\/puffvapestore.com\/it\/wp-json\/wp\/v2\/product\/6846","targetHints":{"allow":["GET"]}}],"collection":[{"href":"https:\/\/puffvapestore.com\/it\/wp-json\/wp\/v2\/product"}],"about":[{"href":"https:\/\/puffvapestore.com\/it\/wp-json\/wp\/v2\/types\/product"}],"replies":[{"embeddable":true,"href":"https:\/\/puffvapestore.com\/it\/wp-json\/wp\/v2\/comments?post=6846"}],"version-history":[{"count":7,"href":"https:\/\/puffvapestore.com\/it\/wp-json\/wp\/v2\/product\/6846\/revisions"}],"predecessor-version":[{"id":7226,"href":"https:\/\/puffvapestore.com\/it\/wp-json\/wp\/v2\/product\/6846\/revisions\/7226"}],"wp:featuredmedia":[{"embeddable":true,"href":"https:\/\/puffvapestore.com\/it\/wp-json\/wp\/v2\/media\/6667"}],"wp:attachment":[{"href":"https:\/\/puffvapestore.com\/it\/wp-json\/wp\/v2\/media?parent=6846"}],"wp:term":[{"taxonomy":"product_brand","embeddable":true,"href":"https:\/\/puffvapestore.com\/it\/wp-json\/wp\/v2\/product_brand?post=6846"},{"taxonomy":"product_cat","embeddable":true,"href":"https:\/\/puffvapestore.com\/it\/wp-json\/wp\/v2\/product_cat?post=6846"},{"taxonomy":"product_tag","embeddable":true,"href":"https:\/\/puffvapestore.com\/it\/wp-json\/wp\/v2\/product_tag?post=6846"}],"curies":[{"name":"wp","href":"https:\/\/api.w.org\/{rel}","templated":true}]}}