{"id":6835,"date":"2025-08-17T04:01:37","date_gmt":"2025-08-17T04:01:37","guid":{"rendered":"https:\/\/puffvapestore.com\/?post_type=product&#038;p=6835"},"modified":"2026-01-19T10:31:54","modified_gmt":"2026-01-19T10:31:54","slug":"love-66-bang-king-35k-offre-un-arome-sucre-et-fruite","status":"publish","type":"product","link":"https:\/\/puffvapestore.com\/it\/product\/love-66-bang-king-35k-offre-un-aroma-dolce-e-fruttato\/","title":{"rendered":"Amore 66 - Bang King 35000"},"content":{"rendered":"<div data-elementor-type=\"wp-post\" data-elementor-id=\"6835\" class=\"elementor elementor-6835\">\n\t\t\t\t<div class=\"elementor-element elementor-element-08c26f9 e-flex e-con-boxed e-con e-parent\" data-id=\"08c26f9\" data-element_type=\"container\" data-e-type=\"container\">\n\t\t\t\t\t<div class=\"e-con-inner\">\n\t\t\t\t<div class=\"elementor-element elementor-element-a005a97 elementor-widget elementor-widget-text-editor\" data-id=\"a005a97\" data-element_type=\"widget\" data-e-type=\"widget\" data-widget_type=\"text-editor.default\">\n\t\t\t\t<div class=\"elementor-widget-container\">\n\t\t\t\t\t\t\t\t\t<p>Bang King 35000 Love 66 \u00e8 rinomato per il suo sapore ricco e complesso. Il suo equilibrio complessivo offre un aroma dolce e fruttato con una sensazione rinfrescante e lievemente fresca, ideale per gli amanti dei sapori complessi.<\/p><h2>Dettagli del sapore dell'amore 66<\/h2><p><strong>Note fruttate<\/strong><br \/>La sigaretta elettronica Love 66 offre un pronunciato sapore fruttato, basato principalmente su bacche mature come mirtilli e more, con un gusto naturalmente agrodolce. Non appena si svapa, si avverte inizialmente una dolcezza fruttata e una leggera acidit\u00e0, creando un'esperienza ricca e complessa senza essere monotona.<\/p><p><strong>Morbidezza e freschezza<\/strong><br \/>Love 66 ha una dolcezza moderata, rotonda ma non eccessiva, che completa perfettamente il suo aroma fruttato. Una nota di menta o di leggera freschezza permea la dolcezza, creando un sapore complessivo rinfrescante e piacevole. La freschezza dell'inalazione non irrita la gola, accentuando la freschezza del palato.<\/p><p><strong>Aromi sottili di tabacco e noci<\/strong><br \/>Oltre alle sue note fruttate e dolci, Love 66 offre anche un sottile corpo di tabacco, simile a un aroma di nocciola leggermente tostato, che aggiunge profondit\u00e0 e complessit\u00e0. Questo sottile aroma di nocciola conferisce dimensione e calore al palato.<\/p><p><strong>Finale<\/strong><br \/>Il finale \u00e8 pulito, con una sottile freschezza fruttata e di menta. L'aroma persiste moderatamente, senza intralciare il tiro successivo e senza essere troppo leggero.<\/p><h2>Schermo LED ad alta definizione<\/h2><p>Il modello Bang King 35000 Love 66 \u00e8 dotato di un innovativo display LED intelligente che mostra lo stato del dispositivo in tempo reale. Questo display di facile utilizzo mostra informazioni chiave come la durata residua della batteria e il livello di e-liquid, consentendo agli utenti di monitorare facilmente il proprio consumo. Il display \u00e8 pratico e garantisce un utilizzo ottimale in caso di batteria scarica o di basso livello di e-liquid.<\/p><h2>Grande capacit\u00e0 di e-liquid<\/h2><p>La Bang King 35000 Love 66 \u00e8 pre-riempita con 23 ml di e-liquid premium, garantendo un uso prolungato senza bisogno di ricaricare. Questa grande capacit\u00e0 \u00e8 ideale per chi cerca un'esperienza duratura e senza problemi, sia che si tratti di utenti occasionali che di utenti intensivi. Il suo design pre-riempito elimina la seccatura delle ricariche manuali di e-liquid, offrendo una soluzione semplice e pronta all'uso.<\/p><p>Progettata per durare a lungo, la Bang King 35000 offre ben 35.000 soffi per unit\u00e0. Questo elevato numero di tiri la rende una delle sigarette elettroniche usa e getta pi\u00f9 longeve sul mercato, soddisfacendo le esigenze degli utenti che preferiscono un uso prolungato senza dover sostituire frequentemente il dispositivo. L'elevato ciclo di puff garantisce prestazioni costanti e durature, rendendola una scelta conveniente per i vapers.<\/p><h2>Dosaggi multipli di nicotina e tecnologia di resistenza Mesh<\/h2><p>La Bang King 35000 Love 66 offre una variet\u00e0 di dosaggi di nicotina per soddisfare ogni esigenza: 0 %, 2 %, 3 % e 5 %. Sia che si cerchi un'esperienza senza nicotina o una svapata pi\u00f9 intensa, queste opzioni offrono una grande flessibilit\u00e0, sia per i principianti che abbandonano le sigarette tradizionali, sia per i vapers esperti che cercano un'esperienza personalizzata. Questa gamma soddisfa una variet\u00e0 di esigenze e si rivolge a un vasto pubblico.<\/p><p>Il cuore dell'Bang King 35000 \u00e8 costituito da una resistenza Mesh da 0,6 \u03a9 progettata per ottimizzare l'aroma e la produzione di vapore. La superficie pi\u00f9 ampia del resistore Mesh assicura un riscaldamento uniforme, per un sapore ricco e costante e un'esperienza di svapo fluida e confortevole. Questa tecnologia avanzata migliora l'esperienza complessiva di svapo, offrendo un gusto e prestazioni superiori rispetto alle resistenze tradizionali.<\/p><h2>Batteria ricaricabile<\/h2><p>La Bang King 35000 Love 66 \u00e8 dotata di una batteria ricaricabile da 1000 mAh, che unisce la comodit\u00e0 di una sigaretta elettronica monouso alla durata di una batteria ricaricabile. La batteria ad alta capacit\u00e0 consente un uso prolungato e la porta di ricarica Type-C assicura una ricarica rapida ed efficiente. Questa caratteristica riduce al minimo i tempi di inattivit\u00e0, consentendo agli utenti di svapare senza interruzioni.<\/p>\t\t\t\t\t\t\t\t<\/div>\n\t\t\t\t<\/div>\n\t\t\t\t\t<\/div>\n\t\t\t\t<\/div>\n\t\t\t\t<\/div>","protected":false},"excerpt":{"rendered":"<p>La Bang King 35000 Love 66 est r\u00e9put\u00e9e pour sa saveur riche et complexe. Son \u00e9quilibre global offre un ar\u00f4me sucr\u00e9 et fruit\u00e9 avec une sensation rafra\u00eechissante et l\u00e9g\u00e8rement rafra\u00eechissante, id\u00e9ale pour les amateurs de saveurs complexes. D\u00e9tails de la saveur Love 66 Notes fruit\u00e9es La cigarette \u00e9lectronique Love 66 offre une saveur fruit\u00e9e prononc\u00e9e, [&hellip;]<\/p>","protected":false},"featured_media":6665,"comment_status":"open","ping_status":"closed","template":"","meta":{"site-sidebar-layout":"no-sidebar","site-content-layout":"page-builder","ast-site-content-layout":"normal-width-container","site-content-style":"default","site-sidebar-style":"default","ast-global-header-display":"","ast-banner-title-visibility":"","ast-main-header-display":"","ast-hfb-above-header-display":"","ast-hfb-below-header-display":"","ast-hfb-mobile-header-display":"","site-post-title":"disabled","ast-breadcrumbs-content":"","ast-featured-img":"disabled","footer-sml-layout":"","theme-transparent-header-meta":"default","adv-header-id-meta":"","stick-header-meta":"default","header-above-stick-meta":"","header-main-stick-meta":"","header-below-stick-meta":"","astra-migrate-meta-layouts":"set","ast-page-background-enabled":"default","ast-page-background-meta":{"desktop":{"background-color":"","background-image":"","background-repeat":"repeat","background-position":"center center","background-size":"auto","background-attachment":"scroll","background-type":"","background-media":"","overlay-type":"","overlay-color":"","overlay-opacity":"","overlay-gradient":""},"tablet":{"background-color":"","background-image":"","background-repeat":"repeat","background-position":"center center","background-size":"auto","background-attachment":"scroll","background-type":"","background-media":"","overlay-type":"","overlay-color":"","overlay-opacity":"","overlay-gradient":""},"mobile":{"background-color":"","background-image":"","background-repeat":"repeat","background-position":"center center","background-size":"auto","background-attachment":"scroll","background-type":"","background-media":"","overlay-type":"","overlay-color":"","overlay-opacity":"","overlay-gradient":""}},"ast-content-background-meta":{"desktop":{"background-color":"var(--ast-global-color-5)","background-image":"","background-repeat":"repeat","background-position":"center center","background-size":"auto","background-attachment":"scroll","background-type":"","background-media":"","overlay-type":"","overlay-color":"","overlay-opacity":"","overlay-gradient":""},"tablet":{"background-color":"var(--ast-global-color-5)","background-image":"","background-repeat":"repeat","background-position":"center center","background-size":"auto","background-attachment":"scroll","background-type":"","background-media":"","overlay-type":"","overlay-color":"","overlay-opacity":"","overlay-gradient":""},"mobile":{"background-color":"var(--ast-global-color-5)","background-image":"","background-repeat":"repeat","background-position":"center center","background-size":"auto","background-attachment":"scroll","background-type":"","background-media":"","overlay-type":"","overlay-color":"","overlay-opacity":"","overlay-gradient":""}}},"product_brand":[52],"product_cat":[57,105,15],"product_tag":[],"class_list":{"0":"post-6835","1":"product","2":"type-product","3":"status-publish","4":"has-post-thumbnail","6":"product_brand-bang-king","7":"product_cat-bang-king-35k-resistance-mesh","8":"product_cat-puff-35k","9":"product_cat-magasin-cigarette-electronique","10":"desktop-align-center","11":"tablet-align-center","12":"mobile-align-center","13":"ast-product-gallery-layout-horizontal","14":"ast-product-gallery-with-no-image","15":"ast-product-single-variable","16":"ast-product-tabs-layout-horizontal","17":"ast-qv-on-image","19":"first","20":"instock","21":"sale","22":"shipping-taxable","23":"purchasable","24":"product-type-variable","25":"has-default-attributes"},"tiered_pricing_type":"fixed","tiered_pricing_fixed_rules":{"50":6.83,"100":6.22},"tiered_pricing_product_settings":{"layout":"default","base_unit_name":{"singular":null,"plural":null},"default_variation":null},"tiered_pricing_minimum_quantity":null,"tiered_pricing_roles_data":[],"tiered_pricing_percentage_rules":[],"_links":{"self":[{"href":"https:\/\/puffvapestore.com\/it\/wp-json\/wp\/v2\/product\/6835","targetHints":{"allow":["GET"]}}],"collection":[{"href":"https:\/\/puffvapestore.com\/it\/wp-json\/wp\/v2\/product"}],"about":[{"href":"https:\/\/puffvapestore.com\/it\/wp-json\/wp\/v2\/types\/product"}],"replies":[{"embeddable":true,"href":"https:\/\/puffvapestore.com\/it\/wp-json\/wp\/v2\/comments?post=6835"}],"version-history":[{"count":7,"href":"https:\/\/puffvapestore.com\/it\/wp-json\/wp\/v2\/product\/6835\/revisions"}],"predecessor-version":[{"id":7225,"href":"https:\/\/puffvapestore.com\/it\/wp-json\/wp\/v2\/product\/6835\/revisions\/7225"}],"wp:featuredmedia":[{"embeddable":true,"href":"https:\/\/puffvapestore.com\/it\/wp-json\/wp\/v2\/media\/6665"}],"wp:attachment":[{"href":"https:\/\/puffvapestore.com\/it\/wp-json\/wp\/v2\/media?parent=6835"}],"wp:term":[{"taxonomy":"product_brand","embeddable":true,"href":"https:\/\/puffvapestore.com\/it\/wp-json\/wp\/v2\/product_brand?post=6835"},{"taxonomy":"product_cat","embeddable":true,"href":"https:\/\/puffvapestore.com\/it\/wp-json\/wp\/v2\/product_cat?post=6835"},{"taxonomy":"product_tag","embeddable":true,"href":"https:\/\/puffvapestore.com\/it\/wp-json\/wp\/v2\/product_tag?post=6835"}],"curies":[{"name":"wp","href":"https:\/\/api.w.org\/{rel}","templated":true}]}}