{"id":6820,"date":"2025-08-23T11:50:03","date_gmt":"2025-08-23T11:50:03","guid":{"rendered":"https:\/\/puffvapestore.com\/?post_type=product&#038;p=6820"},"modified":"2026-01-19T10:31:54","modified_gmt":"2026-01-19T10:31:54","slug":"lemon-mint-bang-king-35k-avec-sa-fraicheur-mentholee-qui-se-diffuse-progressivement","status":"publish","type":"product","link":"https:\/\/puffvapestore.com\/it\/product\/menta-limone-bang-king-35k-con-la-sua-freschezza-alla-menta-che-si-diffonde-gradualmente\/","title":{"rendered":"Menta limone - Bang King 35000"},"content":{"rendered":"<div data-elementor-type=\"wp-post\" data-elementor-id=\"6820\" class=\"elementor elementor-6820\">\n\t\t\t\t<div class=\"elementor-element elementor-element-08c26f9 e-flex e-con-boxed e-con e-parent\" data-id=\"08c26f9\" data-element_type=\"container\" data-e-type=\"container\">\n\t\t\t\t\t<div class=\"e-con-inner\">\n\t\t\t\t<div class=\"elementor-element elementor-element-a005a97 elementor-widget elementor-widget-text-editor\" data-id=\"a005a97\" data-element_type=\"widget\" data-e-type=\"widget\" data-widget_type=\"text-editor.default\">\n\t\t\t\t<div class=\"elementor-widget-container\">\n\t\t\t\t\t\t\t\t\t<p>Bang King 35000 Lemon Mint, con la sua base di limone vivace e piccante, la freschezza della menta che si diffonde gradualmente e un moderato tocco di dolcezza, offre un retrogusto distinto e complesso con un retrogusto persistente.<\/p><h2>L'acidit\u00e0 del limone<\/h2><p>L'attrazione principale della sigaretta elettronica Bang King 35000 Lemon Mint \u00e8 il suo sapore vivace e acidulo di limone. A differenza della monotona acidit\u00e0 delle tradizionali caramelle al limone, questa caramella offre un sapore naturale e rinfrescante di buccia di limone, con un sottile tocco di scorza e un equilibrio di dolcezza e acidit\u00e0 dalla polpa del frutto. L'acidit\u00e0 \u00e8 frizzante ma non amara, come se si mordesse una fetta di limone appena colta, con la bocca immediatamente illuminata dal suo luminoso sapore di limone.<\/p><h2>Freschezza alla menta<\/h2><p>L'acidit\u00e0 del limone si unisce alla freschezza gelida della menta. Il suo aroma puro lascia una freschezza penetrante che dissipa rapidamente il calore e l'astringenza del palato. La freschezza della menta \u00e8 progressiva, non prevale all'inizio, ma si diffonde gradualmente dietro l'acidit\u00e0 del limone, creando un'esperienza gustativa complessa.<\/p><h2>Zucchero ed equilibrio<\/h2><p>La dolcezza conferisce un effetto equilibrante a Bang King 35000 Lemon Mint. Senza essere troppo forte, attenua l'acidit\u00e0 del limone e della menta, evitando che diventi troppo monotona. La dolcezza arrotonda i sapori di limone e menta, creando una sensazione di morbidezza in bocca.<\/p><p>Dopo la fumata, una leggera fragranza di limone e un tocco di mentolo fresco persistono sul palato, lasciando un finale lungo, ricco e complesso. Il retrogusto rinfrescante di menta si attenua gradualmente, mentre l'aroma fruttato di limone persiste sul palato, lasciando un retrogusto infinito.<\/p><h2>Grande capacit\u00e0 di liquidi e batteria ad alta capacit\u00e0<\/h2><p>La Bang King 35000 Lemon Mint viene fornita con 23 ml di e-liquid pre-riempito, eliminando la necessit\u00e0 di frequenti ricariche e garantendo un uso prolungato e senza preoccupazioni. La sua grande capacit\u00e0 garantisce un sapore costante e una nebulizzazione di lunga durata.<\/p><p>Dotata di una batteria al litio ad alta capacit\u00e0 da 1000 mAh e della compatibilit\u00e0 con la ricarica rapida Type-C, offre un'autonomia estesa e una ricarica rapida per le vostre esigenze quotidiane di vaping.<\/p><p>Ogni sigaretta elettronica Bang King 35000 Lemon Mint offre fino a 35.000 boccate, una durata maggiore rispetto ai prodotti convenzionali presenti sul mercato, ideale per i consumatori intensivi o per chi viaggia a lungo.<\/p><h2>Resistenza atomizzatore ad alte prestazioni<\/h2><p>La Bang King 35000 Lemon Mint \u00e8 dotata di una resistenza a maglia da 0,6 \u03a9 per un riscaldamento uniforme e un elevato volume di vapore, che offre un sapore pi\u00f9 intenso e un'inalazione pi\u00f9 fluida.<\/p><h2>Display LED intelligente<\/h2><p>Il display LED intelligente e indipendente mostra in tempo reale il livello della batteria e l'e-liquid rimanente, consentendo agli utenti di monitorare chiaramente lo stato del dispositivo e di evitare interruzioni di corrente impreviste o bassi livelli di e-liquid.<\/p><h2>Una scelta di concentrazioni di nicotina<\/h2><p>La Bang King 35000 Lemon Mint offre diversi dosaggi di nicotina: 0 %, 2 %, 3 % e 5 %, per soddisfare le esigenze di tutti gli utenti, dall'esperienza a zero nicotina al colpo in gola ricco di nicotina.<\/p><h2>Sistema di protezione<\/h2><p>Il modello Bang King 35000 Lemon Mint \u00e8 dotato di un sistema integrato di protezione contro le bruciature a secco che interrompe automaticamente il riscaldamento quando l'e-liquid si esaurisce, evitando di danneggiare la resistenza dell'atomizzatore e garantendo la sicurezza dell'utente.<\/p><p>Il modello Bang King 35000 Lemon Mint ha un corpo ergonomico e arrotondato, comodo da tenere in mano, e una delicata finitura antigraffio e antiscivolo che ne facilita il trasporto e l'utilizzo.<\/p>\t\t\t\t\t\t\t\t<\/div>\n\t\t\t\t<\/div>\n\t\t\t\t\t<\/div>\n\t\t\t\t<\/div>\n\t\t\t\t<\/div>","protected":false},"excerpt":{"rendered":"<p>La Bang King 35000 Citron Menthe, avec sa base citronn\u00e9e vive et acidul\u00e9e, sa fra\u00eecheur menthol\u00e9e qui se diffuse progressivement et sa touche de douceur mod\u00e9r\u00e9e, offre un arri\u00e8re-go\u00fbt distinct et complexe, avec un arri\u00e8re-go\u00fbt persistant. L&rsquo;acidit\u00e9 du citron Le principal atout de la e-cigarette Bang King 35000 Citron Menthe est son ar\u00f4me citronn\u00e9 vif [&hellip;]<\/p>","protected":false},"featured_media":6664,"comment_status":"open","ping_status":"closed","template":"","meta":{"site-sidebar-layout":"no-sidebar","site-content-layout":"page-builder","ast-site-content-layout":"normal-width-container","site-content-style":"default","site-sidebar-style":"default","ast-global-header-display":"","ast-banner-title-visibility":"","ast-main-header-display":"","ast-hfb-above-header-display":"","ast-hfb-below-header-display":"","ast-hfb-mobile-header-display":"","site-post-title":"disabled","ast-breadcrumbs-content":"","ast-featured-img":"disabled","footer-sml-layout":"","theme-transparent-header-meta":"default","adv-header-id-meta":"","stick-header-meta":"default","header-above-stick-meta":"","header-main-stick-meta":"","header-below-stick-meta":"","astra-migrate-meta-layouts":"set","ast-page-background-enabled":"default","ast-page-background-meta":{"desktop":{"background-color":"","background-image":"","background-repeat":"repeat","background-position":"center center","background-size":"auto","background-attachment":"scroll","background-type":"","background-media":"","overlay-type":"","overlay-color":"","overlay-opacity":"","overlay-gradient":""},"tablet":{"background-color":"","background-image":"","background-repeat":"repeat","background-position":"center center","background-size":"auto","background-attachment":"scroll","background-type":"","background-media":"","overlay-type":"","overlay-color":"","overlay-opacity":"","overlay-gradient":""},"mobile":{"background-color":"","background-image":"","background-repeat":"repeat","background-position":"center center","background-size":"auto","background-attachment":"scroll","background-type":"","background-media":"","overlay-type":"","overlay-color":"","overlay-opacity":"","overlay-gradient":""}},"ast-content-background-meta":{"desktop":{"background-color":"var(--ast-global-color-5)","background-image":"","background-repeat":"repeat","background-position":"center center","background-size":"auto","background-attachment":"scroll","background-type":"","background-media":"","overlay-type":"","overlay-color":"","overlay-opacity":"","overlay-gradient":""},"tablet":{"background-color":"var(--ast-global-color-5)","background-image":"","background-repeat":"repeat","background-position":"center center","background-size":"auto","background-attachment":"scroll","background-type":"","background-media":"","overlay-type":"","overlay-color":"","overlay-opacity":"","overlay-gradient":""},"mobile":{"background-color":"var(--ast-global-color-5)","background-image":"","background-repeat":"repeat","background-position":"center center","background-size":"auto","background-attachment":"scroll","background-type":"","background-media":"","overlay-type":"","overlay-color":"","overlay-opacity":"","overlay-gradient":""}}},"product_brand":[52],"product_cat":[57,105,15],"product_tag":[],"class_list":{"0":"post-6820","1":"product","2":"type-product","3":"status-publish","4":"has-post-thumbnail","6":"product_brand-bang-king","7":"product_cat-bang-king-35k-resistance-mesh","8":"product_cat-puff-35k","9":"product_cat-magasin-cigarette-electronique","10":"desktop-align-center","11":"tablet-align-center","12":"mobile-align-center","13":"ast-product-gallery-layout-horizontal","14":"ast-product-gallery-with-no-image","15":"ast-product-single-variable","16":"ast-product-tabs-layout-horizontal","17":"ast-qv-on-image","19":"first","20":"instock","21":"sale","22":"shipping-taxable","23":"purchasable","24":"product-type-variable","25":"has-default-attributes"},"tiered_pricing_type":"fixed","tiered_pricing_fixed_rules":{"50":6.83,"100":6.22},"tiered_pricing_product_settings":{"layout":"default","base_unit_name":{"singular":null,"plural":null},"default_variation":null},"tiered_pricing_minimum_quantity":null,"tiered_pricing_roles_data":[],"tiered_pricing_percentage_rules":[],"_links":{"self":[{"href":"https:\/\/puffvapestore.com\/it\/wp-json\/wp\/v2\/product\/6820","targetHints":{"allow":["GET"]}}],"collection":[{"href":"https:\/\/puffvapestore.com\/it\/wp-json\/wp\/v2\/product"}],"about":[{"href":"https:\/\/puffvapestore.com\/it\/wp-json\/wp\/v2\/types\/product"}],"replies":[{"embeddable":true,"href":"https:\/\/puffvapestore.com\/it\/wp-json\/wp\/v2\/comments?post=6820"}],"version-history":[{"count":7,"href":"https:\/\/puffvapestore.com\/it\/wp-json\/wp\/v2\/product\/6820\/revisions"}],"predecessor-version":[{"id":7224,"href":"https:\/\/puffvapestore.com\/it\/wp-json\/wp\/v2\/product\/6820\/revisions\/7224"}],"wp:featuredmedia":[{"embeddable":true,"href":"https:\/\/puffvapestore.com\/it\/wp-json\/wp\/v2\/media\/6664"}],"wp:attachment":[{"href":"https:\/\/puffvapestore.com\/it\/wp-json\/wp\/v2\/media?parent=6820"}],"wp:term":[{"taxonomy":"product_brand","embeddable":true,"href":"https:\/\/puffvapestore.com\/it\/wp-json\/wp\/v2\/product_brand?post=6820"},{"taxonomy":"product_cat","embeddable":true,"href":"https:\/\/puffvapestore.com\/it\/wp-json\/wp\/v2\/product_cat?post=6820"},{"taxonomy":"product_tag","embeddable":true,"href":"https:\/\/puffvapestore.com\/it\/wp-json\/wp\/v2\/product_tag?post=6820"}],"curies":[{"name":"wp","href":"https:\/\/api.w.org\/{rel}","templated":true}]}}