{"id":6798,"date":"2025-08-23T02:32:08","date_gmt":"2025-08-23T02:32:08","guid":{"rendered":"https:\/\/puffvapestore.com\/?post_type=product&#038;p=6798"},"modified":"2026-01-19T10:31:54","modified_gmt":"2026-01-19T10:31:54","slug":"strawberry-watermelon-bang-king-35000-allie-la-douceur-intense-de-la-fraise","status":"publish","type":"product","link":"https:\/\/puffvapestore.com\/it\/product\/anguria-alla-fragola-bang-king-35000-combina-lintensa-dolcezza-della-fragola-con-quella-dellanguria\/","title":{"rendered":"Anguria fragola - Bang King 35000"},"content":{"rendered":"<div data-elementor-type=\"wp-post\" data-elementor-id=\"6798\" class=\"elementor elementor-6798\">\n\t\t\t\t<div class=\"elementor-element elementor-element-08c26f9 e-flex e-con-boxed e-con e-parent\" data-id=\"08c26f9\" data-element_type=\"container\" data-e-type=\"container\">\n\t\t\t\t\t<div class=\"e-con-inner\">\n\t\t\t\t<div class=\"elementor-element elementor-element-a005a97 elementor-widget elementor-widget-text-editor\" data-id=\"a005a97\" data-element_type=\"widget\" data-e-type=\"widget\" data-widget_type=\"text-editor.default\">\n\t\t\t\t<div class=\"elementor-widget-container\">\n\t\t\t\t\t\t\t\t\t<p>La sigaretta elettronica Bang King 35000 Strawberry Watermelon combina l'intensa dolcezza delle fragole con la succosa freschezza dell'anguria. L'aroma \u00e8 dolce e rinfrescante, con un leggero sapore di anguria.<\/p><p>Fragola: offre un sapore vivace e dolce, tipico della naturale dolcezza delle fragole mature. Immaginate le fragole fresche raccolte all'inizio dell'estate, con un sapore ricco ma non eccessivo.<\/p><p>Anguria: rinfrescante e succosa, con una sottile sensazione di freschezza, come un rinfrescante frutto estivo. Il palato \u00e8 leggero, leggermente acquoso, e la dolcezza \u00e8 morbida.<\/p><p>Esperienza di sigaretta elettronica: Dolce e rinfrescante, l'aroma fruttato delle fragole si fonde armoniosamente con la freschezza succosa dell'anguria.<\/p><p>Gusto: la dolcezza della fragola si fa sentire per prima, seguita da un retrogusto fresco e succoso.<\/p><p>Impressione complessiva : Dolce, rinfrescante e discreto, ideale per chi ama i sapori fruttati ma preferisce una sensazione pi\u00f9 leggera e rinfrescante.<\/p><h2>Grande capacit\u00e0 di liquidi e batteria ad alta capacit\u00e0<\/h2><p>La Bang King 35000 Strawberry Watermelon viene fornita con 23 ml di e-liquid pre-riempito, eliminando la necessit\u00e0 di frequenti ricariche e garantendo un uso prolungato e senza preoccupazioni. La sua grande capacit\u00e0 garantisce un sapore costante e una nebulizzazione di lunga durata.<\/p><p>Dotata di una batteria al litio ad alta capacit\u00e0 da 1000 mAh e della compatibilit\u00e0 con la ricarica rapida Type-C, offre un'autonomia estesa e una ricarica rapida per le vostre esigenze quotidiane di vaping.<\/p><p>Ogni sigaretta elettronica Bang King 35000 Strawberry Watermelon offre fino a 35.000 boccate, una durata maggiore rispetto ai prodotti convenzionali presenti sul mercato, ideale per chi fa un uso intensivo o per chi viaggia a lungo.<\/p><h2>Resistenza atomizzatore ad alte prestazioni<\/h2><p>La Bang King 35000 Strawberry Watermelon \u00e8 dotata di una resistenza a maglia da 0,6 \u03a9 per un riscaldamento uniforme e un elevato volume di vapore, che offre un sapore pi\u00f9 intenso e un'inalazione pi\u00f9 fluida.<\/p><h2>Display LED intelligente<\/h2><p>Il display LED intelligente e indipendente mostra in tempo reale il livello della batteria e l'e-liquid rimanente, consentendo agli utenti di monitorare chiaramente lo stato del dispositivo e di evitare interruzioni di corrente impreviste o bassi livelli di e-liquid.<\/p><h2>Una scelta di concentrazioni di nicotina<\/h2><p>La Bang King 35000 offre diversi dosaggi di nicotina: 0 %, 2 %, 3 % e 5 %, per soddisfare le esigenze di tutti gli utenti, dall'esperienza a zero nicotina al colpo in gola ricco di nicotina.<\/p><h2>Sistema di protezione<\/h2><p>Il modello Bang King 35000 Strawberry Watermelon \u00e8 dotato di un sistema di protezione contro le bruciature a secco che interrompe automaticamente il riscaldamento quando l'e-liquid si esaurisce, evitando di danneggiare la resistenza dell'atomizzatore e garantendo la sicurezza dell'utente.<\/p><p>Il modello Bang King 35000 Strawberry Watermelon ha un corpo ergonomico e arrotondato, comodo da tenere in mano, e una delicata finitura antigraffio e antiscivolo che ne facilita il trasporto e l'uso.<\/p>\t\t\t\t\t\t\t\t<\/div>\n\t\t\t\t<\/div>\n\t\t\t\t\t<\/div>\n\t\t\t\t<\/div>\n\t\t\t\t<\/div>","protected":false},"excerpt":{"rendered":"<p>La cigarette \u00e9lectronique Bang King 35000 Fraise Past\u00e8que allie la douceur intense de la fraise \u00e0 la fra\u00eecheur juteuse de la past\u00e8que. L&rsquo;ar\u00f4me est doux et rafra\u00eechissant, avec une l\u00e9g\u00e8re saveur de past\u00e8que aqueuse. Fraise\u00a0: Offre un ar\u00f4me vif et sucr\u00e9, typique de la douceur naturelle et moelleuse des fraises m\u00fbres. Imaginez des fraises fra\u00eeches [&hellip;]<\/p>","protected":false},"featured_media":6669,"comment_status":"open","ping_status":"closed","template":"","meta":{"site-sidebar-layout":"no-sidebar","site-content-layout":"page-builder","ast-site-content-layout":"normal-width-container","site-content-style":"default","site-sidebar-style":"default","ast-global-header-display":"","ast-banner-title-visibility":"","ast-main-header-display":"","ast-hfb-above-header-display":"","ast-hfb-below-header-display":"","ast-hfb-mobile-header-display":"","site-post-title":"disabled","ast-breadcrumbs-content":"","ast-featured-img":"disabled","footer-sml-layout":"","theme-transparent-header-meta":"default","adv-header-id-meta":"","stick-header-meta":"default","header-above-stick-meta":"","header-main-stick-meta":"","header-below-stick-meta":"","astra-migrate-meta-layouts":"set","ast-page-background-enabled":"default","ast-page-background-meta":{"desktop":{"background-color":"","background-image":"","background-repeat":"repeat","background-position":"center center","background-size":"auto","background-attachment":"scroll","background-type":"","background-media":"","overlay-type":"","overlay-color":"","overlay-opacity":"","overlay-gradient":""},"tablet":{"background-color":"","background-image":"","background-repeat":"repeat","background-position":"center center","background-size":"auto","background-attachment":"scroll","background-type":"","background-media":"","overlay-type":"","overlay-color":"","overlay-opacity":"","overlay-gradient":""},"mobile":{"background-color":"","background-image":"","background-repeat":"repeat","background-position":"center center","background-size":"auto","background-attachment":"scroll","background-type":"","background-media":"","overlay-type":"","overlay-color":"","overlay-opacity":"","overlay-gradient":""}},"ast-content-background-meta":{"desktop":{"background-color":"var(--ast-global-color-5)","background-image":"","background-repeat":"repeat","background-position":"center center","background-size":"auto","background-attachment":"scroll","background-type":"","background-media":"","overlay-type":"","overlay-color":"","overlay-opacity":"","overlay-gradient":""},"tablet":{"background-color":"var(--ast-global-color-5)","background-image":"","background-repeat":"repeat","background-position":"center center","background-size":"auto","background-attachment":"scroll","background-type":"","background-media":"","overlay-type":"","overlay-color":"","overlay-opacity":"","overlay-gradient":""},"mobile":{"background-color":"var(--ast-global-color-5)","background-image":"","background-repeat":"repeat","background-position":"center center","background-size":"auto","background-attachment":"scroll","background-type":"","background-media":"","overlay-type":"","overlay-color":"","overlay-opacity":"","overlay-gradient":""}}},"product_brand":[52],"product_cat":[57,105,15],"product_tag":[],"class_list":{"0":"post-6798","1":"product","2":"type-product","3":"status-publish","4":"has-post-thumbnail","6":"product_brand-bang-king","7":"product_cat-bang-king-35k-resistance-mesh","8":"product_cat-puff-35k","9":"product_cat-magasin-cigarette-electronique","10":"desktop-align-center","11":"tablet-align-center","12":"mobile-align-center","13":"ast-product-gallery-layout-horizontal","14":"ast-product-gallery-with-no-image","15":"ast-product-single-variable","16":"ast-product-tabs-layout-horizontal","17":"ast-qv-on-image","19":"first","20":"instock","21":"sale","22":"shipping-taxable","23":"purchasable","24":"product-type-variable","25":"has-default-attributes"},"tiered_pricing_type":"fixed","tiered_pricing_fixed_rules":{"50":6.83,"100":6.22},"tiered_pricing_product_settings":{"layout":"default","base_unit_name":{"singular":null,"plural":null},"default_variation":null},"tiered_pricing_minimum_quantity":null,"tiered_pricing_roles_data":[],"tiered_pricing_percentage_rules":[],"_links":{"self":[{"href":"https:\/\/puffvapestore.com\/it\/wp-json\/wp\/v2\/product\/6798","targetHints":{"allow":["GET"]}}],"collection":[{"href":"https:\/\/puffvapestore.com\/it\/wp-json\/wp\/v2\/product"}],"about":[{"href":"https:\/\/puffvapestore.com\/it\/wp-json\/wp\/v2\/types\/product"}],"replies":[{"embeddable":true,"href":"https:\/\/puffvapestore.com\/it\/wp-json\/wp\/v2\/comments?post=6798"}],"version-history":[{"count":7,"href":"https:\/\/puffvapestore.com\/it\/wp-json\/wp\/v2\/product\/6798\/revisions"}],"predecessor-version":[{"id":7222,"href":"https:\/\/puffvapestore.com\/it\/wp-json\/wp\/v2\/product\/6798\/revisions\/7222"}],"wp:featuredmedia":[{"embeddable":true,"href":"https:\/\/puffvapestore.com\/it\/wp-json\/wp\/v2\/media\/6669"}],"wp:attachment":[{"href":"https:\/\/puffvapestore.com\/it\/wp-json\/wp\/v2\/media?parent=6798"}],"wp:term":[{"taxonomy":"product_brand","embeddable":true,"href":"https:\/\/puffvapestore.com\/it\/wp-json\/wp\/v2\/product_brand?post=6798"},{"taxonomy":"product_cat","embeddable":true,"href":"https:\/\/puffvapestore.com\/it\/wp-json\/wp\/v2\/product_cat?post=6798"},{"taxonomy":"product_tag","embeddable":true,"href":"https:\/\/puffvapestore.com\/it\/wp-json\/wp\/v2\/product_tag?post=6798"}],"curies":[{"name":"wp","href":"https:\/\/api.w.org\/{rel}","templated":true}]}}