{"id":6757,"date":"2025-08-18T01:56:40","date_gmt":"2025-08-18T01:56:40","guid":{"rendered":"https:\/\/puffvapestore.com\/?post_type=product&#038;p=6757"},"modified":"2026-01-19T10:31:54","modified_gmt":"2026-01-19T10:31:54","slug":"bang-king-35000-grape-ice-met-en-valeur-larome-fruite","status":"publish","type":"product","link":"https:\/\/puffvapestore.com\/it\/product\/bang-king-35000-uva-ghiaccio-mette-in-risalto-gli-aromi-fruttati\/","title":{"rendered":"Bang King 35000 - Ghiaccio d'uva"},"content":{"rendered":"<div data-elementor-type=\"wp-post\" data-elementor-id=\"6757\" class=\"elementor elementor-6757\">\n\t\t\t\t<div class=\"elementor-element elementor-element-08c26f9 e-flex e-con-boxed e-con e-parent\" data-id=\"08c26f9\" data-element_type=\"container\" data-e-type=\"container\">\n\t\t\t\t\t<div class=\"e-con-inner\">\n\t\t\t\t<div class=\"elementor-element elementor-element-a005a97 elementor-widget elementor-widget-text-editor\" data-id=\"a005a97\" data-element_type=\"widget\" data-e-type=\"widget\" data-widget_type=\"text-editor.default\">\n\t\t\t\t<div class=\"elementor-widget-container\">\n\t\t\t\t\t\t\t\t\t<p>Il fascino unico del gusto \u00abGrape Ice\u00bb sta nel suo perfetto equilibrio tra dolcezza e cubetti di ghiaccio: n\u00e9 troppo dolce n\u00e9 troppo forte, non maschera la naturale dolcezza dell'uva. Al contrario, questo contrasto esalta l'aroma fruttato e fornisce un retrogusto rinfrescante.<\/p><p>Bang King 35000 Grape Ice vape \u00e8 ideale per chi ama i sapori fruttati intensi e rinfrescanti, soprattutto in estate o quando si cerca una carica di energia. Un sapore da non perdere.<\/p><h2>Gusto principale :<\/h2><p>La fumata iniziale emana un aroma ricco, succoso e dolce di uva, come l'uva fresca appena uscita dal frigorifero, fresca e dolce, ma con un vibrante sapore fruttato.<\/p><h2>Pannolini congelati :<\/h2><p>Segue una sensazione di intensa e gelida freschezza, come se la brina si sciogliesse istantaneamente in bocca, regalando un brivido rinfrescante. Il vapore di questa sigaretta elettronica \u00e8 paragonabile al piacere di ingerire un sorso di soda all'uva ghiacciata.<\/p><h2>Equilibrio di sapori e finale:<\/h2><p>La dolcezza e la freschezza sono equilibrate senza essere preponderanti e offrono un finale rinfrescante e persistente. Il calore dell'aroma fruttato e la freschezza del ghiaccio creano un'esperienza complessa che conquista il palato.<\/p><h2>Batteria di lunga durata e batteria ricaricabile ad alta capacit\u00e0<\/h2><p>L'BANG KING 35000 \u00e8 un vaporizzatore elettronico monouso ad alta capacit\u00e0, progettato per un'esperienza di lunga durata e sapori incomparabili. Ogni sigaretta elettronica BANG KING 35000 offre fino a 35.000 boccate. La batteria ricaricabile integrata ad alta capacit\u00e0 e il serbatoio di e-liquid extra-large garantiscono un'inalazione fluida e completa.<\/p><p>Grazie alla batteria al litio ricaricabile da 1000 mAh ad alte prestazioni e alla porta di ricarica rapida Type-C, non dovrete pi\u00f9 preoccuparvi di un guasto alla batteria. Il serbatoio pre-riempito extra-large da 23 ml, abbinato alla tecnologia Mesh Coil e a una resistenza ottimizzata da 0,6 \u03a9, garantisce un riscaldamento uniforme, un sapore ricco e un volume di vapore generoso.<\/p><h2>Display a LED e livelli multipli di nicotina<\/h2><p>Il modello BANG KING 35000 \u00e8 dotato di un display LED intelligente che mostra la carica residua della batteria e il livello di e-liquid in tempo reale, consentendo di monitorare lo stato del dispositivo in qualsiasi momento. L'esclusiva tecnologia Anti-Dry-Burn previene efficacemente gli odori di bruciato quando il livello di e-liquid \u00e8 basso, prolungando la durata della resistenza dell'atomizzatore.<\/p><p>La BANG KING 35000 offre diversi livelli di nicotina: 0 %, 2 %, 3 % e 5 %, per soddisfare le diverse esigenze degli utenti. Che siate fumatori senza nicotina alla ricerca di un sapore puro o fumatori esperti che preferiscono la soddisfazione di una svapata potente, troverete la scelta ideale.<\/p><p>Con il suo design raffinato, la batteria di lunga durata e le numerose opzioni di aroma, il modello BANG KING 35000 (DSK032) si distingue tra i vaporizzatori elettronici monouso di alta gamma. Per l'uso quotidiano o in viaggio, offre un'esperienza di svapo fluida, stabile e di lunga durata.<\/p><h2>Specifiche del modello BANG KING 35000 :<\/h2><p>Numero di soffi: Fino a 35.000<\/p><p>Capacit\u00e0 della batteria: 1.000 mAh ricaricabile (Tipo-C)<\/p><p>Capacit\u00e0 del liquido: 23 ml pre-riempiti<\/p><p>Atomizzatore: resistenza a maglia da 0,6 \u03a9<\/p><p>Display: display LED intelligente (livello della batteria\/livello del liquido)<\/p><p>Protezione: Protezione antiscottatura<\/p><p>Livelli di nicotina: 0 %, 2 %, 3 %, 5 %<\/p>\t\t\t\t\t\t\t\t<\/div>\n\t\t\t\t<\/div>\n\t\t\t\t\t<\/div>\n\t\t\t\t<\/div>\n\t\t\t\t<\/div>","protected":false},"excerpt":{"rendered":"<p>L&rsquo;attrait unique de la saveur \u00ab Grape Ice \u00bb r\u00e9side dans son \u00e9quilibre parfait entre douceur et gla\u00e7ons\u00a0: ni trop sucr\u00e9e, ni trop prononc\u00e9e, elle ne masque la douceur naturelle du raisin. Au contraire, ce contraste met en valeur l&rsquo;ar\u00f4me fruit\u00e9 tout en offrant un arri\u00e8re-go\u00fbt rafra\u00eechissant. Bang King 35000 Grape Ice vape est id\u00e9ale [&hellip;]<\/p>","protected":false},"featured_media":6663,"comment_status":"open","ping_status":"closed","template":"","meta":{"site-sidebar-layout":"no-sidebar","site-content-layout":"page-builder","ast-site-content-layout":"normal-width-container","site-content-style":"default","site-sidebar-style":"default","ast-global-header-display":"","ast-banner-title-visibility":"","ast-main-header-display":"","ast-hfb-above-header-display":"","ast-hfb-below-header-display":"","ast-hfb-mobile-header-display":"","site-post-title":"disabled","ast-breadcrumbs-content":"","ast-featured-img":"disabled","footer-sml-layout":"","theme-transparent-header-meta":"default","adv-header-id-meta":"","stick-header-meta":"default","header-above-stick-meta":"","header-main-stick-meta":"","header-below-stick-meta":"","astra-migrate-meta-layouts":"set","ast-page-background-enabled":"default","ast-page-background-meta":{"desktop":{"background-color":"","background-image":"","background-repeat":"repeat","background-position":"center center","background-size":"auto","background-attachment":"scroll","background-type":"","background-media":"","overlay-type":"","overlay-color":"","overlay-opacity":"","overlay-gradient":""},"tablet":{"background-color":"","background-image":"","background-repeat":"repeat","background-position":"center center","background-size":"auto","background-attachment":"scroll","background-type":"","background-media":"","overlay-type":"","overlay-color":"","overlay-opacity":"","overlay-gradient":""},"mobile":{"background-color":"","background-image":"","background-repeat":"repeat","background-position":"center center","background-size":"auto","background-attachment":"scroll","background-type":"","background-media":"","overlay-type":"","overlay-color":"","overlay-opacity":"","overlay-gradient":""}},"ast-content-background-meta":{"desktop":{"background-color":"var(--ast-global-color-5)","background-image":"","background-repeat":"repeat","background-position":"center center","background-size":"auto","background-attachment":"scroll","background-type":"","background-media":"","overlay-type":"","overlay-color":"","overlay-opacity":"","overlay-gradient":""},"tablet":{"background-color":"var(--ast-global-color-5)","background-image":"","background-repeat":"repeat","background-position":"center center","background-size":"auto","background-attachment":"scroll","background-type":"","background-media":"","overlay-type":"","overlay-color":"","overlay-opacity":"","overlay-gradient":""},"mobile":{"background-color":"var(--ast-global-color-5)","background-image":"","background-repeat":"repeat","background-position":"center center","background-size":"auto","background-attachment":"scroll","background-type":"","background-media":"","overlay-type":"","overlay-color":"","overlay-opacity":"","overlay-gradient":""}}},"product_brand":[52],"product_cat":[57,105,15],"product_tag":[],"class_list":{"0":"post-6757","1":"product","2":"type-product","3":"status-publish","4":"has-post-thumbnail","6":"product_brand-bang-king","7":"product_cat-bang-king-35k-resistance-mesh","8":"product_cat-puff-35k","9":"product_cat-magasin-cigarette-electronique","10":"desktop-align-center","11":"tablet-align-center","12":"mobile-align-center","13":"ast-product-gallery-layout-horizontal","14":"ast-product-gallery-with-no-image","15":"ast-product-single-variable","16":"ast-product-tabs-layout-horizontal","17":"ast-qv-on-image","19":"first","20":"instock","21":"sale","22":"shipping-taxable","23":"purchasable","24":"product-type-variable","25":"has-default-attributes"},"tiered_pricing_type":"fixed","tiered_pricing_fixed_rules":{"50":6.83,"100":6.22},"tiered_pricing_product_settings":{"layout":"default","base_unit_name":{"singular":null,"plural":null},"default_variation":null},"tiered_pricing_minimum_quantity":null,"tiered_pricing_roles_data":[],"tiered_pricing_percentage_rules":[],"_links":{"self":[{"href":"https:\/\/puffvapestore.com\/it\/wp-json\/wp\/v2\/product\/6757","targetHints":{"allow":["GET"]}}],"collection":[{"href":"https:\/\/puffvapestore.com\/it\/wp-json\/wp\/v2\/product"}],"about":[{"href":"https:\/\/puffvapestore.com\/it\/wp-json\/wp\/v2\/types\/product"}],"replies":[{"embeddable":true,"href":"https:\/\/puffvapestore.com\/it\/wp-json\/wp\/v2\/comments?post=6757"}],"version-history":[{"count":7,"href":"https:\/\/puffvapestore.com\/it\/wp-json\/wp\/v2\/product\/6757\/revisions"}],"predecessor-version":[{"id":7219,"href":"https:\/\/puffvapestore.com\/it\/wp-json\/wp\/v2\/product\/6757\/revisions\/7219"}],"wp:featuredmedia":[{"embeddable":true,"href":"https:\/\/puffvapestore.com\/it\/wp-json\/wp\/v2\/media\/6663"}],"wp:attachment":[{"href":"https:\/\/puffvapestore.com\/it\/wp-json\/wp\/v2\/media?parent=6757"}],"wp:term":[{"taxonomy":"product_brand","embeddable":true,"href":"https:\/\/puffvapestore.com\/it\/wp-json\/wp\/v2\/product_brand?post=6757"},{"taxonomy":"product_cat","embeddable":true,"href":"https:\/\/puffvapestore.com\/it\/wp-json\/wp\/v2\/product_cat?post=6757"},{"taxonomy":"product_tag","embeddable":true,"href":"https:\/\/puffvapestore.com\/it\/wp-json\/wp\/v2\/product_tag?post=6757"}],"curies":[{"name":"wp","href":"https:\/\/api.w.org\/{rel}","templated":true}]}}