{"id":6746,"date":"2025-08-15T06:18:15","date_gmt":"2025-08-15T06:18:15","guid":{"rendered":"https:\/\/puffvapestore.com\/?post_type=product&#038;p=6746"},"modified":"2026-01-19T10:31:54","modified_gmt":"2026-01-19T10:31:54","slug":"bang-king-35000-double-apple-arome-fruite-riche-et-complexe","status":"publish","type":"product","link":"https:\/\/puffvapestore.com\/it\/product\/bang-king-35000-doppia-mela-aroma-fruttato-ricco-e-complesso\/","title":{"rendered":"Bang King 35000 - Doppia Mela"},"content":{"rendered":"<div data-elementor-type=\"wp-post\" data-elementor-id=\"6746\" class=\"elementor elementor-6746\">\n\t\t\t\t<div class=\"elementor-element elementor-element-08c26f9 e-flex e-con-boxed e-con e-parent\" data-id=\"08c26f9\" data-element_type=\"container\" data-e-type=\"container\">\n\t\t\t\t\t<div class=\"e-con-inner\">\n\t\t\t\t<div class=\"elementor-element elementor-element-a005a97 elementor-widget elementor-widget-text-editor\" data-id=\"a005a97\" data-element_type=\"widget\" data-e-type=\"widget\" data-widget_type=\"text-editor.default\">\n\t\t\t\t<div class=\"elementor-widget-container\">\n\t\t\t\t\t\t\t\t\t<p>L'aroma principale di Bang King 35000 Double Apple \u00e8 la doppia mela, che offre un aroma fruttato ricco e complesso con un perfetto equilibrio tra dolcezza e acidit\u00e0. Questo tabacco \u00e8 completato da una base di tabacco liscia e morbida, che combina la dolcezza rinfrescante della frutta con la pesantezza del tabacco.<\/p><h2>Al gusto di doppia mela<\/h2><p>Il cuore di questo tabacco \u00e8 l'aroma \u00abDouble Apple\u00bb, una fusione di aromi di mela rossa e verde. La mela rossa apporta una dolcezza morbida e leggermente nettarina, mentre la mela verde apporta un aroma fruttato fresco e leggermente aspro, creando un contrasto e un equilibrio sorprendenti.<\/p><h2>Aroma fruttato ricco e complesso<\/h2><p>All'inalazione, la prima sensazione \u00e8 un ricco aroma di mela, misto a dolcezza e acidit\u00e0, ma senza essere troppo pronunciato, aggiungendo un tocco vibrante all'insieme. Man mano che il fumo si intensifica, l'aroma fruttato diventa sempre pi\u00f9 raffinato e morbido, rivelando una naturale dolcezza fruttata.<\/p><h2>Note dolci di tabacco<\/h2><p>Sebbene l'aroma fruttato sia dominante, l'aroma intrinseco di tabacco persiste, aggiungendo ricchezza e corpo alla Double Apple.<\/p><p>Al di l\u00e0 dell'aroma principale, un tocco sottile di cannella o chiodi di garofano aggiunge un tocco di complessit\u00e0, rendendo il sapore della Double Apple pi\u00f9 equilibrato e pieno.<\/p><h2>Dettagli sul gusto :<\/h2><p>Quando viene inalato, l'aroma di mela fresca risveglia immediatamente il palato, creando una piacevole atmosfera da frutteto.<\/p><p>Il fumo \u00e8 morbido e cremoso, senza irritazioni alla gola, ideale per un consumo prolungato.<\/p><p>Il retrogusto, con le sue note di mela dolce e tabacco sottile, \u00e8 incredibilmente persistente.<\/p><p>Il finale \u00e8 morbido al palato e l'aroma persiste abbastanza a lungo, senza svanire troppo rapidamente o durare troppo a lungo da diventare nauseante.<\/p><h2>Batteria di lunga durata e batteria ricaricabile ad alta capacit\u00e0<\/h2><p>L'BANG KING 35000 Double Apple \u00e8 un vaporizzatore elettronico monouso ad alta capacit\u00e0, progettato per un'esperienza di lunga durata e sapori incomparabili. Ogni sigaretta elettronica BANG KING 35000 offre fino a 35.000 boccate. La batteria ricaricabile integrata ad alta capacit\u00e0 e il serbatoio di e-liquid extra-large garantiscono un'inalazione completa e regolare.<\/p><p>Grazie alla batteria al litio ricaricabile da 1000 mAh ad alte prestazioni e alla porta di ricarica rapida Type-C, non dovrete pi\u00f9 preoccuparvi di un guasto alla batteria. Il serbatoio pre-riempito extra-large da 23 ml, abbinato alla tecnologia Mesh Coil e a una resistenza ottimizzata da 0,6 \u03a9, garantisce un riscaldamento uniforme, un sapore ricco e un volume di vapore generoso.<\/p><h2>Display a LED e livelli multipli di nicotina<\/h2><p>Il modello BANG KING 35000 Double Apple \u00e8 dotato di un display LED intelligente che mostra la carica residua della batteria e il livello di e-liquid in tempo reale, consentendo di monitorare lo stato del dispositivo in ogni momento. L'esclusiva tecnologia Anti-Dry-Burn previene efficacemente gli odori di bruciato quando il livello di e-liquid \u00e8 basso, prolungando la durata della resistenza dell'atomizzatore.<\/p><p>La BANG KING 35000 Double Apple offre diversi livelli di nicotina: 0 %, 2 %, 3 % e 5 %, per soddisfare le diverse esigenze degli utenti. Che siate fumatori senza nicotina alla ricerca di un sapore puro o fumatori esperti che preferiscono la soddisfazione di una svapata potente, troverete la scelta ideale.<\/p><p>Con il suo design raffinato, la batteria di lunga durata e le numerose opzioni di aroma, il modello BANG KING 35000 (DSK032) si distingue tra i vaporizzatori elettronici monouso di alta gamma. Per l'uso quotidiano o in viaggio, offre un'esperienza di svapo fluida, stabile e di lunga durata.<\/p><h2>Specifiche del modello BANG KING 35000 Dual Apple :<\/h2><p>Numero di soffi: Fino a 35.000<\/p><p>Capacit\u00e0 della batteria: 1.000 mAh ricaricabile (Tipo-C)<\/p><p>Capacit\u00e0 del liquido: 23 ml pre-riempiti<\/p><p>Atomizzatore: resistenza a maglia da 0,6 \u03a9<\/p><p>Display: display LED intelligente (livello della batteria\/livello del liquido)<\/p><p>Protezione: Protezione antiscottatura<\/p><p>Livelli di nicotina: 0 %, 2 %, 3 %, 5 %<\/p>\t\t\t\t\t\t\t\t<\/div>\n\t\t\t\t<\/div>\n\t\t\t\t\t<\/div>\n\t\t\t\t<\/div>\n\t\t\t\t<\/div>","protected":false},"excerpt":{"rendered":"<p>La saveur principale du Bang King 35000 Double Pomme est la pomme double, offrant un ar\u00f4me fruit\u00e9 riche et complexe, avec un \u00e9quilibre parfait entre douceur et acidit\u00e9. Ce tabac est compl\u00e9t\u00e9 par une base de tabac doux et moelleux, alliant la douceur rafra\u00eechissante du fruit \u00e0 la lourdeur du tabac. Avec la saveur Double [&hellip;]<\/p>","protected":false},"featured_media":6661,"comment_status":"open","ping_status":"closed","template":"","meta":{"site-sidebar-layout":"no-sidebar","site-content-layout":"page-builder","ast-site-content-layout":"normal-width-container","site-content-style":"default","site-sidebar-style":"default","ast-global-header-display":"","ast-banner-title-visibility":"","ast-main-header-display":"","ast-hfb-above-header-display":"","ast-hfb-below-header-display":"","ast-hfb-mobile-header-display":"","site-post-title":"disabled","ast-breadcrumbs-content":"","ast-featured-img":"disabled","footer-sml-layout":"","theme-transparent-header-meta":"default","adv-header-id-meta":"","stick-header-meta":"default","header-above-stick-meta":"","header-main-stick-meta":"","header-below-stick-meta":"","astra-migrate-meta-layouts":"set","ast-page-background-enabled":"default","ast-page-background-meta":{"desktop":{"background-color":"","background-image":"","background-repeat":"repeat","background-position":"center center","background-size":"auto","background-attachment":"scroll","background-type":"","background-media":"","overlay-type":"","overlay-color":"","overlay-opacity":"","overlay-gradient":""},"tablet":{"background-color":"","background-image":"","background-repeat":"repeat","background-position":"center center","background-size":"auto","background-attachment":"scroll","background-type":"","background-media":"","overlay-type":"","overlay-color":"","overlay-opacity":"","overlay-gradient":""},"mobile":{"background-color":"","background-image":"","background-repeat":"repeat","background-position":"center center","background-size":"auto","background-attachment":"scroll","background-type":"","background-media":"","overlay-type":"","overlay-color":"","overlay-opacity":"","overlay-gradient":""}},"ast-content-background-meta":{"desktop":{"background-color":"var(--ast-global-color-5)","background-image":"","background-repeat":"repeat","background-position":"center center","background-size":"auto","background-attachment":"scroll","background-type":"","background-media":"","overlay-type":"","overlay-color":"","overlay-opacity":"","overlay-gradient":""},"tablet":{"background-color":"var(--ast-global-color-5)","background-image":"","background-repeat":"repeat","background-position":"center center","background-size":"auto","background-attachment":"scroll","background-type":"","background-media":"","overlay-type":"","overlay-color":"","overlay-opacity":"","overlay-gradient":""},"mobile":{"background-color":"var(--ast-global-color-5)","background-image":"","background-repeat":"repeat","background-position":"center center","background-size":"auto","background-attachment":"scroll","background-type":"","background-media":"","overlay-type":"","overlay-color":"","overlay-opacity":"","overlay-gradient":""}}},"product_brand":[52],"product_cat":[57,105,15],"product_tag":[],"class_list":{"0":"post-6746","1":"product","2":"type-product","3":"status-publish","4":"has-post-thumbnail","6":"product_brand-bang-king","7":"product_cat-bang-king-35k-resistance-mesh","8":"product_cat-puff-35k","9":"product_cat-magasin-cigarette-electronique","10":"desktop-align-center","11":"tablet-align-center","12":"mobile-align-center","13":"ast-product-gallery-layout-horizontal","14":"ast-product-gallery-with-no-image","15":"ast-product-single-variable","16":"ast-product-tabs-layout-horizontal","17":"ast-qv-on-image","19":"first","20":"instock","21":"sale","22":"shipping-taxable","23":"purchasable","24":"product-type-variable","25":"has-default-attributes"},"tiered_pricing_type":"fixed","tiered_pricing_fixed_rules":{"50":6.83,"100":6.22},"tiered_pricing_product_settings":{"layout":"default","base_unit_name":{"singular":null,"plural":null},"default_variation":null},"tiered_pricing_minimum_quantity":null,"tiered_pricing_roles_data":[],"tiered_pricing_percentage_rules":[],"_links":{"self":[{"href":"https:\/\/puffvapestore.com\/it\/wp-json\/wp\/v2\/product\/6746","targetHints":{"allow":["GET"]}}],"collection":[{"href":"https:\/\/puffvapestore.com\/it\/wp-json\/wp\/v2\/product"}],"about":[{"href":"https:\/\/puffvapestore.com\/it\/wp-json\/wp\/v2\/types\/product"}],"replies":[{"embeddable":true,"href":"https:\/\/puffvapestore.com\/it\/wp-json\/wp\/v2\/comments?post=6746"}],"version-history":[{"count":7,"href":"https:\/\/puffvapestore.com\/it\/wp-json\/wp\/v2\/product\/6746\/revisions"}],"predecessor-version":[{"id":7218,"href":"https:\/\/puffvapestore.com\/it\/wp-json\/wp\/v2\/product\/6746\/revisions\/7218"}],"wp:featuredmedia":[{"embeddable":true,"href":"https:\/\/puffvapestore.com\/it\/wp-json\/wp\/v2\/media\/6661"}],"wp:attachment":[{"href":"https:\/\/puffvapestore.com\/it\/wp-json\/wp\/v2\/media?parent=6746"}],"wp:term":[{"taxonomy":"product_brand","embeddable":true,"href":"https:\/\/puffvapestore.com\/it\/wp-json\/wp\/v2\/product_brand?post=6746"},{"taxonomy":"product_cat","embeddable":true,"href":"https:\/\/puffvapestore.com\/it\/wp-json\/wp\/v2\/product_cat?post=6746"},{"taxonomy":"product_tag","embeddable":true,"href":"https:\/\/puffvapestore.com\/it\/wp-json\/wp\/v2\/product_tag?post=6746"}],"curies":[{"name":"wp","href":"https:\/\/api.w.org\/{rel}","templated":true}]}}