{"id":6683,"date":"2025-08-14T05:04:16","date_gmt":"2025-08-14T05:04:16","guid":{"rendered":"https:\/\/puffvapestore.com\/?post_type=product&#038;p=6683"},"modified":"2026-01-19T10:31:53","modified_gmt":"2026-01-19T10:31:53","slug":"bang-king-35000-avec-23-ml-de-e-liquide-prerempli","status":"publish","type":"product","link":"https:\/\/puffvapestore.com\/it\/product\/bang-king-35000-con-23-ml-di-liquido-di-lavaggio\/","title":{"rendered":"BANG KING 35000: offre 35.000 soffi, viene fornito con 23 ml di e-liquid pre-riempito, una resistenza a maglia da 0,6 \u03a9 e uno schermo LED ad alta definizione."},"content":{"rendered":"<div data-elementor-type=\"wp-post\" data-elementor-id=\"6683\" class=\"elementor elementor-6683\">\n\t\t\t\t<div class=\"elementor-element elementor-element-08c26f9 e-flex e-con-boxed e-con e-parent\" data-id=\"08c26f9\" data-element_type=\"container\" data-e-type=\"container\">\n\t\t\t\t\t<div class=\"e-con-inner\">\n\t\t\t\t<div class=\"elementor-element elementor-element-a005a97 elementor-widget elementor-widget-text-editor\" data-id=\"a005a97\" data-element_type=\"widget\" data-e-type=\"widget\" data-widget_type=\"text-editor.default\">\n\t\t\t\t<div class=\"elementor-widget-container\">\n\t\t\t\t\t\t\t\t\t<h2>Batteria di lunga durata e batteria ricaricabile ad alta capacit\u00e0<\/h2><p>L'BANG KING 35000 \u00e8 un vaporizzatore elettronico monouso ad alta capacit\u00e0, progettato per un'esperienza di lunga durata e sapori incomparabili. Ogni sigaretta elettronica BANG KING 35000 offre fino a 35.000 boccate. La batteria ricaricabile integrata ad alta capacit\u00e0 e il serbatoio di e-liquid extra-large garantiscono un'inalazione fluida e completa.<\/p><p>Grazie alla batteria al litio ricaricabile da 1000 mAh ad alte prestazioni e alla porta di ricarica rapida Type-C, non dovrete pi\u00f9 preoccuparvi di un guasto alla batteria. Il serbatoio pre-riempito extra-large da 23 ml, abbinato alla tecnologia Mesh Coil e a una resistenza ottimizzata da 0,6 \u03a9, garantisce un riscaldamento uniforme, un sapore ricco e un volume di vapore generoso.<\/p><h2>Display a LED e livelli multipli di nicotina<\/h2><p>Il modello BANG KING 35000 \u00e8 dotato di un display LED intelligente che mostra la carica residua della batteria e il livello di e-liquid in tempo reale, consentendo di monitorare lo stato del dispositivo in qualsiasi momento. L'esclusiva tecnologia Anti-Dry-Burn previene efficacemente gli odori di bruciato quando il livello di e-liquid \u00e8 basso, prolungando la durata della resistenza dell'atomizzatore.<\/p><p>La BANG KING 35000 offre diversi livelli di nicotina: 0 %, 2 %, 3 % e 5 %, per soddisfare le diverse esigenze degli utenti. Che siate fumatori senza nicotina alla ricerca di un sapore puro o fumatori esperti che preferiscono la soddisfazione di una svapata potente, troverete la scelta ideale.<\/p><p>Con il suo design raffinato, la batteria di lunga durata e le numerose opzioni di aroma, il modello BANG KING 35000 (DSK032) si distingue tra i vaporizzatori elettronici monouso di alta gamma. Per l'uso quotidiano o in viaggio, offre un'esperienza di svapo fluida, stabile e di lunga durata.<\/p><h2>Specifiche del modello BANG KING 35000 :<\/h2><p>Numero di soffi: Fino a 35.000<\/p><p>Capacit\u00e0 della batteria: 1.000 mAh ricaricabile (Tipo-C)<\/p><p>Capacit\u00e0 del liquido: 23 ml pre-riempiti<\/p><p>Atomizzatore: resistenza a maglia da 0,6 \u03a9<\/p><p>Display: display LED intelligente (livello della batteria\/livello del liquido)<\/p><p>Protezione: Protezione antiscottatura<\/p><p>Livelli di nicotina: 0 %, 2 %, 3 %, 5 %<\/p><h2>La serie BANG KING 35000 comprende 12 diversi gusti.<\/h2><p>La serie BANG KING 35000 comprende 12 gusti diversi per soddisfare le preferenze di ogni utente. In primo luogo, la gamma di gusti fruttati offre una variet\u00e0 di combinazioni classiche, come \u00abBlue Razz Ice\u00bb, \u00abBlueberry Ice\u00bb, \u00abRaspberry Ice\u00bb, \u00abPeach Ice\u00bb, \u00abStrawberry Kiwi\u00bb, \u00abStrawberry Mango\u00bb, \u00abStrawberry Watermelon\u00bb e \u00abWatermelon\u00bb. Questi gusti offrono una sensazione rinfrescante con un gusto agrodolce equilibrato, perfetto per gli amanti delle sensazioni fruttate e ghiacciate.<\/p><p>In secondo luogo, BANG KING 35000 offre anche gusti unici come \u00abDouble Apple\u00bb e \u00abLemon Mint\u00bb. Il primo offre un ricco aroma di mela, mentre il secondo combina l'acidit\u00e0 del limone con la freschezza della menta, creando un gusto ricco e complesso. Infine, \u00abEnergy Drink\u00bb offre un'esperienza di gusto familiare e stimolante per gli appassionati di bevande energetiche.<\/p><p>Infine, \u00abLove 66\u00bb \u00e8 un gusto pi\u00f9 originale della gamma, con un nome piuttosto misterioso. Potrebbe essere una fusione di vari gusti, che gli conferiscono un posizionamento gustativo unico, ideale per chi ama scoprire nuovi sapori. La serie BANG KING 35000 \u00e8 prevalentemente fruttata e rinfrescante, pur offrendo una variet\u00e0 di gusti per soddisfare le esigenze di diversi gruppi di consumatori.<\/p>\t\t\t\t\t\t\t\t<\/div>\n\t\t\t\t<\/div>\n\t\t\t\t\t<\/div>\n\t\t\t\t<\/div>\n\t\t\t\t<\/div>","protected":false},"excerpt":{"rendered":"<p>Batterie longue dur\u00e9e et batterie rechargeable grande capacit\u00e9 Le BANG KING 35000 est un vaporisateur \u00e9lectronique jetable haute capacit\u00e9 con\u00e7u pour une exp\u00e9rience longue dur\u00e9e et des saveurs incomparables. Chaque cigarette \u00e9lectronique BANG KING 35000 offre jusqu&rsquo;\u00e0 35000 bouff\u00e9es. Sa batterie rechargeable grande capacit\u00e9 int\u00e9gr\u00e9e et son r\u00e9servoir d&rsquo;e-liquide extra-large garantissent une inhalation ample et [&hellip;]<\/p>","protected":false},"featured_media":6663,"comment_status":"open","ping_status":"closed","template":"","meta":{"site-sidebar-layout":"no-sidebar","site-content-layout":"page-builder","ast-site-content-layout":"normal-width-container","site-content-style":"default","site-sidebar-style":"default","ast-global-header-display":"","ast-banner-title-visibility":"","ast-main-header-display":"","ast-hfb-above-header-display":"","ast-hfb-below-header-display":"","ast-hfb-mobile-header-display":"","site-post-title":"disabled","ast-breadcrumbs-content":"","ast-featured-img":"disabled","footer-sml-layout":"","theme-transparent-header-meta":"default","adv-header-id-meta":"","stick-header-meta":"default","header-above-stick-meta":"","header-main-stick-meta":"","header-below-stick-meta":"","astra-migrate-meta-layouts":"set","ast-page-background-enabled":"default","ast-page-background-meta":{"desktop":{"background-color":"","background-image":"","background-repeat":"repeat","background-position":"center center","background-size":"auto","background-attachment":"scroll","background-type":"","background-media":"","overlay-type":"","overlay-color":"","overlay-opacity":"","overlay-gradient":""},"tablet":{"background-color":"","background-image":"","background-repeat":"repeat","background-position":"center center","background-size":"auto","background-attachment":"scroll","background-type":"","background-media":"","overlay-type":"","overlay-color":"","overlay-opacity":"","overlay-gradient":""},"mobile":{"background-color":"","background-image":"","background-repeat":"repeat","background-position":"center center","background-size":"auto","background-attachment":"scroll","background-type":"","background-media":"","overlay-type":"","overlay-color":"","overlay-opacity":"","overlay-gradient":""}},"ast-content-background-meta":{"desktop":{"background-color":"var(--ast-global-color-5)","background-image":"","background-repeat":"repeat","background-position":"center center","background-size":"auto","background-attachment":"scroll","background-type":"","background-media":"","overlay-type":"","overlay-color":"","overlay-opacity":"","overlay-gradient":""},"tablet":{"background-color":"var(--ast-global-color-5)","background-image":"","background-repeat":"repeat","background-position":"center center","background-size":"auto","background-attachment":"scroll","background-type":"","background-media":"","overlay-type":"","overlay-color":"","overlay-opacity":"","overlay-gradient":""},"mobile":{"background-color":"var(--ast-global-color-5)","background-image":"","background-repeat":"repeat","background-position":"center center","background-size":"auto","background-attachment":"scroll","background-type":"","background-media":"","overlay-type":"","overlay-color":"","overlay-opacity":"","overlay-gradient":""}}},"product_brand":[52],"product_cat":[57,105,15],"product_tag":[],"class_list":{"0":"post-6683","1":"product","2":"type-product","3":"status-publish","4":"has-post-thumbnail","6":"product_brand-bang-king","7":"product_cat-bang-king-35k-resistance-mesh","8":"product_cat-puff-35k","9":"product_cat-magasin-cigarette-electronique","10":"desktop-align-center","11":"tablet-align-center","12":"mobile-align-center","13":"ast-product-gallery-layout-horizontal","14":"ast-product-single-variable","15":"ast-product-tabs-layout-horizontal","16":"ast-qv-on-image","18":"first","19":"instock","20":"sale","21":"shipping-taxable","22":"purchasable","23":"product-type-variable","24":"has-default-attributes"},"tiered_pricing_type":"fixed","tiered_pricing_fixed_rules":{"50":6.83,"100":6.22},"tiered_pricing_product_settings":{"layout":"default","base_unit_name":{"singular":null,"plural":null},"default_variation":null},"tiered_pricing_minimum_quantity":null,"tiered_pricing_roles_data":[],"tiered_pricing_percentage_rules":[],"_links":{"self":[{"href":"https:\/\/puffvapestore.com\/it\/wp-json\/wp\/v2\/product\/6683","targetHints":{"allow":["GET"]}}],"collection":[{"href":"https:\/\/puffvapestore.com\/it\/wp-json\/wp\/v2\/product"}],"about":[{"href":"https:\/\/puffvapestore.com\/it\/wp-json\/wp\/v2\/types\/product"}],"replies":[{"embeddable":true,"href":"https:\/\/puffvapestore.com\/it\/wp-json\/wp\/v2\/comments?post=6683"}],"version-history":[{"count":7,"href":"https:\/\/puffvapestore.com\/it\/wp-json\/wp\/v2\/product\/6683\/revisions"}],"predecessor-version":[{"id":7230,"href":"https:\/\/puffvapestore.com\/it\/wp-json\/wp\/v2\/product\/6683\/revisions\/7230"}],"wp:featuredmedia":[{"embeddable":true,"href":"https:\/\/puffvapestore.com\/it\/wp-json\/wp\/v2\/media\/6663"}],"wp:attachment":[{"href":"https:\/\/puffvapestore.com\/it\/wp-json\/wp\/v2\/media?parent=6683"}],"wp:term":[{"taxonomy":"product_brand","embeddable":true,"href":"https:\/\/puffvapestore.com\/it\/wp-json\/wp\/v2\/product_brand?post=6683"},{"taxonomy":"product_cat","embeddable":true,"href":"https:\/\/puffvapestore.com\/it\/wp-json\/wp\/v2\/product_cat?post=6683"},{"taxonomy":"product_tag","embeddable":true,"href":"https:\/\/puffvapestore.com\/it\/wp-json\/wp\/v2\/product_tag?post=6683"}],"curies":[{"name":"wp","href":"https:\/\/api.w.org\/{rel}","templated":true}]}}