{"id":6609,"date":"2025-08-08T09:17:34","date_gmt":"2025-08-08T09:17:34","guid":{"rendered":"https:\/\/puffvapestore.com\/?post_type=product&#038;p=6609"},"modified":"2026-01-19T10:52:38","modified_gmt":"2026-01-19T10:52:38","slug":"bang-king-15k-triple-berry-ice-est-un-rafraichissement-fruite-unique-pour-la-vie","status":"publish","type":"product","link":"https:\/\/puffvapestore.com\/it\/product\/bang-king-15k-triple-berry-ice-e-un-rinfresco-fruttato-unico-per-la-vita\/","title":{"rendered":"Bang King 15K - Triplo ghiaccio ai frutti di bosco"},"content":{"rendered":"<div data-elementor-type=\"wp-post\" data-elementor-id=\"6609\" class=\"elementor elementor-6609\">\n\t\t\t\t<div class=\"elementor-element elementor-element-08c26f9 e-flex e-con-boxed e-con e-parent\" data-id=\"08c26f9\" data-element_type=\"container\" data-e-type=\"container\">\n\t\t\t\t\t<div class=\"e-con-inner\">\n\t\t\t\t<div class=\"elementor-element elementor-element-a005a97 elementor-widget elementor-widget-text-editor\" data-id=\"a005a97\" data-element_type=\"widget\" data-e-type=\"widget\" data-widget_type=\"text-editor.default\">\n\t\t\t\t<div class=\"elementor-widget-container\">\n\t\t\t\t\t\t\t\t\t<p>Bang King 15000 Triple Berry Ice \u00e8 un rinfresco fruttato unico per la vita. Il sapore di Triple Berry Ice combina la ricchezza di tre frutti di bosco con un finale ghiacciato: la dolcezza della fragola, la profondit\u00e0 del mirtillo e la sottile acidit\u00e0 della mora, sublimate a ogni inalazione, per un'esperienza fruttata e rinfrescante.<\/p><h2>Gusto principale : Tripla bacca<\/h2><p>Questo gusto Triple Berry Ice \u00e8 composto da tre bacche - di solito mirtillo, lampone e fragola - con sapori sottili, ognuno con le proprie caratteristiche:<\/p><h3>Mirtillo :<\/h3><p>Dolce e piccante, \u00e8 ricco e succoso.<\/p><p>Appare alla prima inalazione, con una consistenza morbida e naturale, simile alla marmellata.<\/p><p>Al palato presenta un rivestimento fruttato.<\/p><h3>Lampone :<\/h3><p>Emerge a met\u00e0 palato, con un'acidit\u00e0 pronunciata che ne esalta il sapore.<\/p><p>Apporta una complessit\u00e0 rinfrescante e fruttata senza essere troppo dolce.<\/p><p>Si fonde con il mirtillo per creare una sottile nota di frutta selvatica.<\/p><h3>Fragola :<\/h3><p>Appare soprattutto nel finale o nell'espirazione, offrendo un aroma dolce e naturale con una distinta nota di caramella.<\/p><p>Ha una dolcezza morbida e cremosa, che ricorda un bonbon alla fragola, e che esalta la rotondit\u00e0 complessiva.<\/p><h2>Caratteristiche del gelato: Menta fresca (gelato)<\/h2><p>La sensazione di ghiaccio \u00e8 percepibile, ma senza essere eccessivamente stimolante, il che la colloca nella categoria \u00abmoderatamente forte\u00bb.<\/p><p>Si sposa naturalmente con i frutti rossi, senza sovrastarli, ma al contrario sottolineandone il rinfrescante sapore fruttato.<\/p><p>All'inalazione, una freschezza gelida avvolge immediatamente la gola, creando una sensazione rinfrescante simile a quella di una gomma da masticare alla menta fresca.<\/p><h2>Design elegante ed ergonomico<\/h2><p>L'Bang King 15000 Triple Berry Ice \u00e8 caratterizzato da un design elegante e da un involucro ergonomico, che garantisce una presa comoda e una facile trasportabilit\u00e0. Il suo design moderno non solo migliora l'estetica, ma ottimizza anche l'esperienza d'uso, rendendolo ideale per un uso prolungato. La superficie del dispositivo \u00e8 trattata con cura per ottenere una finitura antiscivolo e resistente, che lo rende ideale per un'ampia gamma di occasioni, dagli spostamenti quotidiani alle riunioni con gli amici.<\/p><h2>e-liquido pre-riempito di grande capacit\u00e0<\/h2><p>L'Bang King 15000 Triple Berry Ice ha una capacit\u00e0 di 25 ml di e-liquid pre-riempito, di gran lunga superiore a quella di molti prodotti simili presenti sul mercato. Questa generosa capacit\u00e0 riduce la necessit\u00e0 di frequenti cambi di e-liquid e garantisce un'esperienza di svapo fluida e duratura. L'e-liquid utilizza una formula di alta qualit\u00e0, che offre un gusto ricco e un sapore duraturo per soddisfare le diverse esigenze degli utenti.<\/p><p>Per soddisfare le diverse preferenze degli utenti, Bang King 15000 Triple Berry Ice \u00e8 disponibile in quattro gradazioni di sali di nicotina: 0 %, 2 %, 3 % e 5 %. L'opzione senza nicotina \u00e8 adatta ai consumatori che cercano un gusto pi\u00f9 puro, mentre l'opzione ad alta gradazione \u00e8 pensata per chi cerca una sensazione di nicotina pi\u00f9 intensa. Questa flessibilit\u00e0 consente agli utenti di scegliere la gradazione pi\u00f9 adatta alle loro preferenze.<\/p><h2>Tecnologia di resistenza delle maglie<\/h2><p>Questa sigaretta elettronica \u00e8 dotata di una resistenza Mesh avanzata che fornisce una nebulizzazione pi\u00f9 uniforme e un riscaldamento stabile rispetto alle resistenze tradizionali. Questo design garantisce una boccata ricca e saporita, prolungando efficacemente la durata del dispositivo e riducendo il rischio di bruciature o di sapori irregolari.<\/p><h2>Durata estrema del soffio<\/h2><p>La Bang King 15000 Triple Berry Ice offre fino a 15.000 boccate, una cifra impressionante che la rende una delle sigarette elettroniche pi\u00f9 durature sul mercato. Che si tratti di un fumatore accanito o di un utilizzatore occasionale, questa sigaretta elettronica offre un'autonomia eccezionale, eliminando la necessit\u00e0 di frequenti ricariche e sostituzioni del dispositivo.<\/p><h2>Design ecologico ricaricabile<\/h2><p>L'Bang King 15000 Triple Berry Ice \u00e8 ecologico e dispone di una batteria ricaricabile integrata ad alte prestazioni da 550 mAh, compatibile con la ricarica rapida tramite una porta USB-C. Questo design non solo prolunga la vita del dispositivo, ma riduce anche l'impatto ambientale delle batterie usate, dimostrando il nostro impegno per uno sviluppo sostenibile.<\/p><p>Compatta, leggera e portatile, questa sigaretta elettronica \u00e8 facile da portare ovunque. La sua custodia \u00e8 realizzata con materiali ad alta resistenza, resistenti agli urti e ai graffi quotidiani, che garantiscono una lunga durata. Sia che la si infili in tasca o nello zaino, la Bang King 15000 mantiene le sue eccellenti prestazioni.<\/p><h2>Ricarica rapida e gestione efficiente della batteria<\/h2><p>La batteria da 550 mAh non solo offre una capacit\u00e0 elevata, ma incorpora anche un sistema di gestione intelligente che ottimizza il consumo energetico e garantisce un'alimentazione costante a ogni ricarica. La porta USB-C supporta la ricarica rapida, consentendo una ricarica completa in 30-60 minuti, riducendo i tempi di attesa e dando agli utenti la tranquillit\u00e0 di fumare quando vogliono.<\/p>\t\t\t\t\t\t\t\t<\/div>\n\t\t\t\t<\/div>\n\t\t\t\t\t<\/div>\n\t\t\t\t<\/div>\n\t\t\t\t<\/div>","protected":false},"excerpt":{"rendered":"<p>Bang King 15000 Triple Berry Ice est un rafra\u00eechissement fruit\u00e9 unique pour la vie. La saveur de Triple Berry Ice allie la richesse de trois baies \u00e0 une finale glac\u00e9e\u00a0: la douceur de la fraise, la profondeur de la myrtille et la subtile acidit\u00e9 de la m\u00fbre, sublim\u00e9es \u00e0 chaque inhalation, pour une exp\u00e9rience fruit\u00e9e [&hellip;]<\/p>","protected":false},"featured_media":6252,"comment_status":"open","ping_status":"closed","template":"","meta":{"site-sidebar-layout":"no-sidebar","site-content-layout":"page-builder","ast-site-content-layout":"normal-width-container","site-content-style":"default","site-sidebar-style":"default","ast-global-header-display":"","ast-banner-title-visibility":"","ast-main-header-display":"","ast-hfb-above-header-display":"","ast-hfb-below-header-display":"","ast-hfb-mobile-header-display":"","site-post-title":"disabled","ast-breadcrumbs-content":"","ast-featured-img":"disabled","footer-sml-layout":"","theme-transparent-header-meta":"default","adv-header-id-meta":"","stick-header-meta":"default","header-above-stick-meta":"","header-main-stick-meta":"","header-below-stick-meta":"","astra-migrate-meta-layouts":"set","ast-page-background-enabled":"default","ast-page-background-meta":{"desktop":{"background-color":"","background-image":"","background-repeat":"repeat","background-position":"center center","background-size":"auto","background-attachment":"scroll","background-type":"","background-media":"","overlay-type":"","overlay-color":"","overlay-opacity":"","overlay-gradient":""},"tablet":{"background-color":"","background-image":"","background-repeat":"repeat","background-position":"center center","background-size":"auto","background-attachment":"scroll","background-type":"","background-media":"","overlay-type":"","overlay-color":"","overlay-opacity":"","overlay-gradient":""},"mobile":{"background-color":"","background-image":"","background-repeat":"repeat","background-position":"center center","background-size":"auto","background-attachment":"scroll","background-type":"","background-media":"","overlay-type":"","overlay-color":"","overlay-opacity":"","overlay-gradient":""}},"ast-content-background-meta":{"desktop":{"background-color":"var(--ast-global-color-5)","background-image":"","background-repeat":"repeat","background-position":"center center","background-size":"auto","background-attachment":"scroll","background-type":"","background-media":"","overlay-type":"","overlay-color":"","overlay-opacity":"","overlay-gradient":""},"tablet":{"background-color":"var(--ast-global-color-5)","background-image":"","background-repeat":"repeat","background-position":"center center","background-size":"auto","background-attachment":"scroll","background-type":"","background-media":"","overlay-type":"","overlay-color":"","overlay-opacity":"","overlay-gradient":""},"mobile":{"background-color":"var(--ast-global-color-5)","background-image":"","background-repeat":"repeat","background-position":"center center","background-size":"auto","background-attachment":"scroll","background-type":"","background-media":"","overlay-type":"","overlay-color":"","overlay-opacity":"","overlay-gradient":""}}},"product_brand":[52],"product_cat":[56,80,15],"product_tag":[],"class_list":{"0":"post-6609","1":"product","2":"type-product","3":"status-publish","4":"has-post-thumbnail","6":"product_brand-bang-king","7":"product_cat-bang-king-15000-est-equipee-dune-resistance-mesh-nouvelle-generation","8":"product_cat-puff-15k","9":"product_cat-magasin-cigarette-electronique","10":"desktop-align-center","11":"tablet-align-center","12":"mobile-align-center","13":"ast-product-gallery-layout-horizontal","14":"ast-product-gallery-with-no-image","15":"ast-product-single-variable","16":"ast-product-tabs-layout-horizontal","17":"ast-qv-on-image","19":"first","20":"instock","21":"sale","22":"shipping-taxable","23":"purchasable","24":"product-type-variable","25":"has-default-attributes"},"tiered_pricing_type":"fixed","tiered_pricing_fixed_rules":{"50":6.05,"100":5.59},"tiered_pricing_product_settings":{"layout":"default","base_unit_name":{"singular":null,"plural":null},"default_variation":null},"tiered_pricing_minimum_quantity":null,"tiered_pricing_roles_data":[],"tiered_pricing_percentage_rules":[],"_links":{"self":[{"href":"https:\/\/puffvapestore.com\/it\/wp-json\/wp\/v2\/product\/6609","targetHints":{"allow":["GET"]}}],"collection":[{"href":"https:\/\/puffvapestore.com\/it\/wp-json\/wp\/v2\/product"}],"about":[{"href":"https:\/\/puffvapestore.com\/it\/wp-json\/wp\/v2\/types\/product"}],"replies":[{"embeddable":true,"href":"https:\/\/puffvapestore.com\/it\/wp-json\/wp\/v2\/comments?post=6609"}],"version-history":[{"count":6,"href":"https:\/\/puffvapestore.com\/it\/wp-json\/wp\/v2\/product\/6609\/revisions"}],"predecessor-version":[{"id":6619,"href":"https:\/\/puffvapestore.com\/it\/wp-json\/wp\/v2\/product\/6609\/revisions\/6619"}],"wp:featuredmedia":[{"embeddable":true,"href":"https:\/\/puffvapestore.com\/it\/wp-json\/wp\/v2\/media\/6252"}],"wp:attachment":[{"href":"https:\/\/puffvapestore.com\/it\/wp-json\/wp\/v2\/media?parent=6609"}],"wp:term":[{"taxonomy":"product_brand","embeddable":true,"href":"https:\/\/puffvapestore.com\/it\/wp-json\/wp\/v2\/product_brand?post=6609"},{"taxonomy":"product_cat","embeddable":true,"href":"https:\/\/puffvapestore.com\/it\/wp-json\/wp\/v2\/product_cat?post=6609"},{"taxonomy":"product_tag","embeddable":true,"href":"https:\/\/puffvapestore.com\/it\/wp-json\/wp\/v2\/product_tag?post=6609"}],"curies":[{"name":"wp","href":"https:\/\/api.w.org\/{rel}","templated":true}]}}