{"id":6598,"date":"2025-08-08T06:11:19","date_gmt":"2025-08-08T06:11:19","guid":{"rendered":"https:\/\/puffvapestore.com\/?post_type=product&#038;p=6598"},"modified":"2026-01-19T10:52:38","modified_gmt":"2026-01-19T10:52:38","slug":"fraise-kiwi-bang-king-15k-offre-un-arome-fruite-et-rafraichissant","status":"publish","type":"product","link":"https:\/\/puffvapestore.com\/it\/product\/kiwi-alla-fragola-bang-king-15k-offre-un-aroma-fruttato-e-rinfrescante\/","title":{"rendered":"Bang King 15K - Kiwi fragola"},"content":{"rendered":"<div data-elementor-type=\"wp-post\" data-elementor-id=\"6598\" class=\"elementor elementor-6598\">\n\t\t\t\t<div class=\"elementor-element elementor-element-08c26f9 e-flex e-con-boxed e-con e-parent\" data-id=\"08c26f9\" data-element_type=\"container\" data-e-type=\"container\">\n\t\t\t\t\t<div class=\"e-con-inner\">\n\t\t\t\t<div class=\"elementor-element elementor-element-a005a97 elementor-widget elementor-widget-text-editor\" data-id=\"a005a97\" data-element_type=\"widget\" data-e-type=\"widget\" data-widget_type=\"text-editor.default\">\n\t\t\t\t<div class=\"elementor-widget-container\">\n\t\t\t\t\t\t\t\t\t<p>Il gusto Fragola Kiwi di Bang King 15000 \u00e8 perfettamente in sintonia con questa sensibilit\u00e0 francese: fresco e fruttato, con un tocco di agrodolce, come una nota musicale che danza tra le labbra e i denti, rinfrescante senza essere monotona.<\/p><h2>Caratteristiche del sapore di fragola :<\/h2><p>Dolce e succosa: la prima boccata di fumo rivela un ricco sapore di fragola, con una nota di dolcezza simile a quella di un bonbon alla fragola, pi\u00f9 vicina al naturale sapore fruttato delle fragole fresche.<\/p><p>Morbido e cremoso: in contrasto con l'acidit\u00e0 delle fragoline di bosco, il sapore della fragola \u00e8 morbido e suadente, ricorda quello della marmellata di fragole mature, ricco senza essere eccessivo.<\/p><h2>Caratteristiche gustative del kiwi :<\/h2><p>Acidit\u00e0 aspra e rinfrescante: Dopo la fragola, l'acidit\u00e0 del kiwi segue rapidamente, offrendo un leggero pizzicore sulla lingua ed esaltando il sapore fruttato complessivo.<\/p><h2>Gusto complessivo di kiwi e fragola:<\/h2><p>Equilibrio tra dolcezza e acidit\u00e0: la dolcezza della fragola e l'acidit\u00e0 del kiwi si combinano naturalmente, senza entrare in competizione, per un'esperienza molto rinfrescante e succosa.<\/p><p>Ricco ma non opprimente: nonostante la miscela fruttata, il gusto non \u00e8 n\u00e9 pesante n\u00e9 appiccicoso, il che lo rende ideale per un'inalazione prolungata.<\/p><p>Lunga durata in bocca: l'aroma \u00e8 ricco all'inspirazione e all'espirazione il sapore di fragola persiste in bocca e nel naso, mentre il kiwi lascia una sensazione di freschezza, offrendo un retrogusto rinfrescante di \u00abbicchiere di succo appena finito\u00bb.<\/p><h2>Design elegante ed ergonomico<\/h2><p>L'Bang King 15000 Strawberry Kiwi \u00e8 caratterizzato da un design elegante e da un involucro ergonomico, che garantisce una presa comoda e una facile trasportabilit\u00e0. Il suo design moderno non solo migliora l'estetica, ma ottimizza anche l'esperienza dell'utente, rendendolo ideale per un uso prolungato. La superficie del dispositivo \u00e8 trattata con cura per ottenere una finitura antiscivolo e resistente, che lo rende ideale per un'ampia gamma di occasioni, dagli spostamenti quotidiani alle riunioni con gli amici.<\/p><h2>e-liquido pre-riempito di grande capacit\u00e0<\/h2><p>La Bang King 15000 Strawberry Kiwi ha una capacit\u00e0 di 25 ml di e-liquid pre-riempito, di gran lunga superiore a quella di molti prodotti simili presenti sul mercato. Questa generosa capacit\u00e0 riduce la necessit\u00e0 di frequenti cambi di e-liquid e garantisce un'esperienza di svapo fluida e duratura. L'e-liquid utilizza una formula di alta qualit\u00e0, che offre un gusto ricco e un sapore duraturo per soddisfare le diverse esigenze degli utenti.<\/p><p>Per soddisfare le diverse preferenze degli utenti, Bang King 15000 \u00e8 disponibile in quattro concentrazioni di sali di nicotina: 0 %, 2 %, 3 % e 5 %. L'opzione senza nicotina \u00e8 adatta ai consumatori che cercano un gusto pi\u00f9 puro, mentre l'opzione ad alta gradazione \u00e8 pensata per chi cerca una sensazione di nicotina pi\u00f9 intensa. Questa flessibilit\u00e0 consente agli utenti di scegliere la gradazione pi\u00f9 adatta alle loro preferenze.<\/p><h2>Tecnologia di resistenza delle maglie<\/h2><p>Questa sigaretta elettronica \u00e8 dotata di una resistenza Mesh avanzata che fornisce una nebulizzazione pi\u00f9 uniforme e un riscaldamento stabile rispetto alle resistenze tradizionali. Questo design garantisce una boccata ricca e saporita, prolungando efficacemente la durata del dispositivo e riducendo il rischio di bruciature o di sapori irregolari.<\/p><h2>Durata estrema del soffio<\/h2><p>La Bang King 15000 Strawberry Kiwi offre fino a 15.000 boccate, una cifra impressionante che la rende una delle sigarette elettroniche pi\u00f9 durature sul mercato. Che siate fumatori accaniti o occasionali, questa sigaretta elettronica offre un'autonomia eccezionale, eliminando la necessit\u00e0 di frequenti ricariche e sostituzioni del dispositivo.<\/p><h2>Design ecologico ricaricabile<\/h2><p>Il Kiwi Bang King 15000 Strawberry \u00e8 ecologico e dispone di una batteria ricaricabile integrata ad alte prestazioni da 550 mAh, compatibile con la ricarica rapida tramite una porta USB-C. Questo design non solo prolunga la vita del dispositivo, ma riduce anche l'impatto ambientale delle batterie usate, dimostrando il nostro impegno per lo sviluppo sostenibile.<\/p><p>Compatta, leggera e portatile, questa sigaretta elettronica \u00e8 facile da portare ovunque. La sua custodia \u00e8 realizzata con materiali ad alta resistenza, resistenti agli urti e ai graffi quotidiani, che garantiscono una lunga durata. Sia che la si infili in tasca o nello zaino, la Bang King 15000 mantiene le sue eccellenti prestazioni.<\/p><h2>Ricarica rapida e gestione efficiente della batteria<\/h2><p>La batteria da 550 mAh non solo offre una capacit\u00e0 elevata, ma incorpora anche un sistema di gestione intelligente che ottimizza il consumo energetico e garantisce un'alimentazione costante a ogni ricarica. La porta USB-C supporta la ricarica rapida, consentendo una ricarica completa in 30-60 minuti, riducendo i tempi di attesa e dando agli utenti la tranquillit\u00e0 di fumare quando vogliono.<\/p>\t\t\t\t\t\t\t\t<\/div>\n\t\t\t\t<\/div>\n\t\t\t\t\t<\/div>\n\t\t\t\t<\/div>\n\t\t\t\t<\/div>","protected":false},"excerpt":{"rendered":"<p>La saveur Fraise Kiwi de Bang King 15000 s&rsquo;inscrit parfaitement dans cette sensibilit\u00e9 fran\u00e7aise\u00a0: fra\u00eeche et fruit\u00e9e, avec une touche aigre-douce, telle une note de musique dansant entre les l\u00e8vres et les dents, rafra\u00eechissante sans \u00eatre monotone. Caract\u00e9ristiques de la saveur Fraise\u00a0: Sucr\u00e9e et juteuse\u00a0: La premi\u00e8re bouff\u00e9e de fum\u00e9e d\u00e9voile un ar\u00f4me riche de [&hellip;]<\/p>\n","protected":false},"featured_media":6249,"comment_status":"open","ping_status":"closed","template":"","meta":{"site-sidebar-layout":"no-sidebar","site-content-layout":"page-builder","ast-site-content-layout":"normal-width-container","site-content-style":"default","site-sidebar-style":"default","ast-global-header-display":"","ast-banner-title-visibility":"","ast-main-header-display":"","ast-hfb-above-header-display":"","ast-hfb-below-header-display":"","ast-hfb-mobile-header-display":"","site-post-title":"disabled","ast-breadcrumbs-content":"","ast-featured-img":"disabled","footer-sml-layout":"","theme-transparent-header-meta":"default","adv-header-id-meta":"","stick-header-meta":"default","header-above-stick-meta":"","header-main-stick-meta":"","header-below-stick-meta":"","astra-migrate-meta-layouts":"set","ast-page-background-enabled":"default","ast-page-background-meta":{"desktop":{"background-color":"","background-image":"","background-repeat":"repeat","background-position":"center center","background-size":"auto","background-attachment":"scroll","background-type":"","background-media":"","overlay-type":"","overlay-color":"","overlay-opacity":"","overlay-gradient":""},"tablet":{"background-color":"","background-image":"","background-repeat":"repeat","background-position":"center center","background-size":"auto","background-attachment":"scroll","background-type":"","background-media":"","overlay-type":"","overlay-color":"","overlay-opacity":"","overlay-gradient":""},"mobile":{"background-color":"","background-image":"","background-repeat":"repeat","background-position":"center center","background-size":"auto","background-attachment":"scroll","background-type":"","background-media":"","overlay-type":"","overlay-color":"","overlay-opacity":"","overlay-gradient":""}},"ast-content-background-meta":{"desktop":{"background-color":"var(--ast-global-color-5)","background-image":"","background-repeat":"repeat","background-position":"center center","background-size":"auto","background-attachment":"scroll","background-type":"","background-media":"","overlay-type":"","overlay-color":"","overlay-opacity":"","overlay-gradient":""},"tablet":{"background-color":"var(--ast-global-color-5)","background-image":"","background-repeat":"repeat","background-position":"center center","background-size":"auto","background-attachment":"scroll","background-type":"","background-media":"","overlay-type":"","overlay-color":"","overlay-opacity":"","overlay-gradient":""},"mobile":{"background-color":"var(--ast-global-color-5)","background-image":"","background-repeat":"repeat","background-position":"center center","background-size":"auto","background-attachment":"scroll","background-type":"","background-media":"","overlay-type":"","overlay-color":"","overlay-opacity":"","overlay-gradient":""}}},"product_brand":[52],"product_cat":[56,80,15],"product_tag":[],"class_list":{"0":"post-6598","1":"product","2":"type-product","3":"status-publish","4":"has-post-thumbnail","6":"product_brand-bang-king","7":"product_cat-bang-king-15000-est-equipee-dune-resistance-mesh-nouvelle-generation","8":"product_cat-puff-15k","9":"product_cat-magasin-cigarette-electronique","10":"desktop-align-center","11":"tablet-align-center","12":"mobile-align-center","13":"ast-product-gallery-layout-horizontal","14":"ast-product-gallery-with-no-image","15":"ast-product-single-variable","16":"ast-product-tabs-layout-horizontal","17":"ast-qv-on-image","19":"first","20":"instock","21":"sale","22":"shipping-taxable","23":"purchasable","24":"product-type-variable","25":"has-default-attributes"},"tiered_pricing_type":"fixed","tiered_pricing_fixed_rules":{"50":6.05,"100":5.59},"tiered_pricing_product_settings":{"layout":"default","base_unit_name":{"singular":null,"plural":null},"default_variation":null},"tiered_pricing_minimum_quantity":null,"tiered_pricing_roles_data":[],"tiered_pricing_percentage_rules":[],"_links":{"self":[{"href":"https:\/\/puffvapestore.com\/it\/wp-json\/wp\/v2\/product\/6598","targetHints":{"allow":["GET"]}}],"collection":[{"href":"https:\/\/puffvapestore.com\/it\/wp-json\/wp\/v2\/product"}],"about":[{"href":"https:\/\/puffvapestore.com\/it\/wp-json\/wp\/v2\/types\/product"}],"replies":[{"embeddable":true,"href":"https:\/\/puffvapestore.com\/it\/wp-json\/wp\/v2\/comments?post=6598"}],"version-history":[{"count":7,"href":"https:\/\/puffvapestore.com\/it\/wp-json\/wp\/v2\/product\/6598\/revisions"}],"predecessor-version":[{"id":6620,"href":"https:\/\/puffvapestore.com\/it\/wp-json\/wp\/v2\/product\/6598\/revisions\/6620"}],"wp:featuredmedia":[{"embeddable":true,"href":"https:\/\/puffvapestore.com\/it\/wp-json\/wp\/v2\/media\/6249"}],"wp:attachment":[{"href":"https:\/\/puffvapestore.com\/it\/wp-json\/wp\/v2\/media?parent=6598"}],"wp:term":[{"taxonomy":"product_brand","embeddable":true,"href":"https:\/\/puffvapestore.com\/it\/wp-json\/wp\/v2\/product_brand?post=6598"},{"taxonomy":"product_cat","embeddable":true,"href":"https:\/\/puffvapestore.com\/it\/wp-json\/wp\/v2\/product_cat?post=6598"},{"taxonomy":"product_tag","embeddable":true,"href":"https:\/\/puffvapestore.com\/it\/wp-json\/wp\/v2\/product_tag?post=6598"}],"curies":[{"name":"wp","href":"https:\/\/api.w.org\/{rel}","templated":true}]}}