{"id":6586,"date":"2025-08-08T03:42:41","date_gmt":"2025-08-08T03:42:41","guid":{"rendered":"https:\/\/puffvapestore.com\/?post_type=product&#038;p=6586"},"modified":"2026-01-19T10:52:38","modified_gmt":"2026-01-19T10:52:38","slug":"black-dragon-ice-bang-king-15k-est-mysterieux-et-frais","status":"publish","type":"product","link":"https:\/\/puffvapestore.com\/it\/product\/black-dragon-ice-bang-king-15k-e-misterioso-e-fresco\/","title":{"rendered":"Bang King 15K - Drago nero di ghiaccio"},"content":{"rendered":"<div data-elementor-type=\"wp-post\" data-elementor-id=\"6586\" class=\"elementor elementor-6586\">\n\t\t\t\t<div class=\"elementor-element elementor-element-08c26f9 e-flex e-con-boxed e-con e-parent\" data-id=\"08c26f9\" data-element_type=\"container\" data-e-type=\"container\">\n\t\t\t\t\t<div class=\"e-con-inner\">\n\t\t\t\t<div class=\"elementor-element elementor-element-a005a97 elementor-widget elementor-widget-text-editor\" data-id=\"a005a97\" data-element_type=\"widget\" data-e-type=\"widget\" data-widget_type=\"text-editor.default\">\n\t\t\t\t<div class=\"elementor-widget-container\">\n\t\t\t\t\t\t\t\t\t<p>Il gusto di Black Dragon Ice non \u00e8 semplicemente una combinazione fruttata e fresca. Esprime un'atmosfera cupa e urbana: misteriosa e fresca, mentre rivela un aroma caldo e fruttato in ogni dettaglio.<\/p><h2>Prima annusata: un'esplosione fruttata, dolce e acidula.<\/h2><p>Quando si aspira il fumo, la prima cosa che colpisce il palato \u00e8 un aroma ricco e dolce di bacche scure, probabilmente il fruttato intenso e acidulo del ribes nero o delle more.<\/p><p>Questo aroma fruttato si differenzia dalla leggera dolcezza della fragola o del mirtillo. \u00c8 pi\u00f9 vicino alla confettura, denso e morbido, con una sottile acidit\u00e0 che ne esalta il sapore.<\/p><h2>Palato medio: la dolcezza e l'aroma del frutto del drago permeano il palato.<\/h2><p>Dopo gli aromi scuri e fruttati, la rinfrescante dolcezza del frutto del drago emerge delicatamente, ammorbidendo l'acidit\u00e0 iniziale.<\/p><p>Il frutto del drago ha un profilo aromatico relativamente leggero, ma bilancia la struttura aromatica complessiva e aggiunge un tocco di sapore esotico, evitando un'eccessiva potenza.<\/p><h2>Finale: Un'esplosione di sapori ghiacciati, un finale rinfrescante.<\/h2><p>Infine, durante l'espirazione, una menta rinfrescante o un agente rinfrescante si diffondono rapidamente, fornendo una forte sensazione di freschezza.<\/p><p>Questo \u00abghiaccio\u00bb non \u00e8 solo menta, ma ha un effetto rinfrescante.<\/p><h2>Design elegante ed ergonomico<\/h2><p>L'Bang King 15000 Black Dragon Ice \u00e8 caratterizzato da un design elegante e da un involucro ergonomico, che garantisce una presa comoda e una facile trasportabilit\u00e0. Il suo design moderno non solo migliora l'estetica, ma ottimizza anche l'esperienza dell'utente, rendendolo ideale per un uso prolungato. La superficie del dispositivo \u00e8 trattata con cura per ottenere una finitura antiscivolo e resistente, che lo rende ideale per un'ampia gamma di occasioni, dagli spostamenti quotidiani alle riunioni con gli amici.<\/p><h2>e-liquido pre-riempito di grande capacit\u00e0<\/h2><p>L'Bang King 15000 Black Dragon Ice ha una capacit\u00e0 di 25 ml di e-liquid pre-riempito, di gran lunga superiore a quella di molti prodotti simili presenti sul mercato. Questa generosa capacit\u00e0 riduce la necessit\u00e0 di frequenti cambi di e-liquid e garantisce un'esperienza di svapo fluida e duratura. L'e-liquid utilizza una formula di alta qualit\u00e0, che offre un gusto ricco e un sapore duraturo per soddisfare le diverse esigenze degli utenti.<\/p><p>Per soddisfare le diverse preferenze degli utenti, Bang King 15000 Black Dragon Ice \u00e8 disponibile in quattro gradazioni di sali di nicotina: 0 %, 2 %, 3 % e 5 %. L'opzione senza nicotina \u00e8 adatta ai consumatori che cercano un gusto pi\u00f9 puro, mentre l'opzione ad alta gradazione \u00e8 pensata per chi cerca una sensazione di nicotina pi\u00f9 intensa. Questa flessibilit\u00e0 consente agli utenti di scegliere la gradazione pi\u00f9 adatta alle loro preferenze.<\/p><h2>Tecnologia di resistenza delle maglie<\/h2><p>Questa sigaretta elettronica \u00e8 dotata di una resistenza Mesh avanzata che fornisce una nebulizzazione pi\u00f9 uniforme e un riscaldamento stabile rispetto alle resistenze tradizionali. Questo design garantisce una boccata ricca e saporita, prolungando efficacemente la durata del dispositivo e riducendo il rischio di bruciature o di sapori irregolari.<\/p><h2>Durata estrema del soffio<\/h2><p>La Bang King 15000 Black Dragon Ice offre fino a 15.000 boccate, una cifra impressionante che la rende una delle sigarette elettroniche pi\u00f9 durature sul mercato. Che siate fumatori accaniti o occasionali, questa sigaretta elettronica offre un'autonomia eccezionale, eliminando la necessit\u00e0 di frequenti ricariche e sostituzioni del dispositivo.<\/p><h2>Design ecologico ricaricabile<\/h2><p>Il modello Bang King 15000 \u00e8 rispettoso dell'ambiente e dispone di una batteria ricaricabile integrata ad alte prestazioni da 550 mAh, compatibile con la ricarica rapida tramite una porta USB-C. Questo design non solo prolunga la vita del dispositivo, ma riduce anche l'impatto ambientale delle batterie usate, dimostrando il nostro impegno per lo sviluppo sostenibile.<\/p><p>Compatta, leggera e portatile, questa sigaretta elettronica \u00e8 facile da portare ovunque. La sua custodia \u00e8 realizzata con materiali ad alta resistenza, resistenti agli urti e ai graffi quotidiani, che garantiscono una lunga durata. Sia che la si infili in tasca o nello zaino, la Bang King 15000 mantiene le sue eccellenti prestazioni.<\/p><h2>Ricarica rapida e gestione efficiente della batteria<\/h2><p>La batteria da 550 mAh non solo offre una capacit\u00e0 elevata, ma incorpora anche un sistema di gestione intelligente che ottimizza il consumo energetico e garantisce un'alimentazione costante a ogni ricarica. La porta USB-C supporta la ricarica rapida, consentendo una ricarica completa in 30-60 minuti, riducendo i tempi di attesa e dando agli utenti la tranquillit\u00e0 di fumare quando vogliono.<\/p>\t\t\t\t\t\t\t\t<\/div>\n\t\t\t\t<\/div>\n\t\t\t\t\t<\/div>\n\t\t\t\t<\/div>\n\t\t\t\t<\/div>","protected":false},"excerpt":{"rendered":"<p>Le go\u00fbt de Black Dragon Ice n&rsquo;est pas simplement une combinaison fruit\u00e9e et fra\u00eeche. Il exprime une ambiance sombre et urbaine\u00a0: myst\u00e9rieux et frais, tout en r\u00e9v\u00e9lant un ar\u00f4me chaud et fruit\u00e9 dans les moindres d\u00e9tails. Premi\u00e8re bouff\u00e9e\u00a0: Explosion fruit\u00e9e, sucr\u00e9e et acidul\u00e9e. Lorsque vous inhalez la fum\u00e9e, la premi\u00e8re chose qui frappe votre palais [&hellip;]<\/p>","protected":false},"featured_media":6235,"comment_status":"open","ping_status":"closed","template":"","meta":{"site-sidebar-layout":"no-sidebar","site-content-layout":"page-builder","ast-site-content-layout":"normal-width-container","site-content-style":"default","site-sidebar-style":"default","ast-global-header-display":"","ast-banner-title-visibility":"","ast-main-header-display":"","ast-hfb-above-header-display":"","ast-hfb-below-header-display":"","ast-hfb-mobile-header-display":"","site-post-title":"disabled","ast-breadcrumbs-content":"","ast-featured-img":"disabled","footer-sml-layout":"","theme-transparent-header-meta":"default","adv-header-id-meta":"","stick-header-meta":"default","header-above-stick-meta":"","header-main-stick-meta":"","header-below-stick-meta":"","astra-migrate-meta-layouts":"set","ast-page-background-enabled":"default","ast-page-background-meta":{"desktop":{"background-color":"","background-image":"","background-repeat":"repeat","background-position":"center center","background-size":"auto","background-attachment":"scroll","background-type":"","background-media":"","overlay-type":"","overlay-color":"","overlay-opacity":"","overlay-gradient":""},"tablet":{"background-color":"","background-image":"","background-repeat":"repeat","background-position":"center center","background-size":"auto","background-attachment":"scroll","background-type":"","background-media":"","overlay-type":"","overlay-color":"","overlay-opacity":"","overlay-gradient":""},"mobile":{"background-color":"","background-image":"","background-repeat":"repeat","background-position":"center center","background-size":"auto","background-attachment":"scroll","background-type":"","background-media":"","overlay-type":"","overlay-color":"","overlay-opacity":"","overlay-gradient":""}},"ast-content-background-meta":{"desktop":{"background-color":"var(--ast-global-color-5)","background-image":"","background-repeat":"repeat","background-position":"center center","background-size":"auto","background-attachment":"scroll","background-type":"","background-media":"","overlay-type":"","overlay-color":"","overlay-opacity":"","overlay-gradient":""},"tablet":{"background-color":"var(--ast-global-color-5)","background-image":"","background-repeat":"repeat","background-position":"center center","background-size":"auto","background-attachment":"scroll","background-type":"","background-media":"","overlay-type":"","overlay-color":"","overlay-opacity":"","overlay-gradient":""},"mobile":{"background-color":"var(--ast-global-color-5)","background-image":"","background-repeat":"repeat","background-position":"center center","background-size":"auto","background-attachment":"scroll","background-type":"","background-media":"","overlay-type":"","overlay-color":"","overlay-opacity":"","overlay-gradient":""}}},"product_brand":[52],"product_cat":[56,80,15],"product_tag":[],"class_list":{"0":"post-6586","1":"product","2":"type-product","3":"status-publish","4":"has-post-thumbnail","6":"product_brand-bang-king","7":"product_cat-bang-king-15000-est-equipee-dune-resistance-mesh-nouvelle-generation","8":"product_cat-puff-15k","9":"product_cat-magasin-cigarette-electronique","10":"desktop-align-center","11":"tablet-align-center","12":"mobile-align-center","13":"ast-product-gallery-layout-horizontal","14":"ast-product-gallery-with-no-image","15":"ast-product-single-variable","16":"ast-product-tabs-layout-horizontal","17":"ast-qv-on-image","19":"first","20":"instock","21":"sale","22":"shipping-taxable","23":"purchasable","24":"product-type-variable","25":"has-default-attributes"},"tiered_pricing_type":"fixed","tiered_pricing_fixed_rules":{"50":6.05,"100":5.59},"tiered_pricing_product_settings":{"layout":"default","base_unit_name":{"singular":null,"plural":null},"default_variation":null},"tiered_pricing_minimum_quantity":null,"tiered_pricing_roles_data":[],"tiered_pricing_percentage_rules":[],"_links":{"self":[{"href":"https:\/\/puffvapestore.com\/it\/wp-json\/wp\/v2\/product\/6586","targetHints":{"allow":["GET"]}}],"collection":[{"href":"https:\/\/puffvapestore.com\/it\/wp-json\/wp\/v2\/product"}],"about":[{"href":"https:\/\/puffvapestore.com\/it\/wp-json\/wp\/v2\/types\/product"}],"replies":[{"embeddable":true,"href":"https:\/\/puffvapestore.com\/it\/wp-json\/wp\/v2\/comments?post=6586"}],"version-history":[{"count":7,"href":"https:\/\/puffvapestore.com\/it\/wp-json\/wp\/v2\/product\/6586\/revisions"}],"predecessor-version":[{"id":6621,"href":"https:\/\/puffvapestore.com\/it\/wp-json\/wp\/v2\/product\/6586\/revisions\/6621"}],"wp:featuredmedia":[{"embeddable":true,"href":"https:\/\/puffvapestore.com\/it\/wp-json\/wp\/v2\/media\/6235"}],"wp:attachment":[{"href":"https:\/\/puffvapestore.com\/it\/wp-json\/wp\/v2\/media?parent=6586"}],"wp:term":[{"taxonomy":"product_brand","embeddable":true,"href":"https:\/\/puffvapestore.com\/it\/wp-json\/wp\/v2\/product_brand?post=6586"},{"taxonomy":"product_cat","embeddable":true,"href":"https:\/\/puffvapestore.com\/it\/wp-json\/wp\/v2\/product_cat?post=6586"},{"taxonomy":"product_tag","embeddable":true,"href":"https:\/\/puffvapestore.com\/it\/wp-json\/wp\/v2\/product_tag?post=6586"}],"curies":[{"name":"wp","href":"https:\/\/api.w.org\/{rel}","templated":true}]}}