{"id":6544,"date":"2025-08-11T08:59:11","date_gmt":"2025-08-11T08:59:11","guid":{"rendered":"https:\/\/puffvapestore.com\/?post_type=product&#038;p=6544"},"modified":"2026-01-19T10:52:38","modified_gmt":"2026-01-19T10:52:38","slug":"pink-lemonade-bang-king-15000-offre-bien-plus-quune-simple-experience-gustative","status":"publish","type":"product","link":"https:\/\/puffvapestore.com\/it\/product\/pink-lemonade-bang-king-15000-offre-molto-di-piu-di-una-semplice-esperienza-gustativa\/","title":{"rendered":"Limonata rosa - Bang King 15K"},"content":{"rendered":"<div data-elementor-type=\"wp-post\" data-elementor-id=\"6544\" class=\"elementor elementor-6544\">\n\t\t\t\t<div class=\"elementor-element elementor-element-08c26f9 e-flex e-con-boxed e-con e-parent\" data-id=\"08c26f9\" data-element_type=\"container\" data-e-type=\"container\">\n\t\t\t\t\t<div class=\"e-con-inner\">\n\t\t\t\t<div class=\"elementor-element elementor-element-a005a97 elementor-widget elementor-widget-text-editor\" data-id=\"a005a97\" data-element_type=\"widget\" data-e-type=\"widget\" data-widget_type=\"text-editor.default\">\n\t\t\t\t<div class=\"elementor-widget-container\">\n\t\t\t\t\t\t\t\t\t<p>Il rinfrescante aroma agrodolce della sigaretta elettronica Pink Lemonade ricorda un bicchiere di limonata rosa appena preparata: leggermente frizzante, con la sottile acidit\u00e0 del limone mescolata a un pizzico di dolcezza, crea un'esperienza rinfrescante e complessa. In Francia, dove la qualit\u00e0 della vita \u00e8 apprezzata e si pratica il \u00abvaping rilassato\u00bb, Pink Lemonade offre molto di pi\u00f9 di una semplice esperienza di gusto; \u00e8 un'esperienza sottile e coinvolgente che riecheggia l'atmosfera romantica: evoca una bevanda ghiacciata su un balcone in estate o una conversazione informale nell'angolo di un caff\u00e8 parigino.<\/p><p>La limonata rosa non \u00e8 una limonata qualsiasi; \u00e8 una bevanda al limone, diffusa in Nord America, che generalmente mescola frutti rossi (come mirtilli o lamponi) con il limone. Questa miscela conserva l'acidit\u00e0 del limone e aggiunge la sottile dolcezza e il sapore fruttato della frutta.<\/p><h2>Limonata rosa: esperienza fumosa :<\/h2><p>Fin dal primo assaggio, una spiccata acidit\u00e0 limonosa colpisce la lingua, senza essere aggressiva, ma leggermente acida.<\/p><p>Segue un leggero sapore di frutta rossa dolce, come mirtillo rosso o lampone, che offre una sottile dolcezza fruttata che tempera l'acidit\u00e0 limonosa.<\/p><h2>Palato medio :<\/h2><p>La dolcezza e l'acidit\u00e0 si bilanciano a met\u00e0 palato, creando un sapore simile alla limonata, ma senza la carbonazione.<\/p><p>Il sapore fruttato \u00e8 naturalmente dolce e rinfrescante.<\/p><h2>Note di fondo e finale :<\/h2><p>L'espirazione \u00e8 accompagnata da una sensazione di freschezza, senza essere troppo forte o gelida; \u00e8 una sensazione leggera e ghiacciata che non sovrasta le note fruttate.<\/p><p>Per quanto riguarda la longevit\u00e0, l'acidit\u00e0 del limone persiste un po' pi\u00f9 a lungo, mentre la dolcezza delle bacche svanisce rapidamente, lasciando il posto a un finale pulito e non stucchevole.<\/p><h2>Ricaricabile, design ecologico<\/h2><p>Grazie alla batteria ricaricabile USB-C integrata, riduce l'impatto ambientale delle sigarette elettroniche usa e getta. Gli utenti possono ricaricare rapidamente la batteria e riprendere l'uso in qualsiasi momento e ovunque, combinando praticit\u00e0 e durata. Questo design non solo consente di risparmiare denaro, ma \u00e8 anche rispettoso dell'ambiente.<\/p><p>Il modello Bang King 15000 Pink Lemonade ha un design elegante ed ergonomico che garantisce una presa comoda e una lunga durata. L'involucro leggero e i colori moderni migliorano l'esperienza dell'utente, mostrando al contempo individualit\u00e0 e stile. La cassa \u00e8 stata accuratamente trattata per garantire la resistenza all'usura e le propriet\u00e0 antiscivolo, combinando estetica e praticit\u00e0.<\/p><h2>e-liquido pre-riempito di grande capacit\u00e0<\/h2><p>Ogni Bang King 15000 Pink Lemonade \u00e8 pre-riempita con 25 ml di e-liquid premium, una quantit\u00e0 significativamente maggiore rispetto alle sigarette elettroniche convenzionali, per un uso duraturo. L'e-liquid \u00e8 realizzato con ingredienti di alta qualit\u00e0 e offre una sensazione di morbidezza in gola e un'ampia variet\u00e0 di sapori, per una soddisfazione costante a ogni boccata.<\/p><h2>Sono disponibili diverse concentrazioni di nicotina<\/h2><p>L'Bang King 15000 Pink Lemonade offre quattro gradazioni di sali di nicotina: 0 %, 2 %, 3 % e 5 %, per soddisfare le esigenze dei diversi vapers. L'opzione 0 % senza nicotina \u00e8 ideale per chi cerca un gusto pi\u00f9 puro, mentre l'opzione 5 % con nicotina offre un'esperienza soddisfacente per i fumatori abituali. Questa flessibilit\u00e0 significa che tutti possono trovare l'esperienza pi\u00f9 adatta a loro.<\/p><p>Una singola sigaretta elettronica Bang King 15000 offre fino a 15.000 boccate e la sua eccezionale autonomia consente di non dover sostituire frequentemente il dispositivo. Sia per l'uso quotidiano che in viaggio, questa sigaretta elettronica offre un comfort duraturo e semplifica le ricariche.<\/p><h2>Tecnologia di resistenza delle maglie<\/h2><p>Questa sigaretta elettronica \u00e8 dotata di una resistenza Mesh avanzata, che offre una nebulizzazione pi\u00f9 uniforme e un riscaldamento pi\u00f9 stabile rispetto alle resistenze tradizionali, garantendo un vapore omogeneo e autentico. La struttura Mesh prolunga inoltre la durata della resistenza e riduce gli odori di bruciato, assicurando una svapata di alta qualit\u00e0 a ogni boccata.<\/p><p>Compatto e leggero, il modello Bang King 15000 Pink Lemonade \u00e8 facile da trasportare e si infila comodamente in una tasca o in uno zaino. Realizzato con materiali ad alta resistenza, \u00e8 resistente alle cadute e durevole, mantenendo il suo aspetto e le sue prestazioni anche in caso di uso quotidiano frequente.<\/p><h2>Batteria ricaricabile ad alta capacit\u00e0<\/h2><p>Dotato di una batteria integrata da circa 550 mAh, il modello Bang King 15000 offre un'autonomia impressionante. Grazie alla tecnologia di ricarica rapida USB-C, gli utenti possono ricaricare rapidamente il telefono, riducendo i tempi di attesa. Un sistema di gestione della batteria ottimizza il consumo energetico, garantendo un funzionamento stabile e duraturo.<\/p>\t\t\t\t\t\t\t\t<\/div>\n\t\t\t\t<\/div>\n\t\t\t\t\t<\/div>\n\t\t\t\t<\/div>\n\t\t\t\t<\/div>","protected":false},"excerpt":{"rendered":"<p>L&rsquo;ar\u00f4me aigre-doux rafra\u00eechissant de la cigarette \u00e9lectronique Pink Lemonade \u00e9voque un verre de limonade rose fra\u00eechement pr\u00e9par\u00e9\u00a0: l\u00e9g\u00e8rement p\u00e9tillant, avec la subtile acidit\u00e9 du citron m\u00eal\u00e9e \u00e0 une touche sucr\u00e9e, cr\u00e9ant une exp\u00e9rience rafra\u00eechissante et complexe. En France, o\u00f9 la qualit\u00e9 de vie est valoris\u00e9e et o\u00f9 l&rsquo;on pratique le \u00ab\u00a0vapotage relaxant\u00a0\u00bb, la Pink Lemonade [&hellip;]<\/p>\n","protected":false},"featured_media":6246,"comment_status":"open","ping_status":"closed","template":"","meta":{"site-sidebar-layout":"no-sidebar","site-content-layout":"page-builder","ast-site-content-layout":"normal-width-container","site-content-style":"default","site-sidebar-style":"default","ast-global-header-display":"","ast-banner-title-visibility":"","ast-main-header-display":"","ast-hfb-above-header-display":"","ast-hfb-below-header-display":"","ast-hfb-mobile-header-display":"","site-post-title":"disabled","ast-breadcrumbs-content":"","ast-featured-img":"disabled","footer-sml-layout":"","theme-transparent-header-meta":"default","adv-header-id-meta":"","stick-header-meta":"default","header-above-stick-meta":"","header-main-stick-meta":"","header-below-stick-meta":"","astra-migrate-meta-layouts":"set","ast-page-background-enabled":"default","ast-page-background-meta":{"desktop":{"background-color":"","background-image":"","background-repeat":"repeat","background-position":"center center","background-size":"auto","background-attachment":"scroll","background-type":"","background-media":"","overlay-type":"","overlay-color":"","overlay-opacity":"","overlay-gradient":""},"tablet":{"background-color":"","background-image":"","background-repeat":"repeat","background-position":"center center","background-size":"auto","background-attachment":"scroll","background-type":"","background-media":"","overlay-type":"","overlay-color":"","overlay-opacity":"","overlay-gradient":""},"mobile":{"background-color":"","background-image":"","background-repeat":"repeat","background-position":"center center","background-size":"auto","background-attachment":"scroll","background-type":"","background-media":"","overlay-type":"","overlay-color":"","overlay-opacity":"","overlay-gradient":""}},"ast-content-background-meta":{"desktop":{"background-color":"var(--ast-global-color-5)","background-image":"","background-repeat":"repeat","background-position":"center center","background-size":"auto","background-attachment":"scroll","background-type":"","background-media":"","overlay-type":"","overlay-color":"","overlay-opacity":"","overlay-gradient":""},"tablet":{"background-color":"var(--ast-global-color-5)","background-image":"","background-repeat":"repeat","background-position":"center center","background-size":"auto","background-attachment":"scroll","background-type":"","background-media":"","overlay-type":"","overlay-color":"","overlay-opacity":"","overlay-gradient":""},"mobile":{"background-color":"var(--ast-global-color-5)","background-image":"","background-repeat":"repeat","background-position":"center center","background-size":"auto","background-attachment":"scroll","background-type":"","background-media":"","overlay-type":"","overlay-color":"","overlay-opacity":"","overlay-gradient":""}}},"product_brand":[52],"product_cat":[56,80,15],"product_tag":[],"class_list":{"0":"post-6544","1":"product","2":"type-product","3":"status-publish","4":"has-post-thumbnail","6":"product_brand-bang-king","7":"product_cat-bang-king-15000-est-equipee-dune-resistance-mesh-nouvelle-generation","8":"product_cat-puff-15k","9":"product_cat-magasin-cigarette-electronique","10":"desktop-align-center","11":"tablet-align-center","12":"mobile-align-center","13":"ast-product-gallery-layout-horizontal","14":"ast-product-gallery-with-no-image","15":"ast-product-single-variable","16":"ast-product-tabs-layout-horizontal","17":"ast-qv-on-image","19":"first","20":"instock","21":"sale","22":"shipping-taxable","23":"purchasable","24":"product-type-variable","25":"has-default-attributes"},"tiered_pricing_type":"fixed","tiered_pricing_fixed_rules":{"50":6.05,"100":5.59},"tiered_pricing_product_settings":{"layout":"default","base_unit_name":{"singular":null,"plural":null},"default_variation":null},"tiered_pricing_minimum_quantity":null,"tiered_pricing_roles_data":[],"tiered_pricing_percentage_rules":[],"_links":{"self":[{"href":"https:\/\/puffvapestore.com\/it\/wp-json\/wp\/v2\/product\/6544","targetHints":{"allow":["GET"]}}],"collection":[{"href":"https:\/\/puffvapestore.com\/it\/wp-json\/wp\/v2\/product"}],"about":[{"href":"https:\/\/puffvapestore.com\/it\/wp-json\/wp\/v2\/types\/product"}],"replies":[{"embeddable":true,"href":"https:\/\/puffvapestore.com\/it\/wp-json\/wp\/v2\/comments?post=6544"}],"version-history":[{"count":11,"href":"https:\/\/puffvapestore.com\/it\/wp-json\/wp\/v2\/product\/6544\/revisions"}],"predecessor-version":[{"id":6624,"href":"https:\/\/puffvapestore.com\/it\/wp-json\/wp\/v2\/product\/6544\/revisions\/6624"}],"wp:featuredmedia":[{"embeddable":true,"href":"https:\/\/puffvapestore.com\/it\/wp-json\/wp\/v2\/media\/6246"}],"wp:attachment":[{"href":"https:\/\/puffvapestore.com\/it\/wp-json\/wp\/v2\/media?parent=6544"}],"wp:term":[{"taxonomy":"product_brand","embeddable":true,"href":"https:\/\/puffvapestore.com\/it\/wp-json\/wp\/v2\/product_brand?post=6544"},{"taxonomy":"product_cat","embeddable":true,"href":"https:\/\/puffvapestore.com\/it\/wp-json\/wp\/v2\/product_cat?post=6544"},{"taxonomy":"product_tag","embeddable":true,"href":"https:\/\/puffvapestore.com\/it\/wp-json\/wp\/v2\/product_tag?post=6544"}],"curies":[{"name":"wp","href":"https:\/\/api.w.org\/{rel}","templated":true}]}}