{"id":6533,"date":"2025-08-07T03:51:14","date_gmt":"2025-08-07T03:51:14","guid":{"rendered":"https:\/\/puffvapestore.com\/?post_type=product&#038;p=6533"},"modified":"2026-01-19T10:52:39","modified_gmt":"2026-01-19T10:52:39","slug":"peach-ice-bang-king-15000-sucree-et-rafraichissante","status":"publish","type":"product","link":"https:\/\/puffvapestore.com\/it\/product\/ghiaccio-alla-pesca-bang-king-15000-dolce-e-rinfrescante\/","title":{"rendered":"Ghiaccio alla pesca - Bang King 15K"},"content":{"rendered":"<div data-elementor-type=\"wp-post\" data-elementor-id=\"6533\" class=\"elementor elementor-6533\">\n\t\t\t\t<div class=\"elementor-element elementor-element-08c26f9 e-flex e-con-boxed e-con e-parent\" data-id=\"08c26f9\" data-element_type=\"container\" data-e-type=\"container\">\n\t\t\t\t\t<div class=\"e-con-inner\">\n\t\t\t\t<div class=\"elementor-element elementor-element-a005a97 elementor-widget elementor-widget-text-editor\" data-id=\"a005a97\" data-element_type=\"widget\" data-e-type=\"widget\" data-widget_type=\"text-editor.default\">\n\t\t\t\t<div class=\"elementor-widget-container\">\n\t\t\t\t\t\t\t\t\t<p>Il sapore unico della P\u00eache Glac\u00e9e risiede nella sua dolcezza discreta, che offre un finale rinfrescante, come se si sorseggiasse un cocktail alla pesca leggermente ghiacciato in riva alla Senna. La sua leggerezza e presenza ne fanno un'esperienza conviviale rilassante e rinfrescante.<\/p><h2>Sapore di pesca :<\/h2><p>Autentico fruttato: la prima boccata di fumo rivela l'aroma naturale delle pesche mature, con una dolcezza moderata che non risulta stucchevole.<\/p><p>Dolce e suadente: al palato \u00e8 ricco e suadente, con una consistenza piena e carnosa, che ricorda la degustazione di una succosa pesca bianca.<\/p><p>Aroma leggermente floreale: all'assaggio emerge un sottile finale floreale di pesca, che esalta l'eleganza complessiva del sapore.<\/p><h2>Ghiaccio :<\/h2><p>Raffreddamento rapido: durante l'inalazione si avverte una notevole sensazione di freschezza, in particolare nella gola, senza essere troppo forte.<\/p><p>Rinfrescante a lungo: la sensazione di freschezza persiste nell'espirazione, aiutando a neutralizzare la dolcezza della pesca e lasciando un retrogusto equilibrato e rinfrescante.<\/p><h2>Equilibrio complessivo del gusto del gelato alla pesca:<\/h2><p>La dolcezza della pesca e la freschezza della menta si combinano perfettamente, preservando la ricchezza del sapore fruttato e offrendo un'esperienza di gelato rinfrescante.<\/p><h2>Ricaricabile, design ecologico<\/h2><p>Grazie alla batteria ricaricabile USB-C integrata, riduce l'impatto ambientale delle sigarette elettroniche usa e getta. Gli utenti possono ricaricare rapidamente la batteria e riprendere l'uso in qualsiasi momento e ovunque, combinando praticit\u00e0 e durata. Questo design non solo consente di risparmiare denaro, ma \u00e8 anche rispettoso dell'ambiente.<\/p><p>Il modello Bang King 15000 Peach Ice ha un design elegante ed ergonomico che garantisce una presa comoda e una lunga durata. L'involucro leggero e i colori moderni migliorano l'esperienza dell'utente, mostrando al contempo individualit\u00e0 e stile. L'involucro \u00e8 stato accuratamente trattato per garantire la resistenza all'usura e le propriet\u00e0 antiscivolo, combinando estetica e praticit\u00e0.<\/p><h2>e-liquido pre-riempito di grande capacit\u00e0<\/h2><p>Ogni Bang King 15000 Peach Ice \u00e8 pre-riempita con 25 ml di e-liquid premium, una quantit\u00e0 significativamente maggiore rispetto alle sigarette elettroniche convenzionali, per un uso duraturo. L'e-liquid \u00e8 realizzato con ingredienti di alta qualit\u00e0 e offre una sensazione di morbidezza in gola e un'ampia variet\u00e0 di sapori, per una soddisfazione costante a ogni boccata.<\/p><h2>Sono disponibili diverse concentrazioni di nicotina<\/h2><p>La Bang King 15000 Peach Ice offre quattro gradazioni di sali di nicotina: 0 %, 2 %, 3 % e 5 %, per soddisfare le esigenze dei diversi vapers. L'opzione 0 % senza nicotina \u00e8 ideale per chi cerca un gusto pi\u00f9 puro, mentre l'opzione 5 % con nicotina offre un'esperienza soddisfacente per i fumatori abituali. Questa flessibilit\u00e0 significa che tutti possono trovare l'esperienza pi\u00f9 adatta a loro.<\/p><p>Una singola sigaretta elettronica Bang King 15000 Peach Ice offre fino a 15.000 boccate e la sua eccezionale autonomia consente di non dover sostituire frequentemente il dispositivo. Sia per l'uso quotidiano che per i viaggi, questa sigaretta elettronica offre un comfort duraturo e semplifica le ricariche.<\/p><h2>Tecnologia di resistenza delle maglie<\/h2><p>Questa sigaretta elettronica \u00e8 dotata di una resistenza Mesh avanzata, che offre una nebulizzazione pi\u00f9 uniforme e un riscaldamento pi\u00f9 stabile rispetto alle resistenze tradizionali, garantendo un vapore omogeneo e autentico. La struttura Mesh prolunga inoltre la durata della resistenza e riduce gli odori di bruciato, assicurando una svapata di alta qualit\u00e0 a ogni boccata.<\/p><p>Compatto e leggero, l'Bang King 15000 Peach Ice \u00e8 facile da trasportare e si infila comodamente in tasca o nello zaino. Realizzato con materiali ad alta resistenza, \u00e8 resistente alle cadute e durevole, mantenendo il suo aspetto e le sue prestazioni anche in caso di uso quotidiano frequente.<\/p><h2>Batteria ricaricabile ad alta capacit\u00e0<\/h2><p>Dotato di una batteria integrata di circa 550 mAh, l'Bang King 15000 Peach Ice offre un'autonomia impressionante. Grazie alla tecnologia di ricarica rapida USB-C, gli utenti possono ricaricare rapidamente il telefono, riducendo i tempi di attesa. Un sistema di gestione della batteria ottimizza il consumo energetico, garantendo un funzionamento stabile e duraturo.<\/p>\t\t\t\t\t\t\t\t<\/div>\n\t\t\t\t<\/div>\n\t\t\t\t\t<\/div>\n\t\t\t\t<\/div>\n\t\t\t\t<\/div>","protected":false},"excerpt":{"rendered":"<p>La saveur unique de la P\u00eache Glac\u00e9e r\u00e9side dans sa douceur discr\u00e8te, offrant une finale rafra\u00eechissante, comme siroter un cocktail de p\u00eaches l\u00e9g\u00e8rement frais au bord de la Seine. Sa l\u00e9g\u00e8ret\u00e9 et sa pr\u00e9sence en font une exp\u00e9rience conviviale apaisante et rafra\u00eechissante. Saveur P\u00eache\u00a0: Fruit\u00e9 authentique\u00a0: La premi\u00e8re bouff\u00e9e de fum\u00e9e r\u00e9v\u00e8le l&rsquo;ar\u00f4me naturel des [&hellip;]<\/p>\n","protected":false},"featured_media":6244,"comment_status":"open","ping_status":"closed","template":"","meta":{"site-sidebar-layout":"no-sidebar","site-content-layout":"page-builder","ast-site-content-layout":"normal-width-container","site-content-style":"default","site-sidebar-style":"default","ast-global-header-display":"","ast-banner-title-visibility":"","ast-main-header-display":"","ast-hfb-above-header-display":"","ast-hfb-below-header-display":"","ast-hfb-mobile-header-display":"","site-post-title":"disabled","ast-breadcrumbs-content":"","ast-featured-img":"disabled","footer-sml-layout":"","theme-transparent-header-meta":"default","adv-header-id-meta":"","stick-header-meta":"default","header-above-stick-meta":"","header-main-stick-meta":"","header-below-stick-meta":"","astra-migrate-meta-layouts":"set","ast-page-background-enabled":"default","ast-page-background-meta":{"desktop":{"background-color":"","background-image":"","background-repeat":"repeat","background-position":"center center","background-size":"auto","background-attachment":"scroll","background-type":"","background-media":"","overlay-type":"","overlay-color":"","overlay-opacity":"","overlay-gradient":""},"tablet":{"background-color":"","background-image":"","background-repeat":"repeat","background-position":"center center","background-size":"auto","background-attachment":"scroll","background-type":"","background-media":"","overlay-type":"","overlay-color":"","overlay-opacity":"","overlay-gradient":""},"mobile":{"background-color":"","background-image":"","background-repeat":"repeat","background-position":"center center","background-size":"auto","background-attachment":"scroll","background-type":"","background-media":"","overlay-type":"","overlay-color":"","overlay-opacity":"","overlay-gradient":""}},"ast-content-background-meta":{"desktop":{"background-color":"var(--ast-global-color-5)","background-image":"","background-repeat":"repeat","background-position":"center center","background-size":"auto","background-attachment":"scroll","background-type":"","background-media":"","overlay-type":"","overlay-color":"","overlay-opacity":"","overlay-gradient":""},"tablet":{"background-color":"var(--ast-global-color-5)","background-image":"","background-repeat":"repeat","background-position":"center center","background-size":"auto","background-attachment":"scroll","background-type":"","background-media":"","overlay-type":"","overlay-color":"","overlay-opacity":"","overlay-gradient":""},"mobile":{"background-color":"var(--ast-global-color-5)","background-image":"","background-repeat":"repeat","background-position":"center center","background-size":"auto","background-attachment":"scroll","background-type":"","background-media":"","overlay-type":"","overlay-color":"","overlay-opacity":"","overlay-gradient":""}}},"product_brand":[52],"product_cat":[56,80,15],"product_tag":[],"class_list":{"0":"post-6533","1":"product","2":"type-product","3":"status-publish","4":"has-post-thumbnail","6":"product_brand-bang-king","7":"product_cat-bang-king-15000-est-equipee-dune-resistance-mesh-nouvelle-generation","8":"product_cat-puff-15k","9":"product_cat-magasin-cigarette-electronique","10":"desktop-align-center","11":"tablet-align-center","12":"mobile-align-center","13":"ast-product-gallery-layout-horizontal","14":"ast-product-gallery-with-no-image","15":"ast-product-single-variable","16":"ast-product-tabs-layout-horizontal","17":"ast-qv-on-image","19":"first","20":"instock","21":"sale","22":"shipping-taxable","23":"purchasable","24":"product-type-variable","25":"has-default-attributes"},"tiered_pricing_type":"fixed","tiered_pricing_fixed_rules":{"50":6.05,"100":5.59},"tiered_pricing_product_settings":{"layout":"default","base_unit_name":{"singular":null,"plural":null},"default_variation":null},"tiered_pricing_minimum_quantity":null,"tiered_pricing_roles_data":[],"tiered_pricing_percentage_rules":[],"_links":{"self":[{"href":"https:\/\/puffvapestore.com\/it\/wp-json\/wp\/v2\/product\/6533","targetHints":{"allow":["GET"]}}],"collection":[{"href":"https:\/\/puffvapestore.com\/it\/wp-json\/wp\/v2\/product"}],"about":[{"href":"https:\/\/puffvapestore.com\/it\/wp-json\/wp\/v2\/types\/product"}],"replies":[{"embeddable":true,"href":"https:\/\/puffvapestore.com\/it\/wp-json\/wp\/v2\/comments?post=6533"}],"version-history":[{"count":7,"href":"https:\/\/puffvapestore.com\/it\/wp-json\/wp\/v2\/product\/6533\/revisions"}],"predecessor-version":[{"id":6625,"href":"https:\/\/puffvapestore.com\/it\/wp-json\/wp\/v2\/product\/6533\/revisions\/6625"}],"wp:featuredmedia":[{"embeddable":true,"href":"https:\/\/puffvapestore.com\/it\/wp-json\/wp\/v2\/media\/6244"}],"wp:attachment":[{"href":"https:\/\/puffvapestore.com\/it\/wp-json\/wp\/v2\/media?parent=6533"}],"wp:term":[{"taxonomy":"product_brand","embeddable":true,"href":"https:\/\/puffvapestore.com\/it\/wp-json\/wp\/v2\/product_brand?post=6533"},{"taxonomy":"product_cat","embeddable":true,"href":"https:\/\/puffvapestore.com\/it\/wp-json\/wp\/v2\/product_cat?post=6533"},{"taxonomy":"product_tag","embeddable":true,"href":"https:\/\/puffvapestore.com\/it\/wp-json\/wp\/v2\/product_tag?post=6533"}],"curies":[{"name":"wp","href":"https:\/\/api.w.org\/{rel}","templated":true}]}}