{"id":6522,"date":"2025-08-07T01:25:40","date_gmt":"2025-08-07T01:25:40","guid":{"rendered":"https:\/\/puffvapestore.com\/?post_type=product&#038;p=6522"},"modified":"2026-01-19T10:52:38","modified_gmt":"2026-01-19T10:52:38","slug":"aloe-grape-bang-king-15000-moderement-sucre","status":"publish","type":"product","link":"https:\/\/puffvapestore.com\/it\/product\/aloe-uva-bang-king-15000-zucchero-moderato\/","title":{"rendered":"Aloe Uva - Bang King 15K"},"content":{"rendered":"<div data-elementor-type=\"wp-post\" data-elementor-id=\"6522\" class=\"elementor elementor-6522\">\n\t\t\t\t<div class=\"elementor-element elementor-element-08c26f9 e-flex e-con-boxed e-con e-parent\" data-id=\"08c26f9\" data-element_type=\"container\" data-e-type=\"container\">\n\t\t\t\t\t<div class=\"e-con-inner\">\n\t\t\t\t<div class=\"elementor-element elementor-element-a005a97 elementor-widget elementor-widget-text-editor\" data-id=\"a005a97\" data-element_type=\"widget\" data-e-type=\"widget\" data-widget_type=\"text-editor.default\">\n\t\t\t\t<div class=\"elementor-widget-container\">\n\t\t\t\t\t\t\t\t\t<p>L'aroma Aloe Raisin di Bang King 15000 offre un aroma fruttato autentico, moderatamente dolce, con un sapore rinfrescante e persistente, ideale per chi preferisce un gusto naturale e fresco. Se preferite un'esperienza di svapo non nauseante, leggermente rinfrescante e autenticamente fruttata, questo aroma Aloe Raisin merita sicuramente un'occhiata.<\/p><h2>Aroma d'uva - Nota principale<\/h2><p>Moderatamente dolce: a differenza di alcuni aromi di uva, l'aroma di uva dell'Bang King offre un aroma fruttato naturale con una leggera acidit\u00e0, pi\u00f9 vicino al gusto autentico dell'uva viola fresca.<\/p><p>Riccamente fruttato: fin dal primo sorso, il fumo offre un aroma ricco e succoso con sfumature distinte e una sensazione inebriante, che evoca la sensazione prorompente dell'uva appena schiacciata.<\/p><p>Liscio e morbido: la consistenza dell'uva nel fumo non irrita la gola, lasciando un finale setoso e persistente.<\/p><h2>Aroma di aloe vera: una nota sottile e distintiva<\/h2><p>Fresco erbaceo: l'Aloe vera emana un aroma erbaceo leggermente fresco, simile alla freschezza del cetriolo o del succo di canna da zucchero, aggiungendo un tocco di freschezza all'insieme.<\/p><p>Sottile, senza eccessi: l'aloe vera non maschera la nota dell'uva, ma compare tra l'inspirazione e l'espirazione, lubrificando e pulendo la bocca, lasciando un'esperienza gustativa pura e non grassa.<\/p><h2>Ricaricabile, design ecologico<\/h2><p>Grazie alla batteria ricaricabile USB-C integrata, riduce l'impatto ambientale delle sigarette elettroniche usa e getta. Gli utenti possono ricaricare rapidamente la batteria e riprendere l'uso in qualsiasi momento e ovunque, combinando praticit\u00e0 e durata. Questo design non solo consente di risparmiare denaro, ma \u00e8 anche rispettoso dell'ambiente.<\/p><p>Il modello Bang King 15000 Aloe Grape ha un design elegante ed ergonomico che garantisce una presa confortevole e una lunga durata. Il suo involucro leggero e i suoi colori moderni migliorano l'esperienza dell'utente, mostrando al contempo individualit\u00e0 e stile. L'involucro \u00e8 stato accuratamente trattato per garantire la resistenza all'usura e le propriet\u00e0 antiscivolo, combinando estetica e praticit\u00e0.<\/p><h2>e-liquido pre-riempito di grande capacit\u00e0<\/h2><p>Ogni Bang King 15000 Aloe Grape \u00e8 pre-riempita con 25 ml di e-liquid premium, una quantit\u00e0 significativamente maggiore rispetto alle sigarette elettroniche convenzionali, per un uso duraturo. L'e-liquid \u00e8 realizzato con ingredienti di alta qualit\u00e0 e offre una sensazione di morbidezza in gola e un'ampia variet\u00e0 di sapori, per una soddisfazione costante a ogni boccata.<\/p><h2>Sono disponibili diverse concentrazioni di nicotina<\/h2><p>L'Bang King 15000 Aloe Grape offre quattro livelli di sali di nicotina: 0 %, 2 %, 3 % e 5 %, per soddisfare le esigenze dei diversi vapers. L'opzione 0 % senza nicotina \u00e8 ideale per chi cerca un gusto pi\u00f9 puro, mentre l'opzione 5 % con nicotina offre un'esperienza soddisfacente per i fumatori abituali. Questa flessibilit\u00e0 significa che tutti possono trovare l'esperienza pi\u00f9 adatta a loro.<\/p><p>Una singola sigaretta elettronica Bang King 15000 offre fino a 15.000 boccate e la sua eccezionale autonomia consente di non dover sostituire frequentemente il dispositivo. Sia per l'uso quotidiano che in viaggio, questa sigaretta elettronica offre un comfort duraturo e semplifica le ricariche.<\/p><h2>Tecnologia di resistenza delle maglie<\/h2><p>Questa sigaretta elettronica \u00e8 dotata di una resistenza Mesh avanzata, che offre una nebulizzazione pi\u00f9 uniforme e un riscaldamento pi\u00f9 stabile rispetto alle resistenze tradizionali, garantendo un vapore omogeneo e autentico. La struttura Mesh prolunga inoltre la durata della resistenza e riduce gli odori di bruciato, assicurando una svapata di alta qualit\u00e0 a ogni boccata.<\/p><p>Compatto e leggero, il modello Bang King 15000 Aloe Grape \u00e8 facile da trasportare e si infila comodamente in tasca o nello zaino. Realizzato con materiali ad alta resistenza, \u00e8 resistente alle cadute e durevole, mantenendo il suo aspetto e le sue prestazioni anche in caso di uso quotidiano frequente.<\/p><h2>Batteria ricaricabile ad alta capacit\u00e0<\/h2><p>Dotato di una batteria integrata da circa 550 mAh, il modello Bang King 15000 offre un'autonomia impressionante. Grazie alla tecnologia di ricarica rapida USB-C, gli utenti possono ricaricare rapidamente il telefono, riducendo i tempi di attesa. Un sistema di gestione della batteria ottimizza il consumo energetico, garantendo un funzionamento stabile e duraturo.<\/p>\t\t\t\t\t\t\t\t<\/div>\n\t\t\t\t<\/div>\n\t\t\t\t\t<\/div>\n\t\t\t\t<\/div>\n\t\t\t\t<\/div>","protected":false},"excerpt":{"rendered":"<p>L&rsquo;ar\u00f4me Aloe Raisin du Bang King 15000 offre un ar\u00f4me fruit\u00e9 authentique et mod\u00e9r\u00e9ment sucr\u00e9, avec une saveur rafra\u00eechissante et persistante, id\u00e9al pour ceux qui pr\u00e9f\u00e8rent un go\u00fbt naturel et frais. Si vous pr\u00e9f\u00e9rez une exp\u00e9rience de vapotage non \u00e9coeurante, l\u00e9g\u00e8rement rafra\u00eechissante et authentiquement fruit\u00e9e, cet ar\u00f4me Aloe Raisin vaut vraiment le d\u00e9tour. Ar\u00f4me Raisin [&hellip;]<\/p>\n","protected":false},"featured_media":6234,"comment_status":"open","ping_status":"closed","template":"","meta":{"site-sidebar-layout":"no-sidebar","site-content-layout":"page-builder","ast-site-content-layout":"normal-width-container","site-content-style":"default","site-sidebar-style":"default","ast-global-header-display":"","ast-banner-title-visibility":"","ast-main-header-display":"","ast-hfb-above-header-display":"","ast-hfb-below-header-display":"","ast-hfb-mobile-header-display":"","site-post-title":"disabled","ast-breadcrumbs-content":"","ast-featured-img":"disabled","footer-sml-layout":"","theme-transparent-header-meta":"default","adv-header-id-meta":"","stick-header-meta":"default","header-above-stick-meta":"","header-main-stick-meta":"","header-below-stick-meta":"","astra-migrate-meta-layouts":"set","ast-page-background-enabled":"default","ast-page-background-meta":{"desktop":{"background-color":"","background-image":"","background-repeat":"repeat","background-position":"center center","background-size":"auto","background-attachment":"scroll","background-type":"","background-media":"","overlay-type":"","overlay-color":"","overlay-opacity":"","overlay-gradient":""},"tablet":{"background-color":"","background-image":"","background-repeat":"repeat","background-position":"center center","background-size":"auto","background-attachment":"scroll","background-type":"","background-media":"","overlay-type":"","overlay-color":"","overlay-opacity":"","overlay-gradient":""},"mobile":{"background-color":"","background-image":"","background-repeat":"repeat","background-position":"center center","background-size":"auto","background-attachment":"scroll","background-type":"","background-media":"","overlay-type":"","overlay-color":"","overlay-opacity":"","overlay-gradient":""}},"ast-content-background-meta":{"desktop":{"background-color":"var(--ast-global-color-5)","background-image":"","background-repeat":"repeat","background-position":"center center","background-size":"auto","background-attachment":"scroll","background-type":"","background-media":"","overlay-type":"","overlay-color":"","overlay-opacity":"","overlay-gradient":""},"tablet":{"background-color":"var(--ast-global-color-5)","background-image":"","background-repeat":"repeat","background-position":"center center","background-size":"auto","background-attachment":"scroll","background-type":"","background-media":"","overlay-type":"","overlay-color":"","overlay-opacity":"","overlay-gradient":""},"mobile":{"background-color":"var(--ast-global-color-5)","background-image":"","background-repeat":"repeat","background-position":"center center","background-size":"auto","background-attachment":"scroll","background-type":"","background-media":"","overlay-type":"","overlay-color":"","overlay-opacity":"","overlay-gradient":""}}},"product_brand":[52],"product_cat":[56,80,15],"product_tag":[],"class_list":{"0":"post-6522","1":"product","2":"type-product","3":"status-publish","4":"has-post-thumbnail","6":"product_brand-bang-king","7":"product_cat-bang-king-15000-est-equipee-dune-resistance-mesh-nouvelle-generation","8":"product_cat-puff-15k","9":"product_cat-magasin-cigarette-electronique","10":"desktop-align-center","11":"tablet-align-center","12":"mobile-align-center","13":"ast-product-gallery-layout-horizontal","14":"ast-product-gallery-with-no-image","15":"ast-product-single-variable","16":"ast-product-tabs-layout-horizontal","17":"ast-qv-on-image","19":"first","20":"instock","21":"sale","22":"shipping-taxable","23":"purchasable","24":"product-type-variable","25":"has-default-attributes"},"tiered_pricing_type":"fixed","tiered_pricing_fixed_rules":{"50":6.05,"100":5.59},"tiered_pricing_product_settings":{"layout":"default","base_unit_name":{"singular":null,"plural":null},"default_variation":null},"tiered_pricing_minimum_quantity":null,"tiered_pricing_roles_data":[],"tiered_pricing_percentage_rules":[],"_links":{"self":[{"href":"https:\/\/puffvapestore.com\/it\/wp-json\/wp\/v2\/product\/6522","targetHints":{"allow":["GET"]}}],"collection":[{"href":"https:\/\/puffvapestore.com\/it\/wp-json\/wp\/v2\/product"}],"about":[{"href":"https:\/\/puffvapestore.com\/it\/wp-json\/wp\/v2\/types\/product"}],"replies":[{"embeddable":true,"href":"https:\/\/puffvapestore.com\/it\/wp-json\/wp\/v2\/comments?post=6522"}],"version-history":[{"count":7,"href":"https:\/\/puffvapestore.com\/it\/wp-json\/wp\/v2\/product\/6522\/revisions"}],"predecessor-version":[{"id":6626,"href":"https:\/\/puffvapestore.com\/it\/wp-json\/wp\/v2\/product\/6522\/revisions\/6626"}],"wp:featuredmedia":[{"embeddable":true,"href":"https:\/\/puffvapestore.com\/it\/wp-json\/wp\/v2\/media\/6234"}],"wp:attachment":[{"href":"https:\/\/puffvapestore.com\/it\/wp-json\/wp\/v2\/media?parent=6522"}],"wp:term":[{"taxonomy":"product_brand","embeddable":true,"href":"https:\/\/puffvapestore.com\/it\/wp-json\/wp\/v2\/product_brand?post=6522"},{"taxonomy":"product_cat","embeddable":true,"href":"https:\/\/puffvapestore.com\/it\/wp-json\/wp\/v2\/product_cat?post=6522"},{"taxonomy":"product_tag","embeddable":true,"href":"https:\/\/puffvapestore.com\/it\/wp-json\/wp\/v2\/product_tag?post=6522"}],"curies":[{"name":"wp","href":"https:\/\/api.w.org\/{rel}","templated":true}]}}