{"id":6495,"date":"2025-08-11T06:11:27","date_gmt":"2025-08-11T06:11:27","guid":{"rendered":"https:\/\/puffvapestore.com\/?post_type=product&#038;p=6495"},"modified":"2026-01-19T10:52:39","modified_gmt":"2026-01-19T10:52:39","slug":"lush-ice-bang-king-15000-debordez-instantanement-daromes-rafraichissants","status":"publish","type":"product","link":"https:\/\/puffvapestore.com\/it\/product\/ghiaccio-lussureggiante-bang-king-15000-traboccano-immediatamente-di-aromi-rinfrescanti\/","title":{"rendered":"Ghiaccio brillante - Bang King 15K"},"content":{"rendered":"<div data-elementor-type=\"wp-post\" data-elementor-id=\"6495\" class=\"elementor elementor-6495\">\n\t\t\t\t<div class=\"elementor-element elementor-element-08c26f9 e-flex e-con-boxed e-con e-parent\" data-id=\"08c26f9\" data-element_type=\"container\" data-e-type=\"container\">\n\t\t\t\t\t<div class=\"e-con-inner\">\n\t\t\t\t<div class=\"elementor-element elementor-element-a005a97 elementor-widget elementor-widget-text-editor\" data-id=\"a005a97\" data-element_type=\"widget\" data-e-type=\"widget\" data-widget_type=\"text-editor.default\">\n\t\t\t\t<div class=\"elementor-widget-container\">\n\t\t\t\t\t\t\t\t\t<p>La sigaretta elettronica Bang King 15000 Lush Ice, con il suo design ergonomico, \u00e8 un vero gioiello di design. Non appena si aspira, l'aroma rinfrescante di anguria e menta leggera riempie immediatamente la bocca, offrendo una sottile dolcezza e una sensazione di freschezza e di ghiaccio, come il primo sorso di succo di anguria ghiacciato sulla costa meridionale della Francia in estate: rinfrescante e dissetante.<\/p><h2>Sapore dominante di anguria:<\/h2><p>Veramente fruttato: l'aroma di anguria di Bang King \u00e8 meno dolce di un dolce artificiale e ricorda pi\u00f9 un'anguria appena tagliata, con un tocco di frutta naturale.<\/p><p>Intenso aroma fruttato: una leggera nota di melone o cetriolo completa il sapore dell'anguria, creando una sensazione dolce e rinfrescante.<\/p><h2>Menta rinfrescante\/mentolo:<\/h2><p>Sensazione di freschezza percepibile ma non irritante: Offre una sottile sensazione di freschezza, come un cubetto di ghiaccio che si scioglie lentamente sulla lingua.<\/p><p>Retrogusto pulito: dopo l'espirazione, un fresco e puro aroma di menta permane sul palato, contribuendo a dissipare l'eccessiva dolcezza dei sapori fruttati e a bilanciare il profilo aromatico complessivo.<\/p><h2>Esperienza complessiva con Lush Ice :<\/h2><p>Il fumo \u00e8 morbido al palato, con una sensazione di morbidezza in gola: non irrita la gola, rendendolo ideale per un uso prolungato, soprattutto per chi preferisce un gusto rinfrescante.<\/p><p>Di lunga durata, non unge: nonostante la miscela fruttata e ghiacciata, l'effetto complessivo non \u00e8 n\u00e9 untuoso n\u00e9 eccessivo, rendendolo un aroma piacevole per tutti i giorni.<\/p><p>Finale lungo: un aroma rinfrescante e dolce, simile a una combinazione di succo di anguria e caramelle alla menta, persiste in gola e in bocca, lasciando una sensazione piacevolmente rinfrescante.<\/p><h2>Grande capacit\u00e0 di stoccaggio di e-liquid<\/h2><p>L'Bang King 15000 Lush Ice \u00e8 pre-riempito con 25 ml di e-liquid alla nicotina di alta qualit\u00e0, una capacit\u00e0 rara per prodotti simili. Questo garantisce una lunga durata e riduce la necessit\u00e0 di sostituire frequentemente il dispositivo.<\/p><p>Ogni sigaretta elettronica Bang King 15000 Lush Ice offre fino a 15.000 boccate, un numero di gran lunga superiore alla maggior parte delle sigarette elettroniche usa e getta presenti sul mercato, diventando cos\u00ec il punto di riferimento per l'autonomia ultra-lunga.<\/p><h2>Sono disponibili diversi dosaggi di nicotina<\/h2><p>Per soddisfare le preferenze degli utenti e le esigenze di smettere di fumare, Bang King 15000 Lush Ice \u00e8 disponibile in quattro dosaggi di sali di nicotina: 0 %, 2 %, 3 % e 5 %. Che vogliate smettere di fumare completamente o optare per un dosaggio pi\u00f9 elevato, troverete sicuramente l'opzione ideale.<\/p><p>Questa sigaretta elettronica utilizza una resistenza a rete di nuova generazione per un riscaldamento uniforme dell'e-liquid e una nebulizzazione efficiente. Rispetto alle resistenze tradizionali, offre una nebulizzazione pi\u00f9 fine, un sapore pi\u00f9 ricco e un volume di vapore maggiore, migliorando l'esperienza dell'utente.<\/p><h2>Design ecologico e ricaricabile<\/h2><p>\u00c8 dotato di una batteria integrata da 550 mAh con ricarica rapida tramite USB-C. Questo design ricaricabile ne prolunga notevolmente la durata ed \u00e8 pi\u00f9 ecologico rispetto ai dispositivi usa e getta, soddisfacendo le esigenze di sostenibilit\u00e0 degli utenti moderni.<\/p><p>Il modello Bang King 15000 Lush Ice ha un design ergonomico e un aspetto moderno. La sensazione, la consistenza e l'estetica riflettono l'attenzione all'esperienza dell'utente, combinando comfort e stile.<\/p><p>Nonostante le sue potenti funzioni e l'ampia capacit\u00e0 di stoccaggio, l'Bang King 15000 Lush Ice mantiene un design compatto e portatile, facile da trasportare e adatto a qualsiasi stile di vita. Inoltre, \u00e8 realizzato con materiali durevoli che lo rendono resistente alle cadute e di lunga durata, garantendo un utilizzo stabile a lungo termine.<\/p>\t\t\t\t\t\t\t\t<\/div>\n\t\t\t\t<\/div>\n\t\t\t\t\t<\/div>\n\t\t\t\t<\/div>\n\t\t\t\t<\/div>","protected":false},"excerpt":{"rendered":"<p>La cigarette \u00e9lectronique Lush Ice de Bang King 15000, au design ergonomique, est un v\u00e9ritable bijou de design. D\u00e8s l&rsquo;inhalation, l&rsquo;ar\u00f4me rafra\u00eechissant de past\u00e8que et de menthe l\u00e9g\u00e8re emplit instantan\u00e9ment votre bouche, offrant une douceur subtile et une sensation fra\u00eeche et glac\u00e9e, comme la premi\u00e8re gorg\u00e9e de jus de past\u00e8que glac\u00e9 sur la c\u00f4te sud [&hellip;]<\/p>","protected":false},"featured_media":6243,"comment_status":"open","ping_status":"closed","template":"","meta":{"site-sidebar-layout":"no-sidebar","site-content-layout":"page-builder","ast-site-content-layout":"normal-width-container","site-content-style":"default","site-sidebar-style":"default","ast-global-header-display":"","ast-banner-title-visibility":"","ast-main-header-display":"","ast-hfb-above-header-display":"","ast-hfb-below-header-display":"","ast-hfb-mobile-header-display":"","site-post-title":"disabled","ast-breadcrumbs-content":"","ast-featured-img":"disabled","footer-sml-layout":"","theme-transparent-header-meta":"default","adv-header-id-meta":"","stick-header-meta":"default","header-above-stick-meta":"","header-main-stick-meta":"","header-below-stick-meta":"","astra-migrate-meta-layouts":"set","ast-page-background-enabled":"default","ast-page-background-meta":{"desktop":{"background-color":"","background-image":"","background-repeat":"repeat","background-position":"center center","background-size":"auto","background-attachment":"scroll","background-type":"","background-media":"","overlay-type":"","overlay-color":"","overlay-opacity":"","overlay-gradient":""},"tablet":{"background-color":"","background-image":"","background-repeat":"repeat","background-position":"center center","background-size":"auto","background-attachment":"scroll","background-type":"","background-media":"","overlay-type":"","overlay-color":"","overlay-opacity":"","overlay-gradient":""},"mobile":{"background-color":"","background-image":"","background-repeat":"repeat","background-position":"center center","background-size":"auto","background-attachment":"scroll","background-type":"","background-media":"","overlay-type":"","overlay-color":"","overlay-opacity":"","overlay-gradient":""}},"ast-content-background-meta":{"desktop":{"background-color":"var(--ast-global-color-5)","background-image":"","background-repeat":"repeat","background-position":"center center","background-size":"auto","background-attachment":"scroll","background-type":"","background-media":"","overlay-type":"","overlay-color":"","overlay-opacity":"","overlay-gradient":""},"tablet":{"background-color":"var(--ast-global-color-5)","background-image":"","background-repeat":"repeat","background-position":"center center","background-size":"auto","background-attachment":"scroll","background-type":"","background-media":"","overlay-type":"","overlay-color":"","overlay-opacity":"","overlay-gradient":""},"mobile":{"background-color":"var(--ast-global-color-5)","background-image":"","background-repeat":"repeat","background-position":"center center","background-size":"auto","background-attachment":"scroll","background-type":"","background-media":"","overlay-type":"","overlay-color":"","overlay-opacity":"","overlay-gradient":""}}},"product_brand":[52],"product_cat":[56,80,15],"product_tag":[],"class_list":{"0":"post-6495","1":"product","2":"type-product","3":"status-publish","4":"has-post-thumbnail","6":"product_brand-bang-king","7":"product_cat-bang-king-15000-est-equipee-dune-resistance-mesh-nouvelle-generation","8":"product_cat-puff-15k","9":"product_cat-magasin-cigarette-electronique","10":"desktop-align-center","11":"tablet-align-center","12":"mobile-align-center","13":"ast-product-gallery-layout-horizontal","14":"ast-product-gallery-with-no-image","15":"ast-product-single-variable","16":"ast-product-tabs-layout-horizontal","17":"ast-qv-on-image","19":"first","20":"instock","21":"sale","22":"shipping-taxable","23":"purchasable","24":"product-type-variable","25":"has-default-attributes"},"tiered_pricing_type":"fixed","tiered_pricing_fixed_rules":{"50":6.05,"100":5.59},"tiered_pricing_product_settings":{"layout":"default","base_unit_name":{"singular":null,"plural":null},"default_variation":null},"tiered_pricing_minimum_quantity":null,"tiered_pricing_roles_data":[],"tiered_pricing_percentage_rules":[],"_links":{"self":[{"href":"https:\/\/puffvapestore.com\/it\/wp-json\/wp\/v2\/product\/6495","targetHints":{"allow":["GET"]}}],"collection":[{"href":"https:\/\/puffvapestore.com\/it\/wp-json\/wp\/v2\/product"}],"about":[{"href":"https:\/\/puffvapestore.com\/it\/wp-json\/wp\/v2\/types\/product"}],"replies":[{"embeddable":true,"href":"https:\/\/puffvapestore.com\/it\/wp-json\/wp\/v2\/comments?post=6495"}],"version-history":[{"count":11,"href":"https:\/\/puffvapestore.com\/it\/wp-json\/wp\/v2\/product\/6495\/revisions"}],"predecessor-version":[{"id":6627,"href":"https:\/\/puffvapestore.com\/it\/wp-json\/wp\/v2\/product\/6495\/revisions\/6627"}],"wp:featuredmedia":[{"embeddable":true,"href":"https:\/\/puffvapestore.com\/it\/wp-json\/wp\/v2\/media\/6243"}],"wp:attachment":[{"href":"https:\/\/puffvapestore.com\/it\/wp-json\/wp\/v2\/media?parent=6495"}],"wp:term":[{"taxonomy":"product_brand","embeddable":true,"href":"https:\/\/puffvapestore.com\/it\/wp-json\/wp\/v2\/product_brand?post=6495"},{"taxonomy":"product_cat","embeddable":true,"href":"https:\/\/puffvapestore.com\/it\/wp-json\/wp\/v2\/product_cat?post=6495"},{"taxonomy":"product_tag","embeddable":true,"href":"https:\/\/puffvapestore.com\/it\/wp-json\/wp\/v2\/product_tag?post=6495"}],"curies":[{"name":"wp","href":"https:\/\/api.w.org\/{rel}","templated":true}]}}