{"id":6484,"date":"2025-08-11T03:03:09","date_gmt":"2025-08-11T03:03:09","guid":{"rendered":"https:\/\/puffvapestore.com\/?post_type=product&#038;p=6484"},"modified":"2026-01-19T10:52:38","modified_gmt":"2026-01-19T10:52:38","slug":"cherry-pop-bang-king-15000-offre-une-saveur-sucree-acidulee-et-fruitee","status":"publish","type":"product","link":"https:\/\/puffvapestore.com\/it\/product\/il-cherry-pop-bang-king-15000-ha-un-sapore-dolce-acidulo-e-fruttato\/","title":{"rendered":"Cherry Pop - Bang King 15K"},"content":{"rendered":"<div data-elementor-type=\"wp-post\" data-elementor-id=\"6484\" class=\"elementor elementor-6484\">\n\t\t\t\t<div class=\"elementor-element elementor-element-08c26f9 e-flex e-con-boxed e-con e-parent\" data-id=\"08c26f9\" data-element_type=\"container\" data-e-type=\"container\">\n\t\t\t\t\t<div class=\"e-con-inner\">\n\t\t\t\t<div class=\"elementor-element elementor-element-a005a97 elementor-widget elementor-widget-text-editor\" data-id=\"a005a97\" data-element_type=\"widget\" data-e-type=\"widget\" data-widget_type=\"text-editor.default\">\n\t\t\t\t<div class=\"elementor-widget-container\">\n\t\t\t\t\t\t\t\t\t<p>Cherry Pop non \u00e8 un gusto fruttato ordinario. Ricorda una torta alla ciliegia appena tagliata in una pasticceria parigina, addolcita da una leggera acidit\u00e0. Non appena il fumo entra in bocca, si sente il succo di ciliegia frizzare delicatamente sulla lingua. Rispetto al gusto tradizionale e monotono del tabacco, questo aroma offre un piacere indescrivibile agli europei che vanno di fretta, come una pausa dalla vita lungo la Senna.<\/p><p>Cherry Pop \u00e8 una miscela dolce, aspra e fruttata con una nota di soda rinfrescante, pensata per ricreare l'energia rinfrescante che si prova aprendo una lattina di soda alla ciliegia ghiacciata.<\/p><h2>Sapore principale: ciliegia matura<\/h2><p>Il sapore \u00e8 corposo, con aromi di amarena e una consistenza carnosa.<\/p><p>Un leggero tocco di ciliegia candita in un vino dolce ne esalta la ricchezza.<\/p><p>L'aroma fruttato esplode immediatamente al primo respiro, creando una sensazione di \u00absucco d'arancia\u00bb.<\/p><h2>Sapore secondario : Soda frizzante<\/h2><p>Il sapore ha una consistenza distinta, che ricorda quella di una soda ghiacciata.<\/p><p>Questa sensazione frizzante non \u00e8 aggressiva in gola, ma piuttosto una sensazione di microbolle ghiacciate in bocca, che crea un mix rinfrescante e gustoso.<\/p><h2>Dolcezza e acidit\u00e0 equilibrate<\/h2><p>La dolcezza di Cherry Pop \u00e8 elevata, senza essere troppo sciropposa, con una dolcezza croccante.<\/p><p>La sottile acidit\u00e0 (simile a quella del limone) aggiunge profondit\u00e0 ed evita sensazioni stucchevoli.<\/p><h2>Finale e retrogusto<\/h2><p>Il sapore di ciliegia persiste nell'espirazione, con un tocco rinfrescante di soda.<\/p><p>Il sapore rimane fresco anche dopo diverse boccate, evitando l'affaticamento del palato.<\/p><h2>Grande capacit\u00e0 di stoccaggio di e-liquid<\/h2><p>L'Bang King 15000 Cherry Pop \u00e8 pre-riempito con 25 ml di e-liquid alla nicotina di alta qualit\u00e0, una capacit\u00e0 rara per prodotti simili. Questo garantisce una lunga durata e riduce la necessit\u00e0 di sostituire frequentemente il dispositivo.<\/p><p>Ogni sigaretta elettronica Bang King 15000 Cherry Pop offre fino a 15.000 boccate, un numero di gran lunga superiore alla maggior parte delle sigarette elettroniche usa e getta presenti sul mercato, diventando cos\u00ec il punto di riferimento per l'autonomia ultra-lunga.<\/p><h2>Sono disponibili diversi dosaggi di nicotina<\/h2><p>Per soddisfare le preferenze degli utenti e le loro esigenze di smettere di fumare, Bang King 15000 Cherry Pop \u00e8 disponibile in quattro dosaggi di sale di nicotina: 0 %, 2 %, 3 % e 5 %. Sia che vogliate smettere di fumare completamente o optare per un dosaggio pi\u00f9 elevato, troverete sicuramente l'opzione ideale.<\/p><p>Questa sigaretta elettronica utilizza una resistenza a rete di nuova generazione per un riscaldamento uniforme dell'e-liquid e una nebulizzazione efficiente. Rispetto alle resistenze tradizionali, offre una nebulizzazione pi\u00f9 fine, un sapore pi\u00f9 ricco e un volume di vapore maggiore, migliorando l'esperienza dell'utente.<\/p><h2>Design ecologico e ricaricabile<\/h2><p>\u00c8 dotato di una batteria integrata da 550 mAh con ricarica rapida tramite USB-C. Questo design ricaricabile ne prolunga notevolmente la durata ed \u00e8 pi\u00f9 ecologico rispetto ai dispositivi usa e getta, soddisfacendo le esigenze di sostenibilit\u00e0 degli utenti moderni.<\/p><p>Il modello Bang King 15000 Cherry Pop ha un design ergonomico e un aspetto moderno. La sensazione, la consistenza e l'estetica riflettono l'attenzione all'esperienza dell'utente, combinando comfort e stile.<\/p><p>Nonostante le potenti funzioni e l'ampia capacit\u00e0 di archiviazione, il Cherry Pop Bang King 15000 mantiene un design compatto e portatile, facile da trasportare e adatto a tutti gli stili di vita. Inoltre, \u00e8 realizzato con materiali durevoli, resistenti alle cadute e di lunga durata, per garantire un uso stabile e duraturo.<\/p>\t\t\t\t\t\t\t\t<\/div>\n\t\t\t\t<\/div>\n\t\t\t\t\t<\/div>\n\t\t\t\t<\/div>\n\t\t\t\t<\/div>","protected":false},"excerpt":{"rendered":"<p>La Cherry Pop n&rsquo;est pas une saveur fruit\u00e9e ordinaire. Elle \u00e9voque un g\u00e2teau aux cerises fra\u00eechement coup\u00e9, sorti d&rsquo;une p\u00e2tisserie parisienne, sucr\u00e9 avec une l\u00e9g\u00e8re acidit\u00e9. D\u00e8s que la fum\u00e9e entre en bouche, vous sentez le jus de cerise p\u00e9tiller doucement sur votre langue. Compar\u00e9e \u00e0 la saveur traditionnelle et monotone du tabac, cette saveur [&hellip;]<\/p>\n","protected":false},"featured_media":6237,"comment_status":"open","ping_status":"closed","template":"","meta":{"site-sidebar-layout":"no-sidebar","site-content-layout":"page-builder","ast-site-content-layout":"normal-width-container","site-content-style":"default","site-sidebar-style":"default","ast-global-header-display":"","ast-banner-title-visibility":"","ast-main-header-display":"","ast-hfb-above-header-display":"","ast-hfb-below-header-display":"","ast-hfb-mobile-header-display":"","site-post-title":"disabled","ast-breadcrumbs-content":"","ast-featured-img":"disabled","footer-sml-layout":"","theme-transparent-header-meta":"default","adv-header-id-meta":"","stick-header-meta":"default","header-above-stick-meta":"","header-main-stick-meta":"","header-below-stick-meta":"","astra-migrate-meta-layouts":"set","ast-page-background-enabled":"default","ast-page-background-meta":{"desktop":{"background-color":"","background-image":"","background-repeat":"repeat","background-position":"center center","background-size":"auto","background-attachment":"scroll","background-type":"","background-media":"","overlay-type":"","overlay-color":"","overlay-opacity":"","overlay-gradient":""},"tablet":{"background-color":"","background-image":"","background-repeat":"repeat","background-position":"center center","background-size":"auto","background-attachment":"scroll","background-type":"","background-media":"","overlay-type":"","overlay-color":"","overlay-opacity":"","overlay-gradient":""},"mobile":{"background-color":"","background-image":"","background-repeat":"repeat","background-position":"center center","background-size":"auto","background-attachment":"scroll","background-type":"","background-media":"","overlay-type":"","overlay-color":"","overlay-opacity":"","overlay-gradient":""}},"ast-content-background-meta":{"desktop":{"background-color":"var(--ast-global-color-5)","background-image":"","background-repeat":"repeat","background-position":"center center","background-size":"auto","background-attachment":"scroll","background-type":"","background-media":"","overlay-type":"","overlay-color":"","overlay-opacity":"","overlay-gradient":""},"tablet":{"background-color":"var(--ast-global-color-5)","background-image":"","background-repeat":"repeat","background-position":"center center","background-size":"auto","background-attachment":"scroll","background-type":"","background-media":"","overlay-type":"","overlay-color":"","overlay-opacity":"","overlay-gradient":""},"mobile":{"background-color":"var(--ast-global-color-5)","background-image":"","background-repeat":"repeat","background-position":"center center","background-size":"auto","background-attachment":"scroll","background-type":"","background-media":"","overlay-type":"","overlay-color":"","overlay-opacity":"","overlay-gradient":""}}},"product_brand":[52],"product_cat":[56,80,15],"product_tag":[],"class_list":{"0":"post-6484","1":"product","2":"type-product","3":"status-publish","4":"has-post-thumbnail","6":"product_brand-bang-king","7":"product_cat-bang-king-15000-est-equipee-dune-resistance-mesh-nouvelle-generation","8":"product_cat-puff-15k","9":"product_cat-magasin-cigarette-electronique","10":"desktop-align-center","11":"tablet-align-center","12":"mobile-align-center","13":"ast-product-gallery-layout-horizontal","14":"ast-product-gallery-with-no-image","15":"ast-product-single-variable","16":"ast-product-tabs-layout-horizontal","17":"ast-qv-on-image","19":"first","20":"instock","21":"sale","22":"shipping-taxable","23":"purchasable","24":"product-type-variable","25":"has-default-attributes"},"tiered_pricing_type":"fixed","tiered_pricing_fixed_rules":{"50":6.05,"100":5.59},"tiered_pricing_product_settings":{"layout":"default","base_unit_name":{"singular":null,"plural":null},"default_variation":null},"tiered_pricing_minimum_quantity":null,"tiered_pricing_roles_data":[],"tiered_pricing_percentage_rules":[],"_links":{"self":[{"href":"https:\/\/puffvapestore.com\/it\/wp-json\/wp\/v2\/product\/6484","targetHints":{"allow":["GET"]}}],"collection":[{"href":"https:\/\/puffvapestore.com\/it\/wp-json\/wp\/v2\/product"}],"about":[{"href":"https:\/\/puffvapestore.com\/it\/wp-json\/wp\/v2\/types\/product"}],"replies":[{"embeddable":true,"href":"https:\/\/puffvapestore.com\/it\/wp-json\/wp\/v2\/comments?post=6484"}],"version-history":[{"count":7,"href":"https:\/\/puffvapestore.com\/it\/wp-json\/wp\/v2\/product\/6484\/revisions"}],"predecessor-version":[{"id":6628,"href":"https:\/\/puffvapestore.com\/it\/wp-json\/wp\/v2\/product\/6484\/revisions\/6628"}],"wp:featuredmedia":[{"embeddable":true,"href":"https:\/\/puffvapestore.com\/it\/wp-json\/wp\/v2\/media\/6237"}],"wp:attachment":[{"href":"https:\/\/puffvapestore.com\/it\/wp-json\/wp\/v2\/media?parent=6484"}],"wp:term":[{"taxonomy":"product_brand","embeddable":true,"href":"https:\/\/puffvapestore.com\/it\/wp-json\/wp\/v2\/product_brand?post=6484"},{"taxonomy":"product_cat","embeddable":true,"href":"https:\/\/puffvapestore.com\/it\/wp-json\/wp\/v2\/product_cat?post=6484"},{"taxonomy":"product_tag","embeddable":true,"href":"https:\/\/puffvapestore.com\/it\/wp-json\/wp\/v2\/product_tag?post=6484"}],"curies":[{"name":"wp","href":"https:\/\/api.w.org\/{rel}","templated":true}]}}