{"id":6473,"date":"2025-08-05T08:11:49","date_gmt":"2025-08-05T08:11:49","guid":{"rendered":"https:\/\/puffvapestore.com\/?post_type=product&#038;p=6473"},"modified":"2026-01-19T10:52:38","modified_gmt":"2026-01-19T10:52:38","slug":"cotton-candy-bang-king-15000-cree-une-base-douce-et-sucree","status":"publish","type":"product","link":"https:\/\/puffvapestore.com\/it\/product\/zucchero-filato-bang-king-15000-crea-una-base-morbida-e-dolce\/","title":{"rendered":"Zucchero filato - Bang King 15000"},"content":{"rendered":"<div data-elementor-type=\"wp-post\" data-elementor-id=\"6473\" class=\"elementor elementor-6473\">\n\t\t\t\t<div class=\"elementor-element elementor-element-08c26f9 e-flex e-con-boxed e-con e-parent\" data-id=\"08c26f9\" data-element_type=\"container\" data-e-type=\"container\">\n\t\t\t\t\t<div class=\"e-con-inner\">\n\t\t\t\t<div class=\"elementor-element elementor-element-a005a97 elementor-widget elementor-widget-text-editor\" data-id=\"a005a97\" data-element_type=\"widget\" data-e-type=\"widget\" data-widget_type=\"text-editor.default\">\n\t\t\t\t<div class=\"elementor-widget-container\">\n\t\t\t\t\t\t\t\t\t<p>Una boccata della sigaretta elettronica Bang King 15000 Cotton Candy e la resistenza a rete riscalda un vapore delicato, come un luna park in miniatura. Una nota leggermente dolce, come lo zucchero filato rosa di un parco divertimenti parigino, si diffonde lentamente tra il naso e le papille gustative.<\/p><h2>Nota di testa : Dolce e arioso<\/h2><p>All'inalazione, la prima nota \u00e8 la classica dolcezza ariosa dello zucchero filato, come fili di zucchero di canna che si sciolgono delicatamente sulla lingua, dolce senza essere stucchevole.<\/p><p>Un tocco di sciroppo di vaniglia aggiunge una base morbida e dolce.<\/p><h2>Nota di cuore: Delicata transizione lattiginosa<\/h2><p>Dopo la dolcezza, emerge una delicata nota lattiginosa, senza essere preponderante, che ricorda piuttosto un leggero aroma di latte mescolato a latte in polvere e saccarina, ammorbidendo la dolcezza.<\/p><h2>Nota di fondo: Finale dolce<\/h2><p>L'espirazione lascia un sottile aroma di zucchero caramellato con un leggero retrogusto di caramella mou.<\/p><p>Il finale \u00e8 lungo, senza essere eccessivo. Persiste delicatamente sul palato, come il retrogusto di un piccolo dolce.<\/p><h2>Grande capacit\u00e0 di stoccaggio di e-liquid<\/h2><p>Il modello Bang King 15000 Cotton Candy \u00e8 pre-riempito con 25 ml di e-liquid alla nicotina di alta qualit\u00e0, una capacit\u00e0 rara per prodotti simili. Questo garantisce una lunga durata e riduce la necessit\u00e0 di sostituire frequentemente il dispositivo.<\/p><p>Ogni sigaretta elettronica Bang King 15000 Cotton Candy offre fino a 15.000 boccate, un numero di gran lunga superiore alla maggior parte delle sigarette elettroniche usa e getta presenti sul mercato, diventando cos\u00ec il punto di riferimento per l'autonomia ultra-lunga.<\/p><h2>Sono disponibili diversi dosaggi di nicotina<\/h2><p>Per soddisfare le preferenze degli utenti e le loro esigenze di smettere di fumare, la Bang King 15000 \u00e8 disponibile in quattro dosaggi di sale di nicotina: 0 %, 2 %, 3 % e 5 %. Che vogliate smettere di fumare completamente o optare per un dosaggio pi\u00f9 elevato, troverete sicuramente l'opzione ideale.<\/p><p>Questa sigaretta elettronica utilizza una resistenza a rete di nuova generazione per un riscaldamento uniforme dell'e-liquid e una nebulizzazione efficiente. Rispetto alle resistenze tradizionali, offre una nebulizzazione pi\u00f9 fine, un sapore pi\u00f9 ricco e un volume di vapore maggiore, migliorando l'esperienza dell'utente.<\/p><h2>Design ecologico e ricaricabile<\/h2><p>\u00c8 dotato di una batteria integrata da 550 mAh con ricarica rapida tramite USB-C. Questo design ricaricabile ne prolunga notevolmente la durata ed \u00e8 pi\u00f9 ecologico rispetto ai dispositivi usa e getta, soddisfacendo le esigenze di sostenibilit\u00e0 degli utenti moderni.<\/p><p>Il modello Bang King 15000 Cotton Candy ha un design ergonomico e un aspetto moderno. La sensazione, la consistenza e l'estetica riflettono l'attenzione all'esperienza dell'utente, combinando comfort e stile.<\/p><p>Nonostante le potenti funzioni e l'ampia capacit\u00e0 di archiviazione, l'Bang King 15000 Cotton Candy mantiene un design compatto e portatile, facile da trasportare e adatto a qualsiasi stile di vita. Inoltre, \u00e8 realizzato con materiali durevoli che lo rendono resistente alle cadute e di lunga durata, garantendo un utilizzo stabile a lungo termine.<\/p>\t\t\t\t\t\t\t\t<\/div>\n\t\t\t\t<\/div>\n\t\t\t\t\t<\/div>\n\t\t\t\t<\/div>\n\t\t\t\t<\/div>","protected":false},"excerpt":{"rendered":"<p>Prenez une bouff\u00e9e de la cigarette \u00e9lectronique Bang King 15000 Barbe \u00e0 papa et la r\u00e9sistance mesh chauffe une vapeur d\u00e9licate, telle une f\u00eate foraine miniature. Une l\u00e9g\u00e8re note sucr\u00e9e, telle la barbe \u00e0 papa rose d&rsquo;un parc d&rsquo;attractions parisien, se diffuse lentement entre votre nez et vos papilles. Note de t\u00eate\u00a0: Sucr\u00e9 et a\u00e9rien [&hellip;]<\/p>","protected":false},"featured_media":6239,"comment_status":"open","ping_status":"closed","template":"","meta":{"site-sidebar-layout":"no-sidebar","site-content-layout":"page-builder","ast-site-content-layout":"normal-width-container","site-content-style":"default","site-sidebar-style":"default","ast-global-header-display":"","ast-banner-title-visibility":"","ast-main-header-display":"","ast-hfb-above-header-display":"","ast-hfb-below-header-display":"","ast-hfb-mobile-header-display":"","site-post-title":"disabled","ast-breadcrumbs-content":"","ast-featured-img":"disabled","footer-sml-layout":"","theme-transparent-header-meta":"default","adv-header-id-meta":"","stick-header-meta":"default","header-above-stick-meta":"","header-main-stick-meta":"","header-below-stick-meta":"","astra-migrate-meta-layouts":"set","ast-page-background-enabled":"default","ast-page-background-meta":{"desktop":{"background-color":"","background-image":"","background-repeat":"repeat","background-position":"center center","background-size":"auto","background-attachment":"scroll","background-type":"","background-media":"","overlay-type":"","overlay-color":"","overlay-opacity":"","overlay-gradient":""},"tablet":{"background-color":"","background-image":"","background-repeat":"repeat","background-position":"center center","background-size":"auto","background-attachment":"scroll","background-type":"","background-media":"","overlay-type":"","overlay-color":"","overlay-opacity":"","overlay-gradient":""},"mobile":{"background-color":"","background-image":"","background-repeat":"repeat","background-position":"center center","background-size":"auto","background-attachment":"scroll","background-type":"","background-media":"","overlay-type":"","overlay-color":"","overlay-opacity":"","overlay-gradient":""}},"ast-content-background-meta":{"desktop":{"background-color":"var(--ast-global-color-5)","background-image":"","background-repeat":"repeat","background-position":"center center","background-size":"auto","background-attachment":"scroll","background-type":"","background-media":"","overlay-type":"","overlay-color":"","overlay-opacity":"","overlay-gradient":""},"tablet":{"background-color":"var(--ast-global-color-5)","background-image":"","background-repeat":"repeat","background-position":"center center","background-size":"auto","background-attachment":"scroll","background-type":"","background-media":"","overlay-type":"","overlay-color":"","overlay-opacity":"","overlay-gradient":""},"mobile":{"background-color":"var(--ast-global-color-5)","background-image":"","background-repeat":"repeat","background-position":"center center","background-size":"auto","background-attachment":"scroll","background-type":"","background-media":"","overlay-type":"","overlay-color":"","overlay-opacity":"","overlay-gradient":""}}},"product_brand":[52],"product_cat":[56,80,15],"product_tag":[],"class_list":{"0":"post-6473","1":"product","2":"type-product","3":"status-publish","4":"has-post-thumbnail","6":"product_brand-bang-king","7":"product_cat-bang-king-15000-est-equipee-dune-resistance-mesh-nouvelle-generation","8":"product_cat-puff-15k","9":"product_cat-magasin-cigarette-electronique","10":"desktop-align-center","11":"tablet-align-center","12":"mobile-align-center","13":"ast-product-gallery-layout-horizontal","14":"ast-product-gallery-with-no-image","15":"ast-product-single-variable","16":"ast-product-tabs-layout-horizontal","17":"ast-qv-on-image","19":"first","20":"instock","21":"sale","22":"shipping-taxable","23":"purchasable","24":"product-type-variable","25":"has-default-attributes"},"tiered_pricing_type":"fixed","tiered_pricing_fixed_rules":{"50":6.05,"100":5.59},"tiered_pricing_product_settings":{"layout":"default","base_unit_name":{"singular":null,"plural":null},"default_variation":null},"tiered_pricing_minimum_quantity":null,"tiered_pricing_roles_data":[],"tiered_pricing_percentage_rules":[],"_links":{"self":[{"href":"https:\/\/puffvapestore.com\/it\/wp-json\/wp\/v2\/product\/6473","targetHints":{"allow":["GET"]}}],"collection":[{"href":"https:\/\/puffvapestore.com\/it\/wp-json\/wp\/v2\/product"}],"about":[{"href":"https:\/\/puffvapestore.com\/it\/wp-json\/wp\/v2\/types\/product"}],"replies":[{"embeddable":true,"href":"https:\/\/puffvapestore.com\/it\/wp-json\/wp\/v2\/comments?post=6473"}],"version-history":[{"count":6,"href":"https:\/\/puffvapestore.com\/it\/wp-json\/wp\/v2\/product\/6473\/revisions"}],"predecessor-version":[{"id":6483,"href":"https:\/\/puffvapestore.com\/it\/wp-json\/wp\/v2\/product\/6473\/revisions\/6483"}],"wp:featuredmedia":[{"embeddable":true,"href":"https:\/\/puffvapestore.com\/it\/wp-json\/wp\/v2\/media\/6239"}],"wp:attachment":[{"href":"https:\/\/puffvapestore.com\/it\/wp-json\/wp\/v2\/media?parent=6473"}],"wp:term":[{"taxonomy":"product_brand","embeddable":true,"href":"https:\/\/puffvapestore.com\/it\/wp-json\/wp\/v2\/product_brand?post=6473"},{"taxonomy":"product_cat","embeddable":true,"href":"https:\/\/puffvapestore.com\/it\/wp-json\/wp\/v2\/product_cat?post=6473"},{"taxonomy":"product_tag","embeddable":true,"href":"https:\/\/puffvapestore.com\/it\/wp-json\/wp\/v2\/product_tag?post=6473"}],"curies":[{"name":"wp","href":"https:\/\/api.w.org\/{rel}","templated":true}]}}