{"id":6458,"date":"2025-08-05T05:55:26","date_gmt":"2025-08-05T05:55:26","guid":{"rendered":"https:\/\/puffvapestore.com\/?post_type=product&#038;p=6458"},"modified":"2026-01-19T10:52:38","modified_gmt":"2026-01-19T10:52:38","slug":"peach-mango-bang-king-15k-vous-offre-une-touche-de-soleil-tropical","status":"publish","type":"product","link":"https:\/\/puffvapestore.com\/it\/product\/pesca-mango-bang-king-15k-vi-regala-un-tocco-di-sole-tropicale\/","title":{"rendered":"Pesca Mango - Bang King 15000"},"content":{"rendered":"<div data-elementor-type=\"wp-post\" data-elementor-id=\"6458\" class=\"elementor elementor-6458\">\n\t\t\t\t<div class=\"elementor-element elementor-element-08c26f9 e-flex e-con-boxed e-con e-parent\" data-id=\"08c26f9\" data-element_type=\"container\" data-e-type=\"container\">\n\t\t\t\t\t<div class=\"e-con-inner\">\n\t\t\t\t<div class=\"elementor-element elementor-element-a005a97 elementor-widget elementor-widget-text-editor\" data-id=\"a005a97\" data-element_type=\"widget\" data-e-type=\"widget\" data-widget_type=\"text-editor.default\">\n\t\t\t\t<div class=\"elementor-widget-container\">\n\t\t\t\t\t\t\t\t\t<p>Il gusto Peach Mango di Bang King 15000 offre una miscela perfetta di dolcezza tropicale ed eleganza francese. Fin dalla prima boccata, l'aroma morbido della pesca sboccia sul palato, seguito da un ricco sapore di mango, che porta un tocco di sole tropicale.<\/p><p>Tenendo in mano la Bang King 15000, si fa una leggera tirata, espirando una boccata di fumo dai dolci aromi di pesca e mango, che si dissipa lentamente, sembrando rallentare il ritmo frenetico della citt\u00e0 moderna.<\/p><p>Caratteristiche della pesca: all'inalazione, la prima sensazione \u00e8 il dolce aroma di pesche bianche mature, morbide e succose, con un sapore fruttato naturale simile alla polpa di pesche gialle o bianche appena tagliate.<\/p><p>Caratteristiche del mango: dopo l'aroma di pesca, il sapore del mango emerge lentamente, orientandosi verso un mango Alphonso maturo, con una consistenza leggermente lattiginosa e un aroma ricco e dolce di frutta tropicale.<\/p><p>Equilibrio agrodolce: il sapore del mango ha una leggera acidit\u00e0 che bilancia la dolcezza della pesca, aggiungendo profondit\u00e0 al gusto senza essere monotono.<\/p><h2>Grande capacit\u00e0 di stoccaggio di e-liquid<\/h2><p>Il modello Bang King 15000 \u00e8 pre-riempito con 25 ml di e-liquid alla nicotina di alta qualit\u00e0, una capacit\u00e0 rara per prodotti simili. Questo garantisce una lunga durata e riduce la necessit\u00e0 di sostituire frequentemente il dispositivo.<\/p><p>Ogni sigaretta elettronica Bang King 15000 offre fino a 15.000 boccate, un numero di gran lunga superiore alla maggior parte delle sigarette elettroniche usa e getta presenti sul mercato, diventando cos\u00ec il punto di riferimento per l'autonomia ultra-lunga.<\/p><h2>Sono disponibili diversi dosaggi di nicotina<\/h2><p>Per soddisfare le preferenze degli utenti e le loro esigenze di smettere di fumare, la Bang King 15000 \u00e8 disponibile in quattro dosaggi di sale di nicotina: 0 %, 2 %, 3 % e 5 %. Che vogliate smettere di fumare completamente o optare per un dosaggio pi\u00f9 elevato, troverete sicuramente l'opzione ideale.<\/p><p>Questa sigaretta elettronica utilizza una resistenza a rete di nuova generazione per un riscaldamento uniforme dell'e-liquid e una nebulizzazione efficiente. Rispetto alle resistenze tradizionali, offre una nebulizzazione pi\u00f9 fine, un sapore pi\u00f9 ricco e un volume di vapore maggiore, migliorando l'esperienza dell'utente.<\/p><h2>Design ecologico e ricaricabile<\/h2><p>\u00c8 dotato di una batteria integrata da 550 mAh con ricarica rapida tramite USB-C. Questo design ricaricabile ne prolunga notevolmente la durata ed \u00e8 pi\u00f9 ecologico rispetto ai dispositivi usa e getta, soddisfacendo le esigenze di sostenibilit\u00e0 degli utenti moderni.<\/p><p>Il modello Bang King 15000 ha un design ergonomico e un'estetica moderna. La sensazione, la consistenza e l'estetica riflettono l'attenzione all'esperienza dell'utente, combinando comfort e stile.<\/p><p>Nonostante le potenti funzioni e l'ampia capacit\u00e0 di archiviazione, il modello Bang King 15000 mantiene un design compatto e portatile, facile da trasportare e adatto a qualsiasi stile di vita. Inoltre, \u00e8 realizzato con materiali durevoli, resistenti alle cadute e di lunga durata, per garantire un uso stabile e duraturo.<\/p>\t\t\t\t\t\t\t\t<\/div>\n\t\t\t\t<\/div>\n\t\t\t\t\t<\/div>\n\t\t\t\t<\/div>\n\t\t\t\t<\/div>","protected":false},"excerpt":{"rendered":"<p>La saveur P\u00eache Mangue du Bang King 15000 offre un m\u00e9lange parfait de douceur tropicale et d&rsquo;\u00e9l\u00e9gance fran\u00e7aise. D\u00e8s la premi\u00e8re bouff\u00e9e, l&rsquo;ar\u00f4me onctueux de la p\u00eache s&rsquo;\u00e9panouit en bouche, suivi d&rsquo;une riche saveur de mangue, apportant une touche de soleil tropical. En tenant le Bang King 15000 en main, vous prenez une l\u00e9g\u00e8re bouff\u00e9e, [&hellip;]<\/p>\n","protected":false},"featured_media":6245,"comment_status":"open","ping_status":"closed","template":"","meta":{"site-sidebar-layout":"no-sidebar","site-content-layout":"page-builder","ast-site-content-layout":"normal-width-container","site-content-style":"default","site-sidebar-style":"default","ast-global-header-display":"","ast-banner-title-visibility":"","ast-main-header-display":"","ast-hfb-above-header-display":"","ast-hfb-below-header-display":"","ast-hfb-mobile-header-display":"","site-post-title":"disabled","ast-breadcrumbs-content":"","ast-featured-img":"disabled","footer-sml-layout":"","theme-transparent-header-meta":"default","adv-header-id-meta":"","stick-header-meta":"default","header-above-stick-meta":"","header-main-stick-meta":"","header-below-stick-meta":"","astra-migrate-meta-layouts":"set","ast-page-background-enabled":"default","ast-page-background-meta":{"desktop":{"background-color":"","background-image":"","background-repeat":"repeat","background-position":"center center","background-size":"auto","background-attachment":"scroll","background-type":"","background-media":"","overlay-type":"","overlay-color":"","overlay-opacity":"","overlay-gradient":""},"tablet":{"background-color":"","background-image":"","background-repeat":"repeat","background-position":"center center","background-size":"auto","background-attachment":"scroll","background-type":"","background-media":"","overlay-type":"","overlay-color":"","overlay-opacity":"","overlay-gradient":""},"mobile":{"background-color":"","background-image":"","background-repeat":"repeat","background-position":"center center","background-size":"auto","background-attachment":"scroll","background-type":"","background-media":"","overlay-type":"","overlay-color":"","overlay-opacity":"","overlay-gradient":""}},"ast-content-background-meta":{"desktop":{"background-color":"var(--ast-global-color-5)","background-image":"","background-repeat":"repeat","background-position":"center center","background-size":"auto","background-attachment":"scroll","background-type":"","background-media":"","overlay-type":"","overlay-color":"","overlay-opacity":"","overlay-gradient":""},"tablet":{"background-color":"var(--ast-global-color-5)","background-image":"","background-repeat":"repeat","background-position":"center center","background-size":"auto","background-attachment":"scroll","background-type":"","background-media":"","overlay-type":"","overlay-color":"","overlay-opacity":"","overlay-gradient":""},"mobile":{"background-color":"var(--ast-global-color-5)","background-image":"","background-repeat":"repeat","background-position":"center center","background-size":"auto","background-attachment":"scroll","background-type":"","background-media":"","overlay-type":"","overlay-color":"","overlay-opacity":"","overlay-gradient":""}}},"product_brand":[52],"product_cat":[56,80,15],"product_tag":[],"class_list":{"0":"post-6458","1":"product","2":"type-product","3":"status-publish","4":"has-post-thumbnail","6":"product_brand-bang-king","7":"product_cat-bang-king-15000-est-equipee-dune-resistance-mesh-nouvelle-generation","8":"product_cat-puff-15k","9":"product_cat-magasin-cigarette-electronique","10":"desktop-align-center","11":"tablet-align-center","12":"mobile-align-center","13":"ast-product-gallery-layout-horizontal","14":"ast-product-gallery-with-no-image","15":"ast-product-single-variable","16":"ast-product-tabs-layout-horizontal","17":"ast-qv-on-image","19":"first","20":"instock","21":"sale","22":"shipping-taxable","23":"purchasable","24":"product-type-variable","25":"has-default-attributes"},"tiered_pricing_type":"fixed","tiered_pricing_fixed_rules":{"50":6.05,"100":5.59},"tiered_pricing_product_settings":{"layout":"default","base_unit_name":{"singular":null,"plural":null},"default_variation":null},"tiered_pricing_minimum_quantity":null,"tiered_pricing_roles_data":[],"tiered_pricing_percentage_rules":[],"_links":{"self":[{"href":"https:\/\/puffvapestore.com\/it\/wp-json\/wp\/v2\/product\/6458","targetHints":{"allow":["GET"]}}],"collection":[{"href":"https:\/\/puffvapestore.com\/it\/wp-json\/wp\/v2\/product"}],"about":[{"href":"https:\/\/puffvapestore.com\/it\/wp-json\/wp\/v2\/types\/product"}],"replies":[{"embeddable":true,"href":"https:\/\/puffvapestore.com\/it\/wp-json\/wp\/v2\/comments?post=6458"}],"version-history":[{"count":6,"href":"https:\/\/puffvapestore.com\/it\/wp-json\/wp\/v2\/product\/6458\/revisions"}],"predecessor-version":[{"id":6468,"href":"https:\/\/puffvapestore.com\/it\/wp-json\/wp\/v2\/product\/6458\/revisions\/6468"}],"wp:featuredmedia":[{"embeddable":true,"href":"https:\/\/puffvapestore.com\/it\/wp-json\/wp\/v2\/media\/6245"}],"wp:attachment":[{"href":"https:\/\/puffvapestore.com\/it\/wp-json\/wp\/v2\/media?parent=6458"}],"wp:term":[{"taxonomy":"product_brand","embeddable":true,"href":"https:\/\/puffvapestore.com\/it\/wp-json\/wp\/v2\/product_brand?post=6458"},{"taxonomy":"product_cat","embeddable":true,"href":"https:\/\/puffvapestore.com\/it\/wp-json\/wp\/v2\/product_cat?post=6458"},{"taxonomy":"product_tag","embeddable":true,"href":"https:\/\/puffvapestore.com\/it\/wp-json\/wp\/v2\/product_tag?post=6458"}],"curies":[{"name":"wp","href":"https:\/\/api.w.org\/{rel}","templated":true}]}}