{"id":6433,"date":"2025-08-09T07:46:38","date_gmt":"2025-08-09T07:46:38","guid":{"rendered":"https:\/\/puffvapestore.com\/?post_type=product&#038;p=6433"},"modified":"2026-01-19T10:52:39","modified_gmt":"2026-01-19T10:52:39","slug":"blue-razz-ice-bang-king-15000-offre-une-sensation-rafraichissante","status":"publish","type":"product","link":"https:\/\/puffvapestore.com\/it\/product\/blue-razz-ice-bang-king-15000-offre-una-sensazione-rinfrescante\/","title":{"rendered":"Blu Razz Ice - Bang King 15000"},"content":{"rendered":"<div data-elementor-type=\"wp-post\" data-elementor-id=\"6433\" class=\"elementor elementor-6433\">\n\t\t\t\t<div class=\"elementor-element elementor-element-08c26f9 e-flex e-con-boxed e-con e-parent\" data-id=\"08c26f9\" data-element_type=\"container\" data-e-type=\"container\">\n\t\t\t\t\t<div class=\"e-con-inner\">\n\t\t\t\t<div class=\"elementor-element elementor-element-a005a97 elementor-widget elementor-widget-text-editor\" data-id=\"a005a97\" data-element_type=\"widget\" data-e-type=\"widget\" data-widget_type=\"text-editor.default\">\n\t\t\t\t<div class=\"elementor-widget-container\">\n\t\t\t\t\t\t\t\t\t<p>La Bang King 15000 Blue Razz Ice \u00e8 una sigaretta elettronica usa e getta molto popolare, che offre una sensazione rinfrescante, dolce e ghiacciata.<\/p><h2>Sapore principale : Blu Razz<\/h2><p>Forte dolcezza: Blue Razz \u00e8 una miscela di mirtillo e lampone, con un aroma ricco e fruttato. Il fumo d\u00e0 una sensazione succosa, dolce e ghiacciata, come di frutta fresca che esplode in bocca.<\/p><p>Dolce e aspro: a differenza del mirtillo o del lampone puri, Blue Razz \u00e8 unico per il suo delicato equilibrio di dolce e aspro, senza essere eccessivo o monotono. La leggera acidit\u00e0 stimola le papille gustative e aggiunge un tocco di profondit\u00e0.<\/p><h2>Raffreddamento \u00aba ghiaccio\u00bb:<\/h2><p>Base fresca al mentolo: \u00abIce\u00bb indica l'aggiunta di un agente rinfrescante (simile al mentolo), che fornisce una percepibile sensazione di freschezza che penetra nella gola tra l'inalazione e l'espirazione.<\/p><p>Dolcezza di lunga durata: dopo la boccata, una leggera dolcezza e fragranza permangono alla base della lingua e della gola, lasciando una piacevole sensazione di freschezza in bocca per un breve periodo.<\/p><h2>Fino a 15.000 soffi<\/h2><p>La Bang King 15000 Blue Razz Ice \u00e8 rinomata per la sua elevata capacit\u00e0 di svapo, che offre fino a 15.000 svapate per sigaretta elettronica. \u00c8 una delle sigarette elettroniche usa e getta pi\u00f9 durature sul mercato, che riduce drasticamente la necessit\u00e0 di sostituzione e offre agli utenti un'esperienza piacevole e duratura.<\/p><p>\u00c8 dotata di una batteria al litio da 550 mAh ad alte prestazioni con ricarica rapida USB-C, che la rende ecologica. Gli utenti possono ricaricare la batteria pi\u00f9 volte tramite USB-C, garantendo un'ampia autonomia prima che l'e-liquid si esaurisca.<\/p><h2>Grande capacit\u00e0 pre-riempita di 25 ml<\/h2><p>Ogni sigaretta elettronica Bang King 15000 Blue Razz Ice \u00e8 pre-riempita con 25 ml di e-liquid di alta qualit\u00e0 a base di nicotina, una capacit\u00e0 senza pari nella sua categoria. Questo design non solo ne prolunga la durata, ma riduce anche la necessit\u00e0 di frequenti sostituzioni.<\/p><h2>Diversi dosaggi di nicotina - Per soddisfare le vostre preferenze<\/h2><p>Per soddisfare le esigenze di ogni utente, il modello Bang King 15000 offre quattro dosaggi di sale di nicotina:<\/p><p>0 % (senza nicotina)<\/p><p>2 % (luce)<\/p><p>3 % (medio)<\/p><p>5 % (forte)<\/p><p>Questa selezione flessibile permette agli utenti di scegliere in base ai loro piani per smettere di fumare o alle loro abitudini.<\/p><h2>Tecnologia di resistenza delle maglie - Una diffusione pi\u00f9 pura degli aromi<\/h2><p>La Bang King 15000 Blue Razz Ice utilizza un'avanzata struttura di resistenza a rete, che assicura un riscaldamento pi\u00f9 rapido e una distribuzione pi\u00f9 uniforme del calore. Questo massimizza la diffusione degli aromi dell'e-liquid, garantendo una sensazione morbida e ricca e un hit profondo e ricco a ogni boccata.<\/p><p>Questa sigaretta elettronica ha un design elegante ed ergonomico che si adatta comodamente al palmo della mano, garantendo un utilizzo senza fatica anche dopo lunghi periodi. La sua struttura robusta e la sensazione di morbidezza, unite al design minimalista e moderno, la rendono adatta a un'ampia variet\u00e0 di utilizzi.<\/p><h2>Portatile e durevole: un'esperienza di fumo sempre e ovunque<\/h2><p>Nonostante la sua grande capacit\u00e0, il modello Bang King 15000 Blue Razz Ice mantiene un formato compatto per una portabilit\u00e0 ottimale, infilandosi facilmente in tasca o in borsa. La sua struttura robusta resiste efficacemente agli urti e all'usura di tutti i giorni, rendendola ideale per l'uso quotidiano, in viaggio o in viaggio.<\/p>\t\t\t\t\t\t\t\t<\/div>\n\t\t\t\t<\/div>\n\t\t\t\t\t<\/div>\n\t\t\t\t<\/div>\n\t\t\t\t<\/div>","protected":false},"excerpt":{"rendered":"<p>La Bang King 15000 Blue Razz Ice est une cigarette \u00e9lectronique jetable tr\u00e8s populaire, offrant une sensation rafra\u00eechissante, sucr\u00e9e, acidul\u00e9e et glac\u00e9e. Ar\u00f4me principal\u00a0: Blue Razz Forte douceur\u00a0: Blue Razz est un m\u00e9lange de myrtille et de framboise, avec un ar\u00f4me riche et fruit\u00e9. La fum\u00e9e procure une sensation juteuse, sucr\u00e9e et glac\u00e9e, comme si [&hellip;]<\/p>","protected":false},"featured_media":6236,"comment_status":"open","ping_status":"closed","template":"","meta":{"site-sidebar-layout":"no-sidebar","site-content-layout":"page-builder","ast-site-content-layout":"normal-width-container","site-content-style":"default","site-sidebar-style":"default","ast-global-header-display":"","ast-banner-title-visibility":"","ast-main-header-display":"","ast-hfb-above-header-display":"","ast-hfb-below-header-display":"","ast-hfb-mobile-header-display":"","site-post-title":"disabled","ast-breadcrumbs-content":"","ast-featured-img":"disabled","footer-sml-layout":"","theme-transparent-header-meta":"default","adv-header-id-meta":"","stick-header-meta":"default","header-above-stick-meta":"","header-main-stick-meta":"","header-below-stick-meta":"","astra-migrate-meta-layouts":"set","ast-page-background-enabled":"default","ast-page-background-meta":{"desktop":{"background-color":"","background-image":"","background-repeat":"repeat","background-position":"center center","background-size":"auto","background-attachment":"scroll","background-type":"","background-media":"","overlay-type":"","overlay-color":"","overlay-opacity":"","overlay-gradient":""},"tablet":{"background-color":"","background-image":"","background-repeat":"repeat","background-position":"center center","background-size":"auto","background-attachment":"scroll","background-type":"","background-media":"","overlay-type":"","overlay-color":"","overlay-opacity":"","overlay-gradient":""},"mobile":{"background-color":"","background-image":"","background-repeat":"repeat","background-position":"center center","background-size":"auto","background-attachment":"scroll","background-type":"","background-media":"","overlay-type":"","overlay-color":"","overlay-opacity":"","overlay-gradient":""}},"ast-content-background-meta":{"desktop":{"background-color":"var(--ast-global-color-5)","background-image":"","background-repeat":"repeat","background-position":"center center","background-size":"auto","background-attachment":"scroll","background-type":"","background-media":"","overlay-type":"","overlay-color":"","overlay-opacity":"","overlay-gradient":""},"tablet":{"background-color":"var(--ast-global-color-5)","background-image":"","background-repeat":"repeat","background-position":"center center","background-size":"auto","background-attachment":"scroll","background-type":"","background-media":"","overlay-type":"","overlay-color":"","overlay-opacity":"","overlay-gradient":""},"mobile":{"background-color":"var(--ast-global-color-5)","background-image":"","background-repeat":"repeat","background-position":"center center","background-size":"auto","background-attachment":"scroll","background-type":"","background-media":"","overlay-type":"","overlay-color":"","overlay-opacity":"","overlay-gradient":""}}},"product_brand":[52],"product_cat":[56,80,15],"product_tag":[],"class_list":{"0":"post-6433","1":"product","2":"type-product","3":"status-publish","4":"has-post-thumbnail","6":"product_brand-bang-king","7":"product_cat-bang-king-15000-est-equipee-dune-resistance-mesh-nouvelle-generation","8":"product_cat-puff-15k","9":"product_cat-magasin-cigarette-electronique","10":"desktop-align-center","11":"tablet-align-center","12":"mobile-align-center","13":"ast-product-gallery-layout-horizontal","14":"ast-product-gallery-with-no-image","15":"ast-product-single-variable","16":"ast-product-tabs-layout-horizontal","17":"ast-qv-on-image","19":"first","20":"instock","21":"sale","22":"shipping-taxable","23":"purchasable","24":"product-type-variable","25":"has-default-attributes"},"tiered_pricing_type":"fixed","tiered_pricing_fixed_rules":{"50":6.05,"100":5.59},"tiered_pricing_product_settings":{"layout":"default","base_unit_name":{"singular":null,"plural":null},"default_variation":null},"tiered_pricing_minimum_quantity":null,"tiered_pricing_roles_data":[],"tiered_pricing_percentage_rules":[],"_links":{"self":[{"href":"https:\/\/puffvapestore.com\/it\/wp-json\/wp\/v2\/product\/6433","targetHints":{"allow":["GET"]}}],"collection":[{"href":"https:\/\/puffvapestore.com\/it\/wp-json\/wp\/v2\/product"}],"about":[{"href":"https:\/\/puffvapestore.com\/it\/wp-json\/wp\/v2\/types\/product"}],"replies":[{"embeddable":true,"href":"https:\/\/puffvapestore.com\/it\/wp-json\/wp\/v2\/comments?post=6433"}],"version-history":[{"count":7,"href":"https:\/\/puffvapestore.com\/it\/wp-json\/wp\/v2\/product\/6433\/revisions"}],"predecessor-version":[{"id":6634,"href":"https:\/\/puffvapestore.com\/it\/wp-json\/wp\/v2\/product\/6433\/revisions\/6634"}],"wp:featuredmedia":[{"embeddable":true,"href":"https:\/\/puffvapestore.com\/it\/wp-json\/wp\/v2\/media\/6236"}],"wp:attachment":[{"href":"https:\/\/puffvapestore.com\/it\/wp-json\/wp\/v2\/media?parent=6433"}],"wp:term":[{"taxonomy":"product_brand","embeddable":true,"href":"https:\/\/puffvapestore.com\/it\/wp-json\/wp\/v2\/product_brand?post=6433"},{"taxonomy":"product_cat","embeddable":true,"href":"https:\/\/puffvapestore.com\/it\/wp-json\/wp\/v2\/product_cat?post=6433"},{"taxonomy":"product_tag","embeddable":true,"href":"https:\/\/puffvapestore.com\/it\/wp-json\/wp\/v2\/product_tag?post=6433"}],"curies":[{"name":"wp","href":"https:\/\/api.w.org\/{rel}","templated":true}]}}