{"id":6411,"date":"2025-08-04T08:29:56","date_gmt":"2025-08-04T08:29:56","guid":{"rendered":"https:\/\/puffvapestore.com\/?post_type=product&#038;p=6411"},"modified":"2026-01-19T10:52:39","modified_gmt":"2026-01-19T10:52:39","slug":"bang-king-15k-kiwi-passion-fruit-guava-associe-kiwi-fruit-de-la-passion-et-goyave","status":"publish","type":"product","link":"https:\/\/puffvapestore.com\/it\/product\/bang-king-15k-kiwi-frutto-della-passione-guava-combina-kiwi-frutto-della-passione-e-guava\/","title":{"rendered":"Kiwi Frutto della Passione Guava - Bang King 15000"},"content":{"rendered":"<div data-elementor-type=\"wp-post\" data-elementor-id=\"6411\" class=\"elementor elementor-6411\">\n\t\t\t\t<div class=\"elementor-element elementor-element-08c26f9 e-flex e-con-boxed e-con e-parent\" data-id=\"08c26f9\" data-element_type=\"container\" data-e-type=\"container\">\n\t\t\t\t\t<div class=\"e-con-inner\">\n\t\t\t\t<div class=\"elementor-element elementor-element-a005a97 elementor-widget elementor-widget-text-editor\" data-id=\"a005a97\" data-element_type=\"widget\" data-e-type=\"widget\" data-widget_type=\"text-editor.default\">\n\t\t\t\t<div class=\"elementor-widget-container\">\n\t\t\t\t\t\t\t\t\t<p>La Bang King 15000 Kiwi Passion Fruit Guava \u00e8 una sigaretta elettronica monouso che combina kiwi, frutto della passione e guava per creare un sapore ricco ed esotico.<\/p><h2>Gusto generale dell'aroma Kiwi Passion Guava<\/h2><p>Il gusto Kiwi Passion Guava \u00e8 una miscela fruttata tropicale con un vapore rinfrescante, dolce e non nauseante. I diversi strati di sapori fruttati si esprimono in modo diverso durante l'inspirazione e l'espirazione, lasciando un retrogusto persistente.<\/p><h2>Kiwi - Rinfrescante e leggermente aspro, esalta i sapori.<\/h2><p>Caract\u00e9ristiques : Un gusto rinfrescante e leggermente acido di frutta verde chiara.<\/p><p>Dettagli: Apporta una nota di base acidula e rinfrescante al gusto complessivo, aggiungendo un sapore vibrante e giocoso all'inalazione, simile all'acidit\u00e0 leggermente acerba di un kiwi fresco.<\/p><p>Funzione: attenua la dolcezza, evitando che il sapore complessivo sia troppo forte e fornendo una sensazione rinfrescante.<\/p><h2>Frutto della passione - Ricco e aromatico, con un cuore tropicale<\/h2><p>Caract\u00e9ristiques : Un aroma ricco e aromatico con una leggera acidit\u00e0 e un tocco esotico unico.<\/p><p>Dettagli: \u00c8 il fulcro dell'aroma, che appare a met\u00e0 palato dopo l'inalazione, con un aroma ricco e fruttato che alcuni potrebbero descrivere come succo di frutta concentrato o marmellata.<\/p><p>Funzione: aggiunge una forte profondit\u00e0 fruttata, rendendo il sapore pi\u00f9 pieno e distinto.<\/p><h2>Guava - Delicato e dolce, con un finale rotondo e zuccherino<\/h2><p>Caract\u00e9ristiques : Una dolcezza morbida, polverosa e lattiginosa di frutta tropicale.<\/p><p>Dettagli: \u00e8 particolarmente pronunciato durante l'espirazione, creando una delicata sensazione di \u00abpurea di frutta\u00bb che alcuni utenti potrebbero paragonare a quella di una gelatina o di un frullato di frutta.<\/p><p>Funzione: aggiunge una finitura morbida al sapore complessivo, rendendolo morbido e persistente.<\/p><h2>Fino a 15.000 soffi<\/h2><p>La sigaretta Bang King 15000 Kiwi Passion Fruit Guava \u00e8 rinomata per la sua elevata capacit\u00e0 di svapo, che offre fino a 15.000 svapate per sigaretta elettronica. \u00c8 una delle sigarette elettroniche usa e getta pi\u00f9 durature sul mercato, che riduce drasticamente la necessit\u00e0 di sostituzione e offre agli utenti un'esperienza piacevole e duratura.<\/p><p>\u00c8 dotata di una batteria al litio da 550 mAh ad alte prestazioni con ricarica rapida USB-C, che la rende ecologica. Gli utenti possono ricaricare la batteria pi\u00f9 volte tramite USB-C, garantendo un'ampia autonomia prima che l'e-liquid si esaurisca.<\/p><h2>Grande capacit\u00e0 pre-riempita di 25 ml<\/h2><p>Ogni sigaretta elettronica Bang King 15000 Kiwi Passion Fruit Guava \u00e8 pre-riempita con 25 ml di e-liquid di alta qualit\u00e0 a base di nicotina, una capacit\u00e0 senza pari nella sua categoria. Questo design non solo ne prolunga la durata, ma riduce anche la necessit\u00e0 di frequenti sostituzioni.<\/p><h2>Diversi dosaggi di nicotina - Per soddisfare le vostre preferenze<\/h2><p>Per soddisfare le esigenze di ogni utente, Bang King 15000 Kiwi Passion Fruit Guava \u00e8 disponibile in quattro concentrazioni di sali di nicotina:<\/p><p>0 % (senza nicotina)<\/p><p>2 % (luce)<\/p><p>3 % (medio)<\/p><p>5 % (forte)<\/p><p>Questa selezione flessibile permette agli utenti di scegliere in base ai loro piani per smettere di fumare o alle loro abitudini.<\/p><h2>Tecnologia di resistenza delle maglie - Una diffusione pi\u00f9 pura degli aromi<\/h2><p>La Bang King 15000 Kiwi Passion Fruit Guava utilizza una struttura avanzata di resistenze a rete, che assicura un riscaldamento pi\u00f9 rapido e una distribuzione pi\u00f9 uniforme del calore. Questo massimizza la diffusione degli aromi dell'e-liquid, garantendo una sensazione morbida e ricca e un hit profondo e ricco a ogni boccata.<\/p><p>Questa sigaretta elettronica ha un design elegante ed ergonomico che si adatta comodamente al palmo della mano, garantendo un utilizzo senza fatica anche dopo lunghi periodi. La sua struttura robusta e la sensazione di morbidezza, unite al design minimalista e moderno, la rendono adatta a un'ampia variet\u00e0 di utilizzi.<\/p><h2>Portatile e durevole: un'esperienza di fumo sempre e ovunque<\/h2><p>Nonostante la sua grande capacit\u00e0, il modello Bang King 15000 mantiene un formato compatto per una portabilit\u00e0 ottimale, infilandosi facilmente in tasca o in borsa. La sua struttura robusta resiste efficacemente agli urti e all'usura di tutti i giorni, rendendola ideale per l'uso quotidiano, in viaggio o in viaggio.<\/p>\t\t\t\t\t\t\t\t<\/div>\n\t\t\t\t<\/div>\n\t\t\t\t\t<\/div>\n\t\t\t\t<\/div>\n\t\t\t\t<\/div>","protected":false},"excerpt":{"rendered":"<p>La Bang King 15000 Kiwi Passion Fruit Guava est une cigarette \u00e9lectronique jetable qui associe kiwi, fruit de la passion et goyave, cr\u00e9ant une saveur riche et exotique. Go\u00fbt g\u00e9n\u00e9ral de l&rsquo;ar\u00f4me Kiwi Passion Goyave L&rsquo;ar\u00f4me Kiwi Passion Goyave est un m\u00e9lange fruit\u00e9 tropical \u00e0 la vapeur rafra\u00eechissante, sucr\u00e9e et non \u00e9c\u0153urante. Les diff\u00e9rentes couches [&hellip;]<\/p>\n","protected":false},"featured_media":6242,"comment_status":"open","ping_status":"closed","template":"","meta":{"site-sidebar-layout":"no-sidebar","site-content-layout":"page-builder","ast-site-content-layout":"normal-width-container","site-content-style":"default","site-sidebar-style":"default","ast-global-header-display":"","ast-banner-title-visibility":"","ast-main-header-display":"","ast-hfb-above-header-display":"","ast-hfb-below-header-display":"","ast-hfb-mobile-header-display":"","site-post-title":"disabled","ast-breadcrumbs-content":"","ast-featured-img":"disabled","footer-sml-layout":"","theme-transparent-header-meta":"default","adv-header-id-meta":"","stick-header-meta":"default","header-above-stick-meta":"","header-main-stick-meta":"","header-below-stick-meta":"","astra-migrate-meta-layouts":"set","ast-page-background-enabled":"default","ast-page-background-meta":{"desktop":{"background-color":"","background-image":"","background-repeat":"repeat","background-position":"center center","background-size":"auto","background-attachment":"scroll","background-type":"","background-media":"","overlay-type":"","overlay-color":"","overlay-opacity":"","overlay-gradient":""},"tablet":{"background-color":"","background-image":"","background-repeat":"repeat","background-position":"center center","background-size":"auto","background-attachment":"scroll","background-type":"","background-media":"","overlay-type":"","overlay-color":"","overlay-opacity":"","overlay-gradient":""},"mobile":{"background-color":"","background-image":"","background-repeat":"repeat","background-position":"center center","background-size":"auto","background-attachment":"scroll","background-type":"","background-media":"","overlay-type":"","overlay-color":"","overlay-opacity":"","overlay-gradient":""}},"ast-content-background-meta":{"desktop":{"background-color":"var(--ast-global-color-5)","background-image":"","background-repeat":"repeat","background-position":"center center","background-size":"auto","background-attachment":"scroll","background-type":"","background-media":"","overlay-type":"","overlay-color":"","overlay-opacity":"","overlay-gradient":""},"tablet":{"background-color":"var(--ast-global-color-5)","background-image":"","background-repeat":"repeat","background-position":"center center","background-size":"auto","background-attachment":"scroll","background-type":"","background-media":"","overlay-type":"","overlay-color":"","overlay-opacity":"","overlay-gradient":""},"mobile":{"background-color":"var(--ast-global-color-5)","background-image":"","background-repeat":"repeat","background-position":"center center","background-size":"auto","background-attachment":"scroll","background-type":"","background-media":"","overlay-type":"","overlay-color":"","overlay-opacity":"","overlay-gradient":""}}},"product_brand":[52],"product_cat":[56,80,15],"product_tag":[],"class_list":{"0":"post-6411","1":"product","2":"type-product","3":"status-publish","4":"has-post-thumbnail","6":"product_brand-bang-king","7":"product_cat-bang-king-15000-est-equipee-dune-resistance-mesh-nouvelle-generation","8":"product_cat-puff-15k","9":"product_cat-magasin-cigarette-electronique","10":"desktop-align-center","11":"tablet-align-center","12":"mobile-align-center","13":"ast-product-gallery-layout-horizontal","14":"ast-product-gallery-with-no-image","15":"ast-product-single-variable","16":"ast-product-tabs-layout-horizontal","17":"ast-qv-on-image","19":"first","20":"instock","21":"sale","22":"shipping-taxable","23":"purchasable","24":"product-type-variable","25":"has-default-attributes"},"tiered_pricing_type":"fixed","tiered_pricing_fixed_rules":{"50":6.05,"100":5.59},"tiered_pricing_product_settings":{"layout":"default","base_unit_name":{"singular":null,"plural":null},"default_variation":null},"tiered_pricing_minimum_quantity":null,"tiered_pricing_roles_data":[],"tiered_pricing_percentage_rules":[],"_links":{"self":[{"href":"https:\/\/puffvapestore.com\/it\/wp-json\/wp\/v2\/product\/6411","targetHints":{"allow":["GET"]}}],"collection":[{"href":"https:\/\/puffvapestore.com\/it\/wp-json\/wp\/v2\/product"}],"about":[{"href":"https:\/\/puffvapestore.com\/it\/wp-json\/wp\/v2\/types\/product"}],"replies":[{"embeddable":true,"href":"https:\/\/puffvapestore.com\/it\/wp-json\/wp\/v2\/comments?post=6411"}],"version-history":[{"count":6,"href":"https:\/\/puffvapestore.com\/it\/wp-json\/wp\/v2\/product\/6411\/revisions"}],"predecessor-version":[{"id":6421,"href":"https:\/\/puffvapestore.com\/it\/wp-json\/wp\/v2\/product\/6411\/revisions\/6421"}],"wp:featuredmedia":[{"embeddable":true,"href":"https:\/\/puffvapestore.com\/it\/wp-json\/wp\/v2\/media\/6242"}],"wp:attachment":[{"href":"https:\/\/puffvapestore.com\/it\/wp-json\/wp\/v2\/media?parent=6411"}],"wp:term":[{"taxonomy":"product_brand","embeddable":true,"href":"https:\/\/puffvapestore.com\/it\/wp-json\/wp\/v2\/product_brand?post=6411"},{"taxonomy":"product_cat","embeddable":true,"href":"https:\/\/puffvapestore.com\/it\/wp-json\/wp\/v2\/product_cat?post=6411"},{"taxonomy":"product_tag","embeddable":true,"href":"https:\/\/puffvapestore.com\/it\/wp-json\/wp\/v2\/product_tag?post=6411"}],"curies":[{"name":"wp","href":"https:\/\/api.w.org\/{rel}","templated":true}]}}