{"id":6396,"date":"2025-08-09T02:17:23","date_gmt":"2025-08-09T02:17:23","guid":{"rendered":"https:\/\/puffvapestore.com\/?post_type=product&#038;p=6396"},"modified":"2026-01-19T10:52:39","modified_gmt":"2026-01-19T10:52:39","slug":"bang-king-15000-strawberry-yogurt-offre-une-double-saveur","status":"publish","type":"product","link":"https:\/\/puffvapestore.com\/it\/product\/bang-king-15000-lo-yogurt-alla-fragola-offre-un-doppio-gusto\/","title":{"rendered":"Bang King 15000 - Yogurt alla fragola"},"content":{"rendered":"<div data-elementor-type=\"wp-post\" data-elementor-id=\"6396\" class=\"elementor elementor-6396\">\n\t\t\t\t<div class=\"elementor-element elementor-element-08c26f9 e-flex e-con-boxed e-con e-parent\" data-id=\"08c26f9\" data-element_type=\"container\" data-e-type=\"container\">\n\t\t\t\t\t<div class=\"e-con-inner\">\n\t\t\t\t<div class=\"elementor-element elementor-element-a005a97 elementor-widget elementor-widget-text-editor\" data-id=\"a005a97\" data-element_type=\"widget\" data-e-type=\"widget\" data-widget_type=\"text-editor.default\">\n\t\t\t\t<div class=\"elementor-widget-container\">\n\t\t\t\t\t\t\t\t\t<p>La Bang King 15000 Strawberry Yoghurt \u00e8 una sigaretta elettronica monouso al gusto di yogurt alla fragola. Questo aroma di yogurt alla fragola combina frutta fresca e note lattiginose per un'esperienza morbida e complessa.<\/p><h2>Fragola<\/h2><p>La nota iniziale \u00e8 un ricco aroma di fragola matura, leggermente dolce, che ricorda la marmellata di fragole fresche, piuttosto che una fragola artificiale che ricorda un dolce.<\/p><p>Il vapore sprigiona una leggera acidit\u00e0 fruttata, senza essere aggressivo, che esalta il sapore fruttato, come se si mordesse una fragola matura e se ne assaporasse il succo.<\/p><p>L'aroma di fragola \u00e8 naturale e rinfrescante, senza essere eccessivo o pungente, e offre una nota fruttata pi\u00f9 autentica.<\/p><h2>Yogurt<\/h2><p>Le note centrali e di fondo offrono un aroma cremoso e lattiginoso e un sapore leggermente piccante, che ricorda il gusto dello yogurt.<\/p><p>La porzione di yogurt non \u00e8 pesante, ma piuttosto leggera e cremosa, ricordando pi\u00f9 una bevanda allo yogurt che uno yogurt greco denso.<\/p><p>La dolcezza \u00e8 moderata, senza essere stucchevole, e l'esperienza complessiva \u00e8 \u00abrinfrescante e lattiginosa\u00bb piuttosto che \u00abdolce e pesante\u00bb.<\/p><h2>Specifiche del modello Bang King 15000 Yogurt alla Fragola<\/h2><p>Boccate: ogni sigaretta elettronica Bang King 15000 Strawberry Yogurt pu\u00f2 contenere fino a 15.000 boccate.<\/p><p>Batteria integrata: circa 550 mAh, ricaricabile tramite porta USB-C.<\/p><p>E-liquid pre-riempito: capacit\u00e0 di circa 25 ml.<\/p><p>Tipo di resistenza: resistenza a rete per una nebulizzazione uniforme e un riscaldamento stabile.<\/p><h2>Sono disponibili diversi dosaggi di nicotina.<\/h2><p>Bang King 15000 Strawberry Yogurt \u00e8 disponibile in quattro dosaggi di sali di nicotina: 0 %, 2 %, 3 % e 5 %, per soddisfare le esigenze di ogni utente. Sia che vogliate evitare del tutto la nicotina, sia che preferiate un'esperienza pi\u00f9 intensa, troverete il dosaggio pi\u00f9 adatto a voi. Questa flessibilit\u00e0 consente agli utenti di adattare l'assunzione di nicotina alle proprie esigenze personali o di ridurla gradualmente, per un'esperienza personalizzata.<\/p><h2>Design portatile e resistente<\/h2><p>Questa sigaretta elettronica ha un design portatile e un corpo leggero che la rende facile da trasportare. Sia per il pendolarismo che per i lunghi viaggi, si infila facilmente in tasca o nello zaino. La custodia della Bang King 15000 \u00e8 realizzata con materiali accuratamente selezionati, che le conferiscono una struttura durevole in grado di resistere agli urti e all'usura dell'uso quotidiano, garantendo un'affidabilit\u00e0 a lungo termine.<\/p><h2>Design ecologico ricaricabile<\/h2><p>Il modello Bang King 15000 Strawberry Yogurt \u00e8 dotato di una porta di ricarica rapida di tipo C, che garantisce una ricarica veloce e la compatibilit\u00e0 con i moderni dispositivi elettronici. Consente agli utenti di ricaricare il dispositivo in qualsiasi momento e ovunque. Rispetto alle tradizionali sigarette elettroniche usa e getta, questo design ricaricabile riduce significativamente i rifiuti e prolunga la vita del dispositivo, rispettando cos\u00ec i principi ambientali e contribuendo allo sviluppo sostenibile.<\/p><h2>Flusso d'aria regolabile<\/h2><p>La sigaretta elettronica \u00e8 dotata di un sistema di flusso d'aria regolabile, che consente agli utenti di regolare liberamente la resistenza dell'inalazione in base alle proprie preferenze, da un'inalazione decisa a una leggera.<\/p><h2>Design elegante ed ergonomico<\/h2><p>Il modello Bang King 15000 pone l'accento sulla funzionalit\u00e0 e vanta un design moderno con linee pulite e una variet\u00e0 di colori per soddisfare le preferenze estetiche di ogni utente. Il suo design ergonomico garantisce una presa confortevole e un utilizzo senza fatica anche dopo lunghi periodi.<\/p>\t\t\t\t\t\t\t\t<\/div>\n\t\t\t\t<\/div>\n\t\t\t\t\t<\/div>\n\t\t\t\t<\/div>\n\t\t\t\t<\/div>","protected":false},"excerpt":{"rendered":"<p>Le Bang King 15000 Yaourt \u00e0 la Fraise est une cigarette \u00e9lectronique jetable au go\u00fbt de yaourt \u00e0 la fraise. Ce go\u00fbt de yaourt \u00e0 la fraise allie fruits frais et notes lact\u00e9es pour une exp\u00e9rience onctueuse et complexe. Fraise La note de d\u00e9part est un ar\u00f4me riche et m\u00fbr de fraise, l\u00e9g\u00e8rement sucr\u00e9, rappelant [&hellip;]<\/p>","protected":false},"featured_media":6251,"comment_status":"open","ping_status":"closed","template":"","meta":{"site-sidebar-layout":"no-sidebar","site-content-layout":"page-builder","ast-site-content-layout":"normal-width-container","site-content-style":"default","site-sidebar-style":"default","ast-global-header-display":"","ast-banner-title-visibility":"","ast-main-header-display":"","ast-hfb-above-header-display":"","ast-hfb-below-header-display":"","ast-hfb-mobile-header-display":"","site-post-title":"disabled","ast-breadcrumbs-content":"","ast-featured-img":"disabled","footer-sml-layout":"","theme-transparent-header-meta":"default","adv-header-id-meta":"","stick-header-meta":"default","header-above-stick-meta":"","header-main-stick-meta":"","header-below-stick-meta":"","astra-migrate-meta-layouts":"set","ast-page-background-enabled":"default","ast-page-background-meta":{"desktop":{"background-color":"","background-image":"","background-repeat":"repeat","background-position":"center center","background-size":"auto","background-attachment":"scroll","background-type":"","background-media":"","overlay-type":"","overlay-color":"","overlay-opacity":"","overlay-gradient":""},"tablet":{"background-color":"","background-image":"","background-repeat":"repeat","background-position":"center center","background-size":"auto","background-attachment":"scroll","background-type":"","background-media":"","overlay-type":"","overlay-color":"","overlay-opacity":"","overlay-gradient":""},"mobile":{"background-color":"","background-image":"","background-repeat":"repeat","background-position":"center center","background-size":"auto","background-attachment":"scroll","background-type":"","background-media":"","overlay-type":"","overlay-color":"","overlay-opacity":"","overlay-gradient":""}},"ast-content-background-meta":{"desktop":{"background-color":"var(--ast-global-color-5)","background-image":"","background-repeat":"repeat","background-position":"center center","background-size":"auto","background-attachment":"scroll","background-type":"","background-media":"","overlay-type":"","overlay-color":"","overlay-opacity":"","overlay-gradient":""},"tablet":{"background-color":"var(--ast-global-color-5)","background-image":"","background-repeat":"repeat","background-position":"center center","background-size":"auto","background-attachment":"scroll","background-type":"","background-media":"","overlay-type":"","overlay-color":"","overlay-opacity":"","overlay-gradient":""},"mobile":{"background-color":"var(--ast-global-color-5)","background-image":"","background-repeat":"repeat","background-position":"center center","background-size":"auto","background-attachment":"scroll","background-type":"","background-media":"","overlay-type":"","overlay-color":"","overlay-opacity":"","overlay-gradient":""}}},"product_brand":[52],"product_cat":[56,80,15],"product_tag":[],"class_list":{"0":"post-6396","1":"product","2":"type-product","3":"status-publish","4":"has-post-thumbnail","6":"product_brand-bang-king","7":"product_cat-bang-king-15000-est-equipee-dune-resistance-mesh-nouvelle-generation","8":"product_cat-puff-15k","9":"product_cat-magasin-cigarette-electronique","10":"desktop-align-center","11":"tablet-align-center","12":"mobile-align-center","13":"ast-product-gallery-layout-horizontal","14":"ast-product-gallery-with-no-image","15":"ast-product-single-variable","16":"ast-product-tabs-layout-horizontal","17":"ast-qv-on-image","19":"first","20":"instock","21":"sale","22":"shipping-taxable","23":"purchasable","24":"product-type-variable","25":"has-default-attributes"},"tiered_pricing_type":"fixed","tiered_pricing_fixed_rules":{"50":6.05,"100":5.59},"tiered_pricing_product_settings":{"layout":"default","base_unit_name":{"singular":null,"plural":null},"default_variation":null},"tiered_pricing_minimum_quantity":null,"tiered_pricing_roles_data":[],"tiered_pricing_percentage_rules":[],"_links":{"self":[{"href":"https:\/\/puffvapestore.com\/it\/wp-json\/wp\/v2\/product\/6396","targetHints":{"allow":["GET"]}}],"collection":[{"href":"https:\/\/puffvapestore.com\/it\/wp-json\/wp\/v2\/product"}],"about":[{"href":"https:\/\/puffvapestore.com\/it\/wp-json\/wp\/v2\/types\/product"}],"replies":[{"embeddable":true,"href":"https:\/\/puffvapestore.com\/it\/wp-json\/wp\/v2\/comments?post=6396"}],"version-history":[{"count":7,"href":"https:\/\/puffvapestore.com\/it\/wp-json\/wp\/v2\/product\/6396\/revisions"}],"predecessor-version":[{"id":6632,"href":"https:\/\/puffvapestore.com\/it\/wp-json\/wp\/v2\/product\/6396\/revisions\/6632"}],"wp:featuredmedia":[{"embeddable":true,"href":"https:\/\/puffvapestore.com\/it\/wp-json\/wp\/v2\/media\/6251"}],"wp:attachment":[{"href":"https:\/\/puffvapestore.com\/it\/wp-json\/wp\/v2\/media?parent=6396"}],"wp:term":[{"taxonomy":"product_brand","embeddable":true,"href":"https:\/\/puffvapestore.com\/it\/wp-json\/wp\/v2\/product_brand?post=6396"},{"taxonomy":"product_cat","embeddable":true,"href":"https:\/\/puffvapestore.com\/it\/wp-json\/wp\/v2\/product_cat?post=6396"},{"taxonomy":"product_tag","embeddable":true,"href":"https:\/\/puffvapestore.com\/it\/wp-json\/wp\/v2\/product_tag?post=6396"}],"curies":[{"name":"wp","href":"https:\/\/api.w.org\/{rel}","templated":true}]}}