{"id":6385,"date":"2025-08-04T05:07:36","date_gmt":"2025-08-04T05:07:36","guid":{"rendered":"https:\/\/puffvapestore.com\/?post_type=product&#038;p=6385"},"modified":"2026-01-19T10:52:39","modified_gmt":"2026-01-19T10:52:39","slug":"bang-king-15000-double-pomme-sinspire-de-la-chicha-classique-double-pomme","status":"publish","type":"product","link":"https:\/\/puffvapestore.com\/it\/product\/bang-king-15000-doppia-mela-sinspire-del-classico-shisha-a-doppia-mela\/","title":{"rendered":"Bang King 15000 - Doppia mela"},"content":{"rendered":"<div data-elementor-type=\"wp-post\" data-elementor-id=\"6385\" class=\"elementor elementor-6385\">\n\t\t\t\t<div class=\"elementor-element elementor-element-08c26f9 e-flex e-con-boxed e-con e-parent\" data-id=\"08c26f9\" data-element_type=\"container\" data-e-type=\"container\">\n\t\t\t\t\t<div class=\"e-con-inner\">\n\t\t\t\t<div class=\"elementor-element elementor-element-a005a97 elementor-widget elementor-widget-text-editor\" data-id=\"a005a97\" data-element_type=\"widget\" data-e-type=\"widget\" data-widget_type=\"text-editor.default\">\n\t\t\t\t<div class=\"elementor-widget-container\">\n\t\t\t\t\t\t\t\t\t<p>Bang King 15000 Double Apple \u00e8 un aroma per sigaretta elettronica ispirato alla classica shisha Double Apple, un gusto popolare tra gli amanti della shisha in Medio Oriente e in tutto il mondo.<\/p><h2>Aromi fruttati<\/h2><h3>Una combinazione equilibrata di mele rosse e verdi:<\/h3><p>L'inalazione iniziale rivela un sapore croccante e leggermente aspro di mela verde. L'aroma dolce e morbido della mela rossa si rivela gradualmente, creando un duo di mele agrodolci naturalmente rinfrescante.<\/p><p>Il sapore \u00e8 autentico, vicino all'aroma fruttato di una mela appena tagliata, senza l'eccessiva dolcezza dei succhi artificiali.<\/p><h2>Una sensazione di freschezza<\/h2><h3>Finale sottile di menta:<\/h3><p>Poco dopo l'inalazione, una delicata freschezza si diffonde attraverso la gola e le vie nasali, creando un'esperienza di inalazione rinfrescante e pura.<\/p><p>Questa sensazione di freschezza non \u00e8 un soffio forte e ghiacciato, ma piuttosto un'esperienza piacevole, fresca e non acre, simile agli aromi erbacei e di menta delle chichas tradizionali.<\/p><h2>Note di fondo erbacee<\/h2><h3>Note sottili di anice e liquirizia:<\/h3><p>Questa nota sottile non sovrasta il sapore fruttato della mela, ma funge piuttosto da base, aggiungendo complessit\u00e0 e sapore esotico.<\/p><p>Ci\u00f2 conferisce al sapore complessivo una sensazione pi\u00f9 complessa e articolata, a differenza del semplice sapore fruttato che ricorda la chicha.<\/p><h2>Specifiche del modello Bang King 15000 Double Apple<\/h2><p>Boccate: ogni sigaretta elettronica Bang King 15000 Double Apple pu\u00f2 contenere fino a 15.000 boccate.<\/p><p>Batteria integrata: circa 550 mAh, ricaricabile tramite porta USB-C.<\/p><p>E-liquid pre-riempito: capacit\u00e0 di circa 25 ml.<\/p><p>Tipo di resistenza: resistenza a rete per una nebulizzazione uniforme e un riscaldamento stabile.<\/p><h2>Sono disponibili diversi dosaggi di nicotina.<\/h2><p>La Bang King 15000 Double Apple offre quattro dosaggi di sale di nicotina: 0 %, 2 %, 3 % e 5 %, per soddisfare le esigenze di ogni utente. Sia che vogliate evitare del tutto la nicotina, sia che preferiate un'esperienza pi\u00f9 intensa, troverete il dosaggio pi\u00f9 adatto a voi. Questa flessibilit\u00e0 consente agli utenti di adattare l'assunzione di nicotina alle proprie esigenze personali o di ridurla gradualmente, per un'esperienza personalizzata.<\/p><h2>Design portatile e resistente<\/h2><p>Questa sigaretta elettronica ha un design portatile e un corpo leggero che la rende facile da trasportare. Sia per il pendolarismo che per i lunghi viaggi, si infila facilmente in tasca o nello zaino. La custodia della Bang King 15000 \u00e8 realizzata con materiali accuratamente selezionati, che le conferiscono una struttura durevole in grado di resistere agli urti e all'usura dell'uso quotidiano, garantendo un'affidabilit\u00e0 a lungo termine.<\/p><h2>Design ecologico ricaricabile<\/h2><p>Il modello Bang King 15000 Double Apple \u00e8 dotato di una porta di ricarica rapida di tipo C, che garantisce una ricarica rapida e la compatibilit\u00e0 con i moderni dispositivi elettronici. Consente agli utenti di ricaricare il dispositivo in qualsiasi momento e ovunque. Rispetto alle tradizionali sigarette elettroniche usa e getta, questo design ricaricabile riduce significativamente i rifiuti e prolunga la vita del dispositivo, rispettando cos\u00ec i principi ambientali e contribuendo allo sviluppo sostenibile.<\/p><h2>Flusso d'aria regolabile<\/h2><p>La sigaretta elettronica \u00e8 dotata di un sistema di flusso d'aria regolabile, che consente agli utenti di regolare liberamente la resistenza dell'inalazione in base alle proprie preferenze, da un'inalazione decisa a una leggera.<\/p><h2>Design elegante ed ergonomico<\/h2><p>Il modello Bang King 15000 pone l'accento sulla funzionalit\u00e0 e vanta un design moderno con linee pulite e una variet\u00e0 di colori per soddisfare le preferenze estetiche di ogni utente. Il suo design ergonomico garantisce una presa confortevole e un utilizzo senza fatica anche dopo lunghi periodi.<\/p>\t\t\t\t\t\t\t\t<\/div>\n\t\t\t\t<\/div>\n\t\t\t\t\t<\/div>\n\t\t\t\t<\/div>\n\t\t\t\t<\/div>","protected":false},"excerpt":{"rendered":"<p>La Bang King 15000 Double Pomme est une saveur de cigarette \u00e9lectronique inspir\u00e9e de la chicha classique Double Pomme, un ar\u00f4me populaire aupr\u00e8s des amateurs de chicha au Moyen-Orient et dans le monde entier. Ar\u00f4mes fruit\u00e9s Une combinaison \u00e9quilibr\u00e9e de pommes rouges et vertes\u00a0: L&rsquo;inhalation initiale r\u00e9v\u00e8le une saveur de pomme verte croquante, l\u00e9g\u00e8rement acidul\u00e9e. [&hellip;]<\/p>","protected":false},"featured_media":6241,"comment_status":"open","ping_status":"closed","template":"","meta":{"site-sidebar-layout":"no-sidebar","site-content-layout":"page-builder","ast-site-content-layout":"normal-width-container","site-content-style":"default","site-sidebar-style":"default","ast-global-header-display":"","ast-banner-title-visibility":"","ast-main-header-display":"","ast-hfb-above-header-display":"","ast-hfb-below-header-display":"","ast-hfb-mobile-header-display":"","site-post-title":"disabled","ast-breadcrumbs-content":"","ast-featured-img":"disabled","footer-sml-layout":"","theme-transparent-header-meta":"default","adv-header-id-meta":"","stick-header-meta":"default","header-above-stick-meta":"","header-main-stick-meta":"","header-below-stick-meta":"","astra-migrate-meta-layouts":"set","ast-page-background-enabled":"default","ast-page-background-meta":{"desktop":{"background-color":"","background-image":"","background-repeat":"repeat","background-position":"center center","background-size":"auto","background-attachment":"scroll","background-type":"","background-media":"","overlay-type":"","overlay-color":"","overlay-opacity":"","overlay-gradient":""},"tablet":{"background-color":"","background-image":"","background-repeat":"repeat","background-position":"center center","background-size":"auto","background-attachment":"scroll","background-type":"","background-media":"","overlay-type":"","overlay-color":"","overlay-opacity":"","overlay-gradient":""},"mobile":{"background-color":"","background-image":"","background-repeat":"repeat","background-position":"center center","background-size":"auto","background-attachment":"scroll","background-type":"","background-media":"","overlay-type":"","overlay-color":"","overlay-opacity":"","overlay-gradient":""}},"ast-content-background-meta":{"desktop":{"background-color":"var(--ast-global-color-5)","background-image":"","background-repeat":"repeat","background-position":"center center","background-size":"auto","background-attachment":"scroll","background-type":"","background-media":"","overlay-type":"","overlay-color":"","overlay-opacity":"","overlay-gradient":""},"tablet":{"background-color":"var(--ast-global-color-5)","background-image":"","background-repeat":"repeat","background-position":"center center","background-size":"auto","background-attachment":"scroll","background-type":"","background-media":"","overlay-type":"","overlay-color":"","overlay-opacity":"","overlay-gradient":""},"mobile":{"background-color":"var(--ast-global-color-5)","background-image":"","background-repeat":"repeat","background-position":"center center","background-size":"auto","background-attachment":"scroll","background-type":"","background-media":"","overlay-type":"","overlay-color":"","overlay-opacity":"","overlay-gradient":""}}},"product_brand":[52],"product_cat":[56,80,15],"product_tag":[],"class_list":{"0":"post-6385","1":"product","2":"type-product","3":"status-publish","4":"has-post-thumbnail","6":"product_brand-bang-king","7":"product_cat-bang-king-15000-est-equipee-dune-resistance-mesh-nouvelle-generation","8":"product_cat-puff-15k","9":"product_cat-magasin-cigarette-electronique","10":"desktop-align-center","11":"tablet-align-center","12":"mobile-align-center","13":"ast-product-gallery-layout-horizontal","14":"ast-product-gallery-with-no-image","15":"ast-product-single-variable","16":"ast-product-tabs-layout-horizontal","17":"ast-qv-on-image","19":"first","20":"instock","21":"sale","22":"shipping-taxable","23":"purchasable","24":"product-type-variable","25":"has-default-attributes"},"tiered_pricing_type":"fixed","tiered_pricing_fixed_rules":{"50":6.05,"100":5.59},"tiered_pricing_product_settings":{"layout":"default","base_unit_name":{"singular":null,"plural":null},"default_variation":null},"tiered_pricing_minimum_quantity":null,"tiered_pricing_roles_data":[],"tiered_pricing_percentage_rules":[],"_links":{"self":[{"href":"https:\/\/puffvapestore.com\/it\/wp-json\/wp\/v2\/product\/6385","targetHints":{"allow":["GET"]}}],"collection":[{"href":"https:\/\/puffvapestore.com\/it\/wp-json\/wp\/v2\/product"}],"about":[{"href":"https:\/\/puffvapestore.com\/it\/wp-json\/wp\/v2\/types\/product"}],"replies":[{"embeddable":true,"href":"https:\/\/puffvapestore.com\/it\/wp-json\/wp\/v2\/comments?post=6385"}],"version-history":[{"count":6,"href":"https:\/\/puffvapestore.com\/it\/wp-json\/wp\/v2\/product\/6385\/revisions"}],"predecessor-version":[{"id":6395,"href":"https:\/\/puffvapestore.com\/it\/wp-json\/wp\/v2\/product\/6385\/revisions\/6395"}],"wp:featuredmedia":[{"embeddable":true,"href":"https:\/\/puffvapestore.com\/it\/wp-json\/wp\/v2\/media\/6241"}],"wp:attachment":[{"href":"https:\/\/puffvapestore.com\/it\/wp-json\/wp\/v2\/media?parent=6385"}],"wp:term":[{"taxonomy":"product_brand","embeddable":true,"href":"https:\/\/puffvapestore.com\/it\/wp-json\/wp\/v2\/product_brand?post=6385"},{"taxonomy":"product_cat","embeddable":true,"href":"https:\/\/puffvapestore.com\/it\/wp-json\/wp\/v2\/product_cat?post=6385"},{"taxonomy":"product_tag","embeddable":true,"href":"https:\/\/puffvapestore.com\/it\/wp-json\/wp\/v2\/product_tag?post=6385"}],"curies":[{"name":"wp","href":"https:\/\/api.w.org\/{rel}","templated":true}]}}