{"id":6374,"date":"2025-08-04T01:49:54","date_gmt":"2025-08-04T01:49:54","guid":{"rendered":"https:\/\/puffvapestore.com\/?post_type=product&#038;p=6374"},"modified":"2026-01-19T10:52:39","modified_gmt":"2026-01-19T10:52:39","slug":"bang-king-15k-pomme-acidulee-framboise-est-ideal-pour-les-amateurs-de-saveurs-acidulees","status":"publish","type":"product","link":"https:\/\/puffvapestore.com\/it\/product\/bang-king-15k-crostata-di-mele-e-lamponi-e-ideale-per-gli-amanti-dei-sapori-aciduli\/","title":{"rendered":"Bang King 15000 - Mouse Apple Raspberry"},"content":{"rendered":"<div data-elementor-type=\"wp-post\" data-elementor-id=\"6374\" class=\"elementor elementor-6374\">\n\t\t\t\t<div class=\"elementor-element elementor-element-08c26f9 e-flex e-con-boxed e-con e-parent\" data-id=\"08c26f9\" data-element_type=\"container\" data-e-type=\"container\">\n\t\t\t\t\t<div class=\"e-con-inner\">\n\t\t\t\t<div class=\"elementor-element elementor-element-a005a97 elementor-widget elementor-widget-text-editor\" data-id=\"a005a97\" data-element_type=\"widget\" data-e-type=\"widget\" data-widget_type=\"text-editor.default\">\n\t\t\t\t<div class=\"elementor-widget-container\">\n\t\t\t\t\t\t\t\t\t<p>Questo aroma Acidulated Apple Raspberry \u00e8 ideale per gli amanti del vaping sapido, fruttato e naturale. Se vi piacciono i dolci alla mela verde Jolly Rancher o le bevande ai frutti rossi, Bang King 15000 Acidulated Raspberry Apple \u00e8 quello che fa per voi.<\/p><p>Mela acidulata: fin dal primo assaggio, il sapore croccante e aspro della mela verde \u00e8 immediatamente evidente. Pi\u00f9 che di una mela rossa dolce, si tratta di una mela verde Granny Smith con un'acidit\u00e0 rinfrescante.<\/p><p>Lampone: il lampone non ruba la scena, ma indugia delicatamente dietro la mela aspra, come un retrogusto dolce dopo l'acidit\u00e0. Il lampone, con il suo tocco di frutta selvatica, aggiunge complessit\u00e0 e profondit\u00e0 all'insieme.<\/p><h2>Profilo aromatico generale di Sour Apple Raspberry :<\/h2><p>Note di testa: La fumata iniziale \u00e8 accolta da una mela verde ricca, pulita e acidula, come un bicchiere di succo di mela verde appena spremuto, che risveglia immediatamente il palato.<\/p><p>A met\u00e0 palato: l'acidit\u00e0 si attenua leggermente, lasciando il posto a un aroma di lampone dolce, per una transizione delicata verso un'esperienza di fusione fruttata.<\/p><p>Finitura: un leggero aroma di frutti rossi e una sensazione rinfrescante persistono, senza lasciare residui grassi, per un finale pulito e confortevole.<\/p><h2>Specifiche del modello Bang King 15000 Sour Apple Raspberry<\/h2><p>Boccate: ogni sigaretta elettronica Bang King 15000 Sour Apple Raspberry pu\u00f2 contenere fino a 15.000 boccate.<\/p><p>Batteria integrata: circa 550 mAh, ricaricabile tramite porta USB-C.<\/p><p>E-liquid pre-riempito: capacit\u00e0 di circa 25 ml.<\/p><p>Tipo di resistenza: resistenza a rete per una nebulizzazione uniforme e un riscaldamento stabile.<\/p><h2>Sono disponibili diversi dosaggi di nicotina.<\/h2><p>La Bang King 15000 Sour Apple Raspberry \u00e8 disponibile in quattro dosaggi di sali di nicotina: 0 %, 2 %, 3 % e 5 %, per soddisfare le esigenze di ogni utente. Sia che vogliate evitare del tutto la nicotina, sia che preferiate un'esperienza pi\u00f9 intensa, troverete il dosaggio pi\u00f9 adatto a voi. Questa flessibilit\u00e0 consente agli utenti di adattare l'assunzione di nicotina alle proprie esigenze personali o di ridurla gradualmente, per un'esperienza personalizzata.<\/p><h2>Design portatile e resistente<\/h2><p>Questa sigaretta elettronica ha un design portatile e un corpo leggero che la rende facile da trasportare. Sia per il pendolarismo che per i lunghi viaggi, si infila facilmente in tasca o nello zaino. La custodia della Bang King 15000 \u00e8 realizzata con materiali accuratamente selezionati, che le conferiscono una struttura durevole in grado di resistere agli urti e all'usura dell'uso quotidiano, garantendo un'affidabilit\u00e0 a lungo termine.<\/p><h2>Design ecologico ricaricabile<\/h2><p>Il Raspberry Bang King 15000 Sour Apple \u00e8 dotato di una porta di ricarica rapida di tipo C, che garantisce una ricarica rapida e la compatibilit\u00e0 con i moderni dispositivi elettronici. Consente agli utenti di ricaricare il dispositivo in qualsiasi momento e ovunque. Rispetto alle tradizionali sigarette elettroniche usa e getta, questo design ricaricabile riduce significativamente i rifiuti e prolunga la vita del dispositivo, rispettando cos\u00ec i principi ambientali e contribuendo allo sviluppo sostenibile.<\/p><h2>Flusso d'aria regolabile<\/h2><p>La sigaretta elettronica \u00e8 dotata di un sistema di flusso d'aria regolabile, che consente agli utenti di regolare liberamente la resistenza dell'inalazione in base alle proprie preferenze, da un'inalazione decisa a una leggera.<\/p><h2>Design elegante ed ergonomico<\/h2><p>L'Bang King 15000 Sour Apple Raspberry si concentra sulla funzionalit\u00e0 e vanta un design moderno con linee pulite e una variet\u00e0 di colori per soddisfare le preferenze estetiche di ogni utente. Il suo design ergonomico garantisce una presa confortevole e un utilizzo senza fatica anche dopo lunghi periodi.<\/p>\t\t\t\t\t\t\t\t<\/div>\n\t\t\t\t<\/div>\n\t\t\t\t\t<\/div>\n\t\t\t\t<\/div>\n\t\t\t\t<\/div>","protected":false},"excerpt":{"rendered":"<p>Cet ar\u00f4me Pomme Acidul\u00e9e Framboise est id\u00e9al pour les amateurs de vapotage acidul\u00e9, fruit\u00e9 et naturel. Si vous appr\u00e9ciez les bonbons \u00e0 la pomme verte Jolly Rancher ou les boissons aux fruits rouges acidul\u00e9es, le Bang King 15000 Pomme Acidul\u00e9e Framboise est fait pour vous. Pomme Acidul\u00e9e\u00a0: D\u00e8s la premi\u00e8re bouff\u00e9e, la saveur croquante et [&hellip;]<\/p>","protected":false},"featured_media":6247,"comment_status":"open","ping_status":"closed","template":"","meta":{"site-sidebar-layout":"no-sidebar","site-content-layout":"page-builder","ast-site-content-layout":"normal-width-container","site-content-style":"default","site-sidebar-style":"default","ast-global-header-display":"","ast-banner-title-visibility":"","ast-main-header-display":"","ast-hfb-above-header-display":"","ast-hfb-below-header-display":"","ast-hfb-mobile-header-display":"","site-post-title":"disabled","ast-breadcrumbs-content":"","ast-featured-img":"disabled","footer-sml-layout":"","theme-transparent-header-meta":"default","adv-header-id-meta":"","stick-header-meta":"default","header-above-stick-meta":"","header-main-stick-meta":"","header-below-stick-meta":"","astra-migrate-meta-layouts":"set","ast-page-background-enabled":"default","ast-page-background-meta":{"desktop":{"background-color":"","background-image":"","background-repeat":"repeat","background-position":"center center","background-size":"auto","background-attachment":"scroll","background-type":"","background-media":"","overlay-type":"","overlay-color":"","overlay-opacity":"","overlay-gradient":""},"tablet":{"background-color":"","background-image":"","background-repeat":"repeat","background-position":"center center","background-size":"auto","background-attachment":"scroll","background-type":"","background-media":"","overlay-type":"","overlay-color":"","overlay-opacity":"","overlay-gradient":""},"mobile":{"background-color":"","background-image":"","background-repeat":"repeat","background-position":"center center","background-size":"auto","background-attachment":"scroll","background-type":"","background-media":"","overlay-type":"","overlay-color":"","overlay-opacity":"","overlay-gradient":""}},"ast-content-background-meta":{"desktop":{"background-color":"var(--ast-global-color-5)","background-image":"","background-repeat":"repeat","background-position":"center center","background-size":"auto","background-attachment":"scroll","background-type":"","background-media":"","overlay-type":"","overlay-color":"","overlay-opacity":"","overlay-gradient":""},"tablet":{"background-color":"var(--ast-global-color-5)","background-image":"","background-repeat":"repeat","background-position":"center center","background-size":"auto","background-attachment":"scroll","background-type":"","background-media":"","overlay-type":"","overlay-color":"","overlay-opacity":"","overlay-gradient":""},"mobile":{"background-color":"var(--ast-global-color-5)","background-image":"","background-repeat":"repeat","background-position":"center center","background-size":"auto","background-attachment":"scroll","background-type":"","background-media":"","overlay-type":"","overlay-color":"","overlay-opacity":"","overlay-gradient":""}}},"product_brand":[52],"product_cat":[56,80,15],"product_tag":[],"class_list":{"0":"post-6374","1":"product","2":"type-product","3":"status-publish","4":"has-post-thumbnail","6":"product_brand-bang-king","7":"product_cat-bang-king-15000-est-equipee-dune-resistance-mesh-nouvelle-generation","8":"product_cat-puff-15k","9":"product_cat-magasin-cigarette-electronique","10":"desktop-align-center","11":"tablet-align-center","12":"mobile-align-center","13":"ast-product-gallery-layout-horizontal","14":"ast-product-gallery-with-no-image","15":"ast-product-single-variable","16":"ast-product-tabs-layout-horizontal","17":"ast-qv-on-image","19":"first","20":"instock","21":"sale","22":"shipping-taxable","23":"purchasable","24":"product-type-variable","25":"has-default-attributes"},"tiered_pricing_type":"fixed","tiered_pricing_fixed_rules":{"50":6.05,"100":5.59},"tiered_pricing_product_settings":{"layout":"default","base_unit_name":{"singular":null,"plural":null},"default_variation":null},"tiered_pricing_minimum_quantity":null,"tiered_pricing_roles_data":[],"tiered_pricing_percentage_rules":[],"_links":{"self":[{"href":"https:\/\/puffvapestore.com\/it\/wp-json\/wp\/v2\/product\/6374","targetHints":{"allow":["GET"]}}],"collection":[{"href":"https:\/\/puffvapestore.com\/it\/wp-json\/wp\/v2\/product"}],"about":[{"href":"https:\/\/puffvapestore.com\/it\/wp-json\/wp\/v2\/types\/product"}],"replies":[{"embeddable":true,"href":"https:\/\/puffvapestore.com\/it\/wp-json\/wp\/v2\/comments?post=6374"}],"version-history":[{"count":6,"href":"https:\/\/puffvapestore.com\/it\/wp-json\/wp\/v2\/product\/6374\/revisions"}],"predecessor-version":[{"id":6384,"href":"https:\/\/puffvapestore.com\/it\/wp-json\/wp\/v2\/product\/6374\/revisions\/6384"}],"wp:featuredmedia":[{"embeddable":true,"href":"https:\/\/puffvapestore.com\/it\/wp-json\/wp\/v2\/media\/6247"}],"wp:attachment":[{"href":"https:\/\/puffvapestore.com\/it\/wp-json\/wp\/v2\/media?parent=6374"}],"wp:term":[{"taxonomy":"product_brand","embeddable":true,"href":"https:\/\/puffvapestore.com\/it\/wp-json\/wp\/v2\/product_brand?post=6374"},{"taxonomy":"product_cat","embeddable":true,"href":"https:\/\/puffvapestore.com\/it\/wp-json\/wp\/v2\/product_cat?post=6374"},{"taxonomy":"product_tag","embeddable":true,"href":"https:\/\/puffvapestore.com\/it\/wp-json\/wp\/v2\/product_tag?post=6374"}],"curies":[{"name":"wp","href":"https:\/\/api.w.org\/{rel}","templated":true}]}}