{"id":6363,"date":"2025-08-02T12:20:56","date_gmt":"2025-08-02T12:20:56","guid":{"rendered":"https:\/\/puffvapestore.com\/?post_type=product&#038;p=6363"},"modified":"2026-01-19T10:52:39","modified_gmt":"2026-01-19T10:52:39","slug":"bang-king-15000-tropical-fruit-est-rafraichissant-et-sucre","status":"publish","type":"product","link":"https:\/\/puffvapestore.com\/it\/product\/bang-king-15000-frutta-tropicale-e-rinfrescante-e-dolce\/","title":{"rendered":"Bang King 15000 - Frutta tropicale"},"content":{"rendered":"<div data-elementor-type=\"wp-post\" data-elementor-id=\"6363\" class=\"elementor elementor-6363\">\n\t\t\t\t<div class=\"elementor-element elementor-element-08c26f9 e-flex e-con-boxed e-con e-parent\" data-id=\"08c26f9\" data-element_type=\"container\" data-e-type=\"container\">\n\t\t\t\t\t<div class=\"e-con-inner\">\n\t\t\t\t<div class=\"elementor-element elementor-element-a005a97 elementor-widget elementor-widget-text-editor\" data-id=\"a005a97\" data-element_type=\"widget\" data-e-type=\"widget\" data-widget_type=\"text-editor.default\">\n\t\t\t\t<div class=\"elementor-widget-container\">\n\t\t\t\t\t\t\t\t\t<p>Bang King 15000 Tropical Fruits offre un'esperienza di gusto fresca, dolce e fruttata, grazie a una miscela di vari frutti tropicali. Il sapore complessivo \u00e8 rinfrescante e dolce, con una punta di acidit\u00e0 e un gusto ricco ed equilibrato.<\/p><p>Se vi piacciono i frullati di frutta, i succhi di frutta tropicali e le bevande a base di frutta mista, il sapore di Bang King 15000 - Tropical Fruit sar\u00e0 probabilmente adatto alle vostre preferenze. Non \u00e8 monotono come un singolo frutto, ma offre piuttosto un'esperienza complessa che ricorda un frutteto tropicale.<\/p><h2>Caratteristiche principali del sapore :<\/h2><h3>1. Note fruttate dominanti : Ananas e mango<\/h3><p>Ananas: la prima nota affumicata \u00e8 un distinto sapore di ananas, con acidit\u00e0 e dolcezza naturali, una dolcezza equilibrata e una leggera sensazione energizzante.<\/p><p>Mango: segue un sapore morbido e dolce di mango, simile alla polpa tenera di un mango maturo, che contrasta e completa il gusto agrodolce dell'ananas.<\/p><h3>2. Aromi secondari: frutto della passione, papaya e cocco.<\/h3><p>Frutto della passione: alla fine della fumata, emerge un leggero aroma di frutto della passione, con una sottile nota floreale, che aggiunge un tocco esotico all'insieme.<\/p><p>Papeye: ha un effetto equilibrante, ammorbidisce la dolcezza del mango e conferisce al gusto una base morbida e cremosa.<\/p><p>Cocco (leggero): Un accenno di latte di cocco nel retrogusto aggiunge una nota lattiginosa o cremosa all'insieme senza sovrastarlo.<\/p><h2>Specifiche del modello Bang King 15000 Tropical Fruit<\/h2><p>Boccate: ogni sigaretta elettronica Bang King 15000 Tropical Fruit pu\u00f2 contenere fino a 15.000 boccate.<\/p><p>Batteria integrata: circa 550 mAh, ricaricabile tramite porta USB-C.<\/p><p>E-liquid pre-riempito: capacit\u00e0 di circa 25 ml.<\/p><p>Tipo di resistenza: resistenza a rete per una nebulizzazione uniforme e un riscaldamento stabile.<\/p><h2>Sono disponibili diversi dosaggi di nicotina.<\/h2><p>Bang King 15000 Tropical Fruit \u00e8 disponibile in quattro dosaggi di sali di nicotina: 0 %, 2 %, 3 % e 5 %, per soddisfare le esigenze di ogni utente. Sia che vogliate evitare del tutto la nicotina, sia che preferiate un'esperienza pi\u00f9 intensa, troverete il dosaggio pi\u00f9 adatto a voi. Questa flessibilit\u00e0 consente agli utenti di adattare l'assunzione di nicotina alle proprie esigenze personali o di ridurla gradualmente, per un'esperienza personalizzata.<\/p><h2>Design portatile e resistente<\/h2><p>Questa sigaretta elettronica ha un design portatile e un corpo leggero che la rende facile da trasportare. Sia per il pendolarismo che per i lunghi viaggi, si infila facilmente in tasca o nello zaino. La custodia della Bang King 15000 \u00e8 realizzata con materiali accuratamente selezionati, che le conferiscono una struttura durevole in grado di resistere agli urti e all'usura dell'uso quotidiano, garantendo un'affidabilit\u00e0 a lungo termine.<\/p><h2>Design ecologico ricaricabile<\/h2><p>Il modello Bang King 15000 Tropical Fruit \u00e8 dotato di una porta di ricarica rapida di tipo C, che garantisce una ricarica rapida e la compatibilit\u00e0 con i moderni dispositivi elettronici. Consente agli utenti di ricaricare il dispositivo in qualsiasi momento e ovunque. Rispetto alle tradizionali sigarette elettroniche usa e getta, questo design ricaricabile riduce significativamente i rifiuti e prolunga la vita del dispositivo, rispettando cos\u00ec i principi ambientali e contribuendo allo sviluppo sostenibile.<\/p><h2>Flusso d'aria regolabile<\/h2><p>La sigaretta elettronica \u00e8 dotata di un sistema di flusso d'aria regolabile, che consente agli utenti di regolare liberamente la resistenza dell'inalazione in base alle proprie preferenze, da un'inalazione decisa a una leggera.<\/p><h2>Design elegante ed ergonomico<\/h2><p>L'Bang King 15000 Tropical Fruit punta sulla funzionalit\u00e0 e vanta un design moderno con linee pulite e una variet\u00e0 di colori per soddisfare le preferenze estetiche di ogni utente. Il suo design ergonomico assicura una presa confortevole e un utilizzo senza fatica anche dopo lunghi periodi.<\/p>\t\t\t\t\t\t\t\t<\/div>\n\t\t\t\t<\/div>\n\t\t\t\t\t<\/div>\n\t\t\t\t<\/div>\n\t\t\t\t<\/div>","protected":false},"excerpt":{"rendered":"<p>Bang King 15000 Fruits tropicaux offre une exp\u00e9rience gustative fra\u00eeche, sucr\u00e9e et fruit\u00e9e, gr\u00e2ce \u00e0 un m\u00e9lange de divers fruits tropicaux. La saveur globale est rafra\u00eechissante et sucr\u00e9e, avec une pointe d&rsquo;acidit\u00e9, et un go\u00fbt riche et \u00e9quilibr\u00e9. Si vous aimez les milk-shakes aux fruits, les jus tropicaux et les boissons aux fruits m\u00e9lang\u00e9s, la [&hellip;]<\/p>\n","protected":false},"featured_media":6253,"comment_status":"open","ping_status":"closed","template":"","meta":{"site-sidebar-layout":"no-sidebar","site-content-layout":"page-builder","ast-site-content-layout":"normal-width-container","site-content-style":"default","site-sidebar-style":"default","ast-global-header-display":"","ast-banner-title-visibility":"","ast-main-header-display":"","ast-hfb-above-header-display":"","ast-hfb-below-header-display":"","ast-hfb-mobile-header-display":"","site-post-title":"disabled","ast-breadcrumbs-content":"","ast-featured-img":"disabled","footer-sml-layout":"","theme-transparent-header-meta":"default","adv-header-id-meta":"","stick-header-meta":"default","header-above-stick-meta":"","header-main-stick-meta":"","header-below-stick-meta":"","astra-migrate-meta-layouts":"set","ast-page-background-enabled":"default","ast-page-background-meta":{"desktop":{"background-color":"","background-image":"","background-repeat":"repeat","background-position":"center center","background-size":"auto","background-attachment":"scroll","background-type":"","background-media":"","overlay-type":"","overlay-color":"","overlay-opacity":"","overlay-gradient":""},"tablet":{"background-color":"","background-image":"","background-repeat":"repeat","background-position":"center center","background-size":"auto","background-attachment":"scroll","background-type":"","background-media":"","overlay-type":"","overlay-color":"","overlay-opacity":"","overlay-gradient":""},"mobile":{"background-color":"","background-image":"","background-repeat":"repeat","background-position":"center center","background-size":"auto","background-attachment":"scroll","background-type":"","background-media":"","overlay-type":"","overlay-color":"","overlay-opacity":"","overlay-gradient":""}},"ast-content-background-meta":{"desktop":{"background-color":"var(--ast-global-color-5)","background-image":"","background-repeat":"repeat","background-position":"center center","background-size":"auto","background-attachment":"scroll","background-type":"","background-media":"","overlay-type":"","overlay-color":"","overlay-opacity":"","overlay-gradient":""},"tablet":{"background-color":"var(--ast-global-color-5)","background-image":"","background-repeat":"repeat","background-position":"center center","background-size":"auto","background-attachment":"scroll","background-type":"","background-media":"","overlay-type":"","overlay-color":"","overlay-opacity":"","overlay-gradient":""},"mobile":{"background-color":"var(--ast-global-color-5)","background-image":"","background-repeat":"repeat","background-position":"center center","background-size":"auto","background-attachment":"scroll","background-type":"","background-media":"","overlay-type":"","overlay-color":"","overlay-opacity":"","overlay-gradient":""}}},"product_brand":[52],"product_cat":[56,80,15],"product_tag":[],"class_list":{"0":"post-6363","1":"product","2":"type-product","3":"status-publish","4":"has-post-thumbnail","6":"product_brand-bang-king","7":"product_cat-bang-king-15000-est-equipee-dune-resistance-mesh-nouvelle-generation","8":"product_cat-puff-15k","9":"product_cat-magasin-cigarette-electronique","10":"desktop-align-center","11":"tablet-align-center","12":"mobile-align-center","13":"ast-product-gallery-layout-horizontal","14":"ast-product-gallery-with-no-image","15":"ast-product-single-variable","16":"ast-product-tabs-layout-horizontal","17":"ast-qv-on-image","19":"first","20":"instock","21":"sale","22":"shipping-taxable","23":"purchasable","24":"product-type-variable","25":"has-default-attributes"},"tiered_pricing_type":"fixed","tiered_pricing_fixed_rules":{"50":6.05,"100":5.59},"tiered_pricing_product_settings":{"layout":"default","base_unit_name":{"singular":null,"plural":null},"default_variation":null},"tiered_pricing_minimum_quantity":null,"tiered_pricing_roles_data":[],"tiered_pricing_percentage_rules":[],"_links":{"self":[{"href":"https:\/\/puffvapestore.com\/it\/wp-json\/wp\/v2\/product\/6363","targetHints":{"allow":["GET"]}}],"collection":[{"href":"https:\/\/puffvapestore.com\/it\/wp-json\/wp\/v2\/product"}],"about":[{"href":"https:\/\/puffvapestore.com\/it\/wp-json\/wp\/v2\/types\/product"}],"replies":[{"embeddable":true,"href":"https:\/\/puffvapestore.com\/it\/wp-json\/wp\/v2\/comments?post=6363"}],"version-history":[{"count":6,"href":"https:\/\/puffvapestore.com\/it\/wp-json\/wp\/v2\/product\/6363\/revisions"}],"predecessor-version":[{"id":6373,"href":"https:\/\/puffvapestore.com\/it\/wp-json\/wp\/v2\/product\/6363\/revisions\/6373"}],"wp:featuredmedia":[{"embeddable":true,"href":"https:\/\/puffvapestore.com\/it\/wp-json\/wp\/v2\/media\/6253"}],"wp:attachment":[{"href":"https:\/\/puffvapestore.com\/it\/wp-json\/wp\/v2\/media?parent=6363"}],"wp:term":[{"taxonomy":"product_brand","embeddable":true,"href":"https:\/\/puffvapestore.com\/it\/wp-json\/wp\/v2\/product_brand?post=6363"},{"taxonomy":"product_cat","embeddable":true,"href":"https:\/\/puffvapestore.com\/it\/wp-json\/wp\/v2\/product_cat?post=6363"},{"taxonomy":"product_tag","embeddable":true,"href":"https:\/\/puffvapestore.com\/it\/wp-json\/wp\/v2\/product_tag?post=6363"}],"curies":[{"name":"wp","href":"https:\/\/api.w.org\/{rel}","templated":true}]}}