{"id":6272,"date":"2025-08-02T08:02:02","date_gmt":"2025-08-02T08:02:02","guid":{"rendered":"https:\/\/puffvapestore.com\/?post_type=product&#038;p=6272"},"modified":"2026-01-19T10:52:38","modified_gmt":"2026-01-19T10:52:38","slug":"bang-king-15000-offre-15k-bouffees-25ml-de-liquide","status":"publish","type":"product","link":"https:\/\/puffvapestore.com\/it\/product\/bang-king-15000-offerte-15k-soffi-25ml-liquido\/","title":{"rendered":"Bang King 15000: offre 15K soffi, 25 ml di e-liquid e una resistenza a maglia"},"content":{"rendered":"<div data-elementor-type=\"wp-post\" data-elementor-id=\"6272\" class=\"elementor elementor-6272\">\n\t\t\t\t<div class=\"elementor-element elementor-element-08c26f9 e-flex e-con-boxed e-con e-parent\" data-id=\"08c26f9\" data-element_type=\"container\" data-e-type=\"container\">\n\t\t\t\t\t<div class=\"e-con-inner\">\n\t\t\t\t<div class=\"elementor-element elementor-element-a005a97 elementor-widget elementor-widget-text-editor\" data-id=\"a005a97\" data-element_type=\"widget\" data-e-type=\"widget\" data-widget_type=\"text-editor.default\">\n\t\t\t\t<div class=\"elementor-widget-container\">\n\t\t\t\t\t\t\t\t\t<h2>Specifiche del modello Bang King 15000<\/h2><p>Boccate: ogni sigaretta elettronica Bang King 15000 pu\u00f2 contenere fino a 15.000 boccate.<\/p><p>Batteria integrata: circa 550 mAh, ricaricabile tramite porta USB-C.<\/p><p>E-liquid pre-riempito: capacit\u00e0 di circa 25 ml.<\/p><p>Tipo di resistenza: resistenza a rete per una nebulizzazione uniforme e un riscaldamento stabile.<\/p><h2>Sono disponibili diversi dosaggi di nicotina.<\/h2><p>La Bang King 15000 offre quattro dosaggi di sale di nicotina: 0 %, 2 %, 3 % e 5 %, per soddisfare le esigenze di ogni utente. Sia che vogliate evitare del tutto la nicotina, sia che preferiate un'esperienza pi\u00f9 intensa, troverete il dosaggio pi\u00f9 adatto a voi. Questa flessibilit\u00e0 consente agli utenti di adattare l'assunzione di nicotina alle proprie esigenze personali o di ridurla gradualmente, per un'esperienza personalizzata.<\/p><h2>Design portatile e resistente<\/h2><p>Questa sigaretta elettronica ha un design portatile e un corpo leggero che la rende facile da trasportare. Sia per il pendolarismo che per i lunghi viaggi, si infila facilmente in tasca o nello zaino. La custodia della Bang King 15000 \u00e8 realizzata con materiali accuratamente selezionati, che le conferiscono una struttura durevole in grado di resistere agli urti e all'usura dell'uso quotidiano, garantendo un'affidabilit\u00e0 a lungo termine.<\/p><h2>Design ecologico ricaricabile<\/h2><p>Il modello Bang King 15000 \u00e8 dotato di una porta di ricarica rapida di tipo C, che garantisce una ricarica rapida e la compatibilit\u00e0 con i moderni dispositivi elettronici. Consente agli utenti di ricaricare il dispositivo in qualsiasi momento e ovunque. Rispetto alle tradizionali sigarette elettroniche usa e getta, questo design ricaricabile riduce significativamente i rifiuti e prolunga la vita del dispositivo, rispettando cos\u00ec i principi ambientali e contribuendo allo sviluppo sostenibile.<\/p><h2>Flusso d'aria regolabile<\/h2><p>La sigaretta elettronica \u00e8 dotata di un sistema di flusso d'aria regolabile, che consente agli utenti di regolare liberamente la resistenza dell'inalazione in base alle proprie preferenze, da un'inalazione decisa a una leggera.<\/p><h2>Design elegante ed ergonomico<\/h2><p>Il modello Bang King 15000 pone l'accento sulla funzionalit\u00e0 e vanta un design moderno con linee pulite e una variet\u00e0 di colori per soddisfare le preferenze estetiche di ogni utente. Il suo design ergonomico garantisce una presa confortevole e un utilizzo senza fatica anche dopo lunghi periodi.<\/p><h2>Il modello Bang King 15000 offre 20 gusti diversi<\/h2><p>Il modello Bang King 15000 offre 20 gusti diversi, tra cui frutta, fresco e dessert, per soddisfare le esigenze di tutti gli utenti. I gusti di frutta includono \u00abAloe Grape\u00bb (dolce e rinfrescante), \u00abPeach Mango\u00bb (tropicale e fruttato), \u00abDouble Apple\u00bb (croccante e succoso), \u00abKiwi Passion Fruit Guava\u00bb (trio tropicale), \u00abTropical Fruit\u00bb (una miscela di frutti tropicali), \u00abStrawberry Banana\u00bb (morbido come un frullato), \u00abStrawberry Kiwi\u00bb (un kiwi alla fragola con un gusto bilanciato dolce-arancio) e \u00abStrawberry Watermelon\u00bb (rinfrescante e succoso). Questi gusti offrono la naturale dolcezza e freschezza della frutta, perfetti per gli amanti degli aromi fruttati.<\/p><p>Pensati per chi cerca un'esperienza rinfrescante, i gusti rinfrescanti includono \u00abBlue Razz Ice\u00bb (un gelato al mirtillo dolce e piccante), \u00abLush Ice\u00bb (un gelato all'anguria dolce e rinfrescante), \u00abPeach Ice\u00bb (un gelato alla pesca fruttato e ghiacciato), \u00abTriple Berry Ice\u00bb (un gelato rinfrescante ai frutti rossi) e \u00abBlack Dragon Ice\u00bb (un gelato alla pitaya nera unico, fruttato e rinfrescante). Questi gusti offrono una rinfrescante sensazione di menta, ideale nella stagione calda o per chi cerca una sensazione di refrigerio. Inoltre, \u00abCool Mint\u00bb offre pura freschezza alla menta per chi cerca il massimo della freschezza.<\/p><p>Al divertimento si aggiungono dessert e gusti unici come \u00abCotton Candy\u00bb (dolce e leggero), \u00abWatermelon Bubblegum\u00bb (un mix di sapori fruttati e dolci nostalgici), \u00abStrawberry Yogurt\u00bb (un equilibrio di sapori lattiginosi e fruttati), \u00abCherry Pop\u00bb (una soda dolce in stile caramella) e \u00abPink Lemonade\u00bb (una bevanda rinfrescante e acidula).<\/p>\t\t\t\t\t\t\t\t<\/div>\n\t\t\t\t<\/div>\n\t\t\t\t\t<\/div>\n\t\t\t\t<\/div>\n\t\t\t\t<\/div>","protected":false},"excerpt":{"rendered":"<p>Sp\u00e9cifications de la Bang King 15000 Bouff\u00e9es\u00a0: Chaque cigarette \u00e9lectronique Bang King 15000 peut contenir jusqu\u2019\u00e0 15000 bouff\u00e9es. Batterie int\u00e9gr\u00e9e\u00a0: Environ 550\u00a0mAh, rechargeable via le port USB-C. E-liquide pr\u00e9rempli\u00a0: Capacit\u00e9 d\u2019environ 25\u00a0ml. Type de r\u00e9sistance : R\u00e9sistance en mesh pour une atomisation uniforme et une chauffe stable. Plusieurs dosages de nicotine disponibles. La Bang King [&hellip;]<\/p>\n","protected":false},"featured_media":6256,"comment_status":"open","ping_status":"closed","template":"","meta":{"site-sidebar-layout":"no-sidebar","site-content-layout":"page-builder","ast-site-content-layout":"normal-width-container","site-content-style":"default","site-sidebar-style":"default","ast-global-header-display":"","ast-banner-title-visibility":"","ast-main-header-display":"","ast-hfb-above-header-display":"","ast-hfb-below-header-display":"","ast-hfb-mobile-header-display":"","site-post-title":"disabled","ast-breadcrumbs-content":"","ast-featured-img":"disabled","footer-sml-layout":"","theme-transparent-header-meta":"default","adv-header-id-meta":"","stick-header-meta":"default","header-above-stick-meta":"","header-main-stick-meta":"","header-below-stick-meta":"","astra-migrate-meta-layouts":"set","ast-page-background-enabled":"default","ast-page-background-meta":{"desktop":{"background-color":"","background-image":"","background-repeat":"repeat","background-position":"center center","background-size":"auto","background-attachment":"scroll","background-type":"","background-media":"","overlay-type":"","overlay-color":"","overlay-opacity":"","overlay-gradient":""},"tablet":{"background-color":"","background-image":"","background-repeat":"repeat","background-position":"center center","background-size":"auto","background-attachment":"scroll","background-type":"","background-media":"","overlay-type":"","overlay-color":"","overlay-opacity":"","overlay-gradient":""},"mobile":{"background-color":"","background-image":"","background-repeat":"repeat","background-position":"center center","background-size":"auto","background-attachment":"scroll","background-type":"","background-media":"","overlay-type":"","overlay-color":"","overlay-opacity":"","overlay-gradient":""}},"ast-content-background-meta":{"desktop":{"background-color":"var(--ast-global-color-5)","background-image":"","background-repeat":"repeat","background-position":"center center","background-size":"auto","background-attachment":"scroll","background-type":"","background-media":"","overlay-type":"","overlay-color":"","overlay-opacity":"","overlay-gradient":""},"tablet":{"background-color":"var(--ast-global-color-5)","background-image":"","background-repeat":"repeat","background-position":"center center","background-size":"auto","background-attachment":"scroll","background-type":"","background-media":"","overlay-type":"","overlay-color":"","overlay-opacity":"","overlay-gradient":""},"mobile":{"background-color":"var(--ast-global-color-5)","background-image":"","background-repeat":"repeat","background-position":"center center","background-size":"auto","background-attachment":"scroll","background-type":"","background-media":"","overlay-type":"","overlay-color":"","overlay-opacity":"","overlay-gradient":""}}},"product_brand":[52],"product_cat":[56,80,15],"product_tag":[],"class_list":{"0":"post-6272","1":"product","2":"type-product","3":"status-publish","4":"has-post-thumbnail","6":"product_brand-bang-king","7":"product_cat-bang-king-15000-est-equipee-dune-resistance-mesh-nouvelle-generation","8":"product_cat-puff-15k","9":"product_cat-magasin-cigarette-electronique","10":"desktop-align-center","11":"tablet-align-center","12":"mobile-align-center","13":"ast-product-gallery-layout-horizontal","14":"ast-product-single-variable","15":"ast-product-tabs-layout-horizontal","16":"ast-qv-on-image","18":"first","19":"instock","20":"sale","21":"shipping-taxable","22":"purchasable","23":"product-type-variable","24":"has-default-attributes"},"tiered_pricing_type":"fixed","tiered_pricing_fixed_rules":{"50":6.05,"100":5.59},"tiered_pricing_product_settings":{"layout":"default","base_unit_name":{"singular":null,"plural":null},"default_variation":null},"tiered_pricing_minimum_quantity":null,"tiered_pricing_roles_data":[],"tiered_pricing_percentage_rules":[],"_links":{"self":[{"href":"https:\/\/puffvapestore.com\/it\/wp-json\/wp\/v2\/product\/6272","targetHints":{"allow":["GET"]}}],"collection":[{"href":"https:\/\/puffvapestore.com\/it\/wp-json\/wp\/v2\/product"}],"about":[{"href":"https:\/\/puffvapestore.com\/it\/wp-json\/wp\/v2\/types\/product"}],"replies":[{"embeddable":true,"href":"https:\/\/puffvapestore.com\/it\/wp-json\/wp\/v2\/comments?post=6272"}],"version-history":[{"count":6,"href":"https:\/\/puffvapestore.com\/it\/wp-json\/wp\/v2\/product\/6272\/revisions"}],"predecessor-version":[{"id":6362,"href":"https:\/\/puffvapestore.com\/it\/wp-json\/wp\/v2\/product\/6272\/revisions\/6362"}],"wp:featuredmedia":[{"embeddable":true,"href":"https:\/\/puffvapestore.com\/it\/wp-json\/wp\/v2\/media\/6256"}],"wp:attachment":[{"href":"https:\/\/puffvapestore.com\/it\/wp-json\/wp\/v2\/media?parent=6272"}],"wp:term":[{"taxonomy":"product_brand","embeddable":true,"href":"https:\/\/puffvapestore.com\/it\/wp-json\/wp\/v2\/product_brand?post=6272"},{"taxonomy":"product_cat","embeddable":true,"href":"https:\/\/puffvapestore.com\/it\/wp-json\/wp\/v2\/product_cat?post=6272"},{"taxonomy":"product_tag","embeddable":true,"href":"https:\/\/puffvapestore.com\/it\/wp-json\/wp\/v2\/product_tag?post=6272"}],"curies":[{"name":"wp","href":"https:\/\/api.w.org\/{rel}","templated":true}]}}