{"id":6196,"date":"2025-08-02T05:50:38","date_gmt":"2025-08-02T05:50:38","guid":{"rendered":"https:\/\/puffvapestore.com\/?post_type=product&#038;p=6196"},"modified":"2026-01-19T10:36:11","modified_gmt":"2026-01-19T10:36:11","slug":"strawberry-watermelon-kiwi-passion-fruit-guava-bang-king-30k-une-saveur-chaude-et-sucree","status":"publish","type":"product","link":"https:\/\/puffvapestore.com\/it\/product\/fragola-anguria-kiwi-frutto-della-passione-guava-bang-king-30k-un-sapore-caldo-e-dolce\/","title":{"rendered":"Fragola, anguria e kiwi, frutto della passione e guaiava - Bang King 30000 doppio gusto"},"content":{"rendered":"<div data-elementor-type=\"wp-post\" data-elementor-id=\"6196\" class=\"elementor elementor-6196\">\n\t\t\t\t<div class=\"elementor-element elementor-element-08c26f9 e-flex e-con-boxed e-con e-parent\" data-id=\"08c26f9\" data-element_type=\"container\" data-e-type=\"container\">\n\t\t\t\t\t<div class=\"e-con-inner\">\n\t\t\t\t<div class=\"elementor-element elementor-element-a005a97 elementor-widget elementor-widget-text-editor\" data-id=\"a005a97\" data-element_type=\"widget\" data-e-type=\"widget\" data-widget_type=\"text-editor.default\">\n\t\t\t\t<div class=\"elementor-widget-container\">\n\t\t\t\t\t\t\t\t\t<p>La combinazione di gusti \u00abAnguria fragola e Kiwi frutto della passione Guava\u00bb della sigaretta elettronica BangKing30K offre due esperienze fruttate ricche e completamente diverse. \u00c8 possibile cambiare sapore in qualsiasi momento e godere appieno di ogni cambiamento fruttato.<\/p><h2>Aroma 1: Anguria alla fragola (Strawberry Watermelon)<\/h2><p><strong>Attacco morbido e dolce<\/strong><br \/>Appena inalato, si percepisce l'aroma fruttato delle fragole, caldo e dolce, con una naturale freschezza fruttata.<\/p><p><strong>Il cuore del sapore \u00e8 cremoso.<\/strong><br \/>Poi l'aroma di anguria sale gradualmente, lasciando il posto a una leggera dolcezza. Questa sigaretta elettronica aromatizzata \u00e8 come un morso di anguria appena tagliata, che avvolge le papille gustative di umidit\u00e0 e freschezza.<\/p><h2>Gusto 2 : Kiwi, Frutto della passione, Guava<\/h2><p><strong>Prima annusata: Kiwi crostato<\/strong><br \/>Il primo sentore si concentra sull'acidit\u00e0 rinfrescante del kiwi, con la sottile granulosit\u00e0 dei semi delicati, al tempo stesso trasparenti e stimolanti per le papille gustative.<\/p><p><strong>Pasta intermedia: aroma di frutto della passione<\/strong><br \/>Poi emerge gradualmente il sapore tropicale del frutto della passione. Il suo profumo e la sua acidit\u00e0 sono pi\u00f9 forti e pungenti di quelli del kiwi, e fanno immergere il gusto nelle profondit\u00e0 dei frutteti tropicali.<\/p><p><strong>Retrogusto dolce e delicato: guava equilibrato<\/strong><br \/>Infine, il profumo caldo e dolce della guava prende il sopravvento, gettando le basi per l'esperienza gustativa. Lieve ma molto fruttato, \u00e8 come un lubrificante che bilancia la pronunciata acidit\u00e0.<\/p><p><strong>Retrogusto<\/strong><br \/>L'aroma fruttato si diffonde dolcemente sul palato, con un'alternanza di dolcezza e acidit\u00e0, garantendo una freschezza continua e un retrogusto potente.<\/p><p><strong>Esperienza complessiva<\/strong><br \/>\u00c8 come degustare un bicchiere di succo di frutta personalizzato: l'acidit\u00e0 inizia, esplode sul palato, prima di tornare a un gusto dolce e rilassante, pieno e vario.<\/p><h2>Doppio sapore, doppia esperienza<\/h2><p>Il modello Bang King 30000 Strawberry Watermelon &amp; Kiwi Passion Fruit Guava \u00e8 dotato di un innovativo sistema a doppio gusto, che consente di passare da un gusto all'altro in qualsiasi momento.<\/p><p>Il serbatoio di e-liquid da 36 ml, molto pi\u00f9 capiente rispetto ai prodotti convenzionali, assicura un'inalazione completa e regolare, riducendo la necessit\u00e0 di frequenti sostituzioni e garantendo un uso duraturo.<\/p><h2>Numerose boccate: fino a 30.000 boccate<\/h2><p>La Bang King 30000 Strawberry Watermelon &amp; Kiwi Passion Fruit Guava offre fino a 30.000 boccate, una durata maggiore rispetto alle sigarette elettroniche usa e getta tradizionali. \u00c8 la scelta ideale per gli utilizzatori intensivi che non hanno bisogno di cambiare frequentemente l'attrezzatura.<\/p><p>Batteria al litio ricaricabile da 550 mAh integrata con interfaccia di ricarica rapida USB-C per una ricarica pi\u00f9 efficiente, sicura e stabile e un utilizzo pi\u00f9 prolungato. Grazie al sistema di gestione dell'energia, la durata della batteria e l'efficienza della ricarica sono migliorate.<\/p><h2>Struttura a maglie riscaldate, sapore ricco<\/h2><p>La Bang King 30000 Strawberry Watermelon &amp; Kiwi Passion Fruit Guava utilizza una bobina di atomizzazione avanzata da 1,0 \u03a9 (Mesh Coil), che migliora notevolmente l'efficienza di atomizzazione, rende il fumo pi\u00f9 delicato e il sapore pi\u00f9 puro, tenendo conto del grande volume di fumo e del sapore delicato, per una soddisfazione vicina a quella di una vera sigaretta.<\/p><p>Sono disponibili quattro livelli di concentrazione di nicotina (0 %, 2 %, 3 % e 5 %) per soddisfare le diverse esigenze degli utenti che stanno smettendo di fumare e dei fumatori accaniti, consentendo loro di scegliere liberamente l'intensit\u00e0 pi\u00f9 adatta a loro.<\/p><p>Il modello Bang King 30000 Strawberry Watermelon &amp; Kiwi Passion Fruit Guava ha linee pulite, una sensazione confortevole e una leggerezza e portabilit\u00e0 ottimali, ideali per l'uso quotidiano o per i viaggi.<\/p>\t\t\t\t\t\t\t\t<\/div>\n\t\t\t\t<\/div>\n\t\t\t\t\t<\/div>\n\t\t\t\t<\/div>\n\t\t\t\t<\/div>","protected":false},"excerpt":{"rendered":"<p>La combinaison de saveurs \u00ab Fraise Past\u00e8que &amp; Kiwi Fruit de la Passion Goyave \u00bb de la cigarette \u00e9lectronique BangKing30K vous offre deux exp\u00e9riences fruit\u00e9es riches et compl\u00e8tement diff\u00e9rentes. Vous pouvez changer de saveur \u00e0 tout moment et profiter pleinement de chaque changement fruit\u00e9. Ar\u00f4me 1 : Fraise Past\u00e8que (Fraise Past\u00e8que) Attaque douce et sucr\u00e9eD\u00e8s [&hellip;]<\/p>","protected":false},"featured_media":5981,"comment_status":"open","ping_status":"closed","template":"","meta":{"site-sidebar-layout":"no-sidebar","site-content-layout":"page-builder","ast-site-content-layout":"normal-width-container","site-content-style":"default","site-sidebar-style":"default","ast-global-header-display":"","ast-banner-title-visibility":"","ast-main-header-display":"","ast-hfb-above-header-display":"","ast-hfb-below-header-display":"","ast-hfb-mobile-header-display":"","site-post-title":"disabled","ast-breadcrumbs-content":"","ast-featured-img":"disabled","footer-sml-layout":"","theme-transparent-header-meta":"default","adv-header-id-meta":"","stick-header-meta":"default","header-above-stick-meta":"","header-main-stick-meta":"","header-below-stick-meta":"","astra-migrate-meta-layouts":"set","ast-page-background-enabled":"default","ast-page-background-meta":{"desktop":{"background-color":"","background-image":"","background-repeat":"repeat","background-position":"center center","background-size":"auto","background-attachment":"scroll","background-type":"","background-media":"","overlay-type":"","overlay-color":"","overlay-opacity":"","overlay-gradient":""},"tablet":{"background-color":"","background-image":"","background-repeat":"repeat","background-position":"center center","background-size":"auto","background-attachment":"scroll","background-type":"","background-media":"","overlay-type":"","overlay-color":"","overlay-opacity":"","overlay-gradient":""},"mobile":{"background-color":"","background-image":"","background-repeat":"repeat","background-position":"center center","background-size":"auto","background-attachment":"scroll","background-type":"","background-media":"","overlay-type":"","overlay-color":"","overlay-opacity":"","overlay-gradient":""}},"ast-content-background-meta":{"desktop":{"background-color":"var(--ast-global-color-5)","background-image":"","background-repeat":"repeat","background-position":"center center","background-size":"auto","background-attachment":"scroll","background-type":"","background-media":"","overlay-type":"","overlay-color":"","overlay-opacity":"","overlay-gradient":""},"tablet":{"background-color":"var(--ast-global-color-5)","background-image":"","background-repeat":"repeat","background-position":"center center","background-size":"auto","background-attachment":"scroll","background-type":"","background-media":"","overlay-type":"","overlay-color":"","overlay-opacity":"","overlay-gradient":""},"mobile":{"background-color":"var(--ast-global-color-5)","background-image":"","background-repeat":"repeat","background-position":"center center","background-size":"auto","background-attachment":"scroll","background-type":"","background-media":"","overlay-type":"","overlay-color":"","overlay-opacity":"","overlay-gradient":""}}},"product_brand":[52],"product_cat":[55,86,15],"product_tag":[],"class_list":{"0":"post-6196","1":"product","2":"type-product","3":"status-publish","4":"has-post-thumbnail","6":"product_brand-bang-king","7":"product_cat-bang-king-30000-double-saveur-offre-jusqua-36ml-de-liquide","8":"product_cat-puff-30k","9":"product_cat-magasin-cigarette-electronique","10":"desktop-align-center","11":"tablet-align-center","12":"mobile-align-center","13":"ast-product-gallery-layout-horizontal","14":"ast-product-gallery-with-no-image","15":"ast-product-single-variable","16":"ast-product-tabs-layout-horizontal","17":"ast-qv-on-image","19":"first","20":"instock","21":"sale","22":"shipping-taxable","23":"purchasable","24":"product-type-variable","25":"has-default-attributes"},"tiered_pricing_type":"fixed","tiered_pricing_fixed_rules":{"50":7.33,"100":6.66},"tiered_pricing_product_settings":{"layout":"default","base_unit_name":{"singular":null,"plural":null},"default_variation":null},"tiered_pricing_minimum_quantity":null,"tiered_pricing_roles_data":[],"tiered_pricing_percentage_rules":[],"_links":{"self":[{"href":"https:\/\/puffvapestore.com\/it\/wp-json\/wp\/v2\/product\/6196","targetHints":{"allow":["GET"]}}],"collection":[{"href":"https:\/\/puffvapestore.com\/it\/wp-json\/wp\/v2\/product"}],"about":[{"href":"https:\/\/puffvapestore.com\/it\/wp-json\/wp\/v2\/types\/product"}],"replies":[{"embeddable":true,"href":"https:\/\/puffvapestore.com\/it\/wp-json\/wp\/v2\/comments?post=6196"}],"version-history":[{"count":7,"href":"https:\/\/puffvapestore.com\/it\/wp-json\/wp\/v2\/product\/6196\/revisions"}],"predecessor-version":[{"id":6631,"href":"https:\/\/puffvapestore.com\/it\/wp-json\/wp\/v2\/product\/6196\/revisions\/6631"}],"wp:featuredmedia":[{"embeddable":true,"href":"https:\/\/puffvapestore.com\/it\/wp-json\/wp\/v2\/media\/5981"}],"wp:attachment":[{"href":"https:\/\/puffvapestore.com\/it\/wp-json\/wp\/v2\/media?parent=6196"}],"wp:term":[{"taxonomy":"product_brand","embeddable":true,"href":"https:\/\/puffvapestore.com\/it\/wp-json\/wp\/v2\/product_brand?post=6196"},{"taxonomy":"product_cat","embeddable":true,"href":"https:\/\/puffvapestore.com\/it\/wp-json\/wp\/v2\/product_cat?post=6196"},{"taxonomy":"product_tag","embeddable":true,"href":"https:\/\/puffvapestore.com\/it\/wp-json\/wp\/v2\/product_tag?post=6196"}],"curies":[{"name":"wp","href":"https:\/\/api.w.org\/{rel}","templated":true}]}}