{"id":6184,"date":"2025-08-02T03:42:18","date_gmt":"2025-08-02T03:42:18","guid":{"rendered":"https:\/\/puffvapestore.com\/?post_type=product&#038;p=6184"},"modified":"2026-01-19T10:36:11","modified_gmt":"2026-01-19T10:36:11","slug":"red-bull-watermelon-bubble-candy-bang-king-30k-un-gout-sucre-et-rafraichissant","status":"publish","type":"product","link":"https:\/\/puffvapestore.com\/it\/product\/caramelle-red-bull-allanguria-bang-king-30k-un-gusto-dolce-e-rinfrescante\/","title":{"rendered":"Caramelle a bolle d'aria Red Bull e anguria - Bang King 30000 doppio gusto"},"content":{"rendered":"<div data-elementor-type=\"wp-post\" data-elementor-id=\"6184\" class=\"elementor elementor-6184\">\n\t\t\t\t<div class=\"elementor-element elementor-element-08c26f9 e-flex e-con-boxed e-con e-parent\" data-id=\"08c26f9\" data-element_type=\"container\" data-e-type=\"container\">\n\t\t\t\t\t<div class=\"e-con-inner\">\n\t\t\t\t<div class=\"elementor-element elementor-element-a005a97 elementor-widget elementor-widget-text-editor\" data-id=\"a005a97\" data-element_type=\"widget\" data-e-type=\"widget\" data-widget_type=\"text-editor.default\">\n\t\t\t\t<div class=\"elementor-widget-container\">\n\t\t\t\t\t\t\t\t\t<p>La combinazione \u00abAnguria e Red Bull Bubbles\u00bb nelle sigarette elettroniche BangKing30K consente di scoprire due sapori completamente diversi: una bevanda energetica rinfrescante e un sapore di gomma da masticare fruttato, dolce e divertente.<\/p><h2>Gusto 1: Red Bull (gusto bevanda energetica)<\/h2><p>La prima sensazione \u00e8 quella di un leggero sapore agrodolce, acido-carbonico, tipico delle classiche bevande energetiche. Anche se non ci sono vere e proprie bollicine, il \u00abgorgoglio\u00bb del fumo simula la sensazione di una Red Bull ghiacciata.<\/p><p><strong>Rapporto dolce-amaro<\/strong><br \/>La dolcezza \u00e8 evidente, ma non eccessiva, accompagnata da una rinfrescante acidit\u00e0, come se l'aggiunta del limone ne esaltasse il sapore, rendendo il gusto complessivo pi\u00f9 leggero ed energico.<\/p><p><strong>Retrogusto sottile<\/strong><br \/>Il leggero aroma di caramello o di malto addensa la consistenza affumicata e si dissipa lentamente, lasciando una sensazione di freschezza che lascia un'impressione duratura.<\/p><h2>Gusto 2: caramelle all'anguria<\/h2><p><strong>Un fumo dolce entra in bocca<\/strong><br \/>Fin dalla prima boccata, si sente l'aroma fresco e succoso dell'anguria - un po' come le fette di anguria appena uscite dal frigorifero, dolci, acquose e chiare.<\/p><p><strong>La dolce sensazione della gomma da masticare<\/strong><br \/>Poi la dolcezza \u00e8 avvolta da un nostalgico aroma di chewing-gum - pi\u00f9 pronunciato, senza essere unto, con una leggera rotondit\u00e0 di caramella sintetica, come le gomme da masticare che divoravo da bambino.<\/p><p><strong>Livello di gusto<\/strong><br \/>L'aroma naturale e fruttato dell'anguria e la dolcezza artificiale della gomma da masticare si fondono armoniosamente. Il contrasto \u00e8 sottile ma evidente, cos\u00ec che la dolcezza al palato passa rapidamente da \u00abnaturale\u00bb a \u2019infantile\u00ab, offrendo una piacevole esperienza gustativa.<\/p><p><strong>Retrogusto rinfrescante<\/strong><br \/>Il retrogusto \u00e8 ancora leggermente fresco, come un misto di gelato all'anguria e gomma da masticare, con un tocco di freschezza.<\/p><h2>Scenari di utilizzo degli aromi<\/h2><p>Mattina o stanchezza: scegliete il gusto Red Bull per risvegliare immediatamente i vostri sensi e il vostro spirito.<\/p><p>Quando siete liberi, rilassati o nostalgici, scegliete il gusto Watermelon Bubble Candy per assaporare il piacere della frutta dolce e della gomma da masticare.<\/p><h2>Doppio sapore, doppia esperienza<\/h2><p>La caramella Bang King 30000 Red Bull &amp; Watermelon Bubble Candy \u00e8 dotata di un innovativo sistema a doppio gusto, che consente di passare da un gusto all'altro in qualsiasi momento.<\/p><p>Il serbatoio di e-liquid da 36 ml, molto pi\u00f9 capiente rispetto ai prodotti convenzionali, assicura un'inalazione completa e regolare, riducendo la necessit\u00e0 di frequenti sostituzioni e garantendo un uso duraturo.<\/p><h2>Numerose boccate: fino a 30.000 boccate<\/h2><p>L'Bang King 30000 Red Bull &amp; Watermelon Bubble Candy offre fino a 30.000 boccate, pi\u00f9 a lungo delle tradizionali sigarette elettroniche usa e getta. \u00c8 la scelta ideale per gli utilizzatori intensivi che non hanno bisogno di cambiare frequentemente l'attrezzatura.<\/p><p>Batteria al litio ricaricabile da 550 mAh integrata con interfaccia di ricarica rapida USB-C per una ricarica pi\u00f9 efficiente, sicura e stabile e un utilizzo pi\u00f9 prolungato. Grazie al sistema di gestione dell'energia, la durata della batteria e l'efficienza della ricarica sono migliorate.<\/p><h2>Struttura a maglie riscaldate, sapore ricco<\/h2><p>La Bang King 30000 Red Bull &amp; Watermelon Bubble Candy utilizza una bobina di atomizzazione avanzata da 1,0 \u03a9 (Mesh Coil), che migliora notevolmente l'efficienza dell'atomizzazione, rende il fumo pi\u00f9 delicato e il gusto pi\u00f9 puro, accogliendo al contempo un grande volume di fumo e un sapore delicato, per una soddisfazione quasi reale della sigaretta.<\/p><p>Sono disponibili quattro livelli di concentrazione di nicotina (0 %, 2 %, 3 % e 5 %) per soddisfare le diverse esigenze degli utenti che stanno smettendo di fumare e dei fumatori accaniti, consentendo loro di scegliere liberamente l'intensit\u00e0 pi\u00f9 adatta a loro.<\/p><p>L'Bang King 30000 ha linee pulite, una sensazione di comfort e una leggerezza e portabilit\u00e0 ottimali, ideali per l'uso quotidiano o per i viaggi.<\/p>\t\t\t\t\t\t\t\t<\/div>\n\t\t\t\t<\/div>\n\t\t\t\t\t<\/div>\n\t\t\t\t<\/div>\n\t\t\t\t<\/div>","protected":false},"excerpt":{"rendered":"<p>La combinaison \u00ab\u00a0Bonbons Bubbles Past\u00e8que et Red Bull\u00a0\u00bb des cigarettes \u00e9lectroniques BangKing30K vous permet de d\u00e9couvrir deux saveurs compl\u00e8tement diff\u00e9rentes\u00a0: une boisson \u00e9nergisante rafra\u00eechissante et une saveur fruit\u00e9e et sucr\u00e9e et amusante de chewing-gum. Saveur 1\u00a0: Red Bull (saveur boisson \u00e9nergisante) La premi\u00e8re sensation ressentie est le l\u00e9ger go\u00fbt aigre-doux et acide carbonique propre aux [&hellip;]<\/p>\n","protected":false},"featured_media":5977,"comment_status":"open","ping_status":"closed","template":"","meta":{"site-sidebar-layout":"no-sidebar","site-content-layout":"page-builder","ast-site-content-layout":"normal-width-container","site-content-style":"default","site-sidebar-style":"default","ast-global-header-display":"","ast-banner-title-visibility":"","ast-main-header-display":"","ast-hfb-above-header-display":"","ast-hfb-below-header-display":"","ast-hfb-mobile-header-display":"","site-post-title":"disabled","ast-breadcrumbs-content":"","ast-featured-img":"disabled","footer-sml-layout":"","theme-transparent-header-meta":"default","adv-header-id-meta":"","stick-header-meta":"default","header-above-stick-meta":"","header-main-stick-meta":"","header-below-stick-meta":"","astra-migrate-meta-layouts":"set","ast-page-background-enabled":"default","ast-page-background-meta":{"desktop":{"background-color":"","background-image":"","background-repeat":"repeat","background-position":"center center","background-size":"auto","background-attachment":"scroll","background-type":"","background-media":"","overlay-type":"","overlay-color":"","overlay-opacity":"","overlay-gradient":""},"tablet":{"background-color":"","background-image":"","background-repeat":"repeat","background-position":"center center","background-size":"auto","background-attachment":"scroll","background-type":"","background-media":"","overlay-type":"","overlay-color":"","overlay-opacity":"","overlay-gradient":""},"mobile":{"background-color":"","background-image":"","background-repeat":"repeat","background-position":"center center","background-size":"auto","background-attachment":"scroll","background-type":"","background-media":"","overlay-type":"","overlay-color":"","overlay-opacity":"","overlay-gradient":""}},"ast-content-background-meta":{"desktop":{"background-color":"var(--ast-global-color-5)","background-image":"","background-repeat":"repeat","background-position":"center center","background-size":"auto","background-attachment":"scroll","background-type":"","background-media":"","overlay-type":"","overlay-color":"","overlay-opacity":"","overlay-gradient":""},"tablet":{"background-color":"var(--ast-global-color-5)","background-image":"","background-repeat":"repeat","background-position":"center center","background-size":"auto","background-attachment":"scroll","background-type":"","background-media":"","overlay-type":"","overlay-color":"","overlay-opacity":"","overlay-gradient":""},"mobile":{"background-color":"var(--ast-global-color-5)","background-image":"","background-repeat":"repeat","background-position":"center center","background-size":"auto","background-attachment":"scroll","background-type":"","background-media":"","overlay-type":"","overlay-color":"","overlay-opacity":"","overlay-gradient":""}}},"product_brand":[52],"product_cat":[55,86,15],"product_tag":[],"class_list":{"0":"post-6184","1":"product","2":"type-product","3":"status-publish","4":"has-post-thumbnail","6":"product_brand-bang-king","7":"product_cat-bang-king-30000-double-saveur-offre-jusqua-36ml-de-liquide","8":"product_cat-puff-30k","9":"product_cat-magasin-cigarette-electronique","10":"desktop-align-center","11":"tablet-align-center","12":"mobile-align-center","13":"ast-product-gallery-layout-horizontal","14":"ast-product-gallery-with-no-image","15":"ast-product-single-variable","16":"ast-product-tabs-layout-horizontal","17":"ast-qv-on-image","19":"first","20":"instock","21":"sale","22":"shipping-taxable","23":"purchasable","24":"product-type-variable","25":"has-default-attributes"},"tiered_pricing_type":"fixed","tiered_pricing_fixed_rules":{"50":7.33,"100":6.66},"tiered_pricing_product_settings":{"layout":"default","base_unit_name":{"singular":null,"plural":null},"default_variation":null},"tiered_pricing_minimum_quantity":null,"tiered_pricing_roles_data":[],"tiered_pricing_percentage_rules":[],"_links":{"self":[{"href":"https:\/\/puffvapestore.com\/it\/wp-json\/wp\/v2\/product\/6184","targetHints":{"allow":["GET"]}}],"collection":[{"href":"https:\/\/puffvapestore.com\/it\/wp-json\/wp\/v2\/product"}],"about":[{"href":"https:\/\/puffvapestore.com\/it\/wp-json\/wp\/v2\/types\/product"}],"replies":[{"embeddable":true,"href":"https:\/\/puffvapestore.com\/it\/wp-json\/wp\/v2\/comments?post=6184"}],"version-history":[{"count":8,"href":"https:\/\/puffvapestore.com\/it\/wp-json\/wp\/v2\/product\/6184\/revisions"}],"predecessor-version":[{"id":6630,"href":"https:\/\/puffvapestore.com\/it\/wp-json\/wp\/v2\/product\/6184\/revisions\/6630"}],"wp:featuredmedia":[{"embeddable":true,"href":"https:\/\/puffvapestore.com\/it\/wp-json\/wp\/v2\/media\/5977"}],"wp:attachment":[{"href":"https:\/\/puffvapestore.com\/it\/wp-json\/wp\/v2\/media?parent=6184"}],"wp:term":[{"taxonomy":"product_brand","embeddable":true,"href":"https:\/\/puffvapestore.com\/it\/wp-json\/wp\/v2\/product_brand?post=6184"},{"taxonomy":"product_cat","embeddable":true,"href":"https:\/\/puffvapestore.com\/it\/wp-json\/wp\/v2\/product_cat?post=6184"},{"taxonomy":"product_tag","embeddable":true,"href":"https:\/\/puffvapestore.com\/it\/wp-json\/wp\/v2\/product_tag?post=6184"}],"curies":[{"name":"wp","href":"https:\/\/api.w.org\/{rel}","templated":true}]}}