{"id":6173,"date":"2025-08-01T12:31:43","date_gmt":"2025-08-01T12:31:43","guid":{"rendered":"https:\/\/puffvapestore.com\/?post_type=product&#038;p=6173"},"modified":"2026-01-19T10:36:11","modified_gmt":"2026-01-19T10:36:11","slug":"strawberry-kiwi-sour-apple-raspberry-bang-king-30k-allie-un-arome-fruite-doux","status":"publish","type":"product","link":"https:\/\/puffvapestore.com\/it\/product\/fragola-kiwi-mela-acida-lampone-bang-king-30k-combina-un-aroma-dolce-e-fruttato-con-un-sapore-fruttato\/","title":{"rendered":"Kiwi alla fragola e lampone alla mela acida - Bang King 30000 Doppio gusto"},"content":{"rendered":"<div data-elementor-type=\"wp-post\" data-elementor-id=\"6173\" class=\"elementor elementor-6173\">\n\t\t\t\t<div class=\"elementor-element elementor-element-08c26f9 e-flex e-con-boxed e-con e-parent\" data-id=\"08c26f9\" data-element_type=\"container\" data-e-type=\"container\">\n\t\t\t\t\t<div class=\"e-con-inner\">\n\t\t\t\t<div class=\"elementor-element elementor-element-a005a97 elementor-widget elementor-widget-text-editor\" data-id=\"a005a97\" data-element_type=\"widget\" data-e-type=\"widget\" data-widget_type=\"text-editor.default\">\n\t\t\t\t<div class=\"elementor-widget-container\">\n\t\t\t\t\t\t\t\t\t<p>La combinazione di aromi \u00abKiwi fragola e lampone mela acidulato\u00bb nella sigaretta elettronica BangKing30K crea un'esperienza unica, sottile e agrodolce, che consente di variare i piaceri in qualsiasi momento: aroma dolce e fruttato e acidit\u00e0 stimolante.<\/p><h2>Gusto 1: Fragola Kiwi<\/h2><p><strong>Prima inalazione<\/strong><br \/>La dolcezza e la succosit\u00e0 delle fragole sono presenti, come una fragola matura appena colta, regalando un immediato sapore caldo e dolcemente fruttato.<\/p><p><strong>Equilibrio agrodolce a met\u00e0 palato<\/strong><br \/>Segue la leggera acidit\u00e0 e l'aroma fruttato del kiwi, che aggiunge un tocco di fresca acidit\u00e0 all'insieme e neutralizza la dolcezza delle fragole, conferendo una maggiore complessit\u00e0.<\/p><p><strong>Retrogusto rinfrescante sul finale<\/strong><br \/>Il retrogusto offre una leggera sensazione di freschezza, lasciando un finale rinfrescante al palato, n\u00e9 troppo forte n\u00e9 dominante, molto equilibrato e naturale.<\/p><h3>Riassunto delle caratteristiche gustative<\/h3><p>Dolcezza moderata, aroma ricco di frutta<\/p><p>Agrodolce, non irritante<\/p><h2>Gusto 2: Mela e lampone<\/h2><p><strong>Un attacco piccante<\/strong><br \/>La prima cosa che si nota \u00e8 l'acidit\u00e0 delle mele croccanti, mentre la polpa dolce d\u00e0 l'impressione di mordere una mela verde fredda, stimolando immediatamente le papille gustative.<\/p><p><strong>Sapore di lampone al centro e alla fine della bocca<\/strong><br \/>Mentre l'acidit\u00e0 della mela indugia sul palato, si sviluppa un leggero aroma di lampone, che porta un'acidit\u00e0 pi\u00f9 morbida e caldi sapori di frutta rossa, come l'acidit\u00e0 della mela e la dolcezza del lampone che danzano sul palato.<\/p><p><strong>Acidit\u00e0 ed equilibrio<\/strong><br \/>L'aggiunta di lamponi non attenua l'acidit\u00e0 della mela, ma aggiunge un tocco di dolcezza, rendendo l'acidit\u00e0 complessiva elevata, non tagliente o penetrante, ma aspra e saporita.<\/p><p><strong>Retrogusto<\/strong><br \/>L'aroma fruttato si diffonde attraverso il fumo, lasciando un retrogusto agrodolce al palato, come un succo di frutta agrodolce.<\/p><h3>Utilizzabile in un'ampia gamma di contesti<\/h3><p>Per un sapore dolce e fruttato, scegliete Fragola e Kiwi per un equilibrio rinfrescante.<\/p><p>Se siete alla ricerca di stimoli e rinfreschi, passate al gusto piccante di mela e lampone con un solo clic e sentite subito l'acidit\u00e0.<\/p><h2>Doppio sapore, doppia esperienza<\/h2><p>Il modello Bang King 30000 Strawberry Kiwi &amp; Sour Apple Raspberry \u00e8 dotato di un innovativo sistema a doppio gusto, che consente di passare da un gusto all'altro in qualsiasi momento.<\/p><p>Il serbatoio di e-liquid da 36 ml, molto pi\u00f9 capiente rispetto ai prodotti convenzionali, assicura un'inalazione completa e regolare, riducendo la necessit\u00e0 di frequenti sostituzioni e garantendo un uso duraturo.<\/p><h2>Numerose boccate: fino a 30.000 boccate<\/h2><p>La Bang King 30000 Strawberry Kiwi &amp; Sour Apple Raspberry offre fino a 30.000 boccate, una durata maggiore rispetto alle sigarette elettroniche usa e getta tradizionali. \u00c8 la scelta ideale per gli utilizzatori intensivi che non hanno bisogno di cambiare frequentemente l'attrezzatura.<\/p><p>Batteria al litio ricaricabile da 550 mAh integrata con interfaccia di ricarica rapida USB-C per una ricarica pi\u00f9 efficiente, sicura e stabile e un utilizzo pi\u00f9 prolungato. Grazie al sistema di gestione dell'energia, la durata della batteria e l'efficienza della ricarica sono migliorate.<\/p><h2>Struttura a maglie riscaldate, sapore ricco<\/h2><p>La Bang King 30000 Strawberry Kiwi &amp; Sour Apple Raspberry utilizza una bobina di atomizzazione avanzata da 1,0 \u03a9 Mesh Coil (bobina a rete), che migliora drasticamente l'efficienza di atomizzazione, rende il fumo pi\u00f9 delicato e il gusto pi\u00f9 puro, accogliendo un grande volume di fumo e un sapore delicato, per una soddisfazione quasi reale della sigaretta.<\/p><p>Sono disponibili quattro livelli di concentrazione di nicotina (0 %, 2 %, 3 % e 5 %) per soddisfare le diverse esigenze degli utenti che stanno smettendo di fumare e dei fumatori accaniti, consentendo loro di scegliere liberamente l'intensit\u00e0 pi\u00f9 adatta a loro.<\/p><p>Il modello Bang King 30000 Strawberry Kiwi &amp; Sour Apple Raspberry ha linee pulite, una sensazione confortevole e una leggerezza e portabilit\u00e0 ottimali, ideali per l'uso quotidiano o per i viaggi.<\/p>\t\t\t\t\t\t\t\t<\/div>\n\t\t\t\t<\/div>\n\t\t\t\t\t<\/div>\n\t\t\t\t<\/div>\n\t\t\t\t<\/div>","protected":false},"excerpt":{"rendered":"<p>La combinaison de saveurs \u00ab Fraise Kiwi &amp; Pomme Acidul\u00e9e Framboise \u00bb de la cigarette \u00e9lectronique BangKing30K cr\u00e9e une exp\u00e9rience unique, aigre-douce et subtile, vous permettant de varier les plaisirs \u00e0 tout moment\u00a0: ar\u00f4me fruit\u00e9 doux et acidit\u00e9 stimulante. Ar\u00f4me 1\u00a0: Fraise Kiwi Premi\u00e8re inhalationLa douceur et la jutosit\u00e9 des fraises sont pr\u00e9sentes, comme une [&hellip;]<\/p>\n","protected":false},"featured_media":5980,"comment_status":"open","ping_status":"closed","template":"","meta":{"site-sidebar-layout":"no-sidebar","site-content-layout":"page-builder","ast-site-content-layout":"normal-width-container","site-content-style":"default","site-sidebar-style":"default","ast-global-header-display":"","ast-banner-title-visibility":"","ast-main-header-display":"","ast-hfb-above-header-display":"","ast-hfb-below-header-display":"","ast-hfb-mobile-header-display":"","site-post-title":"disabled","ast-breadcrumbs-content":"","ast-featured-img":"disabled","footer-sml-layout":"","theme-transparent-header-meta":"default","adv-header-id-meta":"","stick-header-meta":"default","header-above-stick-meta":"","header-main-stick-meta":"","header-below-stick-meta":"","astra-migrate-meta-layouts":"set","ast-page-background-enabled":"default","ast-page-background-meta":{"desktop":{"background-color":"","background-image":"","background-repeat":"repeat","background-position":"center center","background-size":"auto","background-attachment":"scroll","background-type":"","background-media":"","overlay-type":"","overlay-color":"","overlay-opacity":"","overlay-gradient":""},"tablet":{"background-color":"","background-image":"","background-repeat":"repeat","background-position":"center center","background-size":"auto","background-attachment":"scroll","background-type":"","background-media":"","overlay-type":"","overlay-color":"","overlay-opacity":"","overlay-gradient":""},"mobile":{"background-color":"","background-image":"","background-repeat":"repeat","background-position":"center center","background-size":"auto","background-attachment":"scroll","background-type":"","background-media":"","overlay-type":"","overlay-color":"","overlay-opacity":"","overlay-gradient":""}},"ast-content-background-meta":{"desktop":{"background-color":"var(--ast-global-color-5)","background-image":"","background-repeat":"repeat","background-position":"center center","background-size":"auto","background-attachment":"scroll","background-type":"","background-media":"","overlay-type":"","overlay-color":"","overlay-opacity":"","overlay-gradient":""},"tablet":{"background-color":"var(--ast-global-color-5)","background-image":"","background-repeat":"repeat","background-position":"center center","background-size":"auto","background-attachment":"scroll","background-type":"","background-media":"","overlay-type":"","overlay-color":"","overlay-opacity":"","overlay-gradient":""},"mobile":{"background-color":"var(--ast-global-color-5)","background-image":"","background-repeat":"repeat","background-position":"center center","background-size":"auto","background-attachment":"scroll","background-type":"","background-media":"","overlay-type":"","overlay-color":"","overlay-opacity":"","overlay-gradient":""}}},"product_brand":[52],"product_cat":[55,86,15],"product_tag":[],"class_list":{"0":"post-6173","1":"product","2":"type-product","3":"status-publish","4":"has-post-thumbnail","6":"product_brand-bang-king","7":"product_cat-bang-king-30000-double-saveur-offre-jusqua-36ml-de-liquide","8":"product_cat-puff-30k","9":"product_cat-magasin-cigarette-electronique","10":"desktop-align-center","11":"tablet-align-center","12":"mobile-align-center","13":"ast-product-gallery-layout-horizontal","14":"ast-product-gallery-with-no-image","15":"ast-product-single-variable","16":"ast-product-tabs-layout-horizontal","17":"ast-qv-on-image","19":"first","20":"instock","21":"sale","22":"shipping-taxable","23":"purchasable","24":"product-type-variable","25":"has-default-attributes"},"tiered_pricing_type":"fixed","tiered_pricing_fixed_rules":{"50":7.33,"100":6.66},"tiered_pricing_product_settings":{"layout":"default","base_unit_name":{"singular":null,"plural":null},"default_variation":null},"tiered_pricing_minimum_quantity":null,"tiered_pricing_roles_data":[],"tiered_pricing_percentage_rules":[],"_links":{"self":[{"href":"https:\/\/puffvapestore.com\/it\/wp-json\/wp\/v2\/product\/6173","targetHints":{"allow":["GET"]}}],"collection":[{"href":"https:\/\/puffvapestore.com\/it\/wp-json\/wp\/v2\/product"}],"about":[{"href":"https:\/\/puffvapestore.com\/it\/wp-json\/wp\/v2\/types\/product"}],"replies":[{"embeddable":true,"href":"https:\/\/puffvapestore.com\/it\/wp-json\/wp\/v2\/comments?post=6173"}],"version-history":[{"count":7,"href":"https:\/\/puffvapestore.com\/it\/wp-json\/wp\/v2\/product\/6173\/revisions"}],"predecessor-version":[{"id":6629,"href":"https:\/\/puffvapestore.com\/it\/wp-json\/wp\/v2\/product\/6173\/revisions\/6629"}],"wp:featuredmedia":[{"embeddable":true,"href":"https:\/\/puffvapestore.com\/it\/wp-json\/wp\/v2\/media\/5980"}],"wp:attachment":[{"href":"https:\/\/puffvapestore.com\/it\/wp-json\/wp\/v2\/media?parent=6173"}],"wp:term":[{"taxonomy":"product_brand","embeddable":true,"href":"https:\/\/puffvapestore.com\/it\/wp-json\/wp\/v2\/product_brand?post=6173"},{"taxonomy":"product_cat","embeddable":true,"href":"https:\/\/puffvapestore.com\/it\/wp-json\/wp\/v2\/product_cat?post=6173"},{"taxonomy":"product_tag","embeddable":true,"href":"https:\/\/puffvapestore.com\/it\/wp-json\/wp\/v2\/product_tag?post=6173"}],"curies":[{"name":"wp","href":"https:\/\/api.w.org\/{rel}","templated":true}]}}