{"id":6162,"date":"2025-08-01T09:24:36","date_gmt":"2025-08-01T09:24:36","guid":{"rendered":"https:\/\/puffvapestore.com\/?post_type=product&#038;p=6162"},"modified":"2026-01-19T10:36:11","modified_gmt":"2026-01-19T10:36:11","slug":"red-bull-blueberry-watermelon-bang-king-30k-propose-deux-styles-et-saveurs-distinctifs","status":"publish","type":"product","link":"https:\/\/puffvapestore.com\/it\/product\/red-bull-mirtillo-anguria-bang-king-30k-offre-due-stili-e-sapori-distintivi\/","title":{"rendered":"Red Bull &amp; Anguria Mirtillo - Bang King 30000 Doppio gusto"},"content":{"rendered":"<div data-elementor-type=\"wp-post\" data-elementor-id=\"6162\" class=\"elementor elementor-6162\">\n\t\t\t\t<div class=\"elementor-element elementor-element-08c26f9 e-flex e-con-boxed e-con e-parent\" data-id=\"08c26f9\" data-element_type=\"container\" data-e-type=\"container\">\n\t\t\t\t\t<div class=\"e-con-inner\">\n\t\t\t\t<div class=\"elementor-element elementor-element-a005a97 elementor-widget elementor-widget-text-editor\" data-id=\"a005a97\" data-element_type=\"widget\" data-e-type=\"widget\" data-widget_type=\"text-editor.default\">\n\t\t\t\t<div class=\"elementor-widget-container\">\n\t\t\t\t\t\t\t\t\t<p>La combinazione \u00abRed Bull &amp; Blueberry Watermelon\u00bb nella sigaretta elettronica BangKing30K offre due stili e sapori distintivi, che consentono agli utenti di cambiare a piacimento per adattarsi al proprio umore e alle occasioni.<\/p><h2>Gusto 1: RedBull (gusto di bevanda energetica)<\/h2><p>Ripristino di un tono classico: non appena entra in bocca, il fumo recupera il gusto familiare della bevanda energetica Red Bull, leggermente dolce e leggermente piccante, con una nota di menta gassata, come se si stesse bevendo un sorso di bevanda energetica ghiacciata.<\/p><p>Stimolazione moderata: sebbene la sigaretta elettronica non sia realmente frizzante, la sua tecnologia aerosol simula una delicata sensazione di \u00abbolle\u00bb, con un leggero \u00abgorgoglio\u00bb durante l'inalazione.<\/p><p>Retrogusto leggermente bruciato: dopo una lunga pausa in bocca, si percepisce un leggero aroma di bruciato o di malto, che aggiunge una sensazione di pesantezza e di equilibrio alla dolcezza complessiva.<\/p><p>Retrogusto rinfrescante: Una volta che il fumo si \u00e8 dissipato, si sprigiona una leggera sensazione di freschezza, che ricorda la sobriet\u00e0 e la freschezza delle bevande energetiche.<\/p><h2>Gusto 2: Mirtillo anguria<\/h2><p>Il gusto dolce dell'anguria: la prima ondata \u00e8 la dolcezza dell'anguria, succosa e rinfrescante, fresca e naturale come un'anguria appena tagliata.<\/p><p>L'acidit\u00e0 del mirtillo: la leggera acidit\u00e0 del mirtillo si rivela, creando un sottile contrasto agrodolce, evitando la dolcezza generale.<\/p><p>Aroma di lunga durata: durante l'espirazione, l'aroma fruttato dei mirtilli si mescola a quello dell'anguria e il retrogusto \u00e8 di lunga durata, ricordando l'aroma di un pizzico di succo di mirtillo mescolato a quello dell'anguria.<\/p><h2>Un cambio di sapore<\/h2><p>Cambio istantaneo: questa sigaretta elettronica \u00e8 dotata di un doppio selettore di aroma, che consente agli utenti di cambiare rapidamente aroma senza cambiare cartuccia.<\/p><h3>Diversi scenari:<\/h3><p>Tempo di ristoro: Passare alla Red Bull per risvegliare rapidamente i sensi e aumentare l'energia.<\/p><p>Una sensazione di relax: godetevi il gusto fruttato e dolce dell'anguria e il suo leggero tocco di ghiaccio, una soluzione naturale per dissetarvi in estate.<\/p><h2>Doppio sapore, doppia esperienza<\/h2><p>Il modello Bang King 30000 Red Bull &amp; Blueberry Watermelon \u00e8 dotato di un innovativo sistema a doppio gusto, che consente di passare da un gusto all'altro in qualsiasi momento.<\/p><p>Il serbatoio di e-liquid da 36 ml, molto pi\u00f9 capiente rispetto ai prodotti convenzionali, assicura un'inalazione completa e regolare, riducendo la necessit\u00e0 di frequenti sostituzioni e garantendo un uso duraturo.<\/p><h2>Numerose boccate: fino a 30.000 boccate<\/h2><p>La sigaretta Bang King 30000 Red Bull &amp; Blueberry Watermelon offre fino a 30.000 boccate, una durata maggiore rispetto alle sigarette elettroniche usa e getta tradizionali. \u00c8 la scelta ideale per gli utilizzatori intensivi che non hanno bisogno di cambiare frequentemente l'attrezzatura.<\/p><p>Batteria al litio ricaricabile da 550 mAh integrata con interfaccia di ricarica rapida USB-C per una ricarica pi\u00f9 efficiente, sicura e stabile e un utilizzo pi\u00f9 prolungato. Grazie al sistema di gestione dell'energia, la durata della batteria e l'efficienza della ricarica sono migliorate.<\/p><h2>Struttura a maglie riscaldate, sapore ricco<\/h2><p>La Bang King 30000 Red Bull &amp; Blueberry Watermelon utilizza una bobina di atomizzazione avanzata da 1,0 \u03a9 (Mesh Coil), che migliora notevolmente l'efficienza dell'atomizzazione, rende il fumo pi\u00f9 delicato e il gusto pi\u00f9 puro, accogliendo al contempo un grande volume di fumo e un sapore delicato, per una soddisfazione quasi reale della sigaretta.<\/p><p>Sono disponibili quattro livelli di concentrazione di nicotina (0 %, 2 %, 3 % e 5 %) per soddisfare le diverse esigenze degli utenti che stanno smettendo di fumare e dei fumatori accaniti, consentendo loro di scegliere liberamente l'intensit\u00e0 pi\u00f9 adatta a loro.<\/p><p>L'Bang King 30000 ha linee pulite, una sensazione di comfort e una leggerezza e portabilit\u00e0 ottimali, ideali per l'uso quotidiano o per i viaggi.<\/p>\t\t\t\t\t\t\t\t<\/div>\n\t\t\t\t<\/div>\n\t\t\t\t\t<\/div>\n\t\t\t\t<\/div>\n\t\t\t\t<\/div>","protected":false},"excerpt":{"rendered":"<p>La combinaison \u00ab\u00a0Red Bull &amp; Myrtille Past\u00e8que\u00a0\u00bb de la cigarette \u00e9lectronique BangKing30K offre deux styles et saveurs distinctifs, permettant aux utilisateurs de changer \u00e0 volont\u00e9 pour s&rsquo;adapter \u00e0 leurs humeurs et \u00e0 leurs occasions. Saveur 1\u00a0: RedBull (saveur boisson \u00e9nergisante) Restauration d&rsquo;une tonalit\u00e9 classique\u00a0: D\u00e8s l&rsquo;entr\u00e9e en bouche, la fum\u00e9e retrouve le go\u00fbt familier de [&hellip;]<\/p>","protected":false},"featured_media":5976,"comment_status":"open","ping_status":"closed","template":"","meta":{"site-sidebar-layout":"no-sidebar","site-content-layout":"page-builder","ast-site-content-layout":"normal-width-container","site-content-style":"default","site-sidebar-style":"default","ast-global-header-display":"","ast-banner-title-visibility":"","ast-main-header-display":"","ast-hfb-above-header-display":"","ast-hfb-below-header-display":"","ast-hfb-mobile-header-display":"","site-post-title":"disabled","ast-breadcrumbs-content":"","ast-featured-img":"disabled","footer-sml-layout":"","theme-transparent-header-meta":"default","adv-header-id-meta":"","stick-header-meta":"default","header-above-stick-meta":"","header-main-stick-meta":"","header-below-stick-meta":"","astra-migrate-meta-layouts":"set","ast-page-background-enabled":"default","ast-page-background-meta":{"desktop":{"background-color":"","background-image":"","background-repeat":"repeat","background-position":"center center","background-size":"auto","background-attachment":"scroll","background-type":"","background-media":"","overlay-type":"","overlay-color":"","overlay-opacity":"","overlay-gradient":""},"tablet":{"background-color":"","background-image":"","background-repeat":"repeat","background-position":"center center","background-size":"auto","background-attachment":"scroll","background-type":"","background-media":"","overlay-type":"","overlay-color":"","overlay-opacity":"","overlay-gradient":""},"mobile":{"background-color":"","background-image":"","background-repeat":"repeat","background-position":"center center","background-size":"auto","background-attachment":"scroll","background-type":"","background-media":"","overlay-type":"","overlay-color":"","overlay-opacity":"","overlay-gradient":""}},"ast-content-background-meta":{"desktop":{"background-color":"var(--ast-global-color-5)","background-image":"","background-repeat":"repeat","background-position":"center center","background-size":"auto","background-attachment":"scroll","background-type":"","background-media":"","overlay-type":"","overlay-color":"","overlay-opacity":"","overlay-gradient":""},"tablet":{"background-color":"var(--ast-global-color-5)","background-image":"","background-repeat":"repeat","background-position":"center center","background-size":"auto","background-attachment":"scroll","background-type":"","background-media":"","overlay-type":"","overlay-color":"","overlay-opacity":"","overlay-gradient":""},"mobile":{"background-color":"var(--ast-global-color-5)","background-image":"","background-repeat":"repeat","background-position":"center center","background-size":"auto","background-attachment":"scroll","background-type":"","background-media":"","overlay-type":"","overlay-color":"","overlay-opacity":"","overlay-gradient":""}}},"product_brand":[52],"product_cat":[55,86,15],"product_tag":[],"class_list":{"0":"post-6162","1":"product","2":"type-product","3":"status-publish","4":"has-post-thumbnail","6":"product_brand-bang-king","7":"product_cat-bang-king-30000-double-saveur-offre-jusqua-36ml-de-liquide","8":"product_cat-puff-30k","9":"product_cat-magasin-cigarette-electronique","10":"desktop-align-center","11":"tablet-align-center","12":"mobile-align-center","13":"ast-product-gallery-layout-horizontal","14":"ast-product-gallery-with-no-image","15":"ast-product-single-variable","16":"ast-product-tabs-layout-horizontal","17":"ast-qv-on-image","19":"first","20":"instock","21":"sale","22":"shipping-taxable","23":"purchasable","24":"product-type-variable","25":"has-default-attributes"},"tiered_pricing_type":"fixed","tiered_pricing_fixed_rules":{"50":7.33,"100":6.66},"tiered_pricing_product_settings":{"layout":"default","base_unit_name":{"singular":null,"plural":null},"default_variation":null},"tiered_pricing_minimum_quantity":null,"tiered_pricing_roles_data":[],"tiered_pricing_percentage_rules":[],"_links":{"self":[{"href":"https:\/\/puffvapestore.com\/it\/wp-json\/wp\/v2\/product\/6162","targetHints":{"allow":["GET"]}}],"collection":[{"href":"https:\/\/puffvapestore.com\/it\/wp-json\/wp\/v2\/product"}],"about":[{"href":"https:\/\/puffvapestore.com\/it\/wp-json\/wp\/v2\/types\/product"}],"replies":[{"embeddable":true,"href":"https:\/\/puffvapestore.com\/it\/wp-json\/wp\/v2\/comments?post=6162"}],"version-history":[{"count":7,"href":"https:\/\/puffvapestore.com\/it\/wp-json\/wp\/v2\/product\/6162\/revisions"}],"predecessor-version":[{"id":6597,"href":"https:\/\/puffvapestore.com\/it\/wp-json\/wp\/v2\/product\/6162\/revisions\/6597"}],"wp:featuredmedia":[{"embeddable":true,"href":"https:\/\/puffvapestore.com\/it\/wp-json\/wp\/v2\/media\/5976"}],"wp:attachment":[{"href":"https:\/\/puffvapestore.com\/it\/wp-json\/wp\/v2\/media?parent=6162"}],"wp:term":[{"taxonomy":"product_brand","embeddable":true,"href":"https:\/\/puffvapestore.com\/it\/wp-json\/wp\/v2\/product_brand?post=6162"},{"taxonomy":"product_cat","embeddable":true,"href":"https:\/\/puffvapestore.com\/it\/wp-json\/wp\/v2\/product_cat?post=6162"},{"taxonomy":"product_tag","embeddable":true,"href":"https:\/\/puffvapestore.com\/it\/wp-json\/wp\/v2\/product_tag?post=6162"}],"curies":[{"name":"wp","href":"https:\/\/api.w.org\/{rel}","templated":true}]}}