{"id":6136,"date":"2025-08-01T03:04:45","date_gmt":"2025-08-01T03:04:45","guid":{"rendered":"https:\/\/puffvapestore.com\/?post_type=product&#038;p=6136"},"modified":"2026-01-19T10:36:11","modified_gmt":"2026-01-19T10:36:11","slug":"blueberry-ice-black-dragon-ice-bang-king-30k-est-facile-a-utiliser-et-repond-a-tous-les-gouts","status":"publish","type":"product","link":"https:\/\/puffvapestore.com\/it\/product\/blueberry-ice-black-dragon-ice-bang-king-30k-e-facile-da-utilizzare-e-soddisfa-tutti-i-gusti\/","title":{"rendered":"Ghiaccio al mirtillo e ghiaccio al drago nero - Bang King 30K"},"content":{"rendered":"<div data-elementor-type=\"wp-post\" data-elementor-id=\"6136\" class=\"elementor elementor-6136\">\n\t\t\t\t<div class=\"elementor-element elementor-element-08c26f9 e-flex e-con-boxed e-con e-parent\" data-id=\"08c26f9\" data-element_type=\"container\" data-e-type=\"container\">\n\t\t\t\t\t<div class=\"e-con-inner\">\n\t\t\t\t<div class=\"elementor-element elementor-element-a005a97 elementor-widget elementor-widget-text-editor\" data-id=\"a005a97\" data-element_type=\"widget\" data-e-type=\"widget\" data-widget_type=\"text-editor.default\">\n\t\t\t\t<div class=\"elementor-widget-container\">\n\t\t\t\t\t\t\t\t\t<p>Il modello Bang King 30K \u00e8 dotato di un selettore di gusto. \u00c8 sufficiente impostarlo per passare dal gelato al mirtillo al gelato al drago nero. \u00c8 facile da usare e soddisfa tutti i gusti.<\/p><h2>Gelato al mirtillo<\/h2><p>Caratteristiche del sapore fruttato: a base di mirtilli freschi, dolce ma non grasso, con un gusto naturalmente fruttato e acidulo.<\/p><p>Esperienza frozen: la sensazione rinfrescante del gelato alla menta permane per tutto il processo, come se ci si trovasse in un giardino di mirtilli ricoperto di ghiaccio e neve.<\/p><p>Dettagli sul gusto : La dolcezza dei mirtilli si sente appena entra in bocca, poi la freschezza della menta si diffonde rapidamente, lasciando una sensazione di morbidezza in bocca e un retrogusto fresco.<\/p><h2>Drago Nero di Ghiaccio<\/h2><p>Caratteristiche fruttate: Una miscela riccamente sfumata di sapori di bacche scure come la mora e il frutto del drago, con una sottile acidit\u00e0 fruttata e un tocco affumicato.<\/p><p>Esperienza frozen: una forte sensazione di freschezza, come se si stesse gustando un banchetto di ghiaccio e neve nel bel mezzo del caldo.<\/p><p>Dettagli sul gusto : Fin dal primo assaggio si percepisce un profondo aroma fruttato, seguito da una forte sensazione di ghiaccio, una sensazione di freschezza in gola e un retrogusto persistente.<\/p><h2>Funzione di cambio di sapore doppio<\/h2><p>La sigaretta Bang King 30000 Blueberry Ice &amp; Black Dragon Ice \u00e8 dotata di un'innovativa funzione di cambio di aroma. Gli utenti possono scoprire due gusti diversi nella stessa sigaretta elettronica e cambiare facilmente, in qualsiasi momento e ovunque, per un'esperienza di fumo diversificata. Questa funzione \u00e8 particolarmente adatta agli utenti che amano provare sapori diversi. Possono godere di un gusto ricco senza dover portare con s\u00e9 diversi dispositivi, il che aumenta notevolmente il comfort e il piacere di utilizzo.<\/p><h2>Varie opzioni di concentrazione di nicotina<\/h2><p>Per soddisfare le esigenze di ogni utente, la Bang King 30000 Blueberry Ice &amp; Black Dragon Ice offre diverse opzioni di concentrazione di nicotina, tra cui 0 % (senza nicotina), 2 %, 3 % e 5 %. Che siate alla ricerca di un gusto puro o di una particolare soddisfazione della nicotina, questa sigaretta elettronica soddisfer\u00e0 tutte le vostre esigenze, dai principianti agli appassionati.<\/p><p>La Bang King 30000 ha una capacit\u00e0 molto ampia di 36 ml di e-liquid, di gran lunga superiore a quella delle attuali sigarette elettroniche presenti sul mercato. Questo design garantisce un uso prolungato senza frequenti sostituzioni o ricariche di e-liquid, ideale per i lunghi viaggi o per gli utenti intensivi, per una soddisfazione duratura.<\/p><p>Con il suo atomizzatore con resistenza a mesh da 1,0 \u03a9, l'Bang King 30000 Blueberry Ice &amp; Black Dragon Ice offre il perfetto equilibrio tra sapore e volume di fumo. La tecnologia a rete migliora l'efficienza di atomizzazione dell'e-liquid, garantendo un sapore ricco e un fumo delicato a ogni boccata, ideale per gli utenti che cercano un'esperienza di vaping di alta qualit\u00e0.<\/p><h2>Batteria di lunga durata e comoda ricarica<\/h2><p>Dotato di una batteria ad alte prestazioni da 550 mAh, il modello Bang King 30000 Blueberry Ice &amp; Black Dragon Ice offre una durata stabile della batteria per un utilizzo senza preoccupazioni 24 ore su 24, 7 giorni su 7. Inoltre, la porta USB-C supporta la ricarica rapida, riducendo i tempi di attesa e consentendo un rapido recupero per adattarsi alle esigenze dello stile di vita frenetico di oggi.<\/p><p>Una singola sigaretta elettronica Bang King 30000 vi dar\u00e0 fino a 30.000 boccate e la sua lunghissima durata la rende una delle opzioni pi\u00f9 durature sul mercato. Sia che la usiate tutti i giorni o durante un lungo viaggio, questo dispositivo vi accompagner\u00e0 in modo affidabile, evitando di doverlo sostituire frequentemente.<\/p>\t\t\t\t\t\t\t\t<\/div>\n\t\t\t\t<\/div>\n\t\t\t\t\t<\/div>\n\t\t\t\t<\/div>\n\t\t\t\t<\/div>","protected":false},"excerpt":{"rendered":"<p>Le Bang King 30K est \u00e9quip\u00e9 d&rsquo;un s\u00e9lecteur de saveurs. Il suffit de le r\u00e9gler pour passer de la saveur Glace \u00e0 la myrtille \u00e0 la saveur Glace au dragon noir. Facile \u00e0 utiliser et r\u00e9pond \u00e0 tous les go\u00fbts. Glace \u00e0 la myrtille Caract\u00e9ristiques de l&rsquo;ar\u00f4me fruit\u00e9\u00a0: bas\u00e9 sur des myrtilles fra\u00eeches, sucr\u00e9es mais [&hellip;]<\/p>\n","protected":false},"featured_media":5972,"comment_status":"open","ping_status":"closed","template":"","meta":{"site-sidebar-layout":"no-sidebar","site-content-layout":"page-builder","ast-site-content-layout":"normal-width-container","site-content-style":"default","site-sidebar-style":"default","ast-global-header-display":"","ast-banner-title-visibility":"","ast-main-header-display":"","ast-hfb-above-header-display":"","ast-hfb-below-header-display":"","ast-hfb-mobile-header-display":"","site-post-title":"disabled","ast-breadcrumbs-content":"","ast-featured-img":"disabled","footer-sml-layout":"","theme-transparent-header-meta":"default","adv-header-id-meta":"","stick-header-meta":"default","header-above-stick-meta":"","header-main-stick-meta":"","header-below-stick-meta":"","astra-migrate-meta-layouts":"set","ast-page-background-enabled":"default","ast-page-background-meta":{"desktop":{"background-color":"","background-image":"","background-repeat":"repeat","background-position":"center center","background-size":"auto","background-attachment":"scroll","background-type":"","background-media":"","overlay-type":"","overlay-color":"","overlay-opacity":"","overlay-gradient":""},"tablet":{"background-color":"","background-image":"","background-repeat":"repeat","background-position":"center center","background-size":"auto","background-attachment":"scroll","background-type":"","background-media":"","overlay-type":"","overlay-color":"","overlay-opacity":"","overlay-gradient":""},"mobile":{"background-color":"","background-image":"","background-repeat":"repeat","background-position":"center center","background-size":"auto","background-attachment":"scroll","background-type":"","background-media":"","overlay-type":"","overlay-color":"","overlay-opacity":"","overlay-gradient":""}},"ast-content-background-meta":{"desktop":{"background-color":"var(--ast-global-color-5)","background-image":"","background-repeat":"repeat","background-position":"center center","background-size":"auto","background-attachment":"scroll","background-type":"","background-media":"","overlay-type":"","overlay-color":"","overlay-opacity":"","overlay-gradient":""},"tablet":{"background-color":"var(--ast-global-color-5)","background-image":"","background-repeat":"repeat","background-position":"center center","background-size":"auto","background-attachment":"scroll","background-type":"","background-media":"","overlay-type":"","overlay-color":"","overlay-opacity":"","overlay-gradient":""},"mobile":{"background-color":"var(--ast-global-color-5)","background-image":"","background-repeat":"repeat","background-position":"center center","background-size":"auto","background-attachment":"scroll","background-type":"","background-media":"","overlay-type":"","overlay-color":"","overlay-opacity":"","overlay-gradient":""}}},"product_brand":[52],"product_cat":[55,86,15],"product_tag":[],"class_list":{"0":"post-6136","1":"product","2":"type-product","3":"status-publish","4":"has-post-thumbnail","6":"product_brand-bang-king","7":"product_cat-bang-king-30000-double-saveur-offre-jusqua-36ml-de-liquide","8":"product_cat-puff-30k","9":"product_cat-magasin-cigarette-electronique","10":"desktop-align-center","11":"tablet-align-center","12":"mobile-align-center","13":"ast-product-gallery-layout-horizontal","14":"ast-product-gallery-with-no-image","15":"ast-product-single-variable","16":"ast-product-tabs-layout-horizontal","17":"ast-qv-on-image","19":"first","20":"instock","21":"sale","22":"shipping-taxable","23":"purchasable","24":"product-type-variable","25":"has-default-attributes"},"tiered_pricing_type":"fixed","tiered_pricing_fixed_rules":{"50":7.33,"100":6.66},"tiered_pricing_product_settings":{"layout":"default","base_unit_name":{"singular":null,"plural":null},"default_variation":null},"tiered_pricing_minimum_quantity":null,"tiered_pricing_roles_data":[],"tiered_pricing_percentage_rules":[],"_links":{"self":[{"href":"https:\/\/puffvapestore.com\/it\/wp-json\/wp\/v2\/product\/6136","targetHints":{"allow":["GET"]}}],"collection":[{"href":"https:\/\/puffvapestore.com\/it\/wp-json\/wp\/v2\/product"}],"about":[{"href":"https:\/\/puffvapestore.com\/it\/wp-json\/wp\/v2\/types\/product"}],"replies":[{"embeddable":true,"href":"https:\/\/puffvapestore.com\/it\/wp-json\/wp\/v2\/comments?post=6136"}],"version-history":[{"count":7,"href":"https:\/\/puffvapestore.com\/it\/wp-json\/wp\/v2\/product\/6136\/revisions"}],"predecessor-version":[{"id":6456,"href":"https:\/\/puffvapestore.com\/it\/wp-json\/wp\/v2\/product\/6136\/revisions\/6456"}],"wp:featuredmedia":[{"embeddable":true,"href":"https:\/\/puffvapestore.com\/it\/wp-json\/wp\/v2\/media\/5972"}],"wp:attachment":[{"href":"https:\/\/puffvapestore.com\/it\/wp-json\/wp\/v2\/media?parent=6136"}],"wp:term":[{"taxonomy":"product_brand","embeddable":true,"href":"https:\/\/puffvapestore.com\/it\/wp-json\/wp\/v2\/product_brand?post=6136"},{"taxonomy":"product_cat","embeddable":true,"href":"https:\/\/puffvapestore.com\/it\/wp-json\/wp\/v2\/product_cat?post=6136"},{"taxonomy":"product_tag","embeddable":true,"href":"https:\/\/puffvapestore.com\/it\/wp-json\/wp\/v2\/product_tag?post=6136"}],"curies":[{"name":"wp","href":"https:\/\/api.w.org\/{rel}","templated":true}]}}