{"id":6125,"date":"2025-08-01T01:56:34","date_gmt":"2025-08-01T01:56:34","guid":{"rendered":"https:\/\/puffvapestore.com\/?post_type=product&#038;p=6125"},"modified":"2026-01-19T10:36:11","modified_gmt":"2026-01-19T10:36:11","slug":"strawberry-watermelon-grape-ice-bang-king-30k-offre-un-gout-stable-et-persistant-alliant-arome","status":"publish","type":"product","link":"https:\/\/puffvapestore.com\/it\/product\/fragola-anguria-uva-ghiaccio-bang-king-30k-offre-un-sapore-stabile-e-di-lunga-durata-che-combina-laroma\/","title":{"rendered":"Ghiaccio alla fragola, all'anguria e all'uva - Bang King 30K"},"content":{"rendered":"<div data-elementor-type=\"wp-post\" data-elementor-id=\"6125\" class=\"elementor elementor-6125\">\n\t\t\t\t<div class=\"elementor-element elementor-element-08c26f9 e-flex e-con-boxed e-con e-parent\" data-id=\"08c26f9\" data-element_type=\"container\" data-e-type=\"container\">\n\t\t\t\t\t<div class=\"e-con-inner\">\n\t\t\t\t<div class=\"elementor-element elementor-element-a005a97 elementor-widget elementor-widget-text-editor\" data-id=\"a005a97\" data-element_type=\"widget\" data-e-type=\"widget\" data-widget_type=\"text-editor.default\">\n\t\t\t\t<div class=\"elementor-widget-container\">\n\t\t\t\t\t\t\t\t\t<p>Il modello Bang King 30K \u00e8 disponibile in due gusti: \u00abStrawberry And Watermelon\u00bb e \u00abGrape Ice\u00bb. Il primo \u00e8 dolce e succoso, mentre il secondo \u00e8 ghiacciato e leggermente aspro. \u00c8 facile cambiare gusto. Dotata di una grande capacit\u00e0 di e-liquid e di uno schermo a LED, offre un gusto stabile e persistente, combinando un aroma fruttato con una sensazione di freschezza. Questa sigaretta elettronica a doppia modalit\u00e0 \u00e8 ideale per controllare i sapori fruttati.<\/p><h2>Fragola + anguria<\/h2><p>Aroma fruttato: questo aroma di sigaretta elettronica combina la dolcezza delle fragole mature con la dolcezza e la succosit\u00e0 dell'anguria, creando una tipica combinazione estiva fruttata.<\/p><p>Gusto equilibrato: le fragole offrono una sensazione rotonda e carnosa, mentre l'anguria apporta una sensazione rinfrescante. I due elementi si completano armoniosamente e l'attacco \u00e8 morbido e ricco di sfumature.<\/p><h2>Gelato all'uva<\/h2><p>Finale ghiacciato: la sensazione rinfrescante \u00e8 evidente, come un velo di gelato alla menta che avvolge la punta della lingua, offrendo un finale fresco.<\/p><p>Uve leggermente acide: una leggera acidit\u00e0 dell'uva in fondo al palato rafforza l'equilibrio tra acidit\u00e0 e dolcezza, senza rendere il gusto troppo monotono.<\/p><p>Combinazione di ghiaccio e acidit\u00e0: l'effetto glassato apporta una sensazione rinfrescante all'insieme, accentuando la dolcezza.<\/p><h2>Assistenza al gusto<\/h2><p>Grande libert\u00e0 di gusto: \u00e8 possibile alternare a piacere aromi fruttati dolci e morbidi e note di uva ghiacciata, per soddisfare le esigenze di gusto di ogni situazione e umore.<\/p><p>Esposizione di lunga durata: 30000 boccate di fumo ad alta capacit\u00e0 pi\u00f9 un ampio serbatoio di olio da 36 ml, il gusto \u00e8 sempre stabile e l'esperienza \u00e8 continua e ininterrotta quando si cambia sapore<\/p><h2>Funzione di cambio di sapore doppio<\/h2><p>La sigaretta Bang King 30000 Strawberry And Watermelon &amp; Grape Ice \u00e8 dotata di un'innovativa funzione di cambio di sapore. Gli utenti possono scoprire due gusti diversi nella stessa sigaretta elettronica e cambiare facilmente, in qualsiasi momento e ovunque, per un'esperienza di fumo diversificata. Questa funzione \u00e8 particolarmente adatta agli utenti che amano provare sapori diversi. Possono godere di un gusto ricco senza dover portare con s\u00e9 diversi dispositivi, il che aumenta notevolmente il comfort e il piacere di utilizzo.<\/p><h2>Varie opzioni di concentrazione di nicotina<\/h2><p>Per soddisfare le esigenze di ogni utente, la Bang King 30000 Strawberry And Watermelon &amp; Grape Ice offre diverse opzioni di concentrazione di nicotina, tra cui 0 % (senza nicotina), 2 %, 3 % e 5 %. Che siate alla ricerca di un gusto puro o di una particolare soddisfazione della nicotina, questa sigaretta elettronica soddisfer\u00e0 tutte le vostre esigenze, dai principianti agli appassionati.<\/p><p>La Bang King 30000 ha una capacit\u00e0 molto ampia di 36 ml di e-liquid, di gran lunga superiore a quella delle attuali sigarette elettroniche presenti sul mercato. Questo design garantisce un uso prolungato senza frequenti sostituzioni o ricariche di e-liquid, ideale per i lunghi viaggi o per gli utenti intensivi, per una soddisfazione duratura.<\/p><p>Con il suo atomizzatore a resistenza a rete da 1,0 \u03a9, l'Bang King 30000 Strawberry And Watermelon &amp; Grape Ice offre il perfetto equilibrio tra sapore e volume di fumo. La tecnologia a rete migliora l'efficienza di atomizzazione dell'e-liquid, garantendo un sapore ricco e un fumo delicato a ogni boccata, ideale per gli utenti che cercano un'esperienza di vaping di alta qualit\u00e0.<\/p><h2>Batteria di lunga durata e comoda ricarica<\/h2><p>Dotato di una batteria ad alte prestazioni da 550 mAh, il modello Bang King 30000 Strawberry And Watermelon &amp; Grape Ice offre una durata stabile della batteria per un utilizzo senza preoccupazioni 24 ore su 24, 7 giorni su 7. Inoltre, la sua porta USB-C supporta la ricarica rapida, riducendo i tempi di attesa e consentendo un rapido recupero per adattarsi alle esigenze dello stile di vita frenetico di oggi.<\/p><p>Una singola sigaretta elettronica Bang King 30000 Strawberry And Watermelon &amp; Grape Ice vi dar\u00e0 fino a 30.000 boccate e la sua lunghissima durata la rende una delle opzioni pi\u00f9 durature sul mercato. Che sia per l'uso quotidiano o per un lungo viaggio, questo dispositivo vi accompagner\u00e0 in modo affidabile e vi eviter\u00e0 di doverlo sostituire frequentemente.<\/p>\t\t\t\t\t\t\t\t<\/div>\n\t\t\t\t<\/div>\n\t\t\t\t\t<\/div>\n\t\t\t\t<\/div>\n\t\t\t\t<\/div>","protected":false},"excerpt":{"rendered":"<p>Le Bang King 30K propose deux saveurs\u00a0: \u00ab\u00a0Strawberry And Watermelon\u00a0\u00bb et \u00ab\u00a0Grape Ice\u00a0\u00bb. La premi\u00e8re est sucr\u00e9e et juteuse, la seconde est glac\u00e9e et l\u00e9g\u00e8rement acidul\u00e9e. Le changement de saveur est pratique. Dot\u00e9e d&rsquo;un e-liquide de grande capacit\u00e9 et d&rsquo;un \u00e9cran LED, elle offre un go\u00fbt stable et persistant, alliant ar\u00f4me fruit\u00e9 et sensation de [&hellip;]<\/p>\n","protected":false},"featured_media":5978,"comment_status":"open","ping_status":"closed","template":"","meta":{"site-sidebar-layout":"no-sidebar","site-content-layout":"page-builder","ast-site-content-layout":"normal-width-container","site-content-style":"default","site-sidebar-style":"default","ast-global-header-display":"","ast-banner-title-visibility":"","ast-main-header-display":"","ast-hfb-above-header-display":"","ast-hfb-below-header-display":"","ast-hfb-mobile-header-display":"","site-post-title":"disabled","ast-breadcrumbs-content":"","ast-featured-img":"disabled","footer-sml-layout":"","theme-transparent-header-meta":"default","adv-header-id-meta":"","stick-header-meta":"default","header-above-stick-meta":"","header-main-stick-meta":"","header-below-stick-meta":"","astra-migrate-meta-layouts":"set","ast-page-background-enabled":"default","ast-page-background-meta":{"desktop":{"background-color":"","background-image":"","background-repeat":"repeat","background-position":"center center","background-size":"auto","background-attachment":"scroll","background-type":"","background-media":"","overlay-type":"","overlay-color":"","overlay-opacity":"","overlay-gradient":""},"tablet":{"background-color":"","background-image":"","background-repeat":"repeat","background-position":"center center","background-size":"auto","background-attachment":"scroll","background-type":"","background-media":"","overlay-type":"","overlay-color":"","overlay-opacity":"","overlay-gradient":""},"mobile":{"background-color":"","background-image":"","background-repeat":"repeat","background-position":"center center","background-size":"auto","background-attachment":"scroll","background-type":"","background-media":"","overlay-type":"","overlay-color":"","overlay-opacity":"","overlay-gradient":""}},"ast-content-background-meta":{"desktop":{"background-color":"var(--ast-global-color-5)","background-image":"","background-repeat":"repeat","background-position":"center center","background-size":"auto","background-attachment":"scroll","background-type":"","background-media":"","overlay-type":"","overlay-color":"","overlay-opacity":"","overlay-gradient":""},"tablet":{"background-color":"var(--ast-global-color-5)","background-image":"","background-repeat":"repeat","background-position":"center center","background-size":"auto","background-attachment":"scroll","background-type":"","background-media":"","overlay-type":"","overlay-color":"","overlay-opacity":"","overlay-gradient":""},"mobile":{"background-color":"var(--ast-global-color-5)","background-image":"","background-repeat":"repeat","background-position":"center center","background-size":"auto","background-attachment":"scroll","background-type":"","background-media":"","overlay-type":"","overlay-color":"","overlay-opacity":"","overlay-gradient":""}}},"product_brand":[52],"product_cat":[55,86,15],"product_tag":[],"class_list":{"0":"post-6125","1":"product","2":"type-product","3":"status-publish","4":"has-post-thumbnail","6":"product_brand-bang-king","7":"product_cat-bang-king-30000-double-saveur-offre-jusqua-36ml-de-liquide","8":"product_cat-puff-30k","9":"product_cat-magasin-cigarette-electronique","10":"desktop-align-center","11":"tablet-align-center","12":"mobile-align-center","13":"ast-product-gallery-layout-horizontal","14":"ast-product-gallery-with-no-image","15":"ast-product-single-variable","16":"ast-product-tabs-layout-horizontal","17":"ast-qv-on-image","19":"first","20":"instock","21":"sale","22":"shipping-taxable","23":"purchasable","24":"product-type-variable","25":"has-default-attributes"},"tiered_pricing_type":"fixed","tiered_pricing_fixed_rules":{"50":7.33,"100":6.66},"tiered_pricing_product_settings":{"layout":"default","base_unit_name":{"singular":null,"plural":null},"default_variation":null},"tiered_pricing_minimum_quantity":null,"tiered_pricing_roles_data":[],"tiered_pricing_percentage_rules":[],"_links":{"self":[{"href":"https:\/\/puffvapestore.com\/it\/wp-json\/wp\/v2\/product\/6125","targetHints":{"allow":["GET"]}}],"collection":[{"href":"https:\/\/puffvapestore.com\/it\/wp-json\/wp\/v2\/product"}],"about":[{"href":"https:\/\/puffvapestore.com\/it\/wp-json\/wp\/v2\/types\/product"}],"replies":[{"embeddable":true,"href":"https:\/\/puffvapestore.com\/it\/wp-json\/wp\/v2\/comments?post=6125"}],"version-history":[{"count":7,"href":"https:\/\/puffvapestore.com\/it\/wp-json\/wp\/v2\/product\/6125\/revisions"}],"predecessor-version":[{"id":6455,"href":"https:\/\/puffvapestore.com\/it\/wp-json\/wp\/v2\/product\/6125\/revisions\/6455"}],"wp:featuredmedia":[{"embeddable":true,"href":"https:\/\/puffvapestore.com\/it\/wp-json\/wp\/v2\/media\/5978"}],"wp:attachment":[{"href":"https:\/\/puffvapestore.com\/it\/wp-json\/wp\/v2\/media?parent=6125"}],"wp:term":[{"taxonomy":"product_brand","embeddable":true,"href":"https:\/\/puffvapestore.com\/it\/wp-json\/wp\/v2\/product_brand?post=6125"},{"taxonomy":"product_cat","embeddable":true,"href":"https:\/\/puffvapestore.com\/it\/wp-json\/wp\/v2\/product_cat?post=6125"},{"taxonomy":"product_tag","embeddable":true,"href":"https:\/\/puffvapestore.com\/it\/wp-json\/wp\/v2\/product_tag?post=6125"}],"curies":[{"name":"wp","href":"https:\/\/api.w.org\/{rel}","templated":true}]}}