{"id":6114,"date":"2025-07-30T15:49:22","date_gmt":"2025-07-30T15:49:22","guid":{"rendered":"https:\/\/puffvapestore.com\/?post_type=product&#038;p=6114"},"modified":"2026-01-19T10:36:11","modified_gmt":"2026-01-19T10:36:11","slug":"strawberry-kiwi-peach-ice-bang-king-30k-une-experience-gustative-pure-et-nette","status":"publish","type":"product","link":"https:\/\/puffvapestore.com\/it\/product\/fragola-kiwi-pesca-ghiaccio-bang-king-30k-unesperienza-di-gusto-pura-e-pulita\/","title":{"rendered":"Ghiaccio alla fragola, kiwi e pesca - Bang King 30K"},"content":{"rendered":"<div data-elementor-type=\"wp-post\" data-elementor-id=\"6114\" class=\"elementor elementor-6114\">\n\t\t\t\t<div class=\"elementor-element elementor-element-08c26f9 e-flex e-con-boxed e-con e-parent\" data-id=\"08c26f9\" data-element_type=\"container\" data-e-type=\"container\">\n\t\t\t\t\t<div class=\"e-con-inner\">\n\t\t\t\t<div class=\"elementor-element elementor-element-a005a97 elementor-widget elementor-widget-text-editor\" data-id=\"a005a97\" data-element_type=\"widget\" data-e-type=\"widget\" data-widget_type=\"text-editor.default\">\n\t\t\t\t<div class=\"elementor-widget-container\">\n\t\t\t\t\t\t\t\t\t<p>La Bang King 30K \u00e8 una sigaretta elettronica monouso ad alta capacit\u00e0 che offre fino a 30.000 boccate. \u00c8 dotata di un sistema a doppio aroma indipendente, che consente di passare liberamente da un aroma all'altro con un semplice interruttore. Ogni aroma \u00e8 formulato individualmente per un'esperienza di gusto pura e pulita.<\/p><h2>Aroma fragola e kiwi<\/h2><h3>Caratteristiche principali<\/h3><p>Prima impressione: La dolcezza delle fragole esplode immediatamente non appena si inala il fumo, con un gusto simile alla marmellata di fragole fresche, dolce senza essere troppo oleoso.<\/p><p>Al palato: l'acidit\u00e0 del kiwi continua, aggiungendo una rinfrescante acidit\u00e0 fruttata e un sapore pi\u00f9 complesso.<\/p><p>Finale: I sapori di fragola e kiwi si dissolvono gradualmente, lasciando un retrogusto fresco e fruttato senza residui di aromi artificiali.<\/p><h3>Esperienza dettagliata<\/h3><p>Dolcezza moderata con un aroma naturale di frutta;<\/p><p>Acidit\u00e0 leggera ma pulita, simile all'aroma rinfrescante del kiwi tagliato;<\/p><p>Ideale per gli amanti dei sapori fruttati e rinfrescanti.<\/p><h2>Aroma Pesca ghiacciata<\/h2><h3>Caratteristiche principali<\/h3><p>Prestazioni dell'infusione: l'aroma di pesca bianca matura \u00e8 molto ricco, con la sensazione reale di mordere una pesca succosa, e il sapore fruttato \u00e8 delicato e morbido.<\/p><p>Gusto: dolcezza leggera, che esalta l'aroma floreale della pesca bianca, non la dolcezza insipida dello sciroppo, ma la naturale dolcezza fruttata.<\/p><p>Finale: emerge rapidamente una sensazione fresca e ghiacciata, come una leggera menta o un frullato, che si fonde naturalmente con la dolcezza della pesca.<\/p><h3>Esperienza dettagliata<\/h3><p>La sensazione di freschezza \u00e8 perfetta, senza irritare la gola;<\/p><p>La sensazione di ghiaccio e l'aroma fruttato sono intimamente legati e inseparabili;<\/p><p>Il gusto complessivo \u00e8 dolce e gelido, perfetto per gli amanti della frutta fresca.<\/p><h2>Funzione di cambio di sapore doppio<\/h2><p>La sigaretta Bang King 30000 Strawberry Kiwi &amp; Peach Ice \u00e8 dotata di un'innovativa funzione di cambio di sapore. Gli utenti possono scoprire due gusti diversi nella stessa sigaretta elettronica e cambiare facilmente, in qualsiasi momento e ovunque, per un'esperienza di fumo diversificata. Questa funzione \u00e8 particolarmente adatta agli utenti che amano provare sapori diversi. Possono godere di un gusto ricco senza dover portare con s\u00e9 diversi dispositivi, il che aumenta notevolmente il comfort e il piacere di utilizzo.<\/p><h2>Varie opzioni di concentrazione di nicotina<\/h2><p>Per soddisfare le esigenze di ogni utente, la Bang King 30000 Strawberry Kiwi &amp; Peach Ice offre diverse opzioni di concentrazione di nicotina, tra cui 0 % (senza nicotina), 2 %, 3 % e 5 %. Che siate alla ricerca di un gusto puro o di una particolare soddisfazione della nicotina, questa sigaretta elettronica soddisfer\u00e0 tutte le vostre esigenze, dai principianti agli appassionati.<\/p><p>La Bang King 30000 ha una capacit\u00e0 molto ampia di 36 ml di e-liquid, di gran lunga superiore a quella delle attuali sigarette elettroniche presenti sul mercato. Questo design garantisce un uso prolungato senza frequenti sostituzioni o ricariche di e-liquid, ideale per i lunghi viaggi o per gli utenti intensivi, per una soddisfazione duratura.<\/p><p>Con il suo atomizzatore a resistenza a mesh da 1,0 \u03a9, l'Bang King 30000 Strawberry Kiwi &amp; Peach Ice offre il perfetto equilibrio tra sapore e volume di fumo. La tecnologia a rete migliora l'efficienza di atomizzazione dell'e-liquid, garantendo un sapore ricco e un fumo delicato a ogni boccata, ideale per gli utenti che cercano un'esperienza di vaping di alta qualit\u00e0.<\/p><h2>Batteria di lunga durata e comoda ricarica<\/h2><p>Dotato di una batteria ad alte prestazioni da 550 mAh, il modello Bang King 30000 Strawberry Kiwi &amp; Peach Ice offre un'autonomia stabile per un utilizzo senza preoccupazioni 24 ore su 24, 7 giorni su 7. Inoltre, la sua porta USB-C supporta la ricarica rapida, riducendo i tempi di attesa e consentendo un recupero veloce per adattarsi alle esigenze dello stile di vita frenetico di oggi.<\/p><p>Una singola sigaretta elettronica Bang King 30000 Strawberry Kiwi &amp; Peach Ice vi dar\u00e0 fino a 30.000 boccate e la sua lunghissima durata la rende una delle opzioni pi\u00f9 durature sul mercato. Sia che lo usiate tutti i giorni o durante un lungo viaggio, questo dispositivo vi accompagner\u00e0 in modo affidabile, evitando di doverlo sostituire frequentemente.<\/p>\t\t\t\t\t\t\t\t<\/div>\n\t\t\t\t<\/div>\n\t\t\t\t\t<\/div>\n\t\t\t\t<\/div>\n\t\t\t\t<\/div>","protected":false},"excerpt":{"rendered":"<p>La Bang King 30K est une cigarette \u00e9lectronique jetable grande capacit\u00e9 offrant jusqu&rsquo;\u00e0 30000 bouff\u00e9es. Elle est \u00e9quip\u00e9e d&rsquo;un double syst\u00e8me de saveurs ind\u00e9pendant, permettant de passer librement d&rsquo;une saveur \u00e0 l&rsquo;autre par simple commutation. Chaque saveur est formul\u00e9e individuellement pour une exp\u00e9rience gustative pure et nette. Ar\u00f4me Fraise Kiwi Caract\u00e9ristiques principales Premi\u00e8re impression : [&hellip;]<\/p>","protected":false},"featured_media":5979,"comment_status":"open","ping_status":"closed","template":"","meta":{"site-sidebar-layout":"no-sidebar","site-content-layout":"page-builder","ast-site-content-layout":"normal-width-container","site-content-style":"default","site-sidebar-style":"default","ast-global-header-display":"","ast-banner-title-visibility":"","ast-main-header-display":"","ast-hfb-above-header-display":"","ast-hfb-below-header-display":"","ast-hfb-mobile-header-display":"","site-post-title":"disabled","ast-breadcrumbs-content":"","ast-featured-img":"disabled","footer-sml-layout":"","theme-transparent-header-meta":"default","adv-header-id-meta":"","stick-header-meta":"default","header-above-stick-meta":"","header-main-stick-meta":"","header-below-stick-meta":"","astra-migrate-meta-layouts":"set","ast-page-background-enabled":"default","ast-page-background-meta":{"desktop":{"background-color":"","background-image":"","background-repeat":"repeat","background-position":"center center","background-size":"auto","background-attachment":"scroll","background-type":"","background-media":"","overlay-type":"","overlay-color":"","overlay-opacity":"","overlay-gradient":""},"tablet":{"background-color":"","background-image":"","background-repeat":"repeat","background-position":"center center","background-size":"auto","background-attachment":"scroll","background-type":"","background-media":"","overlay-type":"","overlay-color":"","overlay-opacity":"","overlay-gradient":""},"mobile":{"background-color":"","background-image":"","background-repeat":"repeat","background-position":"center center","background-size":"auto","background-attachment":"scroll","background-type":"","background-media":"","overlay-type":"","overlay-color":"","overlay-opacity":"","overlay-gradient":""}},"ast-content-background-meta":{"desktop":{"background-color":"var(--ast-global-color-5)","background-image":"","background-repeat":"repeat","background-position":"center center","background-size":"auto","background-attachment":"scroll","background-type":"","background-media":"","overlay-type":"","overlay-color":"","overlay-opacity":"","overlay-gradient":""},"tablet":{"background-color":"var(--ast-global-color-5)","background-image":"","background-repeat":"repeat","background-position":"center center","background-size":"auto","background-attachment":"scroll","background-type":"","background-media":"","overlay-type":"","overlay-color":"","overlay-opacity":"","overlay-gradient":""},"mobile":{"background-color":"var(--ast-global-color-5)","background-image":"","background-repeat":"repeat","background-position":"center center","background-size":"auto","background-attachment":"scroll","background-type":"","background-media":"","overlay-type":"","overlay-color":"","overlay-opacity":"","overlay-gradient":""}}},"product_brand":[52],"product_cat":[55,86,15],"product_tag":[],"class_list":{"0":"post-6114","1":"product","2":"type-product","3":"status-publish","4":"has-post-thumbnail","6":"product_brand-bang-king","7":"product_cat-bang-king-30000-double-saveur-offre-jusqua-36ml-de-liquide","8":"product_cat-puff-30k","9":"product_cat-magasin-cigarette-electronique","10":"desktop-align-center","11":"tablet-align-center","12":"mobile-align-center","13":"ast-product-gallery-layout-horizontal","14":"ast-product-gallery-with-no-image","15":"ast-product-single-variable","16":"ast-product-tabs-layout-horizontal","17":"ast-qv-on-image","19":"first","20":"instock","21":"sale","22":"shipping-taxable","23":"purchasable","24":"product-type-variable","25":"has-default-attributes"},"tiered_pricing_type":"fixed","tiered_pricing_fixed_rules":{"50":7.33,"100":6.66},"tiered_pricing_product_settings":{"layout":"default","base_unit_name":{"singular":null,"plural":null},"default_variation":null},"tiered_pricing_minimum_quantity":null,"tiered_pricing_roles_data":[],"tiered_pricing_percentage_rules":[],"_links":{"self":[{"href":"https:\/\/puffvapestore.com\/it\/wp-json\/wp\/v2\/product\/6114","targetHints":{"allow":["GET"]}}],"collection":[{"href":"https:\/\/puffvapestore.com\/it\/wp-json\/wp\/v2\/product"}],"about":[{"href":"https:\/\/puffvapestore.com\/it\/wp-json\/wp\/v2\/types\/product"}],"replies":[{"embeddable":true,"href":"https:\/\/puffvapestore.com\/it\/wp-json\/wp\/v2\/comments?post=6114"}],"version-history":[{"count":7,"href":"https:\/\/puffvapestore.com\/it\/wp-json\/wp\/v2\/product\/6114\/revisions"}],"predecessor-version":[{"id":6233,"href":"https:\/\/puffvapestore.com\/it\/wp-json\/wp\/v2\/product\/6114\/revisions\/6233"}],"wp:featuredmedia":[{"embeddable":true,"href":"https:\/\/puffvapestore.com\/it\/wp-json\/wp\/v2\/media\/5979"}],"wp:attachment":[{"href":"https:\/\/puffvapestore.com\/it\/wp-json\/wp\/v2\/media?parent=6114"}],"wp:term":[{"taxonomy":"product_brand","embeddable":true,"href":"https:\/\/puffvapestore.com\/it\/wp-json\/wp\/v2\/product_brand?post=6114"},{"taxonomy":"product_cat","embeddable":true,"href":"https:\/\/puffvapestore.com\/it\/wp-json\/wp\/v2\/product_cat?post=6114"},{"taxonomy":"product_tag","embeddable":true,"href":"https:\/\/puffvapestore.com\/it\/wp-json\/wp\/v2\/product_tag?post=6114"}],"curies":[{"name":"wp","href":"https:\/\/api.w.org\/{rel}","templated":true}]}}