{"id":6099,"date":"2025-07-30T10:40:13","date_gmt":"2025-07-30T10:40:13","guid":{"rendered":"https:\/\/puffvapestore.com\/?post_type=product&#038;p=6099"},"modified":"2026-01-19T10:36:10","modified_gmt":"2026-01-19T10:36:10","slug":"blueberry-ice-strawberry-and-banana-bang-king-30k-allie-fraicheur-fruitee-et-saveur","status":"publish","type":"product","link":"https:\/\/puffvapestore.com\/it\/product\/mirtillo-ghiaccio-fragola-e-banana-bang-king-30k-combina-freschezza-e-sapore-fruttato\/","title":{"rendered":"Bang King 30K - Ghiaccio al mirtillo, fragola e banana"},"content":{"rendered":"<div data-elementor-type=\"wp-post\" data-elementor-id=\"6099\" class=\"elementor elementor-6099\">\n\t\t\t\t<div class=\"elementor-element elementor-element-08c26f9 e-flex e-con-boxed e-con e-parent\" data-id=\"08c26f9\" data-element_type=\"container\" data-e-type=\"container\">\n\t\t\t\t\t<div class=\"e-con-inner\">\n\t\t\t\t<div class=\"elementor-element elementor-element-a005a97 elementor-widget elementor-widget-text-editor\" data-id=\"a005a97\" data-element_type=\"widget\" data-e-type=\"widget\" data-widget_type=\"text-editor.default\">\n\t\t\t\t<div class=\"elementor-widget-container\">\n\t\t\t\t\t\t\t\t\t<p>Questa combinazione \u00abmirtillo congelato + banana fragola\u00bb \u00e8 perfetta per gli appassionati di sigarette elettroniche che amano i sapori fruttati intensi, alla ricerca sia di un gusto rinfrescante e ghiacciato che di un gusto caldo e dolce. Il cambio fluido di sapori permette di cambiare umore in qualsiasi momento e di provare sensazioni completamente diverse.<\/p><h2>Ghiaccio al mirtillo<\/h2><p>Fruttato e dolce: l'aroma principale \u00e8 la freschezza e la rotondit\u00e0 dei mirtilli, con una leggera acidit\u00e0 fruttata naturale e una dolcezza che ricorda i mirtilli appena raccolti.<\/p><p>Retrogusto fresco: l'effetto rinfrescante della menta ghiacciata (mentolo) si aggiunge all'aroma finale. Ogni boccata di fumo \u00e8 come un sorso di fresca rugiada al mattino, un'esperienza lunga e rinfrescante.<\/p><p>Gusto: la prima boccata offre un ricco sapore di mirtillo, poi la parte centrale viene gradualmente ricoperta da un sottile strato di ghiaccio. Il fruttato e la freschezza sono equilibrati e il gusto complessivo \u00e8 morbido e cremoso.<\/p><h2>Fragola e banana<\/h2><p>Una miscela di sapori fruttati: combina la dolcezza delle fragole rosse mature con il gusto cremoso della banana. La leggera acidit\u00e0 delle fragole ammorbidisce il tutto.<\/p><p>Gusto ricco: il primo sentore offre la sensazione dolce e piccante delle fragole, seguita dall'aroma denso e lattiginoso della banana, mentre il finale \u00e8 morbido e cremoso, come un frullato fresco.<\/p><h2>Cambiamento di esperienza<\/h2><p>Cambio immediato: subito dopo aver fumato il gelato al mirtillo, si pu\u00f2 passare a un frullato caldo di fragole e banane, in base al proprio umore e ai propri gusti.<\/p><h2>Caratteristiche del gusto<\/h2><p>Freddo + Latte: i due sapori estremi di \u00abfreschezza fruttata\u00bb e \u00abaroma lattiginoso\u00bb si combinano per creare un'esperienza unica.<\/p><p>Forte senso di stratificazione: ogni cambio di sapore \u00e8 una piccola sorpresa, con una naturale progressione di sapori dalle sezioni anteriore, centrale e posteriore.<\/p><h2>Specifiche del modello Bang King 30000 Blueberry Ice &amp; Strawberry And Banana<\/h2><p>Numero di boccate: ogni sigaretta elettronica offre fino a 30.000 boccate.<\/p><p>Capacit\u00e0 del liquido: 36 ml<\/p><p>Capacit\u00e0 della batteria: 550 mAh, ricaricabile tramite USB-C<\/p><p>Resistenza di atomizzazione: resistenza a rete di 1,0 \u03a9, tenendo conto del gusto e del volume di fumo.<\/p><p>Scelta delle concentrazioni di nicotina: 0 %, 2 %, 3 %, 5 %<\/p><h2>Funzioni di Bang King 30000 Blueberry Ice &amp; Strawberry And Banana<\/h2><p>Doppia funzione di commutazione del gusto: supporta due diverse funzioni di commutazione del gusto, per una facile commutazione del gusto.<\/p><p>Carica rapida Type-C: offre una ricarica pi\u00f9 rapida per la batteria ricaricabile da 550 mAh.<\/p><h2>Vantaggi del modello Bang King 30000<\/h2><p>Leggero: design della sigaretta elettronica monouso, non \u00e8 necessario aggiungere olio o sostituire la resistenza a rete, facile da trasportare.<\/p><p>Eccellente autonomia: adatto per un uso prolungato, non \u00e8 necessario ricaricare o aggiungere olio frequentemente.<\/p><p>Design strutturale: corpo standard a forma di striscia, sensazione piacevole al tatto, facile cambio di sapore.<\/p><p>Alta capacit\u00e0 (36 ml di olio + batteria da 550 mAh), lunga durata.<\/p><p>Il doppio cambio di sapore offre una variet\u00e0 di esperienze gustative.<\/p><p>La resistenza delle maglie migliora il fumo e il sapore.<\/p><p>Ricarica rapida e comoda tramite USB-C.<\/p>\t\t\t\t\t\t\t\t<\/div>\n\t\t\t\t<\/div>\n\t\t\t\t\t<\/div>\n\t\t\t\t<\/div>\n\t\t\t\t<\/div>","protected":false},"excerpt":{"rendered":"<p>Cette combinaison \u00ab\u00a0myrtille glac\u00e9e + fraise banane\u00a0\u00bb convient aux amateurs de cigarettes \u00e9lectroniques qui appr\u00e9cient les saveurs fruit\u00e9es intenses, recherchent tant\u00f4t un go\u00fbt rafra\u00eechissant et glac\u00e9, tant\u00f4t un go\u00fbt chaud et sucr\u00e9. Le changement de saveurs fluide vous permet de changer d&rsquo;humeur \u00e0 tout moment et de vivre des sensations totalement diff\u00e9rentes. Blueberry Ice (Myrtille [&hellip;]<\/p>\n","protected":false},"featured_media":5973,"comment_status":"open","ping_status":"closed","template":"","meta":{"site-sidebar-layout":"no-sidebar","site-content-layout":"page-builder","ast-site-content-layout":"normal-width-container","site-content-style":"default","site-sidebar-style":"default","ast-global-header-display":"","ast-banner-title-visibility":"","ast-main-header-display":"","ast-hfb-above-header-display":"","ast-hfb-below-header-display":"","ast-hfb-mobile-header-display":"","site-post-title":"disabled","ast-breadcrumbs-content":"","ast-featured-img":"disabled","footer-sml-layout":"","theme-transparent-header-meta":"default","adv-header-id-meta":"","stick-header-meta":"default","header-above-stick-meta":"","header-main-stick-meta":"","header-below-stick-meta":"","astra-migrate-meta-layouts":"set","ast-page-background-enabled":"default","ast-page-background-meta":{"desktop":{"background-color":"","background-image":"","background-repeat":"repeat","background-position":"center center","background-size":"auto","background-attachment":"scroll","background-type":"","background-media":"","overlay-type":"","overlay-color":"","overlay-opacity":"","overlay-gradient":""},"tablet":{"background-color":"","background-image":"","background-repeat":"repeat","background-position":"center center","background-size":"auto","background-attachment":"scroll","background-type":"","background-media":"","overlay-type":"","overlay-color":"","overlay-opacity":"","overlay-gradient":""},"mobile":{"background-color":"","background-image":"","background-repeat":"repeat","background-position":"center center","background-size":"auto","background-attachment":"scroll","background-type":"","background-media":"","overlay-type":"","overlay-color":"","overlay-opacity":"","overlay-gradient":""}},"ast-content-background-meta":{"desktop":{"background-color":"var(--ast-global-color-5)","background-image":"","background-repeat":"repeat","background-position":"center center","background-size":"auto","background-attachment":"scroll","background-type":"","background-media":"","overlay-type":"","overlay-color":"","overlay-opacity":"","overlay-gradient":""},"tablet":{"background-color":"var(--ast-global-color-5)","background-image":"","background-repeat":"repeat","background-position":"center center","background-size":"auto","background-attachment":"scroll","background-type":"","background-media":"","overlay-type":"","overlay-color":"","overlay-opacity":"","overlay-gradient":""},"mobile":{"background-color":"var(--ast-global-color-5)","background-image":"","background-repeat":"repeat","background-position":"center center","background-size":"auto","background-attachment":"scroll","background-type":"","background-media":"","overlay-type":"","overlay-color":"","overlay-opacity":"","overlay-gradient":""}}},"product_brand":[52],"product_cat":[55,86,15],"product_tag":[],"class_list":{"0":"post-6099","1":"product","2":"type-product","3":"status-publish","4":"has-post-thumbnail","6":"product_brand-bang-king","7":"product_cat-bang-king-30000-double-saveur-offre-jusqua-36ml-de-liquide","8":"product_cat-puff-30k","9":"product_cat-magasin-cigarette-electronique","10":"desktop-align-center","11":"tablet-align-center","12":"mobile-align-center","13":"ast-product-gallery-layout-horizontal","14":"ast-product-gallery-with-no-image","15":"ast-product-single-variable","16":"ast-product-tabs-layout-horizontal","17":"ast-qv-on-image","19":"first","20":"instock","21":"sale","22":"shipping-taxable","23":"purchasable","24":"product-type-variable","25":"has-default-attributes"},"tiered_pricing_type":"fixed","tiered_pricing_fixed_rules":{"50":7.33,"100":6.66},"tiered_pricing_product_settings":{"layout":"default","base_unit_name":{"singular":null,"plural":null},"default_variation":null},"tiered_pricing_minimum_quantity":null,"tiered_pricing_roles_data":[],"tiered_pricing_percentage_rules":[],"_links":{"self":[{"href":"https:\/\/puffvapestore.com\/it\/wp-json\/wp\/v2\/product\/6099","targetHints":{"allow":["GET"]}}],"collection":[{"href":"https:\/\/puffvapestore.com\/it\/wp-json\/wp\/v2\/product"}],"about":[{"href":"https:\/\/puffvapestore.com\/it\/wp-json\/wp\/v2\/types\/product"}],"replies":[{"embeddable":true,"href":"https:\/\/puffvapestore.com\/it\/wp-json\/wp\/v2\/comments?post=6099"}],"version-history":[{"count":7,"href":"https:\/\/puffvapestore.com\/it\/wp-json\/wp\/v2\/product\/6099\/revisions"}],"predecessor-version":[{"id":6232,"href":"https:\/\/puffvapestore.com\/it\/wp-json\/wp\/v2\/product\/6099\/revisions\/6232"}],"wp:featuredmedia":[{"embeddable":true,"href":"https:\/\/puffvapestore.com\/it\/wp-json\/wp\/v2\/media\/5973"}],"wp:attachment":[{"href":"https:\/\/puffvapestore.com\/it\/wp-json\/wp\/v2\/media?parent=6099"}],"wp:term":[{"taxonomy":"product_brand","embeddable":true,"href":"https:\/\/puffvapestore.com\/it\/wp-json\/wp\/v2\/product_brand?post=6099"},{"taxonomy":"product_cat","embeddable":true,"href":"https:\/\/puffvapestore.com\/it\/wp-json\/wp\/v2\/product_cat?post=6099"},{"taxonomy":"product_tag","embeddable":true,"href":"https:\/\/puffvapestore.com\/it\/wp-json\/wp\/v2\/product_tag?post=6099"}],"curies":[{"name":"wp","href":"https:\/\/api.w.org\/{rel}","templated":true}]}}