{"id":6088,"date":"2025-07-30T08:33:12","date_gmt":"2025-07-30T08:33:12","guid":{"rendered":"https:\/\/puffvapestore.com\/?post_type=product&#038;p=6088"},"modified":"2026-01-19T10:36:11","modified_gmt":"2026-01-19T10:36:11","slug":"bang-king-30k-blueberry-raspberry-mixed-mouldy-fruit-offre-un-contraste-de-saveurs-saisissant","status":"publish","type":"product","link":"https:\/\/puffvapestore.com\/it\/product\/bang-king-30k-mirtillo-lampone-frutta-ammuffita-mista-offre-un-sorprendente-contrasto-di-sapori\/","title":{"rendered":"Bang King 30K - Mirtillo, lampone e frutta mista"},"content":{"rendered":"<div data-elementor-type=\"wp-post\" data-elementor-id=\"6088\" class=\"elementor elementor-6088\">\n\t\t\t\t<div class=\"elementor-element elementor-element-08c26f9 e-flex e-con-boxed e-con e-parent\" data-id=\"08c26f9\" data-element_type=\"container\" data-e-type=\"container\">\n\t\t\t\t\t<div class=\"e-con-inner\">\n\t\t\t\t<div class=\"elementor-element elementor-element-a005a97 elementor-widget elementor-widget-text-editor\" data-id=\"a005a97\" data-element_type=\"widget\" data-e-type=\"widget\" data-widget_type=\"text-editor.default\">\n\t\t\t\t<div class=\"elementor-widget-container\">\n\t\t\t\t\t\t\t\t\t<p>Blueberry Raspberry &amp; Mixed Mouldy Fruit \u00e8 uno degli aromi combinati delle sigarette elettroniche Bang King 30K. Questa combinazione di sapori \u00e8 unica: uno \u00e8 una serie di bacche fresche e dolci, l'altro \u00e8 un potente stile fermentato con frutta ammuffita, un contrasto sorprendente ma un coordinamento inaspettato.<\/p><h2>Aroma di mirtillo e lampone<\/h2><p>Sapore: dolce e aspro, il mirtillo \u00e8 ricco di marmellata, il lampone \u00e8 rinfrescante, con la freschezza dei frutti di bosco naturali.<\/p><p>Gusto: il fumo \u00e8 una setosa purea di frutti di bosco, con il giusto equilibrio di dolcezza e acidit\u00e0; la miscela di mirtillo e lampone offre sia note fruttate che una fresca acidit\u00e0 fruttata.<\/p><h2>Gusto misto di frutta ammuffita<\/h2><p>Aroma e gusto: un sapore potente con un sentore di fermentazione o di muffa, simile all'aroma ricco e morbido dei frutti conservati a lungo, che evidenzia la maturit\u00e0, l'invecchiamento e persino una leggera acidit\u00e0 degli acini.<\/p><p>Gusto: complesso e variegato, acido e astringente, simile a quello di frutti di bosco misti e leggermente fermentati. Una leggera ruvidit\u00e0 al palato, come se la buccia fosse masticata e un leggero aroma di lievito naturale aggiunto.<\/p><h2>Una doppia esperienza di sapori che cambiano<\/h2><p>Quando si cambia sapore, la dolcezza e l'acidit\u00e0 fresca del mirtillo e del lampone colpiscono immediatamente le papille gustative, mentre quando si passa al sapore di frutta mista ammuffita, si sperimentano gli strati pi\u00f9 complessi della frutta fermentata e matura.<\/p><p>Alternare i due sapori \u00e8 come passare da un frutteto a una cantina sotterranea: uno \u00e8 rinfrescante, l'altro \u00e8 profondo, il che \u00e8 molto stimolante per le papille gustative.<\/p><h2>Specifiche del modello Bang King 30000 Mirtillo, Lampone e Frutta Mista<\/h2><p>Numero di boccate: ogni sigaretta elettronica offre fino a 30.000 boccate.<\/p><p>Capacit\u00e0 del liquido: 36 ml<\/p><p>Capacit\u00e0 della batteria: 550 mAh, ricaricabile tramite USB-C<\/p><p>Resistenza di atomizzazione: resistenza a rete di 1,0 \u03a9, tenendo conto del gusto e del volume di fumo.<\/p><p>Scelta delle concentrazioni di nicotina: 0 %, 2 %, 3 %, 5 %<\/p><h2>Funzioni di Bang King 30000 Mirtillo Lampone e Frutta Mista<\/h2><p>Doppia funzione di commutazione del gusto: supporta due diverse funzioni di commutazione del gusto, per una facile commutazione del gusto.<\/p><p>Carica rapida Type-C: offre una ricarica pi\u00f9 rapida per la batteria ricaricabile da 550 mAh.<\/p><h2>Vantaggi di Bang King 30000 Mirtillo Lampone e Frutta Mista<\/h2><p>Leggero: design della sigaretta elettronica monouso, non \u00e8 necessario aggiungere olio o sostituire la resistenza a rete, facile da trasportare.<\/p><p>Eccellente autonomia: adatto per un uso prolungato, non \u00e8 necessario ricaricare o aggiungere olio frequentemente.<\/p><p>Design strutturale: corpo standard a forma di striscia, sensazione piacevole al tatto, facile cambio di sapore.<\/p><p>Alta capacit\u00e0 (36 ml di olio + batteria da 550 mAh), lunga durata.<\/p><p>Il doppio cambio di sapore offre una variet\u00e0 di esperienze gustative.<\/p><p>La resistenza delle maglie migliora il fumo e il sapore.<\/p><p>Ricarica rapida e comoda tramite USB-C.<\/p>\t\t\t\t\t\t\t\t<\/div>\n\t\t\t\t<\/div>\n\t\t\t\t\t<\/div>\n\t\t\t\t<\/div>\n\t\t\t\t<\/div>","protected":false},"excerpt":{"rendered":"<p>Blueberry Raspberry &amp; Mixed Mouldy Fruit est l&rsquo;une des saveurs combin\u00e9es des cigarettes \u00e9lectroniques Bang King 30K. Cette combinaison de saveurs est unique\u00a0: l&rsquo;une est une s\u00e9rie de baies fra\u00eeches et sucr\u00e9es, l&rsquo;autre est un style ferment\u00e9 puissant avec des fruits moisis, un contraste saisissant mais une coordination inattendue. Ar\u00f4me Myrtille, Framboise Ar\u00f4me\u00a0: aigre-doux, la [&hellip;]<\/p>","protected":false},"featured_media":5974,"comment_status":"open","ping_status":"closed","template":"","meta":{"site-sidebar-layout":"no-sidebar","site-content-layout":"page-builder","ast-site-content-layout":"normal-width-container","site-content-style":"default","site-sidebar-style":"default","ast-global-header-display":"","ast-banner-title-visibility":"","ast-main-header-display":"","ast-hfb-above-header-display":"","ast-hfb-below-header-display":"","ast-hfb-mobile-header-display":"","site-post-title":"disabled","ast-breadcrumbs-content":"","ast-featured-img":"disabled","footer-sml-layout":"","theme-transparent-header-meta":"default","adv-header-id-meta":"","stick-header-meta":"default","header-above-stick-meta":"","header-main-stick-meta":"","header-below-stick-meta":"","astra-migrate-meta-layouts":"set","ast-page-background-enabled":"default","ast-page-background-meta":{"desktop":{"background-color":"","background-image":"","background-repeat":"repeat","background-position":"center center","background-size":"auto","background-attachment":"scroll","background-type":"","background-media":"","overlay-type":"","overlay-color":"","overlay-opacity":"","overlay-gradient":""},"tablet":{"background-color":"","background-image":"","background-repeat":"repeat","background-position":"center center","background-size":"auto","background-attachment":"scroll","background-type":"","background-media":"","overlay-type":"","overlay-color":"","overlay-opacity":"","overlay-gradient":""},"mobile":{"background-color":"","background-image":"","background-repeat":"repeat","background-position":"center center","background-size":"auto","background-attachment":"scroll","background-type":"","background-media":"","overlay-type":"","overlay-color":"","overlay-opacity":"","overlay-gradient":""}},"ast-content-background-meta":{"desktop":{"background-color":"var(--ast-global-color-5)","background-image":"","background-repeat":"repeat","background-position":"center center","background-size":"auto","background-attachment":"scroll","background-type":"","background-media":"","overlay-type":"","overlay-color":"","overlay-opacity":"","overlay-gradient":""},"tablet":{"background-color":"var(--ast-global-color-5)","background-image":"","background-repeat":"repeat","background-position":"center center","background-size":"auto","background-attachment":"scroll","background-type":"","background-media":"","overlay-type":"","overlay-color":"","overlay-opacity":"","overlay-gradient":""},"mobile":{"background-color":"var(--ast-global-color-5)","background-image":"","background-repeat":"repeat","background-position":"center center","background-size":"auto","background-attachment":"scroll","background-type":"","background-media":"","overlay-type":"","overlay-color":"","overlay-opacity":"","overlay-gradient":""}}},"product_brand":[52],"product_cat":[55,86,15],"product_tag":[],"class_list":{"0":"post-6088","1":"product","2":"type-product","3":"status-publish","4":"has-post-thumbnail","6":"product_brand-bang-king","7":"product_cat-bang-king-30000-double-saveur-offre-jusqua-36ml-de-liquide","8":"product_cat-puff-30k","9":"product_cat-magasin-cigarette-electronique","10":"desktop-align-center","11":"tablet-align-center","12":"mobile-align-center","13":"ast-product-gallery-layout-horizontal","14":"ast-product-gallery-with-no-image","15":"ast-product-single-variable","16":"ast-product-tabs-layout-horizontal","17":"ast-qv-on-image","19":"first","20":"instock","21":"sale","22":"shipping-taxable","23":"purchasable","24":"product-type-variable","25":"has-default-attributes"},"tiered_pricing_type":"fixed","tiered_pricing_fixed_rules":{"50":7.33,"100":6.66},"tiered_pricing_product_settings":{"layout":"default","base_unit_name":{"singular":null,"plural":null},"default_variation":null},"tiered_pricing_minimum_quantity":null,"tiered_pricing_roles_data":[],"tiered_pricing_percentage_rules":[],"_links":{"self":[{"href":"https:\/\/puffvapestore.com\/it\/wp-json\/wp\/v2\/product\/6088","targetHints":{"allow":["GET"]}}],"collection":[{"href":"https:\/\/puffvapestore.com\/it\/wp-json\/wp\/v2\/product"}],"about":[{"href":"https:\/\/puffvapestore.com\/it\/wp-json\/wp\/v2\/types\/product"}],"replies":[{"embeddable":true,"href":"https:\/\/puffvapestore.com\/it\/wp-json\/wp\/v2\/comments?post=6088"}],"version-history":[{"count":7,"href":"https:\/\/puffvapestore.com\/it\/wp-json\/wp\/v2\/product\/6088\/revisions"}],"predecessor-version":[{"id":6231,"href":"https:\/\/puffvapestore.com\/it\/wp-json\/wp\/v2\/product\/6088\/revisions\/6231"}],"wp:featuredmedia":[{"embeddable":true,"href":"https:\/\/puffvapestore.com\/it\/wp-json\/wp\/v2\/media\/5974"}],"wp:attachment":[{"href":"https:\/\/puffvapestore.com\/it\/wp-json\/wp\/v2\/media?parent=6088"}],"wp:term":[{"taxonomy":"product_brand","embeddable":true,"href":"https:\/\/puffvapestore.com\/it\/wp-json\/wp\/v2\/product_brand?post=6088"},{"taxonomy":"product_cat","embeddable":true,"href":"https:\/\/puffvapestore.com\/it\/wp-json\/wp\/v2\/product_cat?post=6088"},{"taxonomy":"product_tag","embeddable":true,"href":"https:\/\/puffvapestore.com\/it\/wp-json\/wp\/v2\/product_tag?post=6088"}],"curies":[{"name":"wp","href":"https:\/\/api.w.org\/{rel}","templated":true}]}}