{"id":6077,"date":"2025-07-30T06:22:38","date_gmt":"2025-07-30T06:22:38","guid":{"rendered":"https:\/\/puffvapestore.com\/?post_type=product&#038;p=6077"},"modified":"2026-01-19T10:36:10","modified_gmt":"2026-01-19T10:36:10","slug":"bang-king-30k-watermelon-ice-blueberry-mint-offre-un-equilibre-parfait-entre","status":"publish","type":"product","link":"https:\/\/puffvapestore.com\/it\/product\/bang-king-30k-anguria-ghiaccio-mirtillo-menta-offre-un-perfetto-equilibrio-tra\/","title":{"rendered":"Bang King 30K - Ghiaccio all'anguria e menta al mirtillo"},"content":{"rendered":"<div data-elementor-type=\"wp-post\" data-elementor-id=\"6077\" class=\"elementor elementor-6077\">\n\t\t\t\t<div class=\"elementor-element elementor-element-08c26f9 e-flex e-con-boxed e-con e-parent\" data-id=\"08c26f9\" data-element_type=\"container\" data-e-type=\"container\">\n\t\t\t\t\t<div class=\"e-con-inner\">\n\t\t\t\t<div class=\"elementor-element elementor-element-a005a97 elementor-widget elementor-widget-text-editor\" data-id=\"a005a97\" data-element_type=\"widget\" data-e-type=\"widget\" data-widget_type=\"text-editor.default\">\n\t\t\t\t<div class=\"elementor-widget-container\">\n\t\t\t\t\t\t\t\t\t<p>Il gusto Iced Watermelon &amp; Blueberry Mint della sigaretta elettronica Bang King 30K \u00e8 una miscela di frutta e menta, che offre un perfetto equilibrio tra un sapore dolce e fruttato e un gusto ghiacciato.<\/p><h2>Aromi di anguria congelata<\/h2><p>Fruttato e dolce: ispirato all'anguria matura e succosa, la sua dolcezza \u00e8 evidente fin dal primo assaggio, senza essere troppo pronunciata, come se si stesse mordendo un'anguria ghiacciata.<\/p><p>Abbellimento ghiacciato: offre una sottile sensazione di freschezza, come se fosse stato aggiunto un sottile strato di cubetti di ghiaccio rinfrescanti. Il retrogusto \u00e8 fresco senza irritare la gola, preservando la fragranza naturale e la dolcezza della frutta.<\/p><h2>Gusto mirtillo-menta<\/h2><p>Mirtillo agrodolce: l'aroma del mirtillo \u00e8 dolce e fragrante, con un equilibrio tra dolce e aspro, n\u00e9 troppo acido n\u00e9 troppo dolce, preservando la naturale ricchezza del sapore fruttato.<\/p><p>Menta fredda: Il retrogusto porta una sensazione rinfrescante, fresca, leggera e piacevole di mentolo, che dona freschezza al palato.<\/p><h2>Sperimentate un cambiamento di sapore<\/h2><p>Combinazione graduale: si pu\u00f2 assaporare dapprima la dolce anguria ghiacciata, con una leggera sensazione di ghiaccio in bocca, per poi passare al fresco retrogusto di menta e mirtillo, ideale per l'estate, con un'alternanza di freschezza e aromi fruttati, e una forte sensazione stimolante.<\/p><h2>Specifiche del modello Bang King 30000 Watermelon Ice &amp; Blueberry Mint<\/h2><p>Numero di boccate: ogni sigaretta elettronica offre fino a 30.000 boccate.<\/p><p>Capacit\u00e0 del liquido: 36 ml<\/p><p>Capacit\u00e0 della batteria: 550 mAh, ricaricabile tramite USB-C<\/p><p>Resistenza di atomizzazione: resistenza a rete di 1,0 \u03a9, tenendo conto del gusto e del volume di fumo.<\/p><p>Scelta delle concentrazioni di nicotina: 0 %, 2 %, 3 %, 5 %<\/p><h2>Funzioni dell'Bang King 30000 Anguria e Menta e Mirtillo<\/h2><p>Doppia funzione di commutazione del gusto: supporta due diverse funzioni di commutazione del gusto, per una facile commutazione del gusto.<\/p><p>Carica rapida Type-C: offre una ricarica pi\u00f9 rapida per la batteria ricaricabile da 550 mAh.<\/p><h2>Vantaggi del modello Bang King 30000<\/h2><p>Leggero: design della sigaretta elettronica monouso, non \u00e8 necessario aggiungere olio o sostituire la resistenza a rete, facile da trasportare.<\/p><p>Eccellente autonomia: adatto per un uso prolungato, non \u00e8 necessario ricaricare o aggiungere olio frequentemente.<\/p><p>Design strutturale: corpo standard a forma di striscia, sensazione piacevole al tatto, facile cambio di sapore.<\/p><p>Alta capacit\u00e0 (36 ml di olio + batteria da 550 mAh), lunga durata.<\/p><p>Il doppio cambio di sapore offre una variet\u00e0 di esperienze gustative.<\/p><p>La resistenza delle maglie migliora il fumo e il sapore.<\/p><p>Ricarica rapida e comoda tramite USB-C.<\/p>\t\t\t\t\t\t\t\t<\/div>\n\t\t\t\t<\/div>\n\t\t\t\t\t<\/div>\n\t\t\t\t<\/div>\n\t\t\t\t<\/div>","protected":false},"excerpt":{"rendered":"<p>L&rsquo;ar\u00f4me Past\u00e8que Glac\u00e9e &amp; Menthe Myrtille de la cigarette \u00e9lectronique Bang King 30K est un m\u00e9lange de fruits et de menthe, privil\u00e9giant un \u00e9quilibre parfait entre un ar\u00f4me fruit\u00e9 sucr\u00e9 et un go\u00fbt glac\u00e9. Ar\u00f4me Past\u00e8que Glac\u00e9e Fruit et sucr\u00e9\u00a0: Inspir\u00e9 de la past\u00e8que m\u00fbre et juteuse, sa douceur est \u00e9vidente d\u00e8s la premi\u00e8re d\u00e9gustation, [&hellip;]<\/p>","protected":false},"featured_media":5982,"comment_status":"open","ping_status":"closed","template":"","meta":{"site-sidebar-layout":"no-sidebar","site-content-layout":"page-builder","ast-site-content-layout":"normal-width-container","site-content-style":"default","site-sidebar-style":"default","ast-global-header-display":"","ast-banner-title-visibility":"","ast-main-header-display":"","ast-hfb-above-header-display":"","ast-hfb-below-header-display":"","ast-hfb-mobile-header-display":"","site-post-title":"disabled","ast-breadcrumbs-content":"","ast-featured-img":"disabled","footer-sml-layout":"","theme-transparent-header-meta":"default","adv-header-id-meta":"","stick-header-meta":"default","header-above-stick-meta":"","header-main-stick-meta":"","header-below-stick-meta":"","astra-migrate-meta-layouts":"set","ast-page-background-enabled":"default","ast-page-background-meta":{"desktop":{"background-color":"","background-image":"","background-repeat":"repeat","background-position":"center center","background-size":"auto","background-attachment":"scroll","background-type":"","background-media":"","overlay-type":"","overlay-color":"","overlay-opacity":"","overlay-gradient":""},"tablet":{"background-color":"","background-image":"","background-repeat":"repeat","background-position":"center center","background-size":"auto","background-attachment":"scroll","background-type":"","background-media":"","overlay-type":"","overlay-color":"","overlay-opacity":"","overlay-gradient":""},"mobile":{"background-color":"","background-image":"","background-repeat":"repeat","background-position":"center center","background-size":"auto","background-attachment":"scroll","background-type":"","background-media":"","overlay-type":"","overlay-color":"","overlay-opacity":"","overlay-gradient":""}},"ast-content-background-meta":{"desktop":{"background-color":"var(--ast-global-color-5)","background-image":"","background-repeat":"repeat","background-position":"center center","background-size":"auto","background-attachment":"scroll","background-type":"","background-media":"","overlay-type":"","overlay-color":"","overlay-opacity":"","overlay-gradient":""},"tablet":{"background-color":"var(--ast-global-color-5)","background-image":"","background-repeat":"repeat","background-position":"center center","background-size":"auto","background-attachment":"scroll","background-type":"","background-media":"","overlay-type":"","overlay-color":"","overlay-opacity":"","overlay-gradient":""},"mobile":{"background-color":"var(--ast-global-color-5)","background-image":"","background-repeat":"repeat","background-position":"center center","background-size":"auto","background-attachment":"scroll","background-type":"","background-media":"","overlay-type":"","overlay-color":"","overlay-opacity":"","overlay-gradient":""}}},"product_brand":[52],"product_cat":[55,86,15],"product_tag":[],"class_list":{"0":"post-6077","1":"product","2":"type-product","3":"status-publish","4":"has-post-thumbnail","6":"product_brand-bang-king","7":"product_cat-bang-king-30000-double-saveur-offre-jusqua-36ml-de-liquide","8":"product_cat-puff-30k","9":"product_cat-magasin-cigarette-electronique","10":"desktop-align-center","11":"tablet-align-center","12":"mobile-align-center","13":"ast-product-gallery-layout-horizontal","14":"ast-product-gallery-with-no-image","15":"ast-product-single-variable","16":"ast-product-tabs-layout-horizontal","17":"ast-qv-on-image","19":"first","20":"instock","21":"sale","22":"shipping-taxable","23":"purchasable","24":"product-type-variable","25":"has-default-attributes"},"tiered_pricing_type":"fixed","tiered_pricing_fixed_rules":{"50":7.33,"100":6.66},"tiered_pricing_product_settings":{"layout":"default","base_unit_name":{"singular":null,"plural":null},"default_variation":null},"tiered_pricing_minimum_quantity":null,"tiered_pricing_roles_data":[],"tiered_pricing_percentage_rules":[],"_links":{"self":[{"href":"https:\/\/puffvapestore.com\/it\/wp-json\/wp\/v2\/product\/6077","targetHints":{"allow":["GET"]}}],"collection":[{"href":"https:\/\/puffvapestore.com\/it\/wp-json\/wp\/v2\/product"}],"about":[{"href":"https:\/\/puffvapestore.com\/it\/wp-json\/wp\/v2\/types\/product"}],"replies":[{"embeddable":true,"href":"https:\/\/puffvapestore.com\/it\/wp-json\/wp\/v2\/comments?post=6077"}],"version-history":[{"count":7,"href":"https:\/\/puffvapestore.com\/it\/wp-json\/wp\/v2\/product\/6077\/revisions"}],"predecessor-version":[{"id":6230,"href":"https:\/\/puffvapestore.com\/it\/wp-json\/wp\/v2\/product\/6077\/revisions\/6230"}],"wp:featuredmedia":[{"embeddable":true,"href":"https:\/\/puffvapestore.com\/it\/wp-json\/wp\/v2\/media\/5982"}],"wp:attachment":[{"href":"https:\/\/puffvapestore.com\/it\/wp-json\/wp\/v2\/media?parent=6077"}],"wp:term":[{"taxonomy":"product_brand","embeddable":true,"href":"https:\/\/puffvapestore.com\/it\/wp-json\/wp\/v2\/product_brand?post=6077"},{"taxonomy":"product_cat","embeddable":true,"href":"https:\/\/puffvapestore.com\/it\/wp-json\/wp\/v2\/product_cat?post=6077"},{"taxonomy":"product_tag","embeddable":true,"href":"https:\/\/puffvapestore.com\/it\/wp-json\/wp\/v2\/product_tag?post=6077"}],"curies":[{"name":"wp","href":"https:\/\/api.w.org\/{rel}","templated":true}]}}