{"id":6065,"date":"2025-07-30T03:07:02","date_gmt":"2025-07-30T03:07:02","guid":{"rendered":"https:\/\/puffvapestore.com\/?post_type=product&#038;p=6065"},"modified":"2026-01-19T10:36:11","modified_gmt":"2026-01-19T10:36:11","slug":"bang-king-30k-blueberry-raspberry-peach-mango-watermelon-une-surprise-pour-vos-papilles","status":"publish","type":"product","link":"https:\/\/puffvapestore.com\/it\/product\/bang-king-30k-mirtillo-lampone-pesca-mango-anguria-una-sorpresa-per-le-vostre-papille-gustative\/","title":{"rendered":"Bang King 30K - Mirtillo lampone e pesca mango anguria"},"content":{"rendered":"<div data-elementor-type=\"wp-post\" data-elementor-id=\"6065\" class=\"elementor elementor-6065\">\n\t\t\t\t<div class=\"elementor-element elementor-element-08c26f9 e-flex e-con-boxed e-con e-parent\" data-id=\"08c26f9\" data-element_type=\"container\" data-e-type=\"container\">\n\t\t\t\t\t<div class=\"e-con-inner\">\n\t\t\t\t<div class=\"elementor-element elementor-element-a005a97 elementor-widget elementor-widget-text-editor\" data-id=\"a005a97\" data-element_type=\"widget\" data-e-type=\"widget\" data-widget_type=\"text-editor.default\">\n\t\t\t\t<div class=\"elementor-widget-container\">\n\t\t\t\t\t\t\t\t\t<p>La Bang King 30000 Blueberry Raspberry &amp; Peach Mango Watermelon non \u00e8 una sigaretta elettronica ordinaria. Il suo doppio gusto \u00e8 pensato per chi ama la vita e cerca un cambiamento. Senza cambiare il dispositivo, si pu\u00f2 navigare liberamente tra due mondi fruttati completamente diversi, come se si potesse cambiare destinazione durante il viaggio, offrendo alle papille gustative continue sorprese.<\/p><h2>Mirtillo Lampone<\/h2><p>Questo aroma a base di bacche offre un gusto complesso e articolato.<\/p><p>Mirtillo: aroma ricco e dolce con un tocco di terrosit\u00e0 naturale. Il fumo \u00e8 morbido al palato e ricco di sapori fruttati, che ricordano la dolcezza dei mirtilli maturi.<\/p><p>Lampone: a differenza del mirtillo, ha un sapore acidulo pronunciato, che aggiunge vitalit\u00e0 all'insieme.<\/p><p>L'attacco \u00e8 morbido, seguito da una rinfrescante acidit\u00e0 a met\u00e0 palato, prima di terminare con un leggero sapore di frutti di bosco e un sottile equilibrio.<\/p><h2>Pesca, mango e anguria<\/h2><p>Questa miscela di frutti tropicali ha un sapore pieno, succoso e dolce.<\/p><p>Pesca: l'attacco \u00e8 pronunciato, morbido e suadente, con una buona polpa e un aroma fruttato naturale che ricorda la pesca fresca.<\/p><p>Mango: l'attacco \u00e8 marcato, con il sapore tropicale del mango maturo e una nota di cremosit\u00e0 lattiginosa che completa l'insieme.<\/p><p>Anguria: si manifesta nel finale, fornendo una rinfrescante sensazione acquosa che tempera il grasso, con una moderata dolcezza, aggiungendo note all'insieme.<\/p><p>Il fumo \u00e8 ricco e dolce all'attacco, e i tre frutti si fondono armoniosamente, senza bruschezze, dolci ma non unti. Adatto agli utenti che amano i sapori dei succhi di sigaretta elettronica.<\/p><h2>Specifiche del modello Bang King 30000 Mirtillo Lampone e Pesca Mango Anguria<\/h2><p>Numero di boccate: ogni sigaretta elettronica offre fino a 30.000 boccate.<\/p><p>Capacit\u00e0 del liquido: 36 ml<\/p><p>Capacit\u00e0 della batteria: 550 mAh, ricaricabile tramite USB-C<\/p><p>Resistenza di atomizzazione: resistenza a rete di 1,0 \u03a9, tenendo conto del gusto e del volume di fumo.<\/p><p>Scelta delle concentrazioni di nicotina: 0 %, 2 %, 3 %, 5 %<\/p><h2>Funzioni di Bang King 30000 Mirtillo Lampone e Pesca Mango Anguria<\/h2><p>Doppia funzione di commutazione del gusto: supporta due diverse funzioni di commutazione del gusto, per una facile commutazione del gusto.<\/p><p>Carica rapida Type-C: offre una ricarica pi\u00f9 rapida per la batteria ricaricabile da 550 mAh.<\/p><h2>Vantaggi dell'Bang King 30000 Mirtillo Lampone e Pesca Mango Anguria<\/h2><p>Leggero: design della sigaretta elettronica monouso, non \u00e8 necessario aggiungere olio o sostituire la resistenza a rete, facile da trasportare.<\/p><p>Eccellente autonomia: adatto per un uso prolungato, non \u00e8 necessario ricaricare o aggiungere olio frequentemente.<\/p><p>Design strutturale: corpo standard a forma di striscia, sensazione piacevole al tatto, facile cambio di sapore.<\/p><p>Alta capacit\u00e0 (36 ml di olio + batteria da 550 mAh), lunga durata.<\/p><p>Il doppio cambio di sapore offre una variet\u00e0 di esperienze gustative.<\/p><p>La resistenza delle maglie migliora il fumo e il sapore.<\/p><p>Ricarica rapida e comoda tramite USB-C.<\/p>\t\t\t\t\t\t\t\t<\/div>\n\t\t\t\t<\/div>\n\t\t\t\t\t<\/div>\n\t\t\t\t<\/div>\n\t\t\t\t<\/div>","protected":false},"excerpt":{"rendered":"<p>La Bang King 30000 Blueberry Raspberry &amp; Peach Mango Watermelon n&rsquo;est pas une cigarette \u00e9lectronique ordinaire. Son double ar\u00f4me est con\u00e7u pour ceux qui aiment la vie et recherchent le changement. Sans changer d&rsquo;appareil, vous pouvez naviguer librement entre deux univers fruit\u00e9s compl\u00e8tement diff\u00e9rents, comme si vous pouviez changer de destination au cours du voyage, [&hellip;]<\/p>","protected":false},"featured_media":5975,"comment_status":"open","ping_status":"closed","template":"","meta":{"site-sidebar-layout":"no-sidebar","site-content-layout":"page-builder","ast-site-content-layout":"normal-width-container","site-content-style":"default","site-sidebar-style":"default","ast-global-header-display":"","ast-banner-title-visibility":"","ast-main-header-display":"","ast-hfb-above-header-display":"","ast-hfb-below-header-display":"","ast-hfb-mobile-header-display":"","site-post-title":"disabled","ast-breadcrumbs-content":"","ast-featured-img":"disabled","footer-sml-layout":"","theme-transparent-header-meta":"default","adv-header-id-meta":"","stick-header-meta":"default","header-above-stick-meta":"","header-main-stick-meta":"","header-below-stick-meta":"","astra-migrate-meta-layouts":"set","ast-page-background-enabled":"default","ast-page-background-meta":{"desktop":{"background-color":"","background-image":"","background-repeat":"repeat","background-position":"center center","background-size":"auto","background-attachment":"scroll","background-type":"","background-media":"","overlay-type":"","overlay-color":"","overlay-opacity":"","overlay-gradient":""},"tablet":{"background-color":"","background-image":"","background-repeat":"repeat","background-position":"center center","background-size":"auto","background-attachment":"scroll","background-type":"","background-media":"","overlay-type":"","overlay-color":"","overlay-opacity":"","overlay-gradient":""},"mobile":{"background-color":"","background-image":"","background-repeat":"repeat","background-position":"center center","background-size":"auto","background-attachment":"scroll","background-type":"","background-media":"","overlay-type":"","overlay-color":"","overlay-opacity":"","overlay-gradient":""}},"ast-content-background-meta":{"desktop":{"background-color":"var(--ast-global-color-5)","background-image":"","background-repeat":"repeat","background-position":"center center","background-size":"auto","background-attachment":"scroll","background-type":"","background-media":"","overlay-type":"","overlay-color":"","overlay-opacity":"","overlay-gradient":""},"tablet":{"background-color":"var(--ast-global-color-5)","background-image":"","background-repeat":"repeat","background-position":"center center","background-size":"auto","background-attachment":"scroll","background-type":"","background-media":"","overlay-type":"","overlay-color":"","overlay-opacity":"","overlay-gradient":""},"mobile":{"background-color":"var(--ast-global-color-5)","background-image":"","background-repeat":"repeat","background-position":"center center","background-size":"auto","background-attachment":"scroll","background-type":"","background-media":"","overlay-type":"","overlay-color":"","overlay-opacity":"","overlay-gradient":""}}},"product_brand":[52],"product_cat":[55,86,15],"product_tag":[],"class_list":{"0":"post-6065","1":"product","2":"type-product","3":"status-publish","4":"has-post-thumbnail","6":"product_brand-bang-king","7":"product_cat-bang-king-30000-double-saveur-offre-jusqua-36ml-de-liquide","8":"product_cat-puff-30k","9":"product_cat-magasin-cigarette-electronique","10":"desktop-align-center","11":"tablet-align-center","12":"mobile-align-center","13":"ast-product-gallery-layout-horizontal","14":"ast-product-gallery-with-no-image","15":"ast-product-single-variable","16":"ast-product-tabs-layout-horizontal","17":"ast-qv-on-image","19":"first","20":"instock","21":"sale","22":"shipping-taxable","23":"purchasable","24":"product-type-variable","25":"has-default-attributes"},"tiered_pricing_type":"fixed","tiered_pricing_fixed_rules":{"50":7.33,"100":6.66},"tiered_pricing_product_settings":{"layout":"default","base_unit_name":{"singular":null,"plural":null},"default_variation":null},"tiered_pricing_minimum_quantity":null,"tiered_pricing_roles_data":[],"tiered_pricing_percentage_rules":[],"_links":{"self":[{"href":"https:\/\/puffvapestore.com\/it\/wp-json\/wp\/v2\/product\/6065","targetHints":{"allow":["GET"]}}],"collection":[{"href":"https:\/\/puffvapestore.com\/it\/wp-json\/wp\/v2\/product"}],"about":[{"href":"https:\/\/puffvapestore.com\/it\/wp-json\/wp\/v2\/types\/product"}],"replies":[{"embeddable":true,"href":"https:\/\/puffvapestore.com\/it\/wp-json\/wp\/v2\/comments?post=6065"}],"version-history":[{"count":7,"href":"https:\/\/puffvapestore.com\/it\/wp-json\/wp\/v2\/product\/6065\/revisions"}],"predecessor-version":[{"id":6229,"href":"https:\/\/puffvapestore.com\/it\/wp-json\/wp\/v2\/product\/6065\/revisions\/6229"}],"wp:featuredmedia":[{"embeddable":true,"href":"https:\/\/puffvapestore.com\/it\/wp-json\/wp\/v2\/media\/5975"}],"wp:attachment":[{"href":"https:\/\/puffvapestore.com\/it\/wp-json\/wp\/v2\/media?parent=6065"}],"wp:term":[{"taxonomy":"product_brand","embeddable":true,"href":"https:\/\/puffvapestore.com\/it\/wp-json\/wp\/v2\/product_brand?post=6065"},{"taxonomy":"product_cat","embeddable":true,"href":"https:\/\/puffvapestore.com\/it\/wp-json\/wp\/v2\/product_cat?post=6065"},{"taxonomy":"product_tag","embeddable":true,"href":"https:\/\/puffvapestore.com\/it\/wp-json\/wp\/v2\/product_tag?post=6065"}],"curies":[{"name":"wp","href":"https:\/\/api.w.org\/{rel}","templated":true}]}}