{"id":6002,"date":"2025-07-29T13:39:34","date_gmt":"2025-07-29T13:39:34","guid":{"rendered":"https:\/\/puffvapestore.com\/?post_type=product&#038;p=6002"},"modified":"2026-01-19T10:36:10","modified_gmt":"2026-01-19T10:36:10","slug":"bang-king-30000-resistance-mesh-et-une-batterie-rechargeable","status":"publish","type":"product","link":"https:\/\/puffvapestore.com\/it\/product\/bang-king-resistenza-a-30000-maglie-e-batteria-ricaricabile\/","title":{"rendered":"Bang King 30000: 36 ml di e-liquid, resistenza a rete, concentrazioni di nicotina opzionali: 0 %, 2 %, 3 %, 5 %"},"content":{"rendered":"<div data-elementor-type=\"wp-post\" data-elementor-id=\"6002\" class=\"elementor elementor-6002\">\n\t\t\t\t<div class=\"elementor-element elementor-element-08c26f9 e-flex e-con-boxed e-con e-parent\" data-id=\"08c26f9\" data-element_type=\"container\" data-e-type=\"container\">\n\t\t\t\t\t<div class=\"e-con-inner\">\n\t\t\t\t<div class=\"elementor-element elementor-element-a005a97 elementor-widget elementor-widget-text-editor\" data-id=\"a005a97\" data-element_type=\"widget\" data-e-type=\"widget\" data-widget_type=\"text-editor.default\">\n\t\t\t\t<div class=\"elementor-widget-container\">\n\t\t\t\t\t\t\t\t\t<h2>Specifiche del modello Bang King 30000<\/h2><p>Numero di boccate: ogni sigaretta elettronica offre fino a 30.000 boccate.<\/p><p>Capacit\u00e0 del liquido: 36 ml<\/p><p>Capacit\u00e0 della batteria: 550 mAh, ricaricabile tramite USB-C<\/p><p>Resistenza di atomizzazione: resistenza a rete di 1,0 \u03a9, tenendo conto del gusto e del volume di fumo.<\/p><p>Scelta delle concentrazioni di nicotina: 0 %, 2 %, 3 %, 5 %<\/p><h2>Funzioni dell'Bang King 30000<\/h2><p>Doppia funzione di commutazione del gusto: supporta due diverse funzioni di commutazione del gusto, per una facile commutazione del gusto.<\/p><p>Carica rapida Type-C: offre una ricarica pi\u00f9 rapida per la batteria ricaricabile da 550 mAh.<\/p><h2>Vantaggi del modello Bang King 30000<\/h2><p>Leggero: design della sigaretta elettronica monouso, non \u00e8 necessario aggiungere olio o sostituire la resistenza a rete, facile da trasportare.<\/p><p>Eccellente autonomia: adatto per un uso prolungato, non \u00e8 necessario ricaricare o aggiungere olio frequentemente.<\/p><p>Design strutturale: corpo standard a forma di striscia, sensazione piacevole al tatto, facile cambio di sapore.<\/p><p>Alta capacit\u00e0 (36 ml di olio + batteria da 550 mAh), lunga durata.<\/p><p>Il doppio cambio di sapore offre una variet\u00e0 di esperienze gustative.<\/p><p>La resistenza delle maglie migliora il fumo e il sapore.<\/p><p>Ricarica rapida e comoda tramite USB-C.<\/p><h2>Il modello Bang King 30000 a doppio gusto offre 12 combinazioni di sapori unici<\/h2><p>La sigaretta elettronica Bang King 30000 dual flavour offre 12 combinazioni di sapori unici per soddisfare tutti i gusti. Ogni sigaretta elettronica contiene 36 ml di e-liquid ad alta capacit\u00e0 e offre 30000 boccate di fumo. Questi aromi sono progettati con un sistema di commutazione a doppio aroma, che consente agli utenti di godere di due sapori completamente diversi in un'unica sigaretta elettronica. Dotata di una resistenza a rete da 1,0 ohm e di una batteria ricaricabile da 550 mAh, garantisce un gusto morbido e duraturo. Che preferiate gusti rinfrescanti, dolci o originali, la Bang King 30K vi offre un'ampia scelta.<\/p><h3>Categoria fruttata rinfrescante:<\/h3><p>\u00abAnguria ghiacciata e menta mirtillo\u00bb: l'anguria ghiacciata offre il sapore dolce e succoso dell'anguria, unito alla freschezza e alla dolcezza della menta mirtillo, per una sensazione di freschezza estiva.<\/p><p>\u00abBlueberry Ice &amp; Black Dragon Ice\u00bb: il mirtillo ghiacciato si unisce al sapore misterioso del frutto del drago nero. La dolce acidit\u00e0 del mirtillo e il sapore unico del frutto del drago si completano armoniosamente, per un ammaliante retrogusto ghiacciato.<\/p><p>\u00abStrawberry Kiwi &amp; Peach Ice\u00bb: la fusione agrodolce del kiwi alla fragola, unita all'aroma fruttato e alla freschezza del ghiaccio alla pesca, offre un gusto ricco, ideale per gli amanti dei sapori fruttati e rinfrescanti.<\/p><h3>Categoria dolce e fruttata:<\/h3><p>Gelato al mirtillo, fragola e banana: l'agrodolce gelato al mirtillo si unisce alla cremosa dolcezza della fragola e della banana, con un tocco di dolce freschezza, ideale per i golosi.<\/p><p>Anguria fragola e Kiwi frutto della passione Guava: la dolcezza dell'anguria fragola si fonde con i sapori tropicali del kiwi, del frutto della passione e della guava per un ricco banchetto fruttato.<\/p><p>Ghiaccio all'anguria, fragola e mango: il gusto rinfrescante del gelato all'anguria si unisce al sapore tropicale del mango alla fragola, dolce ma non grasso, per un momento indimenticabile.<\/p><p>\u00abMirtillo lampone e pesca mango anguria: l'acidit\u00e0 del mirtillo e del lampone si mescola con i sapori tropicali della pesca, del mango e dell'anguria per un ricco e sottile aroma fruttato.<\/p><p>\u00abStrawberry and Watermelon &amp; Grape Ice\u00bb: la dolcezza della fragola e dell'anguria si combina con il sapore fresco e fruttato dell'uva ghiacciata per creare un'esperienza equilibrata di dolcezza e freschezza.<\/p><h3>Una categoria unica e creativa:<\/h3><p>\u00abRed Bull &amp; Blueberry Watermelon\u00bb: la stimolazione unica della bevanda energetica Red Bull si combina con il sapore dolce e fruttato del mirtillo e dell'anguria per un'esperienza di fumo vibrante.<\/p><p>\u00abRed Bull &amp; Watermelon Bubble Candy\u00bb: il sapore rinfrescante della Red Bull si unisce alla dolcezza della gomma da masticare all'anguria per un gusto originale e piacevole.<\/p><p>\u00abBlueberry Raspberry &amp; Mixed Mouldy Fruit\u00bb: il classico sapore fruttato di mirtillo e lampone \u00e8 combinato con l'aroma unico della frutta fermentata per creare una nuova esperienza di gusto, ideale per i vapers alla ricerca di qualcosa di nuovo.<\/p><p>\u2018Kiwi alla fragola e lampone alla mela acida\u2019: la dolcezza del kiwi alla fragola si combina con il sapore fruttato e leggermente acido del lampone alla mela acida, con un gusto agrodolce equilibrato ed entusiasmante.<\/p>\t\t\t\t\t\t\t\t<\/div>\n\t\t\t\t<\/div>\n\t\t\t\t\t<\/div>\n\t\t\t\t<\/div>\n\t\t\t\t<\/div>","protected":false},"excerpt":{"rendered":"<p>Sp\u00e9cifications de la Bang King 30000 Nombre de bouff\u00e9es\u00a0: Chaque cigarette \u00e9lectronique offre jusqu\u2019\u00e0 30000 bouff\u00e9es. Capacit\u00e9 en liquide\u00a0: 36\u00a0ml Capacit\u00e9 de la batterie\u00a0: 550\u00a0mAh, rechargeable par USB-C R\u00e9sistance d\u2019atomisation\u00a0: R\u00e9sistance mesh de 1,0\u00a0\u03a9, prenant en compte le go\u00fbt et le volume de fum\u00e9e. Concentration de nicotine au choix\u00a0: 0\u00a0%, 2\u00a0%, 3\u00a0%, 5\u00a0% Fonctions de [&hellip;]<\/p>","protected":false},"featured_media":5987,"comment_status":"open","ping_status":"closed","template":"","meta":{"site-sidebar-layout":"no-sidebar","site-content-layout":"page-builder","ast-site-content-layout":"normal-width-container","site-content-style":"default","site-sidebar-style":"default","ast-global-header-display":"","ast-banner-title-visibility":"","ast-main-header-display":"","ast-hfb-above-header-display":"","ast-hfb-below-header-display":"","ast-hfb-mobile-header-display":"","site-post-title":"disabled","ast-breadcrumbs-content":"","ast-featured-img":"disabled","footer-sml-layout":"","theme-transparent-header-meta":"default","adv-header-id-meta":"","stick-header-meta":"default","header-above-stick-meta":"","header-main-stick-meta":"","header-below-stick-meta":"","astra-migrate-meta-layouts":"set","ast-page-background-enabled":"default","ast-page-background-meta":{"desktop":{"background-color":"","background-image":"","background-repeat":"repeat","background-position":"center center","background-size":"auto","background-attachment":"scroll","background-type":"","background-media":"","overlay-type":"","overlay-color":"","overlay-opacity":"","overlay-gradient":""},"tablet":{"background-color":"","background-image":"","background-repeat":"repeat","background-position":"center center","background-size":"auto","background-attachment":"scroll","background-type":"","background-media":"","overlay-type":"","overlay-color":"","overlay-opacity":"","overlay-gradient":""},"mobile":{"background-color":"","background-image":"","background-repeat":"repeat","background-position":"center center","background-size":"auto","background-attachment":"scroll","background-type":"","background-media":"","overlay-type":"","overlay-color":"","overlay-opacity":"","overlay-gradient":""}},"ast-content-background-meta":{"desktop":{"background-color":"var(--ast-global-color-5)","background-image":"","background-repeat":"repeat","background-position":"center center","background-size":"auto","background-attachment":"scroll","background-type":"","background-media":"","overlay-type":"","overlay-color":"","overlay-opacity":"","overlay-gradient":""},"tablet":{"background-color":"var(--ast-global-color-5)","background-image":"","background-repeat":"repeat","background-position":"center center","background-size":"auto","background-attachment":"scroll","background-type":"","background-media":"","overlay-type":"","overlay-color":"","overlay-opacity":"","overlay-gradient":""},"mobile":{"background-color":"var(--ast-global-color-5)","background-image":"","background-repeat":"repeat","background-position":"center center","background-size":"auto","background-attachment":"scroll","background-type":"","background-media":"","overlay-type":"","overlay-color":"","overlay-opacity":"","overlay-gradient":""}}},"product_brand":[52],"product_cat":[55,86,15],"product_tag":[],"class_list":{"0":"post-6002","1":"product","2":"type-product","3":"status-publish","4":"has-post-thumbnail","6":"product_brand-bang-king","7":"product_cat-bang-king-30000-double-saveur-offre-jusqua-36ml-de-liquide","8":"product_cat-puff-30k","9":"product_cat-magasin-cigarette-electronique","10":"desktop-align-center","11":"tablet-align-center","12":"mobile-align-center","13":"ast-product-gallery-layout-horizontal","14":"ast-product-single-variable","15":"ast-product-tabs-layout-horizontal","16":"ast-qv-on-image","18":"first","19":"instock","20":"sale","21":"shipping-taxable","22":"purchasable","23":"product-type-variable","24":"has-default-attributes"},"tiered_pricing_type":"fixed","tiered_pricing_fixed_rules":{"50":7.33,"100":6.66},"tiered_pricing_product_settings":{"layout":"default","base_unit_name":{"singular":null,"plural":null},"default_variation":null},"tiered_pricing_minimum_quantity":null,"tiered_pricing_roles_data":[],"tiered_pricing_percentage_rules":[],"_links":{"self":[{"href":"https:\/\/puffvapestore.com\/it\/wp-json\/wp\/v2\/product\/6002","targetHints":{"allow":["GET"]}}],"collection":[{"href":"https:\/\/puffvapestore.com\/it\/wp-json\/wp\/v2\/product"}],"about":[{"href":"https:\/\/puffvapestore.com\/it\/wp-json\/wp\/v2\/types\/product"}],"replies":[{"embeddable":true,"href":"https:\/\/puffvapestore.com\/it\/wp-json\/wp\/v2\/comments?post=6002"}],"version-history":[{"count":6,"href":"https:\/\/puffvapestore.com\/it\/wp-json\/wp\/v2\/product\/6002\/revisions"}],"predecessor-version":[{"id":6064,"href":"https:\/\/puffvapestore.com\/it\/wp-json\/wp\/v2\/product\/6002\/revisions\/6064"}],"wp:featuredmedia":[{"embeddable":true,"href":"https:\/\/puffvapestore.com\/it\/wp-json\/wp\/v2\/media\/5987"}],"wp:attachment":[{"href":"https:\/\/puffvapestore.com\/it\/wp-json\/wp\/v2\/media?parent=6002"}],"wp:term":[{"taxonomy":"product_brand","embeddable":true,"href":"https:\/\/puffvapestore.com\/it\/wp-json\/wp\/v2\/product_brand?post=6002"},{"taxonomy":"product_cat","embeddable":true,"href":"https:\/\/puffvapestore.com\/it\/wp-json\/wp\/v2\/product_cat?post=6002"},{"taxonomy":"product_tag","embeddable":true,"href":"https:\/\/puffvapestore.com\/it\/wp-json\/wp\/v2\/product_tag?post=6002"}],"curies":[{"name":"wp","href":"https:\/\/api.w.org\/{rel}","templated":true}]}}