{"id":5960,"date":"2025-07-29T08:38:47","date_gmt":"2025-07-29T08:38:47","guid":{"rendered":"https:\/\/puffvapestore.com\/?post_type=product&#038;p=5960"},"modified":"2026-02-05T03:54:29","modified_gmt":"2026-02-05T03:54:29","slug":"strawberry-kiwi-peach-ice-cherry-cola-bang-leader-80k-offre-un-arome-sucre-intense","status":"publish","type":"product","link":"https:\/\/puffvapestore.com\/it\/product\/fragola-kiwi-pesca-ghiaccio-ciliegia-cola-bang-leader-80k-offre-un-intenso-sapore-di-zucchero\/","title":{"rendered":"Fragola, kiwi, pesca, ghiaccio e ciliegia - Bang Leader 80K 3 in 1 triplo gusto"},"content":{"rendered":"<div data-elementor-type=\"wp-post\" data-elementor-id=\"5960\" class=\"elementor elementor-5960\">\n\t\t\t\t<div class=\"elementor-element elementor-element-08c26f9 e-flex e-con-boxed e-con e-parent\" data-id=\"08c26f9\" data-element_type=\"container\" data-e-type=\"container\">\n\t\t\t\t\t<div class=\"e-con-inner\">\n\t\t\t\t<div class=\"elementor-element elementor-element-a005a97 elementor-widget elementor-widget-text-editor\" data-id=\"a005a97\" data-element_type=\"widget\" data-e-type=\"widget\" data-widget_type=\"text-editor.default\">\n\t\t\t\t<div class=\"elementor-widget-container\">\n\t\t\t\t\t\t\t\t\t<p>Questa scatola di sigarette elettroniche Bang Leader 80K \u00abStrawberry Kiwi &amp; Peach Ice &amp; Cherry Cola\u00bb combina un fresco sapore fruttato con una nota di soda retr\u00f2. \u00c8 perfetta per gli appassionati di sigarette elettroniche che amano i sapori dolciastri, ricchi e fruttati, cos\u00ec come il gusto di una bevanda leggera.<\/p><h2>Aroma fragola e kiwi<\/h2><p><strong>Nota di testa: fragola rotonda e dolce<\/strong><br \/>La prima boccata emana un ricco aroma di fragola, che ricorda la marmellata naturale di fragole. La fragranza \u00e8 dolce ma potente, con un leggero retrogusto lattiginoso che ricorda il frullato di fragole.<\/p><p><strong>Nota di cuore: il kiwi leggermente acido ravviva il cuore.<\/strong><br \/>La leggera acidit\u00e0 del kiwi neutralizza la dolcezza della fragola, rendendo l'insieme pi\u00f9 tridimensionale e complesso, e rendendolo pi\u00f9 vivace e rinfrescante grazie a una nota dolce unica.<\/p><p><strong>Retrogusto: equilibrato e cremoso<\/strong><br \/>Il retrogusto \u00e8 leggermente fruttato e acidulo, senza alcuna sensazione di freddo o sovrastimolazione, il che la rende ideale per fumare tutto il giorno senza essere unta.<\/p><p>Morbida e dolce, questa miscela fruttata \u00e8 rinfrescante senza essere troppo stimolante. Questo gusto fruttato \u00e8 perfetto per gli spostamenti quotidiani ed \u00e8 apprezzato da uomini e donne.<\/p><h2>Gusto pesca glassata<\/h2><p><strong>Note di testa : Aroma corposo di pesca bianca<\/strong><br \/>Il gusto P\u00eache Glac\u00e9e emana la delicata consistenza delle pesche non appena lo si assaggia. \u00c8 dolce senza essere untuoso e ha una struttura aromatica simile a quella del t\u00e8 alla pesca o dell'oolong alla pesca bianca. Non si tratta di un sapore artificiale di caramella alla pesca, ma di una sensazione di succo naturale.<\/p><p><strong>Il cuore del sapore: una sensazione fresca e penetrante<\/strong><br \/>La sensazione di ghiaccio \u00e8 evidente, senza essere eccessiva, come una soda alla pesca bianca con ghiaccio. La freschezza persiste sulla lingua e sulla gola, offrendo un'esperienza rinfrescante di sigaretta elettronica degna di un drink estivo.<\/p><p>Sul finale, la dolcezza si attenua, lasciando il posto alla freschezza.<\/p><p>La sensazione di cubetti di ghiaccio cancella l'eccesso di zucchero e il finale \u00e8 pulito e persistente.<\/p><p>Fragranza naturale di pesca, eccezionale sensazione di ghiaccio, dolce senza essere unta, ideale per un'esperienza estiva rinfrescante o per un detox dopo i pasti. Ideale per gli appassionati di sigarette elettroniche che amano le note leggere e fresche del t\u00e8 o della frutta.<\/p><h2>Cola al gusto di ciliegia<\/h2><p><strong>Al naso: l'odore retr\u00f2 della cola \u00e8 ammaliante.<\/strong><br \/>\u00c8 un aroma di ciliegia tipicamente americano, con bolle di cola e aromi di caramello, per un risultato molto realistico.<\/p><p><strong>Aroma di ciliegia intervallato<\/strong><br \/>L'aroma di ciliegia non ha l'acidit\u00e0 rinfrescante delle ciliegie fresche, ma \u00e8 pi\u00f9 vicino a quello di un ricco sciroppo di ciliegie o di una ciliegia candita, che aggiunge una dolcezza pronunciata e una profondit\u00e0 aromatica.<\/p><p><strong>Leggera freschezza e retrogusto di caramello sul finale<\/strong><br \/>Questa leggera freschezza rende la soda non molto dolce, e un tocco di caramello e un sottile aroma fruttato persistono sul finale, ammorbidendo il retrogusto della bevanda.<\/p><p>Bevanda in stile retr\u00f2: dolcezza intensa, freschezza moderata e aroma persistente. Adatto agli appassionati di sigarette elettroniche che apprezzano i sapori forti e le bibite retr\u00f2, o a chi cerca un tocco fruttato speciale.<\/p><h2>Tre sistemi di cambio di sapore, grande serbatoio di e-liquid da 78 ml<\/h2><p>La Bang Leader 80000 Strawberry Kiwi &amp; Peach Ice &amp; Cherry Cola adotta un innovativo design tre-in-uno, con tre serbatoi di e-liquid integrati indipendenti, ciascuno con una capacit\u00e0 di 26 ml, per un totale di 78 ml di liquido. Il selettore di aromi facilita il cambio di gusto e tre aromi appaiono contemporaneamente sulla stessa sigaretta elettronica, offrendo la libert\u00e0 di cambiare umore e gusto in qualsiasi momento.<\/p><p>Eccezionalmente durevole tra le sigarette usa e getta, ogni sigaretta elettronica Bang Leader 80000 Strawberry Kiwi &amp; Peach Ice &amp; Cherry Cola \u00e8 in grado di erogare fino a 80.000 boccate, rappresentando la scelta ideale per i vapers abituali. Godetevi un uso duraturo e riducete le sostituzioni frequenti.<\/p><p>Sono disponibili fino a quattro intensit\u00e0 di nicotina: 0 %, 2 %, 3 %, 5 %. Che siate alla ricerca di un'esperienza rinfrescante senza nicotina o che siate fumatori alla ricerca di un colpo in gola altamente concentrato, troverete l'intensit\u00e0 che fa per voi e che si adatta facilmente alle vostre esigenze di smettere di fumare o ai cambiamenti di gusto.<\/p><h2>1,0 \u03a9 resistenza della maglia, gusto squisito del livello successivo<\/h2><p>La Bang Leader 80000 Strawberry Kiwi &amp; Peach Ice &amp; Cherry Cola \u00e8 dotata di una resistenza ad alte prestazioni con maglia da 1,0 \u03a9, che si riscalda in modo pi\u00f9 uniforme e atomizza meglio rispetto alle resistenze tradizionali, per un fumo ricco e non irritante. Ogni boccata \u00e8 liscia e cremosa e massimizza il rilascio del sapore autentico dell'e-liquid.<\/p><h2>Batteria Type-C da 850 mAh a ricarica rapida, uscita stabile senza interruzioni di alimentazione<\/h2><p>Batteria al litio ricaricabile integrata ad alta capacit\u00e0 da 850 mAh, compatibile con l'interfaccia di ricarica rapida Type-C, per un tempo di ricarica di circa 60 minuti. La lunga durata della batteria e la ricarica efficiente consentono di rimanere motivati e di godere di un'esperienza di svapo ad alte prestazioni senza interruzioni.<\/p><p>Leggero e portatile, il suo involucro integrato combina ergonomia e resistenza all'usura, rendendolo ideale per il trasporto quotidiano e l'uso intensivo. Il suo design tre in uno non solo la rende pi\u00f9 pratica, ma riduce anche il peso che comporta il trasporto di diverse sigarette elettroniche. Un must per gli amanti dei sapori intensi.<\/p>\t\t\t\t\t\t\t\t<\/div>\n\t\t\t\t<\/div>\n\t\t\t\t\t<\/div>\n\t\t\t\t<\/div>\n\t\t\t\t<\/div>","protected":false},"excerpt":{"rendered":"<p>Ce coffret de cigarettes \u00e9lectroniques Bang Leader 80K \u00ab Strawberry Kiwi &amp; Peach Ice &amp; Cherry Cola \u00bb allie une saveur fruit\u00e9e fra\u00eeche \u00e0 une note r\u00e9tro de soda. Il convient aux amateurs de cigarettes \u00e9lectroniques qui appr\u00e9cient les ar\u00f4mes sucr\u00e9s-acidul\u00e9s, riches et fruit\u00e9s, ainsi qu&rsquo;une l\u00e9g\u00e8re saveur de boisson. Ar\u00f4me Fraise Kiwi Note de [&hellip;]<\/p>\n","protected":false},"featured_media":5727,"comment_status":"open","ping_status":"closed","template":"","meta":{"site-sidebar-layout":"no-sidebar","site-content-layout":"page-builder","ast-site-content-layout":"normal-width-container","site-content-style":"default","site-sidebar-style":"default","ast-global-header-display":"","ast-banner-title-visibility":"","ast-main-header-display":"","ast-hfb-above-header-display":"","ast-hfb-below-header-display":"","ast-hfb-mobile-header-display":"","site-post-title":"disabled","ast-breadcrumbs-content":"","ast-featured-img":"disabled","footer-sml-layout":"","theme-transparent-header-meta":"default","adv-header-id-meta":"","stick-header-meta":"default","header-above-stick-meta":"","header-main-stick-meta":"","header-below-stick-meta":"","astra-migrate-meta-layouts":"set","ast-page-background-enabled":"default","ast-page-background-meta":{"desktop":{"background-color":"","background-image":"","background-repeat":"repeat","background-position":"center center","background-size":"auto","background-attachment":"scroll","background-type":"","background-media":"","overlay-type":"","overlay-color":"","overlay-opacity":"","overlay-gradient":""},"tablet":{"background-color":"","background-image":"","background-repeat":"repeat","background-position":"center center","background-size":"auto","background-attachment":"scroll","background-type":"","background-media":"","overlay-type":"","overlay-color":"","overlay-opacity":"","overlay-gradient":""},"mobile":{"background-color":"","background-image":"","background-repeat":"repeat","background-position":"center center","background-size":"auto","background-attachment":"scroll","background-type":"","background-media":"","overlay-type":"","overlay-color":"","overlay-opacity":"","overlay-gradient":""}},"ast-content-background-meta":{"desktop":{"background-color":"var(--ast-global-color-5)","background-image":"","background-repeat":"repeat","background-position":"center center","background-size":"auto","background-attachment":"scroll","background-type":"","background-media":"","overlay-type":"","overlay-color":"","overlay-opacity":"","overlay-gradient":""},"tablet":{"background-color":"var(--ast-global-color-5)","background-image":"","background-repeat":"repeat","background-position":"center center","background-size":"auto","background-attachment":"scroll","background-type":"","background-media":"","overlay-type":"","overlay-color":"","overlay-opacity":"","overlay-gradient":""},"mobile":{"background-color":"var(--ast-global-color-5)","background-image":"","background-repeat":"repeat","background-position":"center center","background-size":"auto","background-attachment":"scroll","background-type":"","background-media":"","overlay-type":"","overlay-color":"","overlay-opacity":"","overlay-gradient":""}}},"product_brand":[53],"product_cat":[54,106,15],"product_tag":[],"class_list":{"0":"post-5960","1":"product","2":"type-product","3":"status-publish","4":"has-post-thumbnail","6":"product_brand-bang-cree-une-cigarette-electronique-plus-confortable","7":"product_cat-bang-leader-80k-dispose-de-trois-reservoirs-de-liquide-independants-integres","8":"product_cat-puff-80k","9":"product_cat-magasin-cigarette-electronique","10":"desktop-align-center","11":"tablet-align-center","12":"mobile-align-center","13":"ast-product-gallery-layout-horizontal","14":"ast-product-gallery-with-no-image","15":"ast-product-single-variable","16":"ast-product-tabs-layout-horizontal","17":"ast-qv-on-image","19":"first","20":"outofstock","21":"sale","22":"shipping-taxable","23":"purchasable","24":"product-type-variable","25":"has-default-attributes"},"tiered_pricing_type":"fixed","tiered_pricing_fixed_rules":{"50":7.24,"100":6.45},"tiered_pricing_product_settings":{"layout":"default","base_unit_name":{"singular":null,"plural":null},"default_variation":null},"tiered_pricing_minimum_quantity":null,"tiered_pricing_roles_data":[],"tiered_pricing_percentage_rules":[],"_links":{"self":[{"href":"https:\/\/puffvapestore.com\/it\/wp-json\/wp\/v2\/product\/5960","targetHints":{"allow":["GET"]}}],"collection":[{"href":"https:\/\/puffvapestore.com\/it\/wp-json\/wp\/v2\/product"}],"about":[{"href":"https:\/\/puffvapestore.com\/it\/wp-json\/wp\/v2\/types\/product"}],"replies":[{"embeddable":true,"href":"https:\/\/puffvapestore.com\/it\/wp-json\/wp\/v2\/comments?post=5960"}],"version-history":[{"count":7,"href":"https:\/\/puffvapestore.com\/it\/wp-json\/wp\/v2\/product\/5960\/revisions"}],"predecessor-version":[{"id":6228,"href":"https:\/\/puffvapestore.com\/it\/wp-json\/wp\/v2\/product\/5960\/revisions\/6228"}],"wp:featuredmedia":[{"embeddable":true,"href":"https:\/\/puffvapestore.com\/it\/wp-json\/wp\/v2\/media\/5727"}],"wp:attachment":[{"href":"https:\/\/puffvapestore.com\/it\/wp-json\/wp\/v2\/media?parent=5960"}],"wp:term":[{"taxonomy":"product_brand","embeddable":true,"href":"https:\/\/puffvapestore.com\/it\/wp-json\/wp\/v2\/product_brand?post=5960"},{"taxonomy":"product_cat","embeddable":true,"href":"https:\/\/puffvapestore.com\/it\/wp-json\/wp\/v2\/product_cat?post=5960"},{"taxonomy":"product_tag","embeddable":true,"href":"https:\/\/puffvapestore.com\/it\/wp-json\/wp\/v2\/product_tag?post=5960"}],"curies":[{"name":"wp","href":"https:\/\/api.w.org\/{rel}","templated":true}]}}