{"id":5945,"date":"2025-07-29T06:29:07","date_gmt":"2025-07-29T06:29:07","guid":{"rendered":"https:\/\/puffvapestore.com\/?post_type=product&#038;p=5945"},"modified":"2026-02-05T03:54:29","modified_gmt":"2026-02-05T03:54:29","slug":"raspberry-mojito-peach-ice-strawberry-watermelon-kiwi-passion-fruit-guava-bang-leader-80k","status":"publish","type":"product","link":"https:\/\/puffvapestore.com\/it\/product\/lampone-mojito-pesca-ghiaccio-fragola-anguria-kiwi-frutto-della-passione-guava-bang-leader-80k\/","title":{"rendered":"Lampone Mojito Pesca Ghiaccio e Fragola Anguria e Kiwi Frutto della Passione Guava - Bang Leader 80K 3 in 1 Triplo Gusto"},"content":{"rendered":"<div data-elementor-type=\"wp-post\" data-elementor-id=\"5945\" class=\"elementor elementor-5945\">\n\t\t\t\t<div class=\"elementor-element elementor-element-08c26f9 e-flex e-con-boxed e-con e-parent\" data-id=\"08c26f9\" data-element_type=\"container\" data-e-type=\"container\">\n\t\t\t\t\t<div class=\"e-con-inner\">\n\t\t\t\t<div class=\"elementor-element elementor-element-a005a97 elementor-widget elementor-widget-text-editor\" data-id=\"a005a97\" data-element_type=\"widget\" data-e-type=\"widget\" data-widget_type=\"text-editor.default\">\n\t\t\t\t<div class=\"elementor-widget-container\">\n\t\t\t\t\t\t\t\t\t<p>Bang Leader 80000 3 in 1 Raspberry Mojito Iced Peach &amp; Strawberry Watermelon &amp; Kiwi Passion Fruit Guava offre una combinazione di tre sapori tropicali e fruttati: \u00abRaspberry Mojito Iced Peach\u00bb, \u00abStrawberry Watermelon\u00bb e \u00abKiwi Passion Fruit Guava\u00bb. Questo aroma di sigaretta elettronica tre in uno offre una fusione di frutta, un equilibrio agrodolce e una sensazione ghiacciata, con sfumature complesse ma chiare, ideale per gli appassionati di sigarette elettroniche che amano i sapori fruttati.<\/p><h2>Mojito ghiacciato al lampone e alla pesca<\/h2><p>Base rinfrescante del Mojito: gli elementi classici del Mojito - lime e menta - forniscono una freschezza rinfrescante non appena si inspira, dando l'impressione di gustare una bevanda ghiacciata in riva al mare in piena estate.<\/p><p>Il sapore acidulo del lampone \u00e8 potente e penetrante, con un'acidit\u00e0 unica e un aroma di frutti rossi molto rinfrescante.<\/p><p>La pesca \u00e8 rotonda e delicatamente equilibrata: il suo sapore non \u00e8 esagerato, ma piuttosto una dolcezza calda, come una purea di frutta, che neutralizza delicatamente l'acidit\u00e0 della menta all'inizio del palato, rendendo l'insieme pi\u00f9 completo.<\/p><p>La sensazione di freschezza sul finale permane a lungo, con un leggero retrogusto di menta.<\/p><h2>Anguria Fragola<\/h2><p>L'anguria \u00e8 l'ingrediente principale, con una dolcezza piena e rinfrescante: a differenza delle caramelle all'anguria artificiali, questo gusto di anguria \u00e8 pi\u00f9 vicino al succo della polpa di frutta fresca.<\/p><p>La fragola esalta l'aroma, la dolcezza e la morbidezza: la fragola rivela un tocco lattiginoso che si fonde con gli aromi fruttati, rendendo la dolcezza complessiva pi\u00f9 piacevole e non grassa.<\/p><h2>Kiwi, frutto della passione, guaiava<\/h2><p>Kiwifruit ha una base fragrante e acidula, con una leggera sensazione di pelle: fin dalla prima inalazione, d\u00e0 una leggera sensazione di pelle, molto simile a quella del vero kiwi.<\/p><p>Il frutto della passione accende l'aroma del suo cuore: il suo potente aroma \u00e8 esplosivo, con una leggera sensazione di freschezza, come una bancarella di frutta sotto il sole tropicale.<\/p><p>La guava aggiunge una sensazione di spessore e un finale leggermente lattiginoso e dolce: aggiunge un gusto intenso di purea di frutta, mentre la coda \u00e8 pi\u00f9 piena e lunga.<\/p><p>Pi\u00f9 acido che dolce, ha un tipico sapore di \u00abtempesta tropicale\u00bb: il suo impatto acidulo e rinfrescante \u00e8 evidente, ideale per le persone dai gusti forti che apprezzano il vero sapore della frutta tropicale.<\/p><h2>Tre sistemi di cambio di sapore, grande serbatoio di e-liquid da 78 ml<\/h2><p>La Bang Leader 80000 Raspberry Mojito Peach Ice &amp; Strawberry Watermelon &amp; Kiwi Passion Fruit Guava adotta un innovativo design tre-in-uno, con tre serbatoi di e-liquid integrati indipendenti, ciascuno con una capacit\u00e0 di 26 ml, per un totale di 78 ml di liquido. Il selettore di aromi facilita il cambio di gusto e tre aromi appaiono contemporaneamente sulla stessa sigaretta elettronica, offrendo la libert\u00e0 di cambiare umore e gusto in qualsiasi momento.<\/p><p>Eccezionalmente durevole tra i prodotti usa e getta, ogni sigaretta elettronica Bang Leader 80000 Raspberry Mojito Peach Ice &amp; Strawberry Watermelon &amp; Kiwi Passion Fruit Guava \u00e8 in grado di fornire fino a 80.000 boccate, il che la rende la scelta ideale per i fumatori abituali. Godetevi un uso duraturo e riducete le sostituzioni frequenti.<\/p><p>Sono disponibili fino a quattro intensit\u00e0 di nicotina: 0 %, 2 %, 3 %, 5 %. Che siate alla ricerca di un'esperienza rinfrescante senza nicotina o che siate fumatori alla ricerca di un colpo in gola altamente concentrato, troverete l'intensit\u00e0 che fa per voi e che si adatta facilmente alle vostre esigenze di smettere di fumare o ai cambiamenti di gusto.<\/p><h2>1,0 \u03a9 resistenza della maglia, gusto squisito del livello successivo<\/h2><p>La Bang Leader 80000 Raspberry Mojito Peach Ice &amp; Strawberry Watermelon &amp; Kiwi Passion Fruit Guava \u00e8 dotata di una resistenza ad alte prestazioni con maglia da 1,0 \u03a9, che si riscalda in modo pi\u00f9 uniforme e atomizza meglio rispetto alle resistenze tradizionali, per un fumo ricco e non irritante. Ogni boccata \u00e8 liscia e cremosa, massimizzando il rilascio del sapore autentico dell'e-liquid.<\/p><h2>Batteria Type-C da 850 mAh a ricarica rapida, uscita stabile senza interruzioni di alimentazione<\/h2><p>Batteria al litio ricaricabile integrata ad alta capacit\u00e0 da 850 mAh, compatibile con l'interfaccia di ricarica rapida Type-C, per un tempo di ricarica di circa 60 minuti. La lunga durata della batteria e la ricarica efficiente consentono di rimanere motivati e di godere di un'esperienza di svapo ad alte prestazioni senza interruzioni.<\/p><p>Leggero e portatile, il suo involucro integrato combina ergonomia e resistenza all'usura, rendendolo ideale per il trasporto quotidiano e l'uso intensivo. Il suo design tre in uno non solo la rende pi\u00f9 pratica, ma riduce anche il peso che comporta il trasporto di diverse sigarette elettroniche. Un must per gli amanti dei sapori intensi.<\/p>\t\t\t\t\t\t\t\t<\/div>\n\t\t\t\t<\/div>\n\t\t\t\t\t<\/div>\n\t\t\t\t<\/div>\n\t\t\t\t<\/div>","protected":false},"excerpt":{"rendered":"<p>Le Bang Leader 80000 3 en 1 Framboise Mojito P\u00eache Glac\u00e9e &amp; Fraise Past\u00e8que &amp; Kiwi Fruit de la Passion Goyave propose une combinaison de trois saveurs tropicales et fruit\u00e9es\u00a0: \u00ab\u00a0Framboise Mojito P\u00eache Glac\u00e9e\u00a0\u00bb, \u00ab\u00a0Fraise Past\u00e8que\u00a0\u00bb et \u00ab\u00a0Kiwi Fruit de la Passion Goyave\u00a0\u00bb. Cet ar\u00f4me trois-en-un pour cigarette \u00e9lectronique offre une fusion de fruits, un [&hellip;]<\/p>\n","protected":false},"featured_media":5724,"comment_status":"open","ping_status":"closed","template":"","meta":{"site-sidebar-layout":"no-sidebar","site-content-layout":"page-builder","ast-site-content-layout":"normal-width-container","site-content-style":"default","site-sidebar-style":"default","ast-global-header-display":"","ast-banner-title-visibility":"","ast-main-header-display":"","ast-hfb-above-header-display":"","ast-hfb-below-header-display":"","ast-hfb-mobile-header-display":"","site-post-title":"disabled","ast-breadcrumbs-content":"","ast-featured-img":"disabled","footer-sml-layout":"","theme-transparent-header-meta":"default","adv-header-id-meta":"","stick-header-meta":"default","header-above-stick-meta":"","header-main-stick-meta":"","header-below-stick-meta":"","astra-migrate-meta-layouts":"set","ast-page-background-enabled":"default","ast-page-background-meta":{"desktop":{"background-color":"","background-image":"","background-repeat":"repeat","background-position":"center center","background-size":"auto","background-attachment":"scroll","background-type":"","background-media":"","overlay-type":"","overlay-color":"","overlay-opacity":"","overlay-gradient":""},"tablet":{"background-color":"","background-image":"","background-repeat":"repeat","background-position":"center center","background-size":"auto","background-attachment":"scroll","background-type":"","background-media":"","overlay-type":"","overlay-color":"","overlay-opacity":"","overlay-gradient":""},"mobile":{"background-color":"","background-image":"","background-repeat":"repeat","background-position":"center center","background-size":"auto","background-attachment":"scroll","background-type":"","background-media":"","overlay-type":"","overlay-color":"","overlay-opacity":"","overlay-gradient":""}},"ast-content-background-meta":{"desktop":{"background-color":"var(--ast-global-color-5)","background-image":"","background-repeat":"repeat","background-position":"center center","background-size":"auto","background-attachment":"scroll","background-type":"","background-media":"","overlay-type":"","overlay-color":"","overlay-opacity":"","overlay-gradient":""},"tablet":{"background-color":"var(--ast-global-color-5)","background-image":"","background-repeat":"repeat","background-position":"center center","background-size":"auto","background-attachment":"scroll","background-type":"","background-media":"","overlay-type":"","overlay-color":"","overlay-opacity":"","overlay-gradient":""},"mobile":{"background-color":"var(--ast-global-color-5)","background-image":"","background-repeat":"repeat","background-position":"center center","background-size":"auto","background-attachment":"scroll","background-type":"","background-media":"","overlay-type":"","overlay-color":"","overlay-opacity":"","overlay-gradient":""}}},"product_brand":[53],"product_cat":[54,106,15],"product_tag":[],"class_list":{"0":"post-5945","1":"product","2":"type-product","3":"status-publish","4":"has-post-thumbnail","6":"product_brand-bang-cree-une-cigarette-electronique-plus-confortable","7":"product_cat-bang-leader-80k-dispose-de-trois-reservoirs-de-liquide-independants-integres","8":"product_cat-puff-80k","9":"product_cat-magasin-cigarette-electronique","10":"desktop-align-center","11":"tablet-align-center","12":"mobile-align-center","13":"ast-product-gallery-layout-horizontal","14":"ast-product-gallery-with-no-image","15":"ast-product-single-variable","16":"ast-product-tabs-layout-horizontal","17":"ast-qv-on-image","19":"first","20":"outofstock","21":"sale","22":"shipping-taxable","23":"purchasable","24":"product-type-variable","25":"has-default-attributes"},"tiered_pricing_type":"fixed","tiered_pricing_fixed_rules":{"50":7.24,"100":6.45},"tiered_pricing_product_settings":{"layout":"default","base_unit_name":{"singular":null,"plural":null},"default_variation":null},"tiered_pricing_minimum_quantity":null,"tiered_pricing_roles_data":[],"tiered_pricing_percentage_rules":[],"_links":{"self":[{"href":"https:\/\/puffvapestore.com\/it\/wp-json\/wp\/v2\/product\/5945","targetHints":{"allow":["GET"]}}],"collection":[{"href":"https:\/\/puffvapestore.com\/it\/wp-json\/wp\/v2\/product"}],"about":[{"href":"https:\/\/puffvapestore.com\/it\/wp-json\/wp\/v2\/types\/product"}],"replies":[{"embeddable":true,"href":"https:\/\/puffvapestore.com\/it\/wp-json\/wp\/v2\/comments?post=5945"}],"version-history":[{"count":11,"href":"https:\/\/puffvapestore.com\/it\/wp-json\/wp\/v2\/product\/5945\/revisions"}],"predecessor-version":[{"id":6227,"href":"https:\/\/puffvapestore.com\/it\/wp-json\/wp\/v2\/product\/5945\/revisions\/6227"}],"wp:featuredmedia":[{"embeddable":true,"href":"https:\/\/puffvapestore.com\/it\/wp-json\/wp\/v2\/media\/5724"}],"wp:attachment":[{"href":"https:\/\/puffvapestore.com\/it\/wp-json\/wp\/v2\/media?parent=5945"}],"wp:term":[{"taxonomy":"product_brand","embeddable":true,"href":"https:\/\/puffvapestore.com\/it\/wp-json\/wp\/v2\/product_brand?post=5945"},{"taxonomy":"product_cat","embeddable":true,"href":"https:\/\/puffvapestore.com\/it\/wp-json\/wp\/v2\/product_cat?post=5945"},{"taxonomy":"product_tag","embeddable":true,"href":"https:\/\/puffvapestore.com\/it\/wp-json\/wp\/v2\/product_tag?post=5945"}],"curies":[{"name":"wp","href":"https:\/\/api.w.org\/{rel}","templated":true}]}}