{"id":5934,"date":"2025-07-29T03:19:53","date_gmt":"2025-07-29T03:19:53","guid":{"rendered":"https:\/\/puffvapestore.com\/?post_type=product&#038;p=5934"},"modified":"2026-02-05T03:54:29","modified_gmt":"2026-02-05T03:54:29","slug":"watermelon-ice-strawberry-mango-banana-bang-leader-80k","status":"publish","type":"product","link":"https:\/\/puffvapestore.com\/it\/product\/anguria-ghiaccio-fragola-mango-banana-bang-leader-80k\/","title":{"rendered":"Ghiaccio all'anguria, fragola, mango e banana - Bang Leader 80K 3 in 1 Triplo gusto"},"content":{"rendered":"<div data-elementor-type=\"wp-post\" data-elementor-id=\"5934\" class=\"elementor elementor-5934\">\n\t\t\t\t<div class=\"elementor-element elementor-element-08c26f9 e-flex e-con-boxed e-con e-parent\" data-id=\"08c26f9\" data-element_type=\"container\" data-e-type=\"container\">\n\t\t\t\t\t<div class=\"e-con-inner\">\n\t\t\t\t<div class=\"elementor-element elementor-element-a005a97 elementor-widget elementor-widget-text-editor\" data-id=\"a005a97\" data-element_type=\"widget\" data-e-type=\"widget\" data-widget_type=\"text-editor.default\">\n\t\t\t\t<div class=\"elementor-widget-container\">\n\t\t\t\t\t\t\t\t\t<p>La forza della Bang Leader 80000 risiede nel suo esclusivo design tre-in-uno, dotato di tre serbatoi indipendenti di e-liquid da 26 ml, con una capacit\u00e0 totale fino a 78 ml, che consente fino a 80.000 boccate. Ogni sigaretta elettronica Bang Leader 80000 \u00e8 disponibile in tre diversi gusti, pensati per soddisfare ogni appassionato:<\/p><h2>Gusto anguria ghiacciata<\/h2><p>Quando appaiono gli ultimi raggi del crepuscolo parigino, bevete un lento sorso di vapore ghiacciato all'anguria, comodamente seduti sul balcone. L'aroma fresco e fruttato vi trasporter\u00e0 in un frutteto estivo nel sud della Francia. Il suo gusto rinfrescante, accompagnato da una sottile nota di menta e ghiaccio, calma il corpo e la mente dopo una giornata faticosa.<\/p><h2>Sapore di fragola e mango<\/h2><p>Questo gusto Fragola e Mango evoca un tramonto sulla Costa Azzurra, nel sud della Francia, con i suoi aromi fruttati e passionali. La dolcezza delle fragole incontra la ricchezza tropicale del mango per un gusto ricco. Fumare una sigaretta per strada a tarda notte dopo un festival musicale non \u00e8 solo un piacere gustativo, ma anche una danza spirituale.<\/p><h2>Gusto banana<\/h2><p>L'aroma di banana regala una calda e delicata sensazione di benessere, come se foste seduti nell'angolo di un caff\u00e8 letterario, sotto una leggera pioggia, e foste a casa vostra, a sfogliare vecchie riviste assaporando le morbide nuvole avvolte dall'aroma di banana. Tirate una boccata di sigaretta elettronica per rilassarvi; questa calma \u00e8 un momento di benessere raro nel nostro ritmo moderno.<\/p><h2>Tre sistemi di cambio di sapore, grande serbatoio di e-liquid da 78 ml<\/h2><p>La Bang Leader 80000 Watermelon Ice &amp; Strawberry Mango &amp; Banana adotta un innovativo design tre-in-uno, con tre serbatoi di e-liquid integrati indipendenti, ciascuno con una capacit\u00e0 di 26 ml, per un totale di 78 ml di liquido. Il selettore degli aromi facilita il cambio di gusto e tre aromi appaiono contemporaneamente sulla stessa sigaretta elettronica, offrendo la libert\u00e0 di cambiare umore e gusto in qualsiasi momento.<\/p><p>Eccezionalmente durevole tra i prodotti usa e getta, ogni sigaretta elettronica Bang Leader 80000 Watermelon Ice &amp; Strawberry Mango &amp; Banana \u00e8 in grado di fornire fino a 80.000 boccate, il che la rende la scelta ideale per i vapers abituali. Godetevi un uso duraturo e riducete la necessit\u00e0 di sostituzioni frequenti.<\/p><p>Sono disponibili fino a quattro intensit\u00e0 di nicotina: 0 %, 2 %, 3 %, 5 %. Che siate alla ricerca di un'esperienza rinfrescante senza nicotina o che siate fumatori alla ricerca di un colpo in gola altamente concentrato, troverete l'intensit\u00e0 che fa per voi e che si adatta facilmente alle vostre esigenze di smettere di fumare o ai cambiamenti di gusto.<\/p><h2>1,0 \u03a9 resistenza della maglia, gusto squisito del livello successivo<\/h2><p>La Bang Leader 80000 Watermelon Ice &amp; Strawberry Mango &amp; Banana \u00e8 dotata di una resistenza ad alte prestazioni con maglia da 1,0 \u03a9, che si riscalda in modo pi\u00f9 uniforme e atomizza meglio rispetto alle resistenze tradizionali, per un fumo ricco e non irritante. Ogni boccata \u00e8 liscia e cremosa e massimizza il rilascio del sapore autentico dell'e-liquid.<\/p><h2>Batteria Type-C da 850 mAh a ricarica rapida, uscita stabile senza interruzioni di alimentazione<\/h2><p>Batteria al litio ricaricabile integrata ad alta capacit\u00e0 da 850 mAh, compatibile con l'interfaccia di ricarica rapida Type-C, per un tempo di ricarica di circa 60 minuti. La lunga durata della batteria e la ricarica efficiente consentono di rimanere motivati e di godere di un'esperienza di svapo ad alte prestazioni senza interruzioni.<\/p><p>Leggero e portatile, il suo involucro integrato combina ergonomia e resistenza all'usura, rendendolo ideale per il trasporto quotidiano e l'uso intensivo. Il suo design tre in uno non solo la rende pi\u00f9 pratica, ma riduce anche il peso che comporta il trasporto di diverse sigarette elettroniche. Un must per gli amanti dei sapori intensi.<\/p>\t\t\t\t\t\t\t\t<\/div>\n\t\t\t\t<\/div>\n\t\t\t\t\t<\/div>\n\t\t\t\t<\/div>\n\t\t\t\t<\/div>","protected":false},"excerpt":{"rendered":"<p>Le point fort du Bang Leader 80000 r\u00e9side dans sa conception unique trois-en-un, \u00e9quip\u00e9e de trois r\u00e9servoirs d&rsquo;e-liquide ind\u00e9pendants de 26 ml, d&rsquo;une capacit\u00e9 totale allant jusqu&rsquo;\u00e0 78 ml, permettant jusqu&rsquo;\u00e0 80000 bouff\u00e9es. Chaque e-cigarette Bang Leader 80000 propose trois saveurs diff\u00e9rentes, con\u00e7ues pour satisfaire tous les amateurs\u00a0: Saveur Past\u00e8que Glac\u00e9e Lorsque le cr\u00e9puscule parisien [&hellip;]<\/p>","protected":false},"featured_media":5729,"comment_status":"open","ping_status":"closed","template":"","meta":{"site-sidebar-layout":"no-sidebar","site-content-layout":"page-builder","ast-site-content-layout":"normal-width-container","site-content-style":"default","site-sidebar-style":"default","ast-global-header-display":"","ast-banner-title-visibility":"","ast-main-header-display":"","ast-hfb-above-header-display":"","ast-hfb-below-header-display":"","ast-hfb-mobile-header-display":"","site-post-title":"disabled","ast-breadcrumbs-content":"","ast-featured-img":"disabled","footer-sml-layout":"","theme-transparent-header-meta":"default","adv-header-id-meta":"","stick-header-meta":"default","header-above-stick-meta":"","header-main-stick-meta":"","header-below-stick-meta":"","astra-migrate-meta-layouts":"set","ast-page-background-enabled":"default","ast-page-background-meta":{"desktop":{"background-color":"","background-image":"","background-repeat":"repeat","background-position":"center center","background-size":"auto","background-attachment":"scroll","background-type":"","background-media":"","overlay-type":"","overlay-color":"","overlay-opacity":"","overlay-gradient":""},"tablet":{"background-color":"","background-image":"","background-repeat":"repeat","background-position":"center center","background-size":"auto","background-attachment":"scroll","background-type":"","background-media":"","overlay-type":"","overlay-color":"","overlay-opacity":"","overlay-gradient":""},"mobile":{"background-color":"","background-image":"","background-repeat":"repeat","background-position":"center center","background-size":"auto","background-attachment":"scroll","background-type":"","background-media":"","overlay-type":"","overlay-color":"","overlay-opacity":"","overlay-gradient":""}},"ast-content-background-meta":{"desktop":{"background-color":"var(--ast-global-color-5)","background-image":"","background-repeat":"repeat","background-position":"center center","background-size":"auto","background-attachment":"scroll","background-type":"","background-media":"","overlay-type":"","overlay-color":"","overlay-opacity":"","overlay-gradient":""},"tablet":{"background-color":"var(--ast-global-color-5)","background-image":"","background-repeat":"repeat","background-position":"center center","background-size":"auto","background-attachment":"scroll","background-type":"","background-media":"","overlay-type":"","overlay-color":"","overlay-opacity":"","overlay-gradient":""},"mobile":{"background-color":"var(--ast-global-color-5)","background-image":"","background-repeat":"repeat","background-position":"center center","background-size":"auto","background-attachment":"scroll","background-type":"","background-media":"","overlay-type":"","overlay-color":"","overlay-opacity":"","overlay-gradient":""}}},"product_brand":[53],"product_cat":[54,106,15],"product_tag":[],"class_list":{"0":"post-5934","1":"product","2":"type-product","3":"status-publish","4":"has-post-thumbnail","6":"product_brand-bang-cree-une-cigarette-electronique-plus-confortable","7":"product_cat-bang-leader-80k-dispose-de-trois-reservoirs-de-liquide-independants-integres","8":"product_cat-puff-80k","9":"product_cat-magasin-cigarette-electronique","10":"desktop-align-center","11":"tablet-align-center","12":"mobile-align-center","13":"ast-product-gallery-layout-horizontal","14":"ast-product-gallery-with-no-image","15":"ast-product-single-variable","16":"ast-product-tabs-layout-horizontal","17":"ast-qv-on-image","19":"first","20":"outofstock","21":"sale","22":"shipping-taxable","23":"purchasable","24":"product-type-variable","25":"has-default-attributes"},"tiered_pricing_type":"fixed","tiered_pricing_fixed_rules":{"50":7.24,"100":6.45},"tiered_pricing_product_settings":{"layout":"default","base_unit_name":{"singular":null,"plural":null},"default_variation":null},"tiered_pricing_minimum_quantity":null,"tiered_pricing_roles_data":[],"tiered_pricing_percentage_rules":[],"_links":{"self":[{"href":"https:\/\/puffvapestore.com\/it\/wp-json\/wp\/v2\/product\/5934","targetHints":{"allow":["GET"]}}],"collection":[{"href":"https:\/\/puffvapestore.com\/it\/wp-json\/wp\/v2\/product"}],"about":[{"href":"https:\/\/puffvapestore.com\/it\/wp-json\/wp\/v2\/types\/product"}],"replies":[{"embeddable":true,"href":"https:\/\/puffvapestore.com\/it\/wp-json\/wp\/v2\/comments?post=5934"}],"version-history":[{"count":7,"href":"https:\/\/puffvapestore.com\/it\/wp-json\/wp\/v2\/product\/5934\/revisions"}],"predecessor-version":[{"id":6226,"href":"https:\/\/puffvapestore.com\/it\/wp-json\/wp\/v2\/product\/5934\/revisions\/6226"}],"wp:featuredmedia":[{"embeddable":true,"href":"https:\/\/puffvapestore.com\/it\/wp-json\/wp\/v2\/media\/5729"}],"wp:attachment":[{"href":"https:\/\/puffvapestore.com\/it\/wp-json\/wp\/v2\/media?parent=5934"}],"wp:term":[{"taxonomy":"product_brand","embeddable":true,"href":"https:\/\/puffvapestore.com\/it\/wp-json\/wp\/v2\/product_brand?post=5934"},{"taxonomy":"product_cat","embeddable":true,"href":"https:\/\/puffvapestore.com\/it\/wp-json\/wp\/v2\/product_cat?post=5934"},{"taxonomy":"product_tag","embeddable":true,"href":"https:\/\/puffvapestore.com\/it\/wp-json\/wp\/v2\/product_tag?post=5934"}],"curies":[{"name":"wp","href":"https:\/\/api.w.org\/{rel}","templated":true}]}}