{"id":5923,"date":"2025-07-27T18:11:26","date_gmt":"2025-07-27T18:11:26","guid":{"rendered":"https:\/\/puffvapestore.com\/?post_type=product&#038;p=5923"},"modified":"2026-02-05T03:54:29","modified_gmt":"2026-02-05T03:54:29","slug":"avocado-ice-lemon-lime-watermelon-raspberry-bang-leader-80k-triple-saveur","status":"publish","type":"product","link":"https:\/\/puffvapestore.com\/it\/product\/avocado-ice-limone-lime-anguria-lampone-bang-leader-80k-triplo-gusto\/","title":{"rendered":"Avocado Ice &amp; Lemon Lime &amp; Watermelon Raspberry - Bang Leader 80K 3 in 1 Triplo gusto"},"content":{"rendered":"<div data-elementor-type=\"wp-post\" data-elementor-id=\"5923\" class=\"elementor elementor-5923\">\n\t\t\t\t<div class=\"elementor-element elementor-element-08c26f9 e-flex e-con-boxed e-con e-parent\" data-id=\"08c26f9\" data-element_type=\"container\" data-e-type=\"container\">\n\t\t\t\t\t<div class=\"e-con-inner\">\n\t\t\t\t<div class=\"elementor-element elementor-element-a005a97 elementor-widget elementor-widget-text-editor\" data-id=\"a005a97\" data-element_type=\"widget\" data-e-type=\"widget\" data-widget_type=\"text-editor.default\">\n\t\t\t\t<div class=\"elementor-widget-container\">\n\t\t\t\t\t\t\t\t\t<p>Dopo un'intensa giornata di lavoro, sedetevi comodamente in balcone su una sedia a sdraio, fate un respiro profondo ed estraete la sigaretta elettronica Bang Leader 80K Avocado Ice &amp; Lemon Lime &amp; Watermelon Raspberry. La prima boccata \u00e8 Avocado Ice, una fusione rinfrescante della dolcezza dell'avocado e del ghiaccio, come se vi steste rilassando nella brezza marina della Provenza, nel sud della Francia. Passando al gusto Lime, sentirete la doppia freschezza limonosa del lime e del limone esplodere in bocca, come l'emozione di una limonata ghiacciata per le strade di Parigi. E quando passerete al gusto Watermelon Raspberry, un mix di anguria dolce e lampone leggermente aspro, vi sembrer\u00e0 di essere su una bella spiaggia nel pomeriggio. Un'esperienza piacevole, ideale per un momento di relax.<\/p><h2>Tre sistemi di cambio di sapore, grande serbatoio di e-liquid da 78 ml<\/h2><p>La Bang Leader 80000 Avocado Ice &amp; Lemon Lime &amp; Watermelon Raspberry adotta un innovativo design tre-in-uno, con tre serbatoi di e-liquid integrati indipendenti, ciascuno con una capacit\u00e0 di 26 ml, per un totale di 78 ml di liquido. Il selettore di aromi facilita il cambio di gusto e tre aromi appaiono contemporaneamente sulla stessa sigaretta elettronica, offrendo la libert\u00e0 di cambiare umore e gusto in qualsiasi momento.<\/p><p>Eccezionalmente durevole tra i dispositivi usa e getta, ogni sigaretta elettronica Bang Leader 80000 Avocado Ice &amp; Lemon Lime &amp; Watermelon Raspberry \u00e8 in grado di erogare fino a 80.000 boccate, rappresentando la scelta ideale per i vapers abituali. Godetevi un uso duraturo e riducete le sostituzioni frequenti.<\/p><p>Sono disponibili fino a quattro intensit\u00e0 di nicotina: 0 %, 2 %, 3 %, 5 %. Che siate alla ricerca di un'esperienza rinfrescante senza nicotina o che siate fumatori alla ricerca di un colpo in gola altamente concentrato, troverete l'intensit\u00e0 che fa per voi e che si adatta facilmente alle vostre esigenze di smettere di fumare o ai cambiamenti di gusto.<\/p><h2>1,0 \u03a9 resistenza della maglia, gusto squisito del livello successivo<\/h2><p>La Bang Leader 80000 Avocado Ice &amp; Lemon Lime &amp; Watermelon Raspberry \u00e8 dotata di una resistenza ad alte prestazioni con maglia da 1,0 \u03a9, che si riscalda in modo pi\u00f9 uniforme e atomizza meglio rispetto alle resistenze tradizionali, per un fumo ricco e non irritante. Ogni boccata \u00e8 liscia e cremosa, massimizzando il rilascio del sapore autentico dell'e-liquid.<\/p><h2>Batteria Type-C da 850 mAh a ricarica rapida, uscita stabile senza interruzioni di alimentazione<\/h2><p>Batteria al litio ricaricabile integrata ad alta capacit\u00e0 da 850 mAh, compatibile con l'interfaccia di ricarica rapida Type-C, per un tempo di ricarica di circa 60 minuti. La lunga durata della batteria e la ricarica efficiente consentono di rimanere motivati e di godere di un'esperienza di svapo ad alte prestazioni senza interruzioni.<\/p><p>Leggero e portatile, il suo involucro integrato combina ergonomia e resistenza all'usura, rendendolo ideale per il trasporto quotidiano e l'uso intensivo. Il suo design tre in uno non solo la rende pi\u00f9 pratica, ma riduce anche il peso che comporta il trasporto di diverse sigarette elettroniche. Un must per gli amanti dei sapori intensi.<\/p>\t\t\t\t\t\t\t\t<\/div>\n\t\t\t\t<\/div>\n\t\t\t\t\t<\/div>\n\t\t\t\t<\/div>\n\t\t\t\t<\/div>","protected":false},"excerpt":{"rendered":"<p>Apr\u00e8s une journ\u00e9e de travail bien remplie, installez-vous confortablement sur un balcon, dans une chaise longue, inspirez profond\u00e9ment et sortez la cigarette \u00e9lectronique Bang Leader 80K Avocado Ice &amp; Lemon Lime &amp; Watermelon Raspberry. La premi\u00e8re bouff\u00e9e est \u00e0 l&rsquo;Avocat Glac\u00e9, une fusion rafra\u00eechissante de la douceur de l&rsquo;avocat et de la glace, comme si [&hellip;]<\/p>","protected":false},"featured_media":5718,"comment_status":"open","ping_status":"closed","template":"","meta":{"site-sidebar-layout":"no-sidebar","site-content-layout":"page-builder","ast-site-content-layout":"normal-width-container","site-content-style":"default","site-sidebar-style":"default","ast-global-header-display":"","ast-banner-title-visibility":"","ast-main-header-display":"","ast-hfb-above-header-display":"","ast-hfb-below-header-display":"","ast-hfb-mobile-header-display":"","site-post-title":"disabled","ast-breadcrumbs-content":"","ast-featured-img":"disabled","footer-sml-layout":"","theme-transparent-header-meta":"default","adv-header-id-meta":"","stick-header-meta":"default","header-above-stick-meta":"","header-main-stick-meta":"","header-below-stick-meta":"","astra-migrate-meta-layouts":"set","ast-page-background-enabled":"default","ast-page-background-meta":{"desktop":{"background-color":"","background-image":"","background-repeat":"repeat","background-position":"center center","background-size":"auto","background-attachment":"scroll","background-type":"","background-media":"","overlay-type":"","overlay-color":"","overlay-opacity":"","overlay-gradient":""},"tablet":{"background-color":"","background-image":"","background-repeat":"repeat","background-position":"center center","background-size":"auto","background-attachment":"scroll","background-type":"","background-media":"","overlay-type":"","overlay-color":"","overlay-opacity":"","overlay-gradient":""},"mobile":{"background-color":"","background-image":"","background-repeat":"repeat","background-position":"center center","background-size":"auto","background-attachment":"scroll","background-type":"","background-media":"","overlay-type":"","overlay-color":"","overlay-opacity":"","overlay-gradient":""}},"ast-content-background-meta":{"desktop":{"background-color":"var(--ast-global-color-5)","background-image":"","background-repeat":"repeat","background-position":"center center","background-size":"auto","background-attachment":"scroll","background-type":"","background-media":"","overlay-type":"","overlay-color":"","overlay-opacity":"","overlay-gradient":""},"tablet":{"background-color":"var(--ast-global-color-5)","background-image":"","background-repeat":"repeat","background-position":"center center","background-size":"auto","background-attachment":"scroll","background-type":"","background-media":"","overlay-type":"","overlay-color":"","overlay-opacity":"","overlay-gradient":""},"mobile":{"background-color":"var(--ast-global-color-5)","background-image":"","background-repeat":"repeat","background-position":"center center","background-size":"auto","background-attachment":"scroll","background-type":"","background-media":"","overlay-type":"","overlay-color":"","overlay-opacity":"","overlay-gradient":""}}},"product_brand":[53],"product_cat":[54,106,15],"product_tag":[],"class_list":{"0":"post-5923","1":"product","2":"type-product","3":"status-publish","4":"has-post-thumbnail","6":"product_brand-bang-cree-une-cigarette-electronique-plus-confortable","7":"product_cat-bang-leader-80k-dispose-de-trois-reservoirs-de-liquide-independants-integres","8":"product_cat-puff-80k","9":"product_cat-magasin-cigarette-electronique","10":"desktop-align-center","11":"tablet-align-center","12":"mobile-align-center","13":"ast-product-gallery-layout-horizontal","14":"ast-product-gallery-with-no-image","15":"ast-product-single-variable","16":"ast-product-tabs-layout-horizontal","17":"ast-qv-on-image","19":"first","20":"outofstock","21":"sale","22":"shipping-taxable","23":"purchasable","24":"product-type-variable","25":"has-default-attributes"},"tiered_pricing_type":"fixed","tiered_pricing_fixed_rules":{"50":7.24,"100":6.45},"tiered_pricing_product_settings":{"layout":"default","base_unit_name":{"singular":null,"plural":null},"default_variation":null},"tiered_pricing_minimum_quantity":null,"tiered_pricing_roles_data":[],"tiered_pricing_percentage_rules":[],"_links":{"self":[{"href":"https:\/\/puffvapestore.com\/it\/wp-json\/wp\/v2\/product\/5923","targetHints":{"allow":["GET"]}}],"collection":[{"href":"https:\/\/puffvapestore.com\/it\/wp-json\/wp\/v2\/product"}],"about":[{"href":"https:\/\/puffvapestore.com\/it\/wp-json\/wp\/v2\/types\/product"}],"replies":[{"embeddable":true,"href":"https:\/\/puffvapestore.com\/it\/wp-json\/wp\/v2\/comments?post=5923"}],"version-history":[{"count":7,"href":"https:\/\/puffvapestore.com\/it\/wp-json\/wp\/v2\/product\/5923\/revisions"}],"predecessor-version":[{"id":6225,"href":"https:\/\/puffvapestore.com\/it\/wp-json\/wp\/v2\/product\/5923\/revisions\/6225"}],"wp:featuredmedia":[{"embeddable":true,"href":"https:\/\/puffvapestore.com\/it\/wp-json\/wp\/v2\/media\/5718"}],"wp:attachment":[{"href":"https:\/\/puffvapestore.com\/it\/wp-json\/wp\/v2\/media?parent=5923"}],"wp:term":[{"taxonomy":"product_brand","embeddable":true,"href":"https:\/\/puffvapestore.com\/it\/wp-json\/wp\/v2\/product_brand?post=5923"},{"taxonomy":"product_cat","embeddable":true,"href":"https:\/\/puffvapestore.com\/it\/wp-json\/wp\/v2\/product_cat?post=5923"},{"taxonomy":"product_tag","embeddable":true,"href":"https:\/\/puffvapestore.com\/it\/wp-json\/wp\/v2\/product_tag?post=5923"}],"curies":[{"name":"wp","href":"https:\/\/api.w.org\/{rel}","templated":true}]}}