{"id":5882,"date":"2025-07-27T05:30:15","date_gmt":"2025-07-27T05:30:15","guid":{"rendered":"https:\/\/puffvapestore.com\/?post_type=product&#038;p=5882"},"modified":"2026-02-05T03:54:29","modified_gmt":"2026-02-05T03:54:29","slug":"blueberry-ice-strawberry-banana-mixed-berries-bang-leader-80k","status":"publish","type":"product","link":"https:\/\/puffvapestore.com\/it\/product\/mirtillo-ghiaccio-fragola-banana-frutti-di-bosco-misti-bang-leader-80k\/","title":{"rendered":"Ghiaccio al mirtillo, fragola, banana e frutti di bosco - Bang Leader 80000 3 in 1"},"content":{"rendered":"<div data-elementor-type=\"wp-post\" data-elementor-id=\"5882\" class=\"elementor elementor-5882\">\n\t\t\t\t<div class=\"elementor-element elementor-element-08c26f9 e-flex e-con-boxed e-con e-parent\" data-id=\"08c26f9\" data-element_type=\"container\" data-e-type=\"container\">\n\t\t\t\t\t<div class=\"e-con-inner\">\n\t\t\t\t<div class=\"elementor-element elementor-element-a005a97 elementor-widget elementor-widget-text-editor\" data-id=\"a005a97\" data-element_type=\"widget\" data-e-type=\"widget\" data-widget_type=\"text-editor.default\">\n\t\t\t\t<div class=\"elementor-widget-container\">\n\t\t\t\t\t\t\t\t\t<p>L'Bang Leader 80000 Blueberry Ice &amp; Strawberry Banana &amp; Mixed Berries 3 in 1 offre tre sapori distinti per soddisfare tutti i gusti, dal fresco al dolce al piccante.<\/p><p>Aroma Mirtillo ghiacciato: questa sigaretta elettronica offre un gusto fresco e rinfrescante, con la dolcezza dei mirtilli maturi, come una rinfrescante bevanda alla frutta ghiacciata in una notte d'estate nel sud della Francia. Ideale per sedersi tranquillamente su un balcone e tirare una bella boccata di sigaretta elettronica al gusto Mirtillo ghiacciato, lasciando che la mente si calmi e l'irritabilit\u00e0 si dissolva dolcemente.<\/p><p>Gusto fragola-banana: la dolcezza delle fragole e la cremosit\u00e0 delle banane si fondono perfettamente, come un frullato appena fatto in una pasticceria parigina. Ideale per rilassarsi dopo una giornata intensa. Tirate una boccata della nostra sigaretta elettronica al gusto di fragola e banana, dolce e calda, come un ritorno alla dolcezza del pomeriggio.<\/p><p>Gusto Fruits Rouges: la combinazione di diversi frutti rossi \u00e8 piena di vitalit\u00e0 e allegria, ideale per rallegrare le serate con gli amici. \u00c8 un sapore da non perdere, come una fuga a sorpresa nei vigneti del Sud della Francia.<\/p><h2>Diverse concentrazioni di nicotina<\/h2><p>La Bang Leader 80000 Blueberry Ice &amp; Strawberry Banana &amp; Mixed Berries offre diverse concentrazioni di nicotina, tra cui 0 %, 2 %, 3 % e 5 %, per soddisfare le esigenze di ogni utente. Sia che si cerchi un'esperienza senza nicotina o una concentrazione pi\u00f9 elevata per soddisfare le proprie voglie, questa sigaretta elettronica offre opzioni di utilizzo flessibili per soddisfare le proprie preferenze.<\/p><h2>Design innovativo dell'e-liquido tre in uno<\/h2><p>Questa sigaretta elettronica offre una capacit\u00e0 di 78 ml di liquido extra-large, abilmente suddivisa in tre serbatoi separati da 26 ml. Questo esclusivo design tre in uno non solo migliora il comfort dell'utente, ma rende anche facile passare da un aroma all'altro per un'esperienza variegata. Ogni serbatoio \u00e8 stato progettato con cura per garantire una conservazione sicura e una facile sostituzione del liquido.<\/p><p>L'Bang Leader 80000 Blueberry Ice &amp; Strawberry Banana &amp; Mixed Berries offre fino a 80.000 boccate ed \u00e8 progettato per un uso duraturo. Sia per l'uso quotidiano che per le uscite prolungate, questo dispositivo offre un'esperienza di svapo stabile e continua, senza bisogno di sostituzioni o ricariche frequenti. Ideale per gli utenti in cerca di durata.<\/p><h2>Batteria ad alte prestazioni e carica rapida<\/h2><p>Questa sigaretta elettronica ha una batteria ricaricabile integrata da 850 mAh e supporta la tecnologia di ricarica rapida Type-C, che richiede solo circa 60 minuti. L'efficiente sistema di gestione della batteria garantisce una maggiore durata della stessa, mentre la funzione di ricarica rapida consente di riprendere l'uso rapidamente, per un'esperienza senza problemi in qualsiasi momento e ovunque.<\/p><h2>Tecnologia ottimizzata per la resistenza delle maglie<\/h2><p>La Bang Leader 80000 Blueberry Ice &amp; Strawberry Banana &amp; Mixed Berries adotta una resistenza a maglia da 1,0 \u03a9. Questo garantisce un riscaldamento uniforme e un vapore ricco e cremoso. La struttura della resistenza a rete ottimizza la nebulizzazione del liquido, garantendo un gusto sempre ricco a ogni boccata.<\/p>\t\t\t\t\t\t\t\t<\/div>\n\t\t\t\t<\/div>\n\t\t\t\t\t<\/div>\n\t\t\t\t<\/div>\n\t\t\t\t<\/div>","protected":false},"excerpt":{"rendered":"<p>La Bang Leader 80000 Blueberry Ice &amp; Strawberry Banana &amp; Mixed Berries 3 en 1 offre trois saveurs distinctes pour satisfaire tous les go\u00fbts, du frais au sucr\u00e9 en passant par l&rsquo;acidul\u00e9. Go\u00fbt Myrtille Glac\u00e9e\u00a0: Cette cigarette \u00e9lectronique offre un go\u00fbt rafra\u00eechissant et frais, avec la douceur des myrtilles m\u00fbres, comme une boisson glac\u00e9e aux [&hellip;]<\/p>","protected":false},"featured_media":5720,"comment_status":"open","ping_status":"closed","template":"","meta":{"site-sidebar-layout":"no-sidebar","site-content-layout":"page-builder","ast-site-content-layout":"normal-width-container","site-content-style":"default","site-sidebar-style":"default","ast-global-header-display":"","ast-banner-title-visibility":"","ast-main-header-display":"","ast-hfb-above-header-display":"","ast-hfb-below-header-display":"","ast-hfb-mobile-header-display":"","site-post-title":"disabled","ast-breadcrumbs-content":"","ast-featured-img":"disabled","footer-sml-layout":"","theme-transparent-header-meta":"default","adv-header-id-meta":"","stick-header-meta":"default","header-above-stick-meta":"","header-main-stick-meta":"","header-below-stick-meta":"","astra-migrate-meta-layouts":"set","ast-page-background-enabled":"default","ast-page-background-meta":{"desktop":{"background-color":"","background-image":"","background-repeat":"repeat","background-position":"center center","background-size":"auto","background-attachment":"scroll","background-type":"","background-media":"","overlay-type":"","overlay-color":"","overlay-opacity":"","overlay-gradient":""},"tablet":{"background-color":"","background-image":"","background-repeat":"repeat","background-position":"center center","background-size":"auto","background-attachment":"scroll","background-type":"","background-media":"","overlay-type":"","overlay-color":"","overlay-opacity":"","overlay-gradient":""},"mobile":{"background-color":"","background-image":"","background-repeat":"repeat","background-position":"center center","background-size":"auto","background-attachment":"scroll","background-type":"","background-media":"","overlay-type":"","overlay-color":"","overlay-opacity":"","overlay-gradient":""}},"ast-content-background-meta":{"desktop":{"background-color":"var(--ast-global-color-5)","background-image":"","background-repeat":"repeat","background-position":"center center","background-size":"auto","background-attachment":"scroll","background-type":"","background-media":"","overlay-type":"","overlay-color":"","overlay-opacity":"","overlay-gradient":""},"tablet":{"background-color":"var(--ast-global-color-5)","background-image":"","background-repeat":"repeat","background-position":"center center","background-size":"auto","background-attachment":"scroll","background-type":"","background-media":"","overlay-type":"","overlay-color":"","overlay-opacity":"","overlay-gradient":""},"mobile":{"background-color":"var(--ast-global-color-5)","background-image":"","background-repeat":"repeat","background-position":"center center","background-size":"auto","background-attachment":"scroll","background-type":"","background-media":"","overlay-type":"","overlay-color":"","overlay-opacity":"","overlay-gradient":""}}},"product_brand":[53],"product_cat":[54,106,15],"product_tag":[],"class_list":{"0":"post-5882","1":"product","2":"type-product","3":"status-publish","4":"has-post-thumbnail","6":"product_brand-bang-cree-une-cigarette-electronique-plus-confortable","7":"product_cat-bang-leader-80k-dispose-de-trois-reservoirs-de-liquide-independants-integres","8":"product_cat-puff-80k","9":"product_cat-magasin-cigarette-electronique","10":"desktop-align-center","11":"tablet-align-center","12":"mobile-align-center","13":"ast-product-gallery-layout-horizontal","14":"ast-product-gallery-with-no-image","15":"ast-product-single-variable","16":"ast-product-tabs-layout-horizontal","17":"ast-qv-on-image","19":"first","20":"outofstock","21":"sale","22":"shipping-taxable","23":"purchasable","24":"product-type-variable","25":"has-default-attributes"},"tiered_pricing_type":"fixed","tiered_pricing_fixed_rules":{"50":7.24,"100":6.45},"tiered_pricing_product_settings":{"layout":"default","base_unit_name":{"singular":null,"plural":null},"default_variation":null},"tiered_pricing_minimum_quantity":null,"tiered_pricing_roles_data":[],"tiered_pricing_percentage_rules":[],"_links":{"self":[{"href":"https:\/\/puffvapestore.com\/it\/wp-json\/wp\/v2\/product\/5882","targetHints":{"allow":["GET"]}}],"collection":[{"href":"https:\/\/puffvapestore.com\/it\/wp-json\/wp\/v2\/product"}],"about":[{"href":"https:\/\/puffvapestore.com\/it\/wp-json\/wp\/v2\/types\/product"}],"replies":[{"embeddable":true,"href":"https:\/\/puffvapestore.com\/it\/wp-json\/wp\/v2\/comments?post=5882"}],"version-history":[{"count":7,"href":"https:\/\/puffvapestore.com\/it\/wp-json\/wp\/v2\/product\/5882\/revisions"}],"predecessor-version":[{"id":6222,"href":"https:\/\/puffvapestore.com\/it\/wp-json\/wp\/v2\/product\/5882\/revisions\/6222"}],"wp:featuredmedia":[{"embeddable":true,"href":"https:\/\/puffvapestore.com\/it\/wp-json\/wp\/v2\/media\/5720"}],"wp:attachment":[{"href":"https:\/\/puffvapestore.com\/it\/wp-json\/wp\/v2\/media?parent=5882"}],"wp:term":[{"taxonomy":"product_brand","embeddable":true,"href":"https:\/\/puffvapestore.com\/it\/wp-json\/wp\/v2\/product_brand?post=5882"},{"taxonomy":"product_cat","embeddable":true,"href":"https:\/\/puffvapestore.com\/it\/wp-json\/wp\/v2\/product_cat?post=5882"},{"taxonomy":"product_tag","embeddable":true,"href":"https:\/\/puffvapestore.com\/it\/wp-json\/wp\/v2\/product_tag?post=5882"}],"curies":[{"name":"wp","href":"https:\/\/api.w.org\/{rel}","templated":true}]}}