{"id":5863,"date":"2025-07-27T03:17:47","date_gmt":"2025-07-27T03:17:47","guid":{"rendered":"https:\/\/puffvapestore.com\/?post_type=product&#038;p=5863"},"modified":"2026-02-05T03:54:29","modified_gmt":"2026-02-05T03:54:29","slug":"red-bull-blueberry-watermelon-apple-pear-bang-leader-80k","status":"publish","type":"product","link":"https:\/\/puffvapestore.com\/it\/product\/red-bull-mirtillo-anguria-mela-pera-bang-leader-80k\/","title":{"rendered":"Red Bull &amp; Mirtillo Anguria e Mela Pera - Bang Leader 80000 3 in 1"},"content":{"rendered":"<div data-elementor-type=\"wp-post\" data-elementor-id=\"5863\" class=\"elementor elementor-5863\">\n\t\t\t\t<div class=\"elementor-element elementor-element-08c26f9 e-flex e-con-boxed e-con e-parent\" data-id=\"08c26f9\" data-element_type=\"container\" data-e-type=\"container\">\n\t\t\t\t\t<div class=\"e-con-inner\">\n\t\t\t\t<div class=\"elementor-element elementor-element-a005a97 elementor-widget elementor-widget-text-editor\" data-id=\"a005a97\" data-element_type=\"widget\" data-e-type=\"widget\" data-widget_type=\"text-editor.default\">\n\t\t\t\t<div class=\"elementor-widget-container\">\n\t\t\t\t\t\t\t\t\t<p>La Bang Leader 80000 Red Bull, Blueberry, Watermelon, Apple and Pear 3 in 1 \u00e8 una sigaretta elettronica che combina perfettamente energia e freschezza fruttata. L'aroma Red Bull offre la classica stimolazione della Red Bull, l'aroma Mirtillo e Anguria una sinfonia di aromi fruttati e l'aroma Mela e Pera un caldo finale di mela e pera. \u00c8 perfetto per gli appassionati di sigarette elettroniche che apprezzano le variazioni di sapore senza essere troppo dolci.<\/p><h2>Red Bull: liberare l'energia e rilassarsi<\/h2><p>Dopo una giornata trascorsa a passeggiare per le strade di Parigi, cala la notte, si accendono le luci e una boccata di sigaretta elettronica aromatizzata Red Bull \u00e8 come trasformare un'intera bottiglia di bevanda energetica in un leggero vapore e iniettarlo nei polmoni, fornendo una sottile dolcezza e una stimolazione rinfrescante. Priva di caffeina, il suo gusto \u00absveglia\u00bb rende la notte pi\u00f9 dinamica e concentrata.<\/p><h2>Mirtillo Anguria: gusto estivo fruttato, fresco e dolce<\/h2><p>In vacanza in Provenza o al mare, combinate la dolcezza dei mirtilli con la freschezza dei cocomeri e liberate nell'aria una nebbia morbida e dolce. Questa fragranza \u00e8 ideale per sniffare una sigaretta elettronica aromatizzata al mirtillo e all'anguria mentre si legge, si ascolta musica o si sorseggia un drink, come se si fosse sdraiati su una poltrona di rattan su un balcone assolato, respirando l'estate a pieni polmoni.<\/p><h2>Pera mela: Verger \u00c9l\u00e9gant, Fra\u00eecheur Fran\u00e7aise<\/h2><p>La combinazione di mela e pera \u00e8 il sapore fruttato pi\u00f9 familiare sulle tavole delle famiglie francesi. Bang Leader trasforma questa familiarit\u00e0 in un vapore elegante e leggero, ideale per tirare una boccata di sigaretta elettronica al gusto di mela e pera tra due ore di lavoro o da soli la sera, e ricordare i dolci momenti della vita.<\/p><h2>Diverse concentrazioni di nicotina<\/h2><p>La Bang Leader 80000 offre diverse concentrazioni di nicotina, tra cui 0 %, 2 %, 3 % e 5 %, per soddisfare le esigenze di ogni utente. Sia che cerchiate un'esperienza senza nicotina o una concentrazione pi\u00f9 elevata per soddisfare le vostre voglie, questa sigaretta elettronica vi offre opzioni di utilizzo flessibili per soddisfare le vostre preferenze.<\/p><h2>Design innovativo dell'e-liquido tre in uno<\/h2><p>Questa sigaretta elettronica offre una capacit\u00e0 di 78 ml di liquido extra-large, abilmente suddivisa in tre serbatoi separati da 26 ml. Questo esclusivo design tre in uno non solo migliora il comfort dell'utente, ma rende anche facile passare da un aroma all'altro per un'esperienza variegata. Ogni serbatoio \u00e8 stato progettato con cura per garantire una conservazione sicura e una facile sostituzione del liquido.<\/p><p>La Bang Leader 80000 offre fino a 80.000 boccate ed \u00e8 progettata per un uso prolungato. Sia per l'uso quotidiano che per le uscite prolungate, questo dispositivo offre un'esperienza di vaping continua e stabile, senza frequenti sostituzioni o ricariche. Ideale per gli utenti in cerca di durata.<\/p><h2>Batteria ad alte prestazioni e carica rapida<\/h2><p>Questa sigaretta elettronica ha una batteria ricaricabile integrata da 850 mAh e supporta la tecnologia di ricarica rapida Type-C, che richiede solo circa 60 minuti. L'efficiente sistema di gestione della batteria garantisce una maggiore durata della stessa, mentre la funzione di ricarica rapida consente di riprendere l'uso rapidamente, per un'esperienza senza problemi in qualsiasi momento e ovunque.<\/p><h2>Tecnologia ottimizzata per la resistenza delle maglie<\/h2><p>L'Bang Leader 80000 utilizza una resistenza a maglia da 1,0 \u03a9. Questo assicura un riscaldamento uniforme e un vapore ricco e cremoso. La struttura della resistenza a maglie ottimizza la nebulizzazione del liquido, garantendo un gusto sempre ricco a ogni boccata.<\/p>\t\t\t\t\t\t\t\t<\/div>\n\t\t\t\t<\/div>\n\t\t\t\t\t<\/div>\n\t\t\t\t<\/div>\n\t\t\t\t<\/div>","protected":false},"excerpt":{"rendered":"<p>La Bang Leader 80000 Red Bull, Myrtille, Past\u00e8que, Pomme et Poire 3 en 1 est une cigarette \u00e9lectronique alliant parfaitement \u00e9nergie et fra\u00eecheur fruit\u00e9e. La saveur Red Bull offre la stimulation classique de Red Bull, la saveur Myrtille, Past\u00e8que, une symphonie d&rsquo;ar\u00f4mes fruit\u00e9s, et la saveur Pomme et Poire, une finale chaleureuse de pommes et [&hellip;]<\/p>","protected":false},"featured_media":5725,"comment_status":"open","ping_status":"closed","template":"","meta":{"site-sidebar-layout":"no-sidebar","site-content-layout":"page-builder","ast-site-content-layout":"normal-width-container","site-content-style":"default","site-sidebar-style":"default","ast-global-header-display":"","ast-banner-title-visibility":"","ast-main-header-display":"","ast-hfb-above-header-display":"","ast-hfb-below-header-display":"","ast-hfb-mobile-header-display":"","site-post-title":"disabled","ast-breadcrumbs-content":"","ast-featured-img":"disabled","footer-sml-layout":"","theme-transparent-header-meta":"default","adv-header-id-meta":"","stick-header-meta":"default","header-above-stick-meta":"","header-main-stick-meta":"","header-below-stick-meta":"","astra-migrate-meta-layouts":"set","ast-page-background-enabled":"default","ast-page-background-meta":{"desktop":{"background-color":"","background-image":"","background-repeat":"repeat","background-position":"center center","background-size":"auto","background-attachment":"scroll","background-type":"","background-media":"","overlay-type":"","overlay-color":"","overlay-opacity":"","overlay-gradient":""},"tablet":{"background-color":"","background-image":"","background-repeat":"repeat","background-position":"center center","background-size":"auto","background-attachment":"scroll","background-type":"","background-media":"","overlay-type":"","overlay-color":"","overlay-opacity":"","overlay-gradient":""},"mobile":{"background-color":"","background-image":"","background-repeat":"repeat","background-position":"center center","background-size":"auto","background-attachment":"scroll","background-type":"","background-media":"","overlay-type":"","overlay-color":"","overlay-opacity":"","overlay-gradient":""}},"ast-content-background-meta":{"desktop":{"background-color":"var(--ast-global-color-5)","background-image":"","background-repeat":"repeat","background-position":"center center","background-size":"auto","background-attachment":"scroll","background-type":"","background-media":"","overlay-type":"","overlay-color":"","overlay-opacity":"","overlay-gradient":""},"tablet":{"background-color":"var(--ast-global-color-5)","background-image":"","background-repeat":"repeat","background-position":"center center","background-size":"auto","background-attachment":"scroll","background-type":"","background-media":"","overlay-type":"","overlay-color":"","overlay-opacity":"","overlay-gradient":""},"mobile":{"background-color":"var(--ast-global-color-5)","background-image":"","background-repeat":"repeat","background-position":"center center","background-size":"auto","background-attachment":"scroll","background-type":"","background-media":"","overlay-type":"","overlay-color":"","overlay-opacity":"","overlay-gradient":""}}},"product_brand":[53],"product_cat":[54,106,15],"product_tag":[],"class_list":{"0":"post-5863","1":"product","2":"type-product","3":"status-publish","4":"has-post-thumbnail","6":"product_brand-bang-cree-une-cigarette-electronique-plus-confortable","7":"product_cat-bang-leader-80k-dispose-de-trois-reservoirs-de-liquide-independants-integres","8":"product_cat-puff-80k","9":"product_cat-magasin-cigarette-electronique","10":"desktop-align-center","11":"tablet-align-center","12":"mobile-align-center","13":"ast-product-gallery-layout-horizontal","14":"ast-product-gallery-with-no-image","15":"ast-product-single-variable","16":"ast-product-tabs-layout-horizontal","17":"ast-qv-on-image","19":"first","20":"outofstock","21":"sale","22":"shipping-taxable","23":"purchasable","24":"product-type-variable","25":"has-default-attributes"},"tiered_pricing_type":"fixed","tiered_pricing_fixed_rules":{"50":7.24,"100":6.45},"tiered_pricing_product_settings":{"layout":"default","base_unit_name":{"singular":null,"plural":null},"default_variation":null},"tiered_pricing_minimum_quantity":null,"tiered_pricing_roles_data":[],"tiered_pricing_percentage_rules":[],"_links":{"self":[{"href":"https:\/\/puffvapestore.com\/it\/wp-json\/wp\/v2\/product\/5863","targetHints":{"allow":["GET"]}}],"collection":[{"href":"https:\/\/puffvapestore.com\/it\/wp-json\/wp\/v2\/product"}],"about":[{"href":"https:\/\/puffvapestore.com\/it\/wp-json\/wp\/v2\/types\/product"}],"replies":[{"embeddable":true,"href":"https:\/\/puffvapestore.com\/it\/wp-json\/wp\/v2\/comments?post=5863"}],"version-history":[{"count":11,"href":"https:\/\/puffvapestore.com\/it\/wp-json\/wp\/v2\/product\/5863\/revisions"}],"predecessor-version":[{"id":6221,"href":"https:\/\/puffvapestore.com\/it\/wp-json\/wp\/v2\/product\/5863\/revisions\/6221"}],"wp:featuredmedia":[{"embeddable":true,"href":"https:\/\/puffvapestore.com\/it\/wp-json\/wp\/v2\/media\/5725"}],"wp:attachment":[{"href":"https:\/\/puffvapestore.com\/it\/wp-json\/wp\/v2\/media?parent=5863"}],"wp:term":[{"taxonomy":"product_brand","embeddable":true,"href":"https:\/\/puffvapestore.com\/it\/wp-json\/wp\/v2\/product_brand?post=5863"},{"taxonomy":"product_cat","embeddable":true,"href":"https:\/\/puffvapestore.com\/it\/wp-json\/wp\/v2\/product_cat?post=5863"},{"taxonomy":"product_tag","embeddable":true,"href":"https:\/\/puffvapestore.com\/it\/wp-json\/wp\/v2\/product_tag?post=5863"}],"curies":[{"name":"wp","href":"https:\/\/api.w.org\/{rel}","templated":true}]}}